{"id":850,"date":"2020-03-30T09:32:15","date_gmt":"2020-03-30T07:32:15","guid":{"rendered":"http:\/\/natur.meco.lu\/a-voller-blei\/blueten-des-monats\/boltonia-asteorides-sternwolken-aster-boltonia-faux-aster\/"},"modified":"2024-10-09T15:46:07","modified_gmt":"2024-10-09T13:46:07","slug":"boltonia-asteorides-sternwolken-aster-boltonia-faux-aster","status":"publish","type":"page","link":"https:\/\/naturelo.meco.lu\/fr\/a-voller-blei\/boltonia-asteorides-sternwolken-aster-boltonia-faux-aster\/","title":{"rendered":"Boltonia asteorides \u2013 Sternwolken-Aster \u2013 Boltonia faux aster"},"content":{"rendered":"<section class=\"wpb-content-wrapper\"><div class=\"pf-content\"><p>[vc_row][vc_column][vc_column_text]<\/p>\n<h2><em><strong>Boltonia asteorides <\/strong><\/em>\u2013 Boltonia faux aster \u2013 Sternwolken-Aster<\/h2>\n<p>[\/vc_column_text][\/vc_column][\/vc_row][vc_row][vc_column width=\u00a0\u00bb1\/3&Prime;][vc_single_image image=\u00a0\u00bb364&Prime; img_size=\u00a0\u00bbfull\u00a0\u00bb onclick=\u00a0\u00bblink_image\u00a0\u00bb][\/vc_column][vc_column width=\u00a0\u00bb2\/3&Prime;][vc_column_text]Alors que la belle saison touche \u00e0 sa fin, Boltonia asteroides attire encore une fois tous les regards. Avec ses milliers de petites fleurs blanches \u00e9toil\u00e9es qui la transforment en un imposant nuage de fleurs, elle donne l\u2019impression de flotter au-dessus de sa tige. Facile \u00e0 cultiver et robuste, cette plante vivace atteint une hauteur qui varie entre 1 et 1,5 m. Mais malgr\u00e9 sa taille, elle ne perd en rien de son \u00e9lan et de sa solidit\u00e9. Elle forme des touffes denses et durables. Dans l\u2019Am\u00e9rique du Nord, pays d\u2019origine de cette vivace, elle est pr\u00e9sente sur les sols humides. Plant\u00e9e dans le jardin sur un sol moins humide, elle se montre tol\u00e9rante \u00e0 une s\u00e9cheresse mod\u00e9r\u00e9e. Elle aime les terres argileuses, humif\u00e8res et riches, et se d\u00e9veloppe parfaitement tant dans les endroits semi-ombrag\u00e9s que dans les endroits ensoleill\u00e9s. \u00a0Ses fines fleurs blanches forment \u00e9galement de tr\u00e8s jolis bouquets automnaux.<\/p>\n<p>Conseil de plantation: la distance id\u00e9ale entre les diff\u00e9rentes plantes individuelles est de 70 cm.<\/p>\n<p>&nbsp;<\/p>\n<p>&nbsp;<\/p>\n<p>&nbsp;<\/p>\n<p>&nbsp;<\/p>\n<p>&nbsp;<\/p>\n<p><a href=\"https:\/\/naturelo.meco.lu\/fr\/a-voller-blei\/stauden-kraeuter-blumenzwiebeln-und-gehoelze\/\"><span style=\"color: #99cc00\">Retour<\/span><\/a><\/p>\n<p>[\/vc_column_text][\/vc_column][\/vc_row]<\/p>\n<\/div><\/section>","protected":false},"excerpt":{"rendered":"<p>[vc_row][vc_column][vc_column_text] Boltonia asteorides \u2013 Boltonia faux aster \u2013 Sternwolken-Aster [\/vc_column_text][\/vc_column][\/vc_row][vc_row][vc_column width=\u00a0\u00bb1\/3&Prime;][vc_single_image image=\u00a0\u00bb364&Prime; img_size=\u00a0\u00bbfull\u00a0\u00bb onclick=\u00a0\u00bblink_image\u00a0\u00bb][\/vc_column][vc_column width=\u00a0\u00bb2\/3&Prime;][vc_column_text]Alors que la belle saison touche \u00e0 sa fin, Boltonia asteroides attire encore une fois tous les regards. Avec ses milliers de petites fleurs blanches \u00e9toil\u00e9es qui la transforment en un imposant nuage de fleurs, elle donne l\u2019impression de flotter au-dessus [&hellip;]<\/p>\n","protected":false},"author":10,"featured_media":0,"parent":646,"menu_order":0,"comment_status":"closed","ping_status":"closed","template":"","meta":{"_acf_changed":false,"footnotes":""},"class_list":["post-850","page","type-page","status-publish","hentry"],"acf":[],"yoast_head":"<!-- This site is optimized with the Yoast SEO plugin v27.2 - https:\/\/yoast.com\/product\/yoast-seo-wordpress\/ -->\n<title>Boltonia asteorides \u2013 Sternwolken-Aster \u2013 Boltonia faux aster - Natur<\/title>\n<meta name=\"robots\" content=\"noindex, follow, max-snippet:-1, max-image-preview:large, max-video-preview:-1\" \/>\n<meta property=\"og:locale\" content=\"fr_FR\" \/>\n<meta property=\"og:type\" content=\"article\" \/>\n<meta property=\"og:title\" content=\"Boltonia asteorides \u2013 Sternwolken-Aster \u2013 Boltonia faux aster - Natur\" \/>\n<meta property=\"og:description\" content=\"[vc_row][vc_column][vc_column_text] Boltonia asteorides \u2013 Boltonia faux aster \u2013 Sternwolken-Aster [\/vc_column_text][\/vc_column][\/vc_row][vc_row][vc_column width=\u00a0\u00bb1\/3&Prime;][vc_single_image image=\u00a0\u00bb364&Prime; img_size=\u00a0\u00bbfull\u00a0\u00bb onclick=\u00a0\u00bblink_image\u00a0\u00bb][\/vc_column][vc_column width=\u00a0\u00bb2\/3&Prime;][vc_column_text]Alors que la belle saison touche \u00e0 sa fin, Boltonia asteroides attire encore une fois tous les regards. Avec ses milliers de petites fleurs blanches \u00e9toil\u00e9es qui la transforment en un imposant nuage de fleurs, elle donne l\u2019impression de flotter au-dessus [&hellip;]\" \/>\n<meta property=\"og:url\" content=\"https:\/\/naturelo.meco.lu\/fr\/a-voller-blei\/boltonia-asteorides-sternwolken-aster-boltonia-faux-aster\/\" \/>\n<meta property=\"og:site_name\" content=\"Natur\" \/>\n<meta property=\"article:modified_time\" content=\"2024-10-09T13:46:07+00:00\" \/>\n<meta name=\"twitter:card\" content=\"summary_large_image\" \/>\n<meta name=\"twitter:label1\" content=\"Dur\u00e9e de lecture estim\u00e9e\" \/>\n\t<meta name=\"twitter:data1\" content=\"2 minutes\" \/>\n<script type=\"application\/ld+json\" class=\"yoast-schema-graph\">{\"@context\":\"https:\/\/schema.org\",\"@graph\":[{\"@type\":\"WebPage\",\"@id\":\"https:\/\/naturelo.meco.lu\/fr\/a-voller-blei\/boltonia-asteorides-sternwolken-aster-boltonia-faux-aster\/\",\"url\":\"https:\/\/naturelo.meco.lu\/fr\/a-voller-blei\/boltonia-asteorides-sternwolken-aster-boltonia-faux-aster\/\",\"name\":\"Boltonia asteorides \u2013 Sternwolken-Aster \u2013 Boltonia faux aster - Natur\",\"isPartOf\":{\"@id\":\"https:\/\/naturelo.meco.lu\/#website\"},\"datePublished\":\"2020-03-30T07:32:15+00:00\",\"dateModified\":\"2024-10-09T13:46:07+00:00\",\"breadcrumb\":{\"@id\":\"https:\/\/naturelo.meco.lu\/fr\/a-voller-blei\/boltonia-asteorides-sternwolken-aster-boltonia-faux-aster\/#breadcrumb\"},\"inLanguage\":\"fr-FR\",\"potentialAction\":[{\"@type\":\"ReadAction\",\"target\":[\"https:\/\/naturelo.meco.lu\/fr\/a-voller-blei\/boltonia-asteorides-sternwolken-aster-boltonia-faux-aster\/\"]}]},{\"@type\":\"BreadcrumbList\",\"@id\":\"https:\/\/naturelo.meco.lu\/fr\/a-voller-blei\/boltonia-asteorides-sternwolken-aster-boltonia-faux-aster\/#breadcrumb\",\"itemListElement\":[{\"@type\":\"ListItem\",\"position\":1,\"name\":\"Home\",\"item\":\"https:\/\/naturelo.meco.lu\/fr\/\"},{\"@type\":\"ListItem\",\"position\":2,\"name\":\"En pleine floraison\",\"item\":\"https:\/\/naturelo.meco.lu\/fr\/a-voller-blei\/\"},{\"@type\":\"ListItem\",\"position\":3,\"name\":\"Boltonia asteorides \u2013 Sternwolken-Aster \u2013 Boltonia faux aster\"}]},{\"@type\":\"WebSite\",\"@id\":\"https:\/\/naturelo.meco.lu\/#website\",\"url\":\"https:\/\/naturelo.meco.lu\/\",\"name\":\"Natur\",\"description\":\"Eine weitere Mouvement \u00e9cologique Global Website\",\"potentialAction\":[{\"@type\":\"SearchAction\",\"target\":{\"@type\":\"EntryPoint\",\"urlTemplate\":\"https:\/\/naturelo.meco.lu\/?s={search_term_string}\"},\"query-input\":{\"@type\":\"PropertyValueSpecification\",\"valueRequired\":true,\"valueName\":\"search_term_string\"}}],\"inLanguage\":\"fr-FR\"}]}<\/script>\n<!-- \/ Yoast SEO plugin. -->","yoast_head_json":{"title":"Boltonia asteorides \u2013 Sternwolken-Aster \u2013 Boltonia faux aster - Natur","robots":{"index":"noindex","follow":"follow","max-snippet":"max-snippet:-1","max-image-preview":"max-image-preview:large","max-video-preview":"max-video-preview:-1"},"og_locale":"fr_FR","og_type":"article","og_title":"Boltonia asteorides \u2013 Sternwolken-Aster \u2013 Boltonia faux aster - Natur","og_description":"[vc_row][vc_column][vc_column_text] Boltonia asteorides \u2013 Boltonia faux aster \u2013 Sternwolken-Aster [\/vc_column_text][\/vc_column][\/vc_row][vc_row][vc_column width=\u00a0\u00bb1\/3&Prime;][vc_single_image image=\u00a0\u00bb364&Prime; img_size=\u00a0\u00bbfull\u00a0\u00bb onclick=\u00a0\u00bblink_image\u00a0\u00bb][\/vc_column][vc_column width=\u00a0\u00bb2\/3&Prime;][vc_column_text]Alors que la belle saison touche \u00e0 sa fin, Boltonia asteroides attire encore une fois tous les regards. Avec ses milliers de petites fleurs blanches \u00e9toil\u00e9es qui la transforment en un imposant nuage de fleurs, elle donne l\u2019impression de flotter au-dessus [&hellip;]","og_url":"https:\/\/naturelo.meco.lu\/fr\/a-voller-blei\/boltonia-asteorides-sternwolken-aster-boltonia-faux-aster\/","og_site_name":"Natur","article_modified_time":"2024-10-09T13:46:07+00:00","twitter_card":"summary_large_image","twitter_misc":{"Dur\u00e9e de lecture estim\u00e9e":"2 minutes"},"schema":{"@context":"https:\/\/schema.org","@graph":[{"@type":"WebPage","@id":"https:\/\/naturelo.meco.lu\/fr\/a-voller-blei\/boltonia-asteorides-sternwolken-aster-boltonia-faux-aster\/","url":"https:\/\/naturelo.meco.lu\/fr\/a-voller-blei\/boltonia-asteorides-sternwolken-aster-boltonia-faux-aster\/","name":"Boltonia asteorides \u2013 Sternwolken-Aster \u2013 Boltonia faux aster - Natur","isPartOf":{"@id":"https:\/\/naturelo.meco.lu\/#website"},"datePublished":"2020-03-30T07:32:15+00:00","dateModified":"2024-10-09T13:46:07+00:00","breadcrumb":{"@id":"https:\/\/naturelo.meco.lu\/fr\/a-voller-blei\/boltonia-asteorides-sternwolken-aster-boltonia-faux-aster\/#breadcrumb"},"inLanguage":"fr-FR","potentialAction":[{"@type":"ReadAction","target":["https:\/\/naturelo.meco.lu\/fr\/a-voller-blei\/boltonia-asteorides-sternwolken-aster-boltonia-faux-aster\/"]}]},{"@type":"BreadcrumbList","@id":"https:\/\/naturelo.meco.lu\/fr\/a-voller-blei\/boltonia-asteorides-sternwolken-aster-boltonia-faux-aster\/#breadcrumb","itemListElement":[{"@type":"ListItem","position":1,"name":"Home","item":"https:\/\/naturelo.meco.lu\/fr\/"},{"@type":"ListItem","position":2,"name":"En pleine floraison","item":"https:\/\/naturelo.meco.lu\/fr\/a-voller-blei\/"},{"@type":"ListItem","position":3,"name":"Boltonia asteorides \u2013 Sternwolken-Aster \u2013 Boltonia faux aster"}]},{"@type":"WebSite","@id":"https:\/\/naturelo.meco.lu\/#website","url":"https:\/\/naturelo.meco.lu\/","name":"Natur","description":"Eine weitere Mouvement \u00e9cologique Global Website","potentialAction":[{"@type":"SearchAction","target":{"@type":"EntryPoint","urlTemplate":"https:\/\/naturelo.meco.lu\/?s={search_term_string}"},"query-input":{"@type":"PropertyValueSpecification","valueRequired":true,"valueName":"search_term_string"}}],"inLanguage":"fr-FR"}]}},"_links":{"self":[{"href":"https:\/\/naturelo.meco.lu\/fr\/wp-json\/wp\/v2\/pages\/850","targetHints":{"allow":["GET"]}}],"collection":[{"href":"https:\/\/naturelo.meco.lu\/fr\/wp-json\/wp\/v2\/pages"}],"about":[{"href":"https:\/\/naturelo.meco.lu\/fr\/wp-json\/wp\/v2\/types\/page"}],"author":[{"embeddable":true,"href":"https:\/\/naturelo.meco.lu\/fr\/wp-json\/wp\/v2\/users\/10"}],"replies":[{"embeddable":true,"href":"https:\/\/naturelo.meco.lu\/fr\/wp-json\/wp\/v2\/comments?post=850"}],"version-history":[{"count":4,"href":"https:\/\/naturelo.meco.lu\/fr\/wp-json\/wp\/v2\/pages\/850\/revisions"}],"predecessor-version":[{"id":8081,"href":"https:\/\/naturelo.meco.lu\/fr\/wp-json\/wp\/v2\/pages\/850\/revisions\/8081"}],"up":[{"embeddable":true,"href":"https:\/\/naturelo.meco.lu\/fr\/wp-json\/wp\/v2\/pages\/646"}],"wp:attachment":[{"href":"https:\/\/naturelo.meco.lu\/fr\/wp-json\/wp\/v2\/media?parent=850"}],"curies":[{"name":"wp","href":"https:\/\/api.w.org\/{rel}","templated":true}]}}