{"id":848,"date":"2020-03-30T09:29:43","date_gmt":"2020-03-30T07:29:43","guid":{"rendered":"http:\/\/natur.meco.lu\/a-voller-blei\/blueten-des-monats\/aster-novae-angliae-raublatt-aster-aster-de-nouvelle-angleterre\/"},"modified":"2024-10-09T14:51:00","modified_gmt":"2024-10-09T12:51:00","slug":"aster-novae-angliae-raublatt-aster-aster-de-nouvelle-angleterre","status":"publish","type":"page","link":"https:\/\/naturelo.meco.lu\/fr\/a-voller-blei\/aster-novae-angliae-raublatt-aster-aster-de-nouvelle-angleterre\/","title":{"rendered":"Aster novae-angliae \u2013 Raublatt-Aster \u2013 Aster de Nouvelle-Angleterre"},"content":{"rendered":"<section class=\"wpb-content-wrapper\"><div class=\"pf-content\"><p>[vc_row][vc_column][vc_column_text]<\/p>\n<h2><em><strong>Aster novae-angliae <\/strong><\/em>\u2013 Aster de Nouvelle-Angleterre \u2013 Raublatt-Aster<\/h2>\n<p>[\/vc_column_text][\/vc_column][\/vc_row][vc_row][vc_column width=\u00a0\u00bb1\/3&Prime;][vc_single_image image=\u00a0\u00bb377&Prime; img_size=\u00a0\u00bbfull\u00a0\u00bb onclick=\u00a0\u00bblink_image\u00a0\u00bb][\/vc_column][vc_column width=\u00a0\u00bb2\/3&Prime;][vc_column_text]Originaire de l\u2019Am\u00e9rique du Nord, l\u2019Aster de Nouvelle-Angleterre peut \u00eatre trouv\u00e9e au Canada sur les prairies, les pr\u00e8s, les champs, dans les zones de mar\u00e9cages avec massifs buissonneux, les marais, les bosquets et les lisi\u00e8res de for\u00eats humides ainsi que le long des routes, des canaux de drainage, des voies ferr\u00e9es et des c\u00f4tes, sur les sols riches, humides \u00e0 drain\u00e9s, sablonneux ou encore argileux. \u00a0Dans nos contr\u00e9es, l\u2019Aster de Nouvelle-Angleterre est une plante vivace automnale classique, vigoureuse et facile \u00e0 cultiver, qui est commercialis\u00e9e dans de nombreuses couleurs et vari\u00e9t\u00e9s. Elle forme des touffes denses et peut atteindre entre 30 cm et 1,2 m, selon la vari\u00e9t\u00e9. Les vari\u00e9t\u00e9s hautes n\u00e9cessitent d\u2019\u00eatre soutenues au moyen d\u2019un tuteur pour plantes.<br \/>\nDans les plates-bandes, il est conseill\u00e9 de lui r\u00e9server la deuxi\u00e8me ou la troisi\u00e8me rang\u00e9e. Comme cette plante se d\u00e9nude en p\u00e9riode de floraison, il \u00e9chait de cacher son pied inesth\u00e9tique. Les fleurs violettes, pourpres, roses ou blanches de l\u2019Aster de Nouvelle-Angleterre attirent les abeilles et les papillons comme des aimants. Dans un bouquet, l\u2019Aster de Nouvelle-Angleterre s\u2018av\u00e8re \u00e9galement \u00eatre une belle fleur coup\u00e9e, qui tient longtemps dans le vase.<br \/>\nConseil de plantation: la distance id\u00e9ale entre les diff\u00e9rentes plantes individuelles est de 80 cm.<\/p>\n<p>&nbsp;<\/p>\n<p><a href=\"https:\/\/naturelo.meco.lu\/fr\/a-voller-blei\/stauden-kraeuter-blumenzwiebeln-und-gehoelze\/\"><span style=\"color: #99cc00\">Retour<\/span><\/a>[\/vc_column_text][\/vc_column][\/vc_row]<\/p>\n<\/div><\/section>","protected":false},"excerpt":{"rendered":"<p>[vc_row][vc_column][vc_column_text] Aster novae-angliae \u2013 Aster de Nouvelle-Angleterre \u2013 Raublatt-Aster [\/vc_column_text][\/vc_column][\/vc_row][vc_row][vc_column width=\u00a0\u00bb1\/3&Prime;][vc_single_image image=\u00a0\u00bb377&Prime; img_size=\u00a0\u00bbfull\u00a0\u00bb onclick=\u00a0\u00bblink_image\u00a0\u00bb][\/vc_column][vc_column width=\u00a0\u00bb2\/3&Prime;][vc_column_text]Originaire de l\u2019Am\u00e9rique du Nord, l\u2019Aster de Nouvelle-Angleterre peut \u00eatre trouv\u00e9e au Canada sur les prairies, les pr\u00e8s, les champs, dans les zones de mar\u00e9cages avec massifs buissonneux, les marais, les bosquets et les lisi\u00e8res de for\u00eats humides ainsi que le [&hellip;]<\/p>\n","protected":false},"author":10,"featured_media":0,"parent":646,"menu_order":0,"comment_status":"closed","ping_status":"closed","template":"","meta":{"_acf_changed":false,"footnotes":""},"class_list":["post-848","page","type-page","status-publish","hentry"],"acf":[],"yoast_head":"<!-- This site is optimized with the Yoast SEO plugin v27.2 - https:\/\/yoast.com\/product\/yoast-seo-wordpress\/ -->\n<title>Aster novae-angliae \u2013 Raublatt-Aster \u2013 Aster de Nouvelle-Angleterre - Natur<\/title>\n<meta name=\"robots\" content=\"noindex, follow, max-snippet:-1, max-image-preview:large, max-video-preview:-1\" \/>\n<meta property=\"og:locale\" content=\"fr_FR\" \/>\n<meta property=\"og:type\" content=\"article\" \/>\n<meta property=\"og:title\" content=\"Aster novae-angliae \u2013 Raublatt-Aster \u2013 Aster de Nouvelle-Angleterre - Natur\" \/>\n<meta property=\"og:description\" content=\"[vc_row][vc_column][vc_column_text] Aster novae-angliae \u2013 Aster de Nouvelle-Angleterre \u2013 Raublatt-Aster [\/vc_column_text][\/vc_column][\/vc_row][vc_row][vc_column width=\u00a0\u00bb1\/3&Prime;][vc_single_image image=\u00a0\u00bb377&Prime; img_size=\u00a0\u00bbfull\u00a0\u00bb onclick=\u00a0\u00bblink_image\u00a0\u00bb][\/vc_column][vc_column width=\u00a0\u00bb2\/3&Prime;][vc_column_text]Originaire de l\u2019Am\u00e9rique du Nord, l\u2019Aster de Nouvelle-Angleterre peut \u00eatre trouv\u00e9e au Canada sur les prairies, les pr\u00e8s, les champs, dans les zones de mar\u00e9cages avec massifs buissonneux, les marais, les bosquets et les lisi\u00e8res de for\u00eats humides ainsi que le [&hellip;]\" \/>\n<meta property=\"og:url\" content=\"https:\/\/naturelo.meco.lu\/fr\/a-voller-blei\/aster-novae-angliae-raublatt-aster-aster-de-nouvelle-angleterre\/\" \/>\n<meta property=\"og:site_name\" content=\"Natur\" \/>\n<meta property=\"article:modified_time\" content=\"2024-10-09T12:51:00+00:00\" \/>\n<meta name=\"twitter:card\" content=\"summary_large_image\" \/>\n<meta name=\"twitter:label1\" content=\"Dur\u00e9e de lecture estim\u00e9e\" \/>\n\t<meta name=\"twitter:data1\" content=\"2 minutes\" \/>\n<script type=\"application\/ld+json\" class=\"yoast-schema-graph\">{\"@context\":\"https:\/\/schema.org\",\"@graph\":[{\"@type\":\"WebPage\",\"@id\":\"https:\/\/naturelo.meco.lu\/fr\/a-voller-blei\/aster-novae-angliae-raublatt-aster-aster-de-nouvelle-angleterre\/\",\"url\":\"https:\/\/naturelo.meco.lu\/fr\/a-voller-blei\/aster-novae-angliae-raublatt-aster-aster-de-nouvelle-angleterre\/\",\"name\":\"Aster novae-angliae \u2013 Raublatt-Aster \u2013 Aster de Nouvelle-Angleterre - Natur\",\"isPartOf\":{\"@id\":\"https:\/\/naturelo.meco.lu\/#website\"},\"datePublished\":\"2020-03-30T07:29:43+00:00\",\"dateModified\":\"2024-10-09T12:51:00+00:00\",\"breadcrumb\":{\"@id\":\"https:\/\/naturelo.meco.lu\/fr\/a-voller-blei\/aster-novae-angliae-raublatt-aster-aster-de-nouvelle-angleterre\/#breadcrumb\"},\"inLanguage\":\"fr-FR\",\"potentialAction\":[{\"@type\":\"ReadAction\",\"target\":[\"https:\/\/naturelo.meco.lu\/fr\/a-voller-blei\/aster-novae-angliae-raublatt-aster-aster-de-nouvelle-angleterre\/\"]}]},{\"@type\":\"BreadcrumbList\",\"@id\":\"https:\/\/naturelo.meco.lu\/fr\/a-voller-blei\/aster-novae-angliae-raublatt-aster-aster-de-nouvelle-angleterre\/#breadcrumb\",\"itemListElement\":[{\"@type\":\"ListItem\",\"position\":1,\"name\":\"Home\",\"item\":\"https:\/\/naturelo.meco.lu\/fr\/\"},{\"@type\":\"ListItem\",\"position\":2,\"name\":\"En pleine floraison\",\"item\":\"https:\/\/naturelo.meco.lu\/fr\/a-voller-blei\/\"},{\"@type\":\"ListItem\",\"position\":3,\"name\":\"Aster novae-angliae \u2013 Raublatt-Aster \u2013 Aster de Nouvelle-Angleterre\"}]},{\"@type\":\"WebSite\",\"@id\":\"https:\/\/naturelo.meco.lu\/#website\",\"url\":\"https:\/\/naturelo.meco.lu\/\",\"name\":\"Natur\",\"description\":\"Eine weitere Mouvement \u00e9cologique Global Website\",\"potentialAction\":[{\"@type\":\"SearchAction\",\"target\":{\"@type\":\"EntryPoint\",\"urlTemplate\":\"https:\/\/naturelo.meco.lu\/?s={search_term_string}\"},\"query-input\":{\"@type\":\"PropertyValueSpecification\",\"valueRequired\":true,\"valueName\":\"search_term_string\"}}],\"inLanguage\":\"fr-FR\"}]}<\/script>\n<!-- \/ Yoast SEO plugin. -->","yoast_head_json":{"title":"Aster novae-angliae \u2013 Raublatt-Aster \u2013 Aster de Nouvelle-Angleterre - Natur","robots":{"index":"noindex","follow":"follow","max-snippet":"max-snippet:-1","max-image-preview":"max-image-preview:large","max-video-preview":"max-video-preview:-1"},"og_locale":"fr_FR","og_type":"article","og_title":"Aster novae-angliae \u2013 Raublatt-Aster \u2013 Aster de Nouvelle-Angleterre - Natur","og_description":"[vc_row][vc_column][vc_column_text] Aster novae-angliae \u2013 Aster de Nouvelle-Angleterre \u2013 Raublatt-Aster [\/vc_column_text][\/vc_column][\/vc_row][vc_row][vc_column width=\u00a0\u00bb1\/3&Prime;][vc_single_image image=\u00a0\u00bb377&Prime; img_size=\u00a0\u00bbfull\u00a0\u00bb onclick=\u00a0\u00bblink_image\u00a0\u00bb][\/vc_column][vc_column width=\u00a0\u00bb2\/3&Prime;][vc_column_text]Originaire de l\u2019Am\u00e9rique du Nord, l\u2019Aster de Nouvelle-Angleterre peut \u00eatre trouv\u00e9e au Canada sur les prairies, les pr\u00e8s, les champs, dans les zones de mar\u00e9cages avec massifs buissonneux, les marais, les bosquets et les lisi\u00e8res de for\u00eats humides ainsi que le [&hellip;]","og_url":"https:\/\/naturelo.meco.lu\/fr\/a-voller-blei\/aster-novae-angliae-raublatt-aster-aster-de-nouvelle-angleterre\/","og_site_name":"Natur","article_modified_time":"2024-10-09T12:51:00+00:00","twitter_card":"summary_large_image","twitter_misc":{"Dur\u00e9e de lecture estim\u00e9e":"2 minutes"},"schema":{"@context":"https:\/\/schema.org","@graph":[{"@type":"WebPage","@id":"https:\/\/naturelo.meco.lu\/fr\/a-voller-blei\/aster-novae-angliae-raublatt-aster-aster-de-nouvelle-angleterre\/","url":"https:\/\/naturelo.meco.lu\/fr\/a-voller-blei\/aster-novae-angliae-raublatt-aster-aster-de-nouvelle-angleterre\/","name":"Aster novae-angliae \u2013 Raublatt-Aster \u2013 Aster de Nouvelle-Angleterre - Natur","isPartOf":{"@id":"https:\/\/naturelo.meco.lu\/#website"},"datePublished":"2020-03-30T07:29:43+00:00","dateModified":"2024-10-09T12:51:00+00:00","breadcrumb":{"@id":"https:\/\/naturelo.meco.lu\/fr\/a-voller-blei\/aster-novae-angliae-raublatt-aster-aster-de-nouvelle-angleterre\/#breadcrumb"},"inLanguage":"fr-FR","potentialAction":[{"@type":"ReadAction","target":["https:\/\/naturelo.meco.lu\/fr\/a-voller-blei\/aster-novae-angliae-raublatt-aster-aster-de-nouvelle-angleterre\/"]}]},{"@type":"BreadcrumbList","@id":"https:\/\/naturelo.meco.lu\/fr\/a-voller-blei\/aster-novae-angliae-raublatt-aster-aster-de-nouvelle-angleterre\/#breadcrumb","itemListElement":[{"@type":"ListItem","position":1,"name":"Home","item":"https:\/\/naturelo.meco.lu\/fr\/"},{"@type":"ListItem","position":2,"name":"En pleine floraison","item":"https:\/\/naturelo.meco.lu\/fr\/a-voller-blei\/"},{"@type":"ListItem","position":3,"name":"Aster novae-angliae \u2013 Raublatt-Aster \u2013 Aster de Nouvelle-Angleterre"}]},{"@type":"WebSite","@id":"https:\/\/naturelo.meco.lu\/#website","url":"https:\/\/naturelo.meco.lu\/","name":"Natur","description":"Eine weitere Mouvement \u00e9cologique Global Website","potentialAction":[{"@type":"SearchAction","target":{"@type":"EntryPoint","urlTemplate":"https:\/\/naturelo.meco.lu\/?s={search_term_string}"},"query-input":{"@type":"PropertyValueSpecification","valueRequired":true,"valueName":"search_term_string"}}],"inLanguage":"fr-FR"}]}},"_links":{"self":[{"href":"https:\/\/naturelo.meco.lu\/fr\/wp-json\/wp\/v2\/pages\/848","targetHints":{"allow":["GET"]}}],"collection":[{"href":"https:\/\/naturelo.meco.lu\/fr\/wp-json\/wp\/v2\/pages"}],"about":[{"href":"https:\/\/naturelo.meco.lu\/fr\/wp-json\/wp\/v2\/types\/page"}],"author":[{"embeddable":true,"href":"https:\/\/naturelo.meco.lu\/fr\/wp-json\/wp\/v2\/users\/10"}],"replies":[{"embeddable":true,"href":"https:\/\/naturelo.meco.lu\/fr\/wp-json\/wp\/v2\/comments?post=848"}],"version-history":[{"count":2,"href":"https:\/\/naturelo.meco.lu\/fr\/wp-json\/wp\/v2\/pages\/848\/revisions"}],"predecessor-version":[{"id":8064,"href":"https:\/\/naturelo.meco.lu\/fr\/wp-json\/wp\/v2\/pages\/848\/revisions\/8064"}],"up":[{"embeddable":true,"href":"https:\/\/naturelo.meco.lu\/fr\/wp-json\/wp\/v2\/pages\/646"}],"wp:attachment":[{"href":"https:\/\/naturelo.meco.lu\/fr\/wp-json\/wp\/v2\/media?parent=848"}],"curies":[{"name":"wp","href":"https:\/\/api.w.org\/{rel}","templated":true}]}}