{"id":845,"date":"2020-03-30T12:19:15","date_gmt":"2020-03-30T10:19:15","guid":{"rendered":"http:\/\/natur.meco.lu\/a-voller-blei\/blueten-des-monats\/lythrum-salicari-gewoehnlicher-blutweiderich-salicaire-commune\/"},"modified":"2024-10-09T15:42:25","modified_gmt":"2024-10-09T13:42:25","slug":"lythrum-salicari-gewoehnlicher-blutweiderich-salicaire-commune","status":"publish","type":"page","link":"https:\/\/naturelo.meco.lu\/fr\/a-voller-blei\/lythrum-salicari-gewoehnlicher-blutweiderich-salicaire-commune\/","title":{"rendered":"Lythrum salicari \u2013 Gew\u00f6hnlicher Blutweiderich \u2013 Salicaire commune"},"content":{"rendered":"<section class=\"wpb-content-wrapper\"><div class=\"pf-content\"><p>[vc_row][vc_column][vc_column_text]<\/p>\n<h2><em><strong>Lythrum salicari <\/strong><\/em>\u2013 Salicaire commune \u2013 Gew\u00f6hnlicher Blutweiderich<\/h2>\n<p>[\/vc_column_text][\/vc_column][\/vc_row][vc_row][vc_column width=\u00a0\u00bb1\/3&Prime;][vc_single_image image=\u00a0\u00bb380&Prime; img_size=\u00a0\u00bbfull\u00a0\u00bb onclick=\u00a0\u00bblink_image\u00a0\u00bb][\/vc_column][vc_column width=\u00a0\u00bb2\/3&Prime;][vc_column_text]Plante des lieux humides, la Salicaire commune peut \u00eatre trouv\u00e9e dans la nature, e.a. dans les zones mar\u00e9cageuses, au milieu de roseaux, dans les foss\u00e9s, aux bords des lacs et \u00e9tangs, des rivi\u00e8res, des ruisseaux ainsi que des canaux. Mais la Salicaire commune est aussi une belle plante de jardin, durable, qui se d\u00e9veloppe tr\u00e8s bien dans une bonne terre humide et riche, et qui mettra longtemps un accent color\u00e9 dans les massifs de vivaces et dans les plates-bandes.<br \/>\nComme c\u2019est une plante haute (jusqu\u2019\u00e0 2 m) et large (jusqu\u2019\u00e0 1,5 m), il faut lui r\u00e9server assez d\u2019espace. La Salicaire commune s\u2018\u00e9panouit de juin \u00e0 septembre, chaque inflorescence produisant plus de 100 fleurs. Il est donc peu \u00e9tonnant qu\u2019une seule plante individuelle puisse produire jusqu\u2019\u00e0 trois millions de graines. Les pollinisateurs de la Salicaire commune sont surtout les syrphid\u00e9s, les abeilles et les papillons. Si cette plante est une pr\u00e9cieuse source de nectar, elle repr\u00e9sente en m\u00eame temps une nourriture importante pour les chenilles du genre Saturnia.<\/p>\n<p>&nbsp;<\/p>\n<p>&nbsp;<\/p>\n<p>&nbsp;<\/p>\n<p>&nbsp;<\/p>\n<p><span style=\"color: #99cc00\"><a style=\"color: #99cc00\" href=\"https:\/\/naturelo.meco.lu\/fr\/a-voller-blei\/stauden-kraeuter-blumenzwiebeln-und-gehoelze\/\">Retour<\/a><\/span>[\/vc_column_text][\/vc_column][\/vc_row]<\/p>\n<\/div><\/section>","protected":false},"excerpt":{"rendered":"<p>[vc_row][vc_column][vc_column_text] Lythrum salicari \u2013 Salicaire commune \u2013 Gew\u00f6hnlicher Blutweiderich [\/vc_column_text][\/vc_column][\/vc_row][vc_row][vc_column width=\u00a0\u00bb1\/3&Prime;][vc_single_image image=\u00a0\u00bb380&Prime; img_size=\u00a0\u00bbfull\u00a0\u00bb onclick=\u00a0\u00bblink_image\u00a0\u00bb][\/vc_column][vc_column width=\u00a0\u00bb2\/3&Prime;][vc_column_text]Plante des lieux humides, la Salicaire commune peut \u00eatre trouv\u00e9e dans la nature, e.a. dans les zones mar\u00e9cageuses, au milieu de roseaux, dans les foss\u00e9s, aux bords des lacs et \u00e9tangs, des rivi\u00e8res, des ruisseaux ainsi que des canaux. Mais la [&hellip;]<\/p>\n","protected":false},"author":10,"featured_media":0,"parent":646,"menu_order":0,"comment_status":"closed","ping_status":"closed","template":"","meta":{"_acf_changed":false,"footnotes":""},"class_list":["post-845","page","type-page","status-publish","hentry"],"acf":[],"yoast_head":"<!-- This site is optimized with the Yoast SEO plugin v27.2 - https:\/\/yoast.com\/product\/yoast-seo-wordpress\/ -->\n<title>Lythrum salicari \u2013 Gew\u00f6hnlicher Blutweiderich \u2013 Salicaire commune - Natur<\/title>\n<meta name=\"robots\" content=\"noindex, follow, max-snippet:-1, max-image-preview:large, max-video-preview:-1\" \/>\n<meta property=\"og:locale\" content=\"fr_FR\" \/>\n<meta property=\"og:type\" content=\"article\" \/>\n<meta property=\"og:title\" content=\"Lythrum salicari \u2013 Gew\u00f6hnlicher Blutweiderich \u2013 Salicaire commune - Natur\" \/>\n<meta property=\"og:description\" content=\"[vc_row][vc_column][vc_column_text] Lythrum salicari \u2013 Salicaire commune \u2013 Gew\u00f6hnlicher Blutweiderich [\/vc_column_text][\/vc_column][\/vc_row][vc_row][vc_column width=\u00a0\u00bb1\/3&Prime;][vc_single_image image=\u00a0\u00bb380&Prime; img_size=\u00a0\u00bbfull\u00a0\u00bb onclick=\u00a0\u00bblink_image\u00a0\u00bb][\/vc_column][vc_column width=\u00a0\u00bb2\/3&Prime;][vc_column_text]Plante des lieux humides, la Salicaire commune peut \u00eatre trouv\u00e9e dans la nature, e.a. dans les zones mar\u00e9cageuses, au milieu de roseaux, dans les foss\u00e9s, aux bords des lacs et \u00e9tangs, des rivi\u00e8res, des ruisseaux ainsi que des canaux. Mais la [&hellip;]\" \/>\n<meta property=\"og:url\" content=\"https:\/\/naturelo.meco.lu\/fr\/a-voller-blei\/lythrum-salicari-gewoehnlicher-blutweiderich-salicaire-commune\/\" \/>\n<meta property=\"og:site_name\" content=\"Natur\" \/>\n<meta property=\"article:modified_time\" content=\"2024-10-09T13:42:25+00:00\" \/>\n<meta name=\"twitter:card\" content=\"summary_large_image\" \/>\n<meta name=\"twitter:label1\" content=\"Dur\u00e9e de lecture estim\u00e9e\" \/>\n\t<meta name=\"twitter:data1\" content=\"2 minutes\" \/>\n<script type=\"application\/ld+json\" class=\"yoast-schema-graph\">{\"@context\":\"https:\/\/schema.org\",\"@graph\":[{\"@type\":\"WebPage\",\"@id\":\"https:\/\/naturelo.meco.lu\/fr\/a-voller-blei\/lythrum-salicari-gewoehnlicher-blutweiderich-salicaire-commune\/\",\"url\":\"https:\/\/naturelo.meco.lu\/fr\/a-voller-blei\/lythrum-salicari-gewoehnlicher-blutweiderich-salicaire-commune\/\",\"name\":\"Lythrum salicari \u2013 Gew\u00f6hnlicher Blutweiderich \u2013 Salicaire commune - Natur\",\"isPartOf\":{\"@id\":\"https:\/\/naturelo.meco.lu\/#website\"},\"datePublished\":\"2020-03-30T10:19:15+00:00\",\"dateModified\":\"2024-10-09T13:42:25+00:00\",\"breadcrumb\":{\"@id\":\"https:\/\/naturelo.meco.lu\/fr\/a-voller-blei\/lythrum-salicari-gewoehnlicher-blutweiderich-salicaire-commune\/#breadcrumb\"},\"inLanguage\":\"fr-FR\",\"potentialAction\":[{\"@type\":\"ReadAction\",\"target\":[\"https:\/\/naturelo.meco.lu\/fr\/a-voller-blei\/lythrum-salicari-gewoehnlicher-blutweiderich-salicaire-commune\/\"]}]},{\"@type\":\"BreadcrumbList\",\"@id\":\"https:\/\/naturelo.meco.lu\/fr\/a-voller-blei\/lythrum-salicari-gewoehnlicher-blutweiderich-salicaire-commune\/#breadcrumb\",\"itemListElement\":[{\"@type\":\"ListItem\",\"position\":1,\"name\":\"Home\",\"item\":\"https:\/\/naturelo.meco.lu\/fr\/\"},{\"@type\":\"ListItem\",\"position\":2,\"name\":\"En pleine floraison\",\"item\":\"https:\/\/naturelo.meco.lu\/fr\/a-voller-blei\/\"},{\"@type\":\"ListItem\",\"position\":3,\"name\":\"Lythrum salicari \u2013 Gew\u00f6hnlicher Blutweiderich \u2013 Salicaire commune\"}]},{\"@type\":\"WebSite\",\"@id\":\"https:\/\/naturelo.meco.lu\/#website\",\"url\":\"https:\/\/naturelo.meco.lu\/\",\"name\":\"Natur\",\"description\":\"Eine weitere Mouvement \u00e9cologique Global Website\",\"potentialAction\":[{\"@type\":\"SearchAction\",\"target\":{\"@type\":\"EntryPoint\",\"urlTemplate\":\"https:\/\/naturelo.meco.lu\/?s={search_term_string}\"},\"query-input\":{\"@type\":\"PropertyValueSpecification\",\"valueRequired\":true,\"valueName\":\"search_term_string\"}}],\"inLanguage\":\"fr-FR\"}]}<\/script>\n<!-- \/ Yoast SEO plugin. -->","yoast_head_json":{"title":"Lythrum salicari \u2013 Gew\u00f6hnlicher Blutweiderich \u2013 Salicaire commune - Natur","robots":{"index":"noindex","follow":"follow","max-snippet":"max-snippet:-1","max-image-preview":"max-image-preview:large","max-video-preview":"max-video-preview:-1"},"og_locale":"fr_FR","og_type":"article","og_title":"Lythrum salicari \u2013 Gew\u00f6hnlicher Blutweiderich \u2013 Salicaire commune - Natur","og_description":"[vc_row][vc_column][vc_column_text] Lythrum salicari \u2013 Salicaire commune \u2013 Gew\u00f6hnlicher Blutweiderich [\/vc_column_text][\/vc_column][\/vc_row][vc_row][vc_column width=\u00a0\u00bb1\/3&Prime;][vc_single_image image=\u00a0\u00bb380&Prime; img_size=\u00a0\u00bbfull\u00a0\u00bb onclick=\u00a0\u00bblink_image\u00a0\u00bb][\/vc_column][vc_column width=\u00a0\u00bb2\/3&Prime;][vc_column_text]Plante des lieux humides, la Salicaire commune peut \u00eatre trouv\u00e9e dans la nature, e.a. dans les zones mar\u00e9cageuses, au milieu de roseaux, dans les foss\u00e9s, aux bords des lacs et \u00e9tangs, des rivi\u00e8res, des ruisseaux ainsi que des canaux. Mais la [&hellip;]","og_url":"https:\/\/naturelo.meco.lu\/fr\/a-voller-blei\/lythrum-salicari-gewoehnlicher-blutweiderich-salicaire-commune\/","og_site_name":"Natur","article_modified_time":"2024-10-09T13:42:25+00:00","twitter_card":"summary_large_image","twitter_misc":{"Dur\u00e9e de lecture estim\u00e9e":"2 minutes"},"schema":{"@context":"https:\/\/schema.org","@graph":[{"@type":"WebPage","@id":"https:\/\/naturelo.meco.lu\/fr\/a-voller-blei\/lythrum-salicari-gewoehnlicher-blutweiderich-salicaire-commune\/","url":"https:\/\/naturelo.meco.lu\/fr\/a-voller-blei\/lythrum-salicari-gewoehnlicher-blutweiderich-salicaire-commune\/","name":"Lythrum salicari \u2013 Gew\u00f6hnlicher Blutweiderich \u2013 Salicaire commune - Natur","isPartOf":{"@id":"https:\/\/naturelo.meco.lu\/#website"},"datePublished":"2020-03-30T10:19:15+00:00","dateModified":"2024-10-09T13:42:25+00:00","breadcrumb":{"@id":"https:\/\/naturelo.meco.lu\/fr\/a-voller-blei\/lythrum-salicari-gewoehnlicher-blutweiderich-salicaire-commune\/#breadcrumb"},"inLanguage":"fr-FR","potentialAction":[{"@type":"ReadAction","target":["https:\/\/naturelo.meco.lu\/fr\/a-voller-blei\/lythrum-salicari-gewoehnlicher-blutweiderich-salicaire-commune\/"]}]},{"@type":"BreadcrumbList","@id":"https:\/\/naturelo.meco.lu\/fr\/a-voller-blei\/lythrum-salicari-gewoehnlicher-blutweiderich-salicaire-commune\/#breadcrumb","itemListElement":[{"@type":"ListItem","position":1,"name":"Home","item":"https:\/\/naturelo.meco.lu\/fr\/"},{"@type":"ListItem","position":2,"name":"En pleine floraison","item":"https:\/\/naturelo.meco.lu\/fr\/a-voller-blei\/"},{"@type":"ListItem","position":3,"name":"Lythrum salicari \u2013 Gew\u00f6hnlicher Blutweiderich \u2013 Salicaire commune"}]},{"@type":"WebSite","@id":"https:\/\/naturelo.meco.lu\/#website","url":"https:\/\/naturelo.meco.lu\/","name":"Natur","description":"Eine weitere Mouvement \u00e9cologique Global Website","potentialAction":[{"@type":"SearchAction","target":{"@type":"EntryPoint","urlTemplate":"https:\/\/naturelo.meco.lu\/?s={search_term_string}"},"query-input":{"@type":"PropertyValueSpecification","valueRequired":true,"valueName":"search_term_string"}}],"inLanguage":"fr-FR"}]}},"_links":{"self":[{"href":"https:\/\/naturelo.meco.lu\/fr\/wp-json\/wp\/v2\/pages\/845","targetHints":{"allow":["GET"]}}],"collection":[{"href":"https:\/\/naturelo.meco.lu\/fr\/wp-json\/wp\/v2\/pages"}],"about":[{"href":"https:\/\/naturelo.meco.lu\/fr\/wp-json\/wp\/v2\/types\/page"}],"author":[{"embeddable":true,"href":"https:\/\/naturelo.meco.lu\/fr\/wp-json\/wp\/v2\/users\/10"}],"replies":[{"embeddable":true,"href":"https:\/\/naturelo.meco.lu\/fr\/wp-json\/wp\/v2\/comments?post=845"}],"version-history":[{"count":2,"href":"https:\/\/naturelo.meco.lu\/fr\/wp-json\/wp\/v2\/pages\/845\/revisions"}],"predecessor-version":[{"id":8080,"href":"https:\/\/naturelo.meco.lu\/fr\/wp-json\/wp\/v2\/pages\/845\/revisions\/8080"}],"up":[{"embeddable":true,"href":"https:\/\/naturelo.meco.lu\/fr\/wp-json\/wp\/v2\/pages\/646"}],"wp:attachment":[{"href":"https:\/\/naturelo.meco.lu\/fr\/wp-json\/wp\/v2\/media?parent=845"}],"curies":[{"name":"wp","href":"https:\/\/api.w.org\/{rel}","templated":true}]}}