{"id":843,"date":"2020-03-30T09:24:17","date_gmt":"2020-03-30T07:24:17","guid":{"rendered":"http:\/\/natur.meco.lu\/a-voller-blei\/blueten-des-monats\/origanum-vulgare-oregano-origan-commun\/"},"modified":"2024-10-09T14:38:21","modified_gmt":"2024-10-09T12:38:21","slug":"origanum-vulgare-oregano-origan-commun","status":"publish","type":"page","link":"https:\/\/naturelo.meco.lu\/fr\/a-voller-blei\/origanum-vulgare-oregano-origan-commun\/","title":{"rendered":"Origanum vulgare \u2013 Oregano \u2013 Origan commun"},"content":{"rendered":"<section class=\"wpb-content-wrapper\"><div class=\"pf-content\"><p>[vc_row][vc_column][vc_column_text]<\/p>\n<h2><em><strong>Origanum vulgare<\/strong><\/em> \u2013 Origan commun \u2013 Oregano<\/h2>\n<p>[\/vc_column_text][\/vc_column][\/vc_row][vc_row][vc_column width=\u00a0\u00bb1\/3&Prime;][vc_single_image image=\u00a0\u00bb476&Prime; img_size=\u00a0\u00bbfull\u00a0\u00bb onclick=\u00a0\u00bblink_image\u00a0\u00bb][\/vc_column][vc_column width=\u00a0\u00bb2\/3&Prime;][vc_column_text]L\u2019Origan commun est originaire du bassin m\u00e9diterran\u00e9en et privil\u00e9gie les r\u00e9gions chaudes aux sols calcaires. Il peuple les bois clairsem\u00e9s secs, comme les bois de ch\u00eane et pin\u00e8des. On le retrouve \u00e9galement dans les buissons le long des routes, aux lisi\u00e8res de for\u00eat, sur les coteaux ensoleill\u00e9s et pr\u00e8s de haies, ainsi que sur les prairies maigres et pelouses s\u00e8ches.<br \/>\nDans le jardin, il pousse spontan\u00e9ment en plein soleil; en p\u00e9riode de floraison on le d\u00e9couvre les yeux ferm\u00e9s, en suivant le bourdonnement affair\u00e9 des insectes.\u00a0 Les fleurs de l\u2019Origan commun offrent un nectar riche en sucre (jusqu\u2019\u00e0 76%) et font le bonheur des abeilles mellif\u00e8res en particulier. Mais l\u2019Origan commun attire \u00e9galement de nombreuses esp\u00e8ces de papillons \u2013 Myrtil, Demi-deuil ou Fadet commun \u2013 et de syrphid\u00e9s. Il peut atteindre une taille variant entre 20 et 70 cm et se multiplie tant par semis que par stolons souterrains.<br \/>\nSes huiles essentielles conf\u00e8rent \u00e0 cette plante une odeur aromatique prononc\u00e9e. L\u2019Origan commun est \u00e0 la fois une herbe aromatique tr\u00e8s appr\u00e9ci\u00e9e et une fleur durable qui enjolivera tous les bouquets.<\/p>\n<p>Conseil de plantation: la distance id\u00e9ale entre les diff\u00e9rentes plantes individuelles est de 25 cm.<\/p>\n<p>&nbsp;<\/p>\n<p>&nbsp;<\/p>\n<p>&nbsp;<\/p>\n<p><a href=\"https:\/\/naturelo.meco.lu\/fr\/a-voller-blei\/stauden-kraeuter-blumenzwiebeln-und-gehoelze\/\"><span style=\"color: #99cc00\">Retour\u00a0<\/span><\/a>[\/vc_column_text][\/vc_column][\/vc_row]<\/p>\n<\/div><\/section>","protected":false},"excerpt":{"rendered":"<p>[vc_row][vc_column][vc_column_text] Origanum vulgare \u2013 Origan commun \u2013 Oregano [\/vc_column_text][\/vc_column][\/vc_row][vc_row][vc_column width=\u00a0\u00bb1\/3&Prime;][vc_single_image image=\u00a0\u00bb476&Prime; img_size=\u00a0\u00bbfull\u00a0\u00bb onclick=\u00a0\u00bblink_image\u00a0\u00bb][\/vc_column][vc_column width=\u00a0\u00bb2\/3&Prime;][vc_column_text]L\u2019Origan commun est originaire du bassin m\u00e9diterran\u00e9en et privil\u00e9gie les r\u00e9gions chaudes aux sols calcaires. Il peuple les bois clairsem\u00e9s secs, comme les bois de ch\u00eane et pin\u00e8des. On le retrouve \u00e9galement dans les buissons le long des routes, aux lisi\u00e8res de [&hellip;]<\/p>\n","protected":false},"author":10,"featured_media":0,"parent":646,"menu_order":0,"comment_status":"closed","ping_status":"closed","template":"","meta":{"_acf_changed":false,"footnotes":""},"class_list":["post-843","page","type-page","status-publish","hentry"],"acf":[],"yoast_head":"<!-- This site is optimized with the Yoast SEO plugin v27.2 - https:\/\/yoast.com\/product\/yoast-seo-wordpress\/ -->\n<title>Origanum vulgare \u2013 Oregano \u2013 Origan commun - Natur<\/title>\n<meta name=\"robots\" content=\"noindex, follow, max-snippet:-1, max-image-preview:large, max-video-preview:-1\" \/>\n<meta property=\"og:locale\" content=\"fr_FR\" \/>\n<meta property=\"og:type\" content=\"article\" \/>\n<meta property=\"og:title\" content=\"Origanum vulgare \u2013 Oregano \u2013 Origan commun - Natur\" \/>\n<meta property=\"og:description\" content=\"[vc_row][vc_column][vc_column_text] Origanum vulgare \u2013 Origan commun \u2013 Oregano [\/vc_column_text][\/vc_column][\/vc_row][vc_row][vc_column width=\u00a0\u00bb1\/3&Prime;][vc_single_image image=\u00a0\u00bb476&Prime; img_size=\u00a0\u00bbfull\u00a0\u00bb onclick=\u00a0\u00bblink_image\u00a0\u00bb][\/vc_column][vc_column width=\u00a0\u00bb2\/3&Prime;][vc_column_text]L\u2019Origan commun est originaire du bassin m\u00e9diterran\u00e9en et privil\u00e9gie les r\u00e9gions chaudes aux sols calcaires. Il peuple les bois clairsem\u00e9s secs, comme les bois de ch\u00eane et pin\u00e8des. On le retrouve \u00e9galement dans les buissons le long des routes, aux lisi\u00e8res de [&hellip;]\" \/>\n<meta property=\"og:url\" content=\"https:\/\/naturelo.meco.lu\/fr\/a-voller-blei\/origanum-vulgare-oregano-origan-commun\/\" \/>\n<meta property=\"og:site_name\" content=\"Natur\" \/>\n<meta property=\"article:modified_time\" content=\"2024-10-09T12:38:21+00:00\" \/>\n<meta name=\"twitter:card\" content=\"summary_large_image\" \/>\n<meta name=\"twitter:label1\" content=\"Dur\u00e9e de lecture estim\u00e9e\" \/>\n\t<meta name=\"twitter:data1\" content=\"2 minutes\" \/>\n<script type=\"application\/ld+json\" class=\"yoast-schema-graph\">{\"@context\":\"https:\/\/schema.org\",\"@graph\":[{\"@type\":\"WebPage\",\"@id\":\"https:\/\/naturelo.meco.lu\/fr\/a-voller-blei\/origanum-vulgare-oregano-origan-commun\/\",\"url\":\"https:\/\/naturelo.meco.lu\/fr\/a-voller-blei\/origanum-vulgare-oregano-origan-commun\/\",\"name\":\"Origanum vulgare \u2013 Oregano \u2013 Origan commun - Natur\",\"isPartOf\":{\"@id\":\"https:\/\/naturelo.meco.lu\/#website\"},\"datePublished\":\"2020-03-30T07:24:17+00:00\",\"dateModified\":\"2024-10-09T12:38:21+00:00\",\"breadcrumb\":{\"@id\":\"https:\/\/naturelo.meco.lu\/fr\/a-voller-blei\/origanum-vulgare-oregano-origan-commun\/#breadcrumb\"},\"inLanguage\":\"fr-FR\",\"potentialAction\":[{\"@type\":\"ReadAction\",\"target\":[\"https:\/\/naturelo.meco.lu\/fr\/a-voller-blei\/origanum-vulgare-oregano-origan-commun\/\"]}]},{\"@type\":\"BreadcrumbList\",\"@id\":\"https:\/\/naturelo.meco.lu\/fr\/a-voller-blei\/origanum-vulgare-oregano-origan-commun\/#breadcrumb\",\"itemListElement\":[{\"@type\":\"ListItem\",\"position\":1,\"name\":\"Home\",\"item\":\"https:\/\/naturelo.meco.lu\/fr\/\"},{\"@type\":\"ListItem\",\"position\":2,\"name\":\"En pleine floraison\",\"item\":\"https:\/\/naturelo.meco.lu\/fr\/a-voller-blei\/\"},{\"@type\":\"ListItem\",\"position\":3,\"name\":\"Origanum vulgare \u2013 Oregano \u2013 Origan commun\"}]},{\"@type\":\"WebSite\",\"@id\":\"https:\/\/naturelo.meco.lu\/#website\",\"url\":\"https:\/\/naturelo.meco.lu\/\",\"name\":\"Natur\",\"description\":\"Eine weitere Mouvement \u00e9cologique Global Website\",\"potentialAction\":[{\"@type\":\"SearchAction\",\"target\":{\"@type\":\"EntryPoint\",\"urlTemplate\":\"https:\/\/naturelo.meco.lu\/?s={search_term_string}\"},\"query-input\":{\"@type\":\"PropertyValueSpecification\",\"valueRequired\":true,\"valueName\":\"search_term_string\"}}],\"inLanguage\":\"fr-FR\"}]}<\/script>\n<!-- \/ Yoast SEO plugin. -->","yoast_head_json":{"title":"Origanum vulgare \u2013 Oregano \u2013 Origan commun - Natur","robots":{"index":"noindex","follow":"follow","max-snippet":"max-snippet:-1","max-image-preview":"max-image-preview:large","max-video-preview":"max-video-preview:-1"},"og_locale":"fr_FR","og_type":"article","og_title":"Origanum vulgare \u2013 Oregano \u2013 Origan commun - Natur","og_description":"[vc_row][vc_column][vc_column_text] Origanum vulgare \u2013 Origan commun \u2013 Oregano [\/vc_column_text][\/vc_column][\/vc_row][vc_row][vc_column width=\u00a0\u00bb1\/3&Prime;][vc_single_image image=\u00a0\u00bb476&Prime; img_size=\u00a0\u00bbfull\u00a0\u00bb onclick=\u00a0\u00bblink_image\u00a0\u00bb][\/vc_column][vc_column width=\u00a0\u00bb2\/3&Prime;][vc_column_text]L\u2019Origan commun est originaire du bassin m\u00e9diterran\u00e9en et privil\u00e9gie les r\u00e9gions chaudes aux sols calcaires. Il peuple les bois clairsem\u00e9s secs, comme les bois de ch\u00eane et pin\u00e8des. On le retrouve \u00e9galement dans les buissons le long des routes, aux lisi\u00e8res de [&hellip;]","og_url":"https:\/\/naturelo.meco.lu\/fr\/a-voller-blei\/origanum-vulgare-oregano-origan-commun\/","og_site_name":"Natur","article_modified_time":"2024-10-09T12:38:21+00:00","twitter_card":"summary_large_image","twitter_misc":{"Dur\u00e9e de lecture estim\u00e9e":"2 minutes"},"schema":{"@context":"https:\/\/schema.org","@graph":[{"@type":"WebPage","@id":"https:\/\/naturelo.meco.lu\/fr\/a-voller-blei\/origanum-vulgare-oregano-origan-commun\/","url":"https:\/\/naturelo.meco.lu\/fr\/a-voller-blei\/origanum-vulgare-oregano-origan-commun\/","name":"Origanum vulgare \u2013 Oregano \u2013 Origan commun - Natur","isPartOf":{"@id":"https:\/\/naturelo.meco.lu\/#website"},"datePublished":"2020-03-30T07:24:17+00:00","dateModified":"2024-10-09T12:38:21+00:00","breadcrumb":{"@id":"https:\/\/naturelo.meco.lu\/fr\/a-voller-blei\/origanum-vulgare-oregano-origan-commun\/#breadcrumb"},"inLanguage":"fr-FR","potentialAction":[{"@type":"ReadAction","target":["https:\/\/naturelo.meco.lu\/fr\/a-voller-blei\/origanum-vulgare-oregano-origan-commun\/"]}]},{"@type":"BreadcrumbList","@id":"https:\/\/naturelo.meco.lu\/fr\/a-voller-blei\/origanum-vulgare-oregano-origan-commun\/#breadcrumb","itemListElement":[{"@type":"ListItem","position":1,"name":"Home","item":"https:\/\/naturelo.meco.lu\/fr\/"},{"@type":"ListItem","position":2,"name":"En pleine floraison","item":"https:\/\/naturelo.meco.lu\/fr\/a-voller-blei\/"},{"@type":"ListItem","position":3,"name":"Origanum vulgare \u2013 Oregano \u2013 Origan commun"}]},{"@type":"WebSite","@id":"https:\/\/naturelo.meco.lu\/#website","url":"https:\/\/naturelo.meco.lu\/","name":"Natur","description":"Eine weitere Mouvement \u00e9cologique Global Website","potentialAction":[{"@type":"SearchAction","target":{"@type":"EntryPoint","urlTemplate":"https:\/\/naturelo.meco.lu\/?s={search_term_string}"},"query-input":{"@type":"PropertyValueSpecification","valueRequired":true,"valueName":"search_term_string"}}],"inLanguage":"fr-FR"}]}},"_links":{"self":[{"href":"https:\/\/naturelo.meco.lu\/fr\/wp-json\/wp\/v2\/pages\/843","targetHints":{"allow":["GET"]}}],"collection":[{"href":"https:\/\/naturelo.meco.lu\/fr\/wp-json\/wp\/v2\/pages"}],"about":[{"href":"https:\/\/naturelo.meco.lu\/fr\/wp-json\/wp\/v2\/types\/page"}],"author":[{"embeddable":true,"href":"https:\/\/naturelo.meco.lu\/fr\/wp-json\/wp\/v2\/users\/10"}],"replies":[{"embeddable":true,"href":"https:\/\/naturelo.meco.lu\/fr\/wp-json\/wp\/v2\/comments?post=843"}],"version-history":[{"count":4,"href":"https:\/\/naturelo.meco.lu\/fr\/wp-json\/wp\/v2\/pages\/843\/revisions"}],"predecessor-version":[{"id":8061,"href":"https:\/\/naturelo.meco.lu\/fr\/wp-json\/wp\/v2\/pages\/843\/revisions\/8061"}],"up":[{"embeddable":true,"href":"https:\/\/naturelo.meco.lu\/fr\/wp-json\/wp\/v2\/pages\/646"}],"wp:attachment":[{"href":"https:\/\/naturelo.meco.lu\/fr\/wp-json\/wp\/v2\/media?parent=843"}],"curies":[{"name":"wp","href":"https:\/\/api.w.org\/{rel}","templated":true}]}}