{"id":840,"date":"2020-03-30T09:21:07","date_gmt":"2020-03-30T07:21:07","guid":{"rendered":"http:\/\/natur.meco.lu\/a-voller-blei\/blueten-des-monats\/echinacea-sp-sonnenhut-echinacee\/"},"modified":"2024-10-09T15:27:37","modified_gmt":"2024-10-09T13:27:37","slug":"echinacea-sp-sonnenhut-echinacee","status":"publish","type":"page","link":"https:\/\/naturelo.meco.lu\/fr\/a-voller-blei\/echinacea-sp-sonnenhut-echinacee\/","title":{"rendered":"Echinacea sp. \u2013 Sonnenhut \u2013 Echinac\u00e9e"},"content":{"rendered":"<section class=\"wpb-content-wrapper\"><div class=\"pf-content\"><p>[vc_row][vc_column][vc_column_text]<\/p>\n<h2><em><strong>Echinacea sp. <\/strong><\/em>\u2013 Echinac\u00e9e \u2013 Sonnenhut<\/h2>\n<p>[\/vc_column_text][\/vc_column][\/vc_row][vc_row][vc_column width=\u00a0\u00bb1\/3&Prime;][vc_single_image image=\u00a0\u00bb386&Prime; img_size=\u00a0\u00bbfull\u00a0\u00bb onclick=\u00a0\u00bblink_image\u00a0\u00bb][\/vc_column][vc_column width=\u00a0\u00bb2\/3&Prime;][vc_column_text]L\u2019Echinac\u00e9e est une plante vivace qui existe en diff\u00e9rentes vari\u00e9t\u00e9s et couleurs. Selon la vari\u00e9t\u00e9, elle peut atteindre une taille de 150 cm. La p\u00e9riode de floraison s\u2019\u00e9tend de juillet \u00e0 septembre. Elle pr\u00e9f\u00e8re les sols fertiles et bien drain\u00e9s (\u00e9viter que l\u2019eau stagne).<br \/>\nFacile d\u2019entretien et peu exigeante, cette plante s\u2019adapte tant aux endroits ensoleill\u00e9s qu\u2018aux endroits semi-ombrag\u00e9s. Appartenant \u00e0 la famille des Ast\u00e9rac\u00e9es, elle forme des touffes denses aux fleurs \u00e0 couleur intense. Dans une p\u00e9riode qui offre g\u00e9n\u00e9ralement peu de nectar, l\u2019Echinac\u00e9e en fleur s\u2019av\u00e8re \u00eatre un v\u00e9ritable aimant attirant d\u2018innombrables insectes pollinisateurs (abeilles et papillons).<br \/>\nL\u2019Echinac\u00e9e est aussi tr\u00e8s appr\u00e9ci\u00e9e en art floral, dans la composition des bouquets.<\/p>\n<p>Conseil de plantation: la distance id\u00e9ale entre les diff\u00e9rentes plantes individuelles est de 40 cm.<\/p>\n<p>&nbsp;<\/p>\n<p>&nbsp;<\/p>\n<p>&nbsp;<\/p>\n<p><a href=\"https:\/\/naturelo.meco.lu\/fr\/a-voller-blei\/stauden-kraeuter-blumenzwiebeln-und-gehoelze\/\"><span style=\"color: #99cc00\">Retour\u00a0<\/span><\/a><\/p>\n<p>&nbsp;<\/p>\n<p>&nbsp;<\/p>\n<p>[\/vc_column_text][\/vc_column][\/vc_row]<\/p>\n<\/div><\/section>","protected":false},"excerpt":{"rendered":"<p>[vc_row][vc_column][vc_column_text] Echinacea sp. \u2013 Echinac\u00e9e \u2013 Sonnenhut [\/vc_column_text][\/vc_column][\/vc_row][vc_row][vc_column width=\u00a0\u00bb1\/3&Prime;][vc_single_image image=\u00a0\u00bb386&Prime; img_size=\u00a0\u00bbfull\u00a0\u00bb onclick=\u00a0\u00bblink_image\u00a0\u00bb][\/vc_column][vc_column width=\u00a0\u00bb2\/3&Prime;][vc_column_text]L\u2019Echinac\u00e9e est une plante vivace qui existe en diff\u00e9rentes vari\u00e9t\u00e9s et couleurs. Selon la vari\u00e9t\u00e9, elle peut atteindre une taille de 150 cm. La p\u00e9riode de floraison s\u2019\u00e9tend de juillet \u00e0 septembre. Elle pr\u00e9f\u00e8re les sols fertiles et bien drain\u00e9s (\u00e9viter que l\u2019eau [&hellip;]<\/p>\n","protected":false},"author":10,"featured_media":0,"parent":646,"menu_order":0,"comment_status":"closed","ping_status":"closed","template":"","meta":{"_acf_changed":false,"footnotes":""},"class_list":["post-840","page","type-page","status-publish","hentry"],"acf":[],"yoast_head":"<!-- This site is optimized with the Yoast SEO plugin v27.2 - https:\/\/yoast.com\/product\/yoast-seo-wordpress\/ -->\n<title>Echinacea sp. \u2013 Sonnenhut \u2013 Echinac\u00e9e - Natur<\/title>\n<meta name=\"robots\" content=\"noindex, follow, max-snippet:-1, max-image-preview:large, max-video-preview:-1\" \/>\n<meta property=\"og:locale\" content=\"fr_FR\" \/>\n<meta property=\"og:type\" content=\"article\" \/>\n<meta property=\"og:title\" content=\"Echinacea sp. \u2013 Sonnenhut \u2013 Echinac\u00e9e - Natur\" \/>\n<meta property=\"og:description\" content=\"[vc_row][vc_column][vc_column_text] Echinacea sp. \u2013 Echinac\u00e9e \u2013 Sonnenhut [\/vc_column_text][\/vc_column][\/vc_row][vc_row][vc_column width=\u00a0\u00bb1\/3&Prime;][vc_single_image image=\u00a0\u00bb386&Prime; img_size=\u00a0\u00bbfull\u00a0\u00bb onclick=\u00a0\u00bblink_image\u00a0\u00bb][\/vc_column][vc_column width=\u00a0\u00bb2\/3&Prime;][vc_column_text]L\u2019Echinac\u00e9e est une plante vivace qui existe en diff\u00e9rentes vari\u00e9t\u00e9s et couleurs. Selon la vari\u00e9t\u00e9, elle peut atteindre une taille de 150 cm. La p\u00e9riode de floraison s\u2019\u00e9tend de juillet \u00e0 septembre. Elle pr\u00e9f\u00e8re les sols fertiles et bien drain\u00e9s (\u00e9viter que l\u2019eau [&hellip;]\" \/>\n<meta property=\"og:url\" content=\"https:\/\/naturelo.meco.lu\/fr\/a-voller-blei\/echinacea-sp-sonnenhut-echinacee\/\" \/>\n<meta property=\"og:site_name\" content=\"Natur\" \/>\n<meta property=\"article:modified_time\" content=\"2024-10-09T13:27:37+00:00\" \/>\n<meta name=\"twitter:card\" content=\"summary_large_image\" \/>\n<meta name=\"twitter:label1\" content=\"Dur\u00e9e de lecture estim\u00e9e\" \/>\n\t<meta name=\"twitter:data1\" content=\"1 minute\" \/>\n<script type=\"application\/ld+json\" class=\"yoast-schema-graph\">{\"@context\":\"https:\/\/schema.org\",\"@graph\":[{\"@type\":\"WebPage\",\"@id\":\"https:\/\/naturelo.meco.lu\/fr\/a-voller-blei\/echinacea-sp-sonnenhut-echinacee\/\",\"url\":\"https:\/\/naturelo.meco.lu\/fr\/a-voller-blei\/echinacea-sp-sonnenhut-echinacee\/\",\"name\":\"Echinacea sp. \u2013 Sonnenhut \u2013 Echinac\u00e9e - Natur\",\"isPartOf\":{\"@id\":\"https:\/\/naturelo.meco.lu\/#website\"},\"datePublished\":\"2020-03-30T07:21:07+00:00\",\"dateModified\":\"2024-10-09T13:27:37+00:00\",\"breadcrumb\":{\"@id\":\"https:\/\/naturelo.meco.lu\/fr\/a-voller-blei\/echinacea-sp-sonnenhut-echinacee\/#breadcrumb\"},\"inLanguage\":\"fr-FR\",\"potentialAction\":[{\"@type\":\"ReadAction\",\"target\":[\"https:\/\/naturelo.meco.lu\/fr\/a-voller-blei\/echinacea-sp-sonnenhut-echinacee\/\"]}]},{\"@type\":\"BreadcrumbList\",\"@id\":\"https:\/\/naturelo.meco.lu\/fr\/a-voller-blei\/echinacea-sp-sonnenhut-echinacee\/#breadcrumb\",\"itemListElement\":[{\"@type\":\"ListItem\",\"position\":1,\"name\":\"Home\",\"item\":\"https:\/\/naturelo.meco.lu\/fr\/\"},{\"@type\":\"ListItem\",\"position\":2,\"name\":\"En pleine floraison\",\"item\":\"https:\/\/naturelo.meco.lu\/fr\/a-voller-blei\/\"},{\"@type\":\"ListItem\",\"position\":3,\"name\":\"Echinacea sp. \u2013 Sonnenhut \u2013 Echinac\u00e9e\"}]},{\"@type\":\"WebSite\",\"@id\":\"https:\/\/naturelo.meco.lu\/#website\",\"url\":\"https:\/\/naturelo.meco.lu\/\",\"name\":\"Natur\",\"description\":\"Eine weitere Mouvement \u00e9cologique Global Website\",\"potentialAction\":[{\"@type\":\"SearchAction\",\"target\":{\"@type\":\"EntryPoint\",\"urlTemplate\":\"https:\/\/naturelo.meco.lu\/?s={search_term_string}\"},\"query-input\":{\"@type\":\"PropertyValueSpecification\",\"valueRequired\":true,\"valueName\":\"search_term_string\"}}],\"inLanguage\":\"fr-FR\"}]}<\/script>\n<!-- \/ Yoast SEO plugin. -->","yoast_head_json":{"title":"Echinacea sp. \u2013 Sonnenhut \u2013 Echinac\u00e9e - Natur","robots":{"index":"noindex","follow":"follow","max-snippet":"max-snippet:-1","max-image-preview":"max-image-preview:large","max-video-preview":"max-video-preview:-1"},"og_locale":"fr_FR","og_type":"article","og_title":"Echinacea sp. \u2013 Sonnenhut \u2013 Echinac\u00e9e - Natur","og_description":"[vc_row][vc_column][vc_column_text] Echinacea sp. \u2013 Echinac\u00e9e \u2013 Sonnenhut [\/vc_column_text][\/vc_column][\/vc_row][vc_row][vc_column width=\u00a0\u00bb1\/3&Prime;][vc_single_image image=\u00a0\u00bb386&Prime; img_size=\u00a0\u00bbfull\u00a0\u00bb onclick=\u00a0\u00bblink_image\u00a0\u00bb][\/vc_column][vc_column width=\u00a0\u00bb2\/3&Prime;][vc_column_text]L\u2019Echinac\u00e9e est une plante vivace qui existe en diff\u00e9rentes vari\u00e9t\u00e9s et couleurs. Selon la vari\u00e9t\u00e9, elle peut atteindre une taille de 150 cm. La p\u00e9riode de floraison s\u2019\u00e9tend de juillet \u00e0 septembre. Elle pr\u00e9f\u00e8re les sols fertiles et bien drain\u00e9s (\u00e9viter que l\u2019eau [&hellip;]","og_url":"https:\/\/naturelo.meco.lu\/fr\/a-voller-blei\/echinacea-sp-sonnenhut-echinacee\/","og_site_name":"Natur","article_modified_time":"2024-10-09T13:27:37+00:00","twitter_card":"summary_large_image","twitter_misc":{"Dur\u00e9e de lecture estim\u00e9e":"1 minute"},"schema":{"@context":"https:\/\/schema.org","@graph":[{"@type":"WebPage","@id":"https:\/\/naturelo.meco.lu\/fr\/a-voller-blei\/echinacea-sp-sonnenhut-echinacee\/","url":"https:\/\/naturelo.meco.lu\/fr\/a-voller-blei\/echinacea-sp-sonnenhut-echinacee\/","name":"Echinacea sp. \u2013 Sonnenhut \u2013 Echinac\u00e9e - Natur","isPartOf":{"@id":"https:\/\/naturelo.meco.lu\/#website"},"datePublished":"2020-03-30T07:21:07+00:00","dateModified":"2024-10-09T13:27:37+00:00","breadcrumb":{"@id":"https:\/\/naturelo.meco.lu\/fr\/a-voller-blei\/echinacea-sp-sonnenhut-echinacee\/#breadcrumb"},"inLanguage":"fr-FR","potentialAction":[{"@type":"ReadAction","target":["https:\/\/naturelo.meco.lu\/fr\/a-voller-blei\/echinacea-sp-sonnenhut-echinacee\/"]}]},{"@type":"BreadcrumbList","@id":"https:\/\/naturelo.meco.lu\/fr\/a-voller-blei\/echinacea-sp-sonnenhut-echinacee\/#breadcrumb","itemListElement":[{"@type":"ListItem","position":1,"name":"Home","item":"https:\/\/naturelo.meco.lu\/fr\/"},{"@type":"ListItem","position":2,"name":"En pleine floraison","item":"https:\/\/naturelo.meco.lu\/fr\/a-voller-blei\/"},{"@type":"ListItem","position":3,"name":"Echinacea sp. \u2013 Sonnenhut \u2013 Echinac\u00e9e"}]},{"@type":"WebSite","@id":"https:\/\/naturelo.meco.lu\/#website","url":"https:\/\/naturelo.meco.lu\/","name":"Natur","description":"Eine weitere Mouvement \u00e9cologique Global Website","potentialAction":[{"@type":"SearchAction","target":{"@type":"EntryPoint","urlTemplate":"https:\/\/naturelo.meco.lu\/?s={search_term_string}"},"query-input":{"@type":"PropertyValueSpecification","valueRequired":true,"valueName":"search_term_string"}}],"inLanguage":"fr-FR"}]}},"_links":{"self":[{"href":"https:\/\/naturelo.meco.lu\/fr\/wp-json\/wp\/v2\/pages\/840","targetHints":{"allow":["GET"]}}],"collection":[{"href":"https:\/\/naturelo.meco.lu\/fr\/wp-json\/wp\/v2\/pages"}],"about":[{"href":"https:\/\/naturelo.meco.lu\/fr\/wp-json\/wp\/v2\/types\/page"}],"author":[{"embeddable":true,"href":"https:\/\/naturelo.meco.lu\/fr\/wp-json\/wp\/v2\/users\/10"}],"replies":[{"embeddable":true,"href":"https:\/\/naturelo.meco.lu\/fr\/wp-json\/wp\/v2\/comments?post=840"}],"version-history":[{"count":3,"href":"https:\/\/naturelo.meco.lu\/fr\/wp-json\/wp\/v2\/pages\/840\/revisions"}],"predecessor-version":[{"id":8078,"href":"https:\/\/naturelo.meco.lu\/fr\/wp-json\/wp\/v2\/pages\/840\/revisions\/8078"}],"up":[{"embeddable":true,"href":"https:\/\/naturelo.meco.lu\/fr\/wp-json\/wp\/v2\/pages\/646"}],"wp:attachment":[{"href":"https:\/\/naturelo.meco.lu\/fr\/wp-json\/wp\/v2\/media?parent=840"}],"curies":[{"name":"wp","href":"https:\/\/api.w.org\/{rel}","templated":true}]}}