{"id":837,"date":"2020-03-30T09:13:49","date_gmt":"2020-03-30T07:13:49","guid":{"rendered":"http:\/\/natur.meco.lu\/a-voller-blei\/blueten-des-monats\/echinop-sp-kugeldistel-azurite\/"},"modified":"2024-10-08T16:55:59","modified_gmt":"2024-10-08T14:55:59","slug":"echinop-sp-kugeldistel-azurite","status":"publish","type":"page","link":"https:\/\/naturelo.meco.lu\/fr\/a-voller-blei\/echinop-sp-kugeldistel-azurite\/","title":{"rendered":"Echinops sp. \u2013 Kugeldistel \u2013 Azurite"},"content":{"rendered":"<section class=\"wpb-content-wrapper\"><div class=\"pf-content\"><p>[vc_row][vc_column][vc_column_text]<\/p>\n<h2>Echinop sp. \u2013 Azurite \u2013 Kugeldistel<\/h2>\n<p>[\/vc_column_text][\/vc_column][\/vc_row][vc_row][vc_column width=\u00a0\u00bb1\/3&Prime;][vc_single_image image=\u00a0\u00bb383&Prime; img_size=\u00a0\u00bbfull\u00a0\u00bb onclick=\u00a0\u00bblink_image\u00a0\u00bb][\/vc_column][vc_column width=\u00a0\u00bb2\/3&Prime;][vc_column_text]Les inflorescences en capitules sph\u00e9riques des Echinops forment des \u00ab\u00a0chardons boule\u00a0\u00bb d\u2019une \u00e9paisseur de 4 \u00e0 8 cm. La disposition serr\u00e9e des nombreuses fleurs fait que les insectes, qui sont tr\u00e8s attir\u00e9s par cette plante mellif\u00e8re, peuvent polliniser de nombreuses fleurs en peu de temps. Selon la vari\u00e9t\u00e9, cette plante peut atteindre une taille allant de 80 \u00e0 200 cm. Les Echinops appr\u00e9cient les lieux ensoleill\u00e9s aux sols perm\u00e9ables et riches en nutriments. Peu exigeante et facile \u00e0 cultiver, c\u2019est une plante qui s\u2019adapte n\u00e9anmoins aussi \u00e0 des sols moins riches.<br \/>\nLes belles tiges florales tr\u00e8s durables des Echinops sont id\u00e9ales en bouquet, dans un vase; elles donnent \u00e9galement de jolies fleurs s\u00e9ch\u00e9es. L\u2019esp\u00e8ce demande peu d\u2018entretien et sa dur\u00e9e de vie est longue. Les vari\u00e9t\u00e9s hautes doivent \u00eatre soutenues au moyen d\u2019un tuteur.<br \/>\nConseil de plantation: la distance id\u00e9ale entre les diff\u00e9rentes plantes individuelles est de 60 cm.<\/p>\n<p>&nbsp;<\/p>\n<p>&nbsp;<\/p>\n<p>&nbsp;<\/p>\n<p>&nbsp;<\/p>\n<h5><span style=\"color: #99cc00\"><a style=\"color: #99cc00\" href=\"https:\/\/naturelo.meco.lu\/fr\/a-voller-blei\/stauden-kraeuter-blumenzwiebeln-und-gehoelze\/\">Retour<\/a><\/span><\/h5>\n<p>[\/vc_column_text][\/vc_column][\/vc_row]<\/p>\n<\/div><\/section>","protected":false},"excerpt":{"rendered":"<p>[vc_row][vc_column][vc_column_text] Echinop sp. \u2013 Azurite \u2013 Kugeldistel [\/vc_column_text][\/vc_column][\/vc_row][vc_row][vc_column width=\u00a0\u00bb1\/3&Prime;][vc_single_image image=\u00a0\u00bb383&Prime; img_size=\u00a0\u00bbfull\u00a0\u00bb onclick=\u00a0\u00bblink_image\u00a0\u00bb][\/vc_column][vc_column width=\u00a0\u00bb2\/3&Prime;][vc_column_text]Les inflorescences en capitules sph\u00e9riques des Echinops forment des \u00ab\u00a0chardons boule\u00a0\u00bb d\u2019une \u00e9paisseur de 4 \u00e0 8 cm. La disposition serr\u00e9e des nombreuses fleurs fait que les insectes, qui sont tr\u00e8s attir\u00e9s par cette plante mellif\u00e8re, peuvent polliniser de nombreuses fleurs en peu [&hellip;]<\/p>\n","protected":false},"author":10,"featured_media":0,"parent":646,"menu_order":0,"comment_status":"closed","ping_status":"closed","template":"","meta":{"_acf_changed":false,"footnotes":""},"class_list":["post-837","page","type-page","status-publish","hentry"],"acf":[],"yoast_head":"<!-- This site is optimized with the Yoast SEO plugin v27.2 - https:\/\/yoast.com\/product\/yoast-seo-wordpress\/ -->\n<title>Echinops sp. \u2013 Kugeldistel \u2013 Azurite - Natur<\/title>\n<meta name=\"robots\" content=\"noindex, follow, max-snippet:-1, max-image-preview:large, max-video-preview:-1\" \/>\n<meta property=\"og:locale\" content=\"fr_FR\" \/>\n<meta property=\"og:type\" content=\"article\" \/>\n<meta property=\"og:title\" content=\"Echinops sp. \u2013 Kugeldistel \u2013 Azurite - Natur\" \/>\n<meta property=\"og:description\" content=\"[vc_row][vc_column][vc_column_text] Echinop sp. \u2013 Azurite \u2013 Kugeldistel [\/vc_column_text][\/vc_column][\/vc_row][vc_row][vc_column width=\u00a0\u00bb1\/3&Prime;][vc_single_image image=\u00a0\u00bb383&Prime; img_size=\u00a0\u00bbfull\u00a0\u00bb onclick=\u00a0\u00bblink_image\u00a0\u00bb][\/vc_column][vc_column width=\u00a0\u00bb2\/3&Prime;][vc_column_text]Les inflorescences en capitules sph\u00e9riques des Echinops forment des \u00ab\u00a0chardons boule\u00a0\u00bb d\u2019une \u00e9paisseur de 4 \u00e0 8 cm. La disposition serr\u00e9e des nombreuses fleurs fait que les insectes, qui sont tr\u00e8s attir\u00e9s par cette plante mellif\u00e8re, peuvent polliniser de nombreuses fleurs en peu [&hellip;]\" \/>\n<meta property=\"og:url\" content=\"https:\/\/naturelo.meco.lu\/fr\/a-voller-blei\/echinop-sp-kugeldistel-azurite\/\" \/>\n<meta property=\"og:site_name\" content=\"Natur\" \/>\n<meta property=\"article:modified_time\" content=\"2024-10-08T14:55:59+00:00\" \/>\n<meta name=\"twitter:card\" content=\"summary_large_image\" \/>\n<meta name=\"twitter:label1\" content=\"Dur\u00e9e de lecture estim\u00e9e\" \/>\n\t<meta name=\"twitter:data1\" content=\"1 minute\" \/>\n<script type=\"application\/ld+json\" class=\"yoast-schema-graph\">{\"@context\":\"https:\/\/schema.org\",\"@graph\":[{\"@type\":\"WebPage\",\"@id\":\"https:\/\/naturelo.meco.lu\/fr\/a-voller-blei\/echinop-sp-kugeldistel-azurite\/\",\"url\":\"https:\/\/naturelo.meco.lu\/fr\/a-voller-blei\/echinop-sp-kugeldistel-azurite\/\",\"name\":\"Echinops sp. \u2013 Kugeldistel \u2013 Azurite - Natur\",\"isPartOf\":{\"@id\":\"https:\/\/naturelo.meco.lu\/#website\"},\"datePublished\":\"2020-03-30T07:13:49+00:00\",\"dateModified\":\"2024-10-08T14:55:59+00:00\",\"breadcrumb\":{\"@id\":\"https:\/\/naturelo.meco.lu\/fr\/a-voller-blei\/echinop-sp-kugeldistel-azurite\/#breadcrumb\"},\"inLanguage\":\"fr-FR\",\"potentialAction\":[{\"@type\":\"ReadAction\",\"target\":[\"https:\/\/naturelo.meco.lu\/fr\/a-voller-blei\/echinop-sp-kugeldistel-azurite\/\"]}]},{\"@type\":\"BreadcrumbList\",\"@id\":\"https:\/\/naturelo.meco.lu\/fr\/a-voller-blei\/echinop-sp-kugeldistel-azurite\/#breadcrumb\",\"itemListElement\":[{\"@type\":\"ListItem\",\"position\":1,\"name\":\"Home\",\"item\":\"https:\/\/naturelo.meco.lu\/fr\/\"},{\"@type\":\"ListItem\",\"position\":2,\"name\":\"En pleine floraison\",\"item\":\"https:\/\/naturelo.meco.lu\/fr\/a-voller-blei\/\"},{\"@type\":\"ListItem\",\"position\":3,\"name\":\"Echinops sp. \u2013 Kugeldistel \u2013 Azurite\"}]},{\"@type\":\"WebSite\",\"@id\":\"https:\/\/naturelo.meco.lu\/#website\",\"url\":\"https:\/\/naturelo.meco.lu\/\",\"name\":\"Natur\",\"description\":\"Eine weitere Mouvement \u00e9cologique Global Website\",\"potentialAction\":[{\"@type\":\"SearchAction\",\"target\":{\"@type\":\"EntryPoint\",\"urlTemplate\":\"https:\/\/naturelo.meco.lu\/?s={search_term_string}\"},\"query-input\":{\"@type\":\"PropertyValueSpecification\",\"valueRequired\":true,\"valueName\":\"search_term_string\"}}],\"inLanguage\":\"fr-FR\"}]}<\/script>\n<!-- \/ Yoast SEO plugin. -->","yoast_head_json":{"title":"Echinops sp. \u2013 Kugeldistel \u2013 Azurite - Natur","robots":{"index":"noindex","follow":"follow","max-snippet":"max-snippet:-1","max-image-preview":"max-image-preview:large","max-video-preview":"max-video-preview:-1"},"og_locale":"fr_FR","og_type":"article","og_title":"Echinops sp. \u2013 Kugeldistel \u2013 Azurite - Natur","og_description":"[vc_row][vc_column][vc_column_text] Echinop sp. \u2013 Azurite \u2013 Kugeldistel [\/vc_column_text][\/vc_column][\/vc_row][vc_row][vc_column width=\u00a0\u00bb1\/3&Prime;][vc_single_image image=\u00a0\u00bb383&Prime; img_size=\u00a0\u00bbfull\u00a0\u00bb onclick=\u00a0\u00bblink_image\u00a0\u00bb][\/vc_column][vc_column width=\u00a0\u00bb2\/3&Prime;][vc_column_text]Les inflorescences en capitules sph\u00e9riques des Echinops forment des \u00ab\u00a0chardons boule\u00a0\u00bb d\u2019une \u00e9paisseur de 4 \u00e0 8 cm. La disposition serr\u00e9e des nombreuses fleurs fait que les insectes, qui sont tr\u00e8s attir\u00e9s par cette plante mellif\u00e8re, peuvent polliniser de nombreuses fleurs en peu [&hellip;]","og_url":"https:\/\/naturelo.meco.lu\/fr\/a-voller-blei\/echinop-sp-kugeldistel-azurite\/","og_site_name":"Natur","article_modified_time":"2024-10-08T14:55:59+00:00","twitter_card":"summary_large_image","twitter_misc":{"Dur\u00e9e de lecture estim\u00e9e":"1 minute"},"schema":{"@context":"https:\/\/schema.org","@graph":[{"@type":"WebPage","@id":"https:\/\/naturelo.meco.lu\/fr\/a-voller-blei\/echinop-sp-kugeldistel-azurite\/","url":"https:\/\/naturelo.meco.lu\/fr\/a-voller-blei\/echinop-sp-kugeldistel-azurite\/","name":"Echinops sp. \u2013 Kugeldistel \u2013 Azurite - Natur","isPartOf":{"@id":"https:\/\/naturelo.meco.lu\/#website"},"datePublished":"2020-03-30T07:13:49+00:00","dateModified":"2024-10-08T14:55:59+00:00","breadcrumb":{"@id":"https:\/\/naturelo.meco.lu\/fr\/a-voller-blei\/echinop-sp-kugeldistel-azurite\/#breadcrumb"},"inLanguage":"fr-FR","potentialAction":[{"@type":"ReadAction","target":["https:\/\/naturelo.meco.lu\/fr\/a-voller-blei\/echinop-sp-kugeldistel-azurite\/"]}]},{"@type":"BreadcrumbList","@id":"https:\/\/naturelo.meco.lu\/fr\/a-voller-blei\/echinop-sp-kugeldistel-azurite\/#breadcrumb","itemListElement":[{"@type":"ListItem","position":1,"name":"Home","item":"https:\/\/naturelo.meco.lu\/fr\/"},{"@type":"ListItem","position":2,"name":"En pleine floraison","item":"https:\/\/naturelo.meco.lu\/fr\/a-voller-blei\/"},{"@type":"ListItem","position":3,"name":"Echinops sp. \u2013 Kugeldistel \u2013 Azurite"}]},{"@type":"WebSite","@id":"https:\/\/naturelo.meco.lu\/#website","url":"https:\/\/naturelo.meco.lu\/","name":"Natur","description":"Eine weitere Mouvement \u00e9cologique Global Website","potentialAction":[{"@type":"SearchAction","target":{"@type":"EntryPoint","urlTemplate":"https:\/\/naturelo.meco.lu\/?s={search_term_string}"},"query-input":{"@type":"PropertyValueSpecification","valueRequired":true,"valueName":"search_term_string"}}],"inLanguage":"fr-FR"}]}},"_links":{"self":[{"href":"https:\/\/naturelo.meco.lu\/fr\/wp-json\/wp\/v2\/pages\/837","targetHints":{"allow":["GET"]}}],"collection":[{"href":"https:\/\/naturelo.meco.lu\/fr\/wp-json\/wp\/v2\/pages"}],"about":[{"href":"https:\/\/naturelo.meco.lu\/fr\/wp-json\/wp\/v2\/types\/page"}],"author":[{"embeddable":true,"href":"https:\/\/naturelo.meco.lu\/fr\/wp-json\/wp\/v2\/users\/10"}],"replies":[{"embeddable":true,"href":"https:\/\/naturelo.meco.lu\/fr\/wp-json\/wp\/v2\/comments?post=837"}],"version-history":[{"count":5,"href":"https:\/\/naturelo.meco.lu\/fr\/wp-json\/wp\/v2\/pages\/837\/revisions"}],"predecessor-version":[{"id":8058,"href":"https:\/\/naturelo.meco.lu\/fr\/wp-json\/wp\/v2\/pages\/837\/revisions\/8058"}],"up":[{"embeddable":true,"href":"https:\/\/naturelo.meco.lu\/fr\/wp-json\/wp\/v2\/pages\/646"}],"wp:attachment":[{"href":"https:\/\/naturelo.meco.lu\/fr\/wp-json\/wp\/v2\/media?parent=837"}],"curies":[{"name":"wp","href":"https:\/\/api.w.org\/{rel}","templated":true}]}}