{"id":833,"date":"2020-03-30T09:10:45","date_gmt":"2020-03-30T07:10:45","guid":{"rendered":"http:\/\/natur.meco.lu\/a-voller-blei\/blueten-des-monats\/campanula-trachelium-nesselblaettrige-glockenblume-campanule-gantelee\/"},"modified":"2024-10-09T15:24:09","modified_gmt":"2024-10-09T13:24:09","slug":"campanula-trachelium-nesselblaettrige-glockenblume-campanule-gantelee","status":"publish","type":"page","link":"https:\/\/naturelo.meco.lu\/fr\/a-voller-blei\/campanula-trachelium-nesselblaettrige-glockenblume-campanule-gantelee\/","title":{"rendered":"Campanula trachelium \u2013 Nesselbl\u00e4ttrige Glockenblume \u2013 Campanule gantel\u00e9e"},"content":{"rendered":"<section class=\"wpb-content-wrapper\"><div class=\"pf-content\"><p>[vc_row][vc_column][vc_column_text]<\/p>\n<h2><em><strong>Campanula trachelium <\/strong><\/em>\u2013 Campanule gantel\u00e9e \u2013 Nesselbl\u00e4ttrige Glockenblume<\/h2>\n<p>[\/vc_column_text][\/vc_column][\/vc_row][vc_row][vc_column width=\u00a0\u00bb1\/3&Prime;][vc_single_image image=\u00a0\u00bb392&Prime; img_size=\u00a0\u00bbfull\u00a0\u00bb onclick=\u00a0\u00bblink_image\u00a0\u00bb][\/vc_column][vc_column width=\u00a0\u00bb2\/3&Prime;][vc_column_text]Les fleurs tubul\u00e9es de couleur violette (parfois blanche) de la Campanule gantel\u00e9e fleurissent entre juillet et ao\u00fbt et sont particuli\u00e8rement appr\u00e9ci\u00e9es par certains insectes, surtout par les abeilles et les bourdons.<br \/>\nCette plante vivace pr\u00e9f\u00e8re les sols drain\u00e9s, les terres argileuses profondes, mais s\u2019adapte \u00e9galement aux terrains pierreux. Dans la nature, nous retrouvons la Campanule gantel\u00e9e surtout dans les bois. Dans le jardin, il est conseill\u00e9 de lui r\u00e9server un endroit bois\u00e9 ou de la planter \u00e0 l\u2019ombre des haies.\u00a0Elle atteint une taille d\u2019environ 110 cm. De courte vie, cette plante se multiplie n\u00e9anmoins par auto-ensemencement. Pour emp\u00eacher le semis spontan\u00e9, il suffit de la tailler tout de suite apr\u00e8s la floraison.<br \/>\nConseil de plantation: la distance id\u00e9ale entre les diff\u00e9rentes plantes individuelles est de 35 cm.<\/p>\n<p>&nbsp;<\/p>\n<p>&nbsp;<\/p>\n<p><a href=\"https:\/\/naturelo.meco.lu\/fr\/a-voller-blei\/stauden-kraeuter-blumenzwiebeln-und-gehoelze\/\"><span style=\"color: #99cc00\">Retour<\/span><\/a>[\/vc_column_text][\/vc_column][\/vc_row]<\/p>\n<\/div><\/section>","protected":false},"excerpt":{"rendered":"<p>[vc_row][vc_column][vc_column_text] Campanula trachelium \u2013 Campanule gantel\u00e9e \u2013 Nesselbl\u00e4ttrige Glockenblume [\/vc_column_text][\/vc_column][\/vc_row][vc_row][vc_column width=\u00a0\u00bb1\/3&Prime;][vc_single_image image=\u00a0\u00bb392&Prime; img_size=\u00a0\u00bbfull\u00a0\u00bb onclick=\u00a0\u00bblink_image\u00a0\u00bb][\/vc_column][vc_column width=\u00a0\u00bb2\/3&Prime;][vc_column_text]Les fleurs tubul\u00e9es de couleur violette (parfois blanche) de la Campanule gantel\u00e9e fleurissent entre juillet et ao\u00fbt et sont particuli\u00e8rement appr\u00e9ci\u00e9es par certains insectes, surtout par les abeilles et les bourdons. Cette plante vivace pr\u00e9f\u00e8re les sols drain\u00e9s, les terres argileuses [&hellip;]<\/p>\n","protected":false},"author":10,"featured_media":0,"parent":646,"menu_order":0,"comment_status":"closed","ping_status":"closed","template":"","meta":{"_acf_changed":false,"footnotes":""},"class_list":["post-833","page","type-page","status-publish","hentry"],"acf":[],"yoast_head":"<!-- This site is optimized with the Yoast SEO plugin v27.2 - https:\/\/yoast.com\/product\/yoast-seo-wordpress\/ -->\n<title>Campanula trachelium \u2013 Nesselbl\u00e4ttrige Glockenblume \u2013 Campanule gantel\u00e9e - Natur<\/title>\n<meta name=\"robots\" content=\"noindex, follow, max-snippet:-1, max-image-preview:large, max-video-preview:-1\" \/>\n<meta property=\"og:locale\" content=\"fr_FR\" \/>\n<meta property=\"og:type\" content=\"article\" \/>\n<meta property=\"og:title\" content=\"Campanula trachelium \u2013 Nesselbl\u00e4ttrige Glockenblume \u2013 Campanule gantel\u00e9e - Natur\" \/>\n<meta property=\"og:description\" content=\"[vc_row][vc_column][vc_column_text] Campanula trachelium \u2013 Campanule gantel\u00e9e \u2013 Nesselbl\u00e4ttrige Glockenblume [\/vc_column_text][\/vc_column][\/vc_row][vc_row][vc_column width=\u00a0\u00bb1\/3&Prime;][vc_single_image image=\u00a0\u00bb392&Prime; img_size=\u00a0\u00bbfull\u00a0\u00bb onclick=\u00a0\u00bblink_image\u00a0\u00bb][\/vc_column][vc_column width=\u00a0\u00bb2\/3&Prime;][vc_column_text]Les fleurs tubul\u00e9es de couleur violette (parfois blanche) de la Campanule gantel\u00e9e fleurissent entre juillet et ao\u00fbt et sont particuli\u00e8rement appr\u00e9ci\u00e9es par certains insectes, surtout par les abeilles et les bourdons. Cette plante vivace pr\u00e9f\u00e8re les sols drain\u00e9s, les terres argileuses [&hellip;]\" \/>\n<meta property=\"og:url\" content=\"https:\/\/naturelo.meco.lu\/fr\/a-voller-blei\/campanula-trachelium-nesselblaettrige-glockenblume-campanule-gantelee\/\" \/>\n<meta property=\"og:site_name\" content=\"Natur\" \/>\n<meta property=\"article:modified_time\" content=\"2024-10-09T13:24:09+00:00\" \/>\n<meta name=\"twitter:card\" content=\"summary_large_image\" \/>\n<meta name=\"twitter:label1\" content=\"Dur\u00e9e de lecture estim\u00e9e\" \/>\n\t<meta name=\"twitter:data1\" content=\"1 minute\" \/>\n<script type=\"application\/ld+json\" class=\"yoast-schema-graph\">{\"@context\":\"https:\/\/schema.org\",\"@graph\":[{\"@type\":\"WebPage\",\"@id\":\"https:\/\/naturelo.meco.lu\/fr\/a-voller-blei\/campanula-trachelium-nesselblaettrige-glockenblume-campanule-gantelee\/\",\"url\":\"https:\/\/naturelo.meco.lu\/fr\/a-voller-blei\/campanula-trachelium-nesselblaettrige-glockenblume-campanule-gantelee\/\",\"name\":\"Campanula trachelium \u2013 Nesselbl\u00e4ttrige Glockenblume \u2013 Campanule gantel\u00e9e - Natur\",\"isPartOf\":{\"@id\":\"https:\/\/naturelo.meco.lu\/#website\"},\"datePublished\":\"2020-03-30T07:10:45+00:00\",\"dateModified\":\"2024-10-09T13:24:09+00:00\",\"breadcrumb\":{\"@id\":\"https:\/\/naturelo.meco.lu\/fr\/a-voller-blei\/campanula-trachelium-nesselblaettrige-glockenblume-campanule-gantelee\/#breadcrumb\"},\"inLanguage\":\"fr-FR\",\"potentialAction\":[{\"@type\":\"ReadAction\",\"target\":[\"https:\/\/naturelo.meco.lu\/fr\/a-voller-blei\/campanula-trachelium-nesselblaettrige-glockenblume-campanule-gantelee\/\"]}]},{\"@type\":\"BreadcrumbList\",\"@id\":\"https:\/\/naturelo.meco.lu\/fr\/a-voller-blei\/campanula-trachelium-nesselblaettrige-glockenblume-campanule-gantelee\/#breadcrumb\",\"itemListElement\":[{\"@type\":\"ListItem\",\"position\":1,\"name\":\"Home\",\"item\":\"https:\/\/naturelo.meco.lu\/fr\/\"},{\"@type\":\"ListItem\",\"position\":2,\"name\":\"En pleine floraison\",\"item\":\"https:\/\/naturelo.meco.lu\/fr\/a-voller-blei\/\"},{\"@type\":\"ListItem\",\"position\":3,\"name\":\"Campanula trachelium \u2013 Nesselbl\u00e4ttrige Glockenblume \u2013 Campanule gantel\u00e9e\"}]},{\"@type\":\"WebSite\",\"@id\":\"https:\/\/naturelo.meco.lu\/#website\",\"url\":\"https:\/\/naturelo.meco.lu\/\",\"name\":\"Natur\",\"description\":\"Eine weitere Mouvement \u00e9cologique Global Website\",\"potentialAction\":[{\"@type\":\"SearchAction\",\"target\":{\"@type\":\"EntryPoint\",\"urlTemplate\":\"https:\/\/naturelo.meco.lu\/?s={search_term_string}\"},\"query-input\":{\"@type\":\"PropertyValueSpecification\",\"valueRequired\":true,\"valueName\":\"search_term_string\"}}],\"inLanguage\":\"fr-FR\"}]}<\/script>\n<!-- \/ Yoast SEO plugin. -->","yoast_head_json":{"title":"Campanula trachelium \u2013 Nesselbl\u00e4ttrige Glockenblume \u2013 Campanule gantel\u00e9e - Natur","robots":{"index":"noindex","follow":"follow","max-snippet":"max-snippet:-1","max-image-preview":"max-image-preview:large","max-video-preview":"max-video-preview:-1"},"og_locale":"fr_FR","og_type":"article","og_title":"Campanula trachelium \u2013 Nesselbl\u00e4ttrige Glockenblume \u2013 Campanule gantel\u00e9e - Natur","og_description":"[vc_row][vc_column][vc_column_text] Campanula trachelium \u2013 Campanule gantel\u00e9e \u2013 Nesselbl\u00e4ttrige Glockenblume [\/vc_column_text][\/vc_column][\/vc_row][vc_row][vc_column width=\u00a0\u00bb1\/3&Prime;][vc_single_image image=\u00a0\u00bb392&Prime; img_size=\u00a0\u00bbfull\u00a0\u00bb onclick=\u00a0\u00bblink_image\u00a0\u00bb][\/vc_column][vc_column width=\u00a0\u00bb2\/3&Prime;][vc_column_text]Les fleurs tubul\u00e9es de couleur violette (parfois blanche) de la Campanule gantel\u00e9e fleurissent entre juillet et ao\u00fbt et sont particuli\u00e8rement appr\u00e9ci\u00e9es par certains insectes, surtout par les abeilles et les bourdons. Cette plante vivace pr\u00e9f\u00e8re les sols drain\u00e9s, les terres argileuses [&hellip;]","og_url":"https:\/\/naturelo.meco.lu\/fr\/a-voller-blei\/campanula-trachelium-nesselblaettrige-glockenblume-campanule-gantelee\/","og_site_name":"Natur","article_modified_time":"2024-10-09T13:24:09+00:00","twitter_card":"summary_large_image","twitter_misc":{"Dur\u00e9e de lecture estim\u00e9e":"1 minute"},"schema":{"@context":"https:\/\/schema.org","@graph":[{"@type":"WebPage","@id":"https:\/\/naturelo.meco.lu\/fr\/a-voller-blei\/campanula-trachelium-nesselblaettrige-glockenblume-campanule-gantelee\/","url":"https:\/\/naturelo.meco.lu\/fr\/a-voller-blei\/campanula-trachelium-nesselblaettrige-glockenblume-campanule-gantelee\/","name":"Campanula trachelium \u2013 Nesselbl\u00e4ttrige Glockenblume \u2013 Campanule gantel\u00e9e - Natur","isPartOf":{"@id":"https:\/\/naturelo.meco.lu\/#website"},"datePublished":"2020-03-30T07:10:45+00:00","dateModified":"2024-10-09T13:24:09+00:00","breadcrumb":{"@id":"https:\/\/naturelo.meco.lu\/fr\/a-voller-blei\/campanula-trachelium-nesselblaettrige-glockenblume-campanule-gantelee\/#breadcrumb"},"inLanguage":"fr-FR","potentialAction":[{"@type":"ReadAction","target":["https:\/\/naturelo.meco.lu\/fr\/a-voller-blei\/campanula-trachelium-nesselblaettrige-glockenblume-campanule-gantelee\/"]}]},{"@type":"BreadcrumbList","@id":"https:\/\/naturelo.meco.lu\/fr\/a-voller-blei\/campanula-trachelium-nesselblaettrige-glockenblume-campanule-gantelee\/#breadcrumb","itemListElement":[{"@type":"ListItem","position":1,"name":"Home","item":"https:\/\/naturelo.meco.lu\/fr\/"},{"@type":"ListItem","position":2,"name":"En pleine floraison","item":"https:\/\/naturelo.meco.lu\/fr\/a-voller-blei\/"},{"@type":"ListItem","position":3,"name":"Campanula trachelium \u2013 Nesselbl\u00e4ttrige Glockenblume \u2013 Campanule gantel\u00e9e"}]},{"@type":"WebSite","@id":"https:\/\/naturelo.meco.lu\/#website","url":"https:\/\/naturelo.meco.lu\/","name":"Natur","description":"Eine weitere Mouvement \u00e9cologique Global Website","potentialAction":[{"@type":"SearchAction","target":{"@type":"EntryPoint","urlTemplate":"https:\/\/naturelo.meco.lu\/?s={search_term_string}"},"query-input":{"@type":"PropertyValueSpecification","valueRequired":true,"valueName":"search_term_string"}}],"inLanguage":"fr-FR"}]}},"_links":{"self":[{"href":"https:\/\/naturelo.meco.lu\/fr\/wp-json\/wp\/v2\/pages\/833","targetHints":{"allow":["GET"]}}],"collection":[{"href":"https:\/\/naturelo.meco.lu\/fr\/wp-json\/wp\/v2\/pages"}],"about":[{"href":"https:\/\/naturelo.meco.lu\/fr\/wp-json\/wp\/v2\/types\/page"}],"author":[{"embeddable":true,"href":"https:\/\/naturelo.meco.lu\/fr\/wp-json\/wp\/v2\/users\/10"}],"replies":[{"embeddable":true,"href":"https:\/\/naturelo.meco.lu\/fr\/wp-json\/wp\/v2\/comments?post=833"}],"version-history":[{"count":3,"href":"https:\/\/naturelo.meco.lu\/fr\/wp-json\/wp\/v2\/pages\/833\/revisions"}],"predecessor-version":[{"id":834,"href":"https:\/\/naturelo.meco.lu\/fr\/wp-json\/wp\/v2\/pages\/833\/revisions\/834"}],"up":[{"embeddable":true,"href":"https:\/\/naturelo.meco.lu\/fr\/wp-json\/wp\/v2\/pages\/646"}],"wp:attachment":[{"href":"https:\/\/naturelo.meco.lu\/fr\/wp-json\/wp\/v2\/media?parent=833"}],"curies":[{"name":"wp","href":"https:\/\/api.w.org\/{rel}","templated":true}]}}