{"id":812,"date":"2020-03-26T12:49:44","date_gmt":"2020-03-26T11:49:44","guid":{"rendered":"http:\/\/natur.meco.lu\/a-voller-blei\/blueten-des-monats\/geranium-sanguineum-blutroter-storchenschnabel-geranium-sanguin\/"},"modified":"2024-10-08T16:35:36","modified_gmt":"2024-10-08T14:35:36","slug":"geranium-sanguineum-blutroter-storchenschnabel-geranium-sanguin","status":"publish","type":"page","link":"https:\/\/naturelo.meco.lu\/fr\/a-voller-blei\/geranium-sanguineum-blutroter-storchenschnabel-geranium-sanguin\/","title":{"rendered":"Geranium sanguineum \u2013 Blutroter Storchschnabel \u2013 G\u00e9ranium sanguin"},"content":{"rendered":"<section class=\"wpb-content-wrapper\"><div class=\"pf-content\"><p>[vc_row][vc_column][vc_column_text]<\/p>\n<h2><em><strong>Geranium sanguineum<\/strong><\/em>\u2013 G\u00e9ranium sanguin \u2013 Blutroter Storchenschnabel<\/h2>\n<p>[\/vc_column_text][\/vc_column][\/vc_row][vc_row][vc_column width=\u00a0\u00bb1\/3&Prime;][vc_single_image image=\u00a0\u00bb414&Prime; img_size=\u00a0\u00bbfull\u00a0\u00bb onclick=\u00a0\u00bblink_image\u00a0\u00bb][\/vc_column][vc_column width=\u00a0\u00bb2\/3&Prime;][vc_column_text]Les fleurs roses (parfois blanches) du G\u00e9ranium sanguin fleurissent de mai \u00e0 septembre et attirent surtout les syrphid\u00e9s, les hym\u00e9nopt\u00e8res, ainsi que les papillons et les col\u00e9opt\u00e8res. La taille de cette vivace varie entre 15 et 50 cm. Dans la nature, nous la retrouvons sur les pentes buissonnantes, ainsi que dans les landes et les bois clairsem\u00e9s.<br \/>\nLe G\u00e9ranium sanguin pr\u00e9f\u00e8re les sols secs, perm\u00e9ables, calcaires et pauvres en \u00e9l\u00e9ments nutritifs et s\u2019adapte \u00e0 merveille, aussi dans les jardins, aux endroits \u00e0 exposition ensoleill\u00e9e (en lisi\u00e8re de bosquets, dans les parcelles rocailleuses et jardins de gravier). Cette vivace couvre sol rustique requiert peu d\u2018entretien, ce qui \u00a0fait le bonheur des amateurs de jardinage. Peu exigeante, elle se d\u00e9veloppera \u00e9galement dans les bacs \u00e0 plantes.<br \/>\nConseil de plantation: la distance id\u00e9ale entre les diff\u00e9rentes plantes individuelles est de 30 \u00e0 40 cm.<\/p>\n<p>&nbsp;<\/p>\n<p>&nbsp;<\/p>\n<p>&nbsp;<\/p>\n<p><a href=\"https:\/\/naturelo.meco.lu\/fr\/a-voller-blei\/stauden-kraeuter-blumenzwiebeln-und-gehoelze\/\"><strong><span style=\"color: #99cc00\">Retour<\/span><\/strong><\/a>[\/vc_column_text][\/vc_column][\/vc_row]<\/p>\n<\/div><\/section>","protected":false},"excerpt":{"rendered":"<p>[vc_row][vc_column][vc_column_text] Geranium sanguineum\u2013 G\u00e9ranium sanguin \u2013 Blutroter Storchenschnabel [\/vc_column_text][\/vc_column][\/vc_row][vc_row][vc_column width=\u00a0\u00bb1\/3&Prime;][vc_single_image image=\u00a0\u00bb414&Prime; img_size=\u00a0\u00bbfull\u00a0\u00bb onclick=\u00a0\u00bblink_image\u00a0\u00bb][\/vc_column][vc_column width=\u00a0\u00bb2\/3&Prime;][vc_column_text]Les fleurs roses (parfois blanches) du G\u00e9ranium sanguin fleurissent de mai \u00e0 septembre et attirent surtout les syrphid\u00e9s, les hym\u00e9nopt\u00e8res, ainsi que les papillons et les col\u00e9opt\u00e8res. La taille de cette vivace varie entre 15 et 50 cm. Dans la nature, nous [&hellip;]<\/p>\n","protected":false},"author":10,"featured_media":0,"parent":646,"menu_order":0,"comment_status":"closed","ping_status":"closed","template":"","meta":{"_acf_changed":false,"footnotes":""},"class_list":["post-812","page","type-page","status-publish","hentry"],"acf":[],"yoast_head":"<!-- This site is optimized with the Yoast SEO plugin v27.2 - https:\/\/yoast.com\/product\/yoast-seo-wordpress\/ -->\n<title>Geranium sanguineum \u2013 Blutroter Storchschnabel \u2013 G\u00e9ranium sanguin - Natur<\/title>\n<meta name=\"robots\" content=\"noindex, follow, max-snippet:-1, max-image-preview:large, max-video-preview:-1\" \/>\n<meta property=\"og:locale\" content=\"fr_FR\" \/>\n<meta property=\"og:type\" content=\"article\" \/>\n<meta property=\"og:title\" content=\"Geranium sanguineum \u2013 Blutroter Storchschnabel \u2013 G\u00e9ranium sanguin - Natur\" \/>\n<meta property=\"og:description\" content=\"[vc_row][vc_column][vc_column_text] Geranium sanguineum\u2013 G\u00e9ranium sanguin \u2013 Blutroter Storchenschnabel [\/vc_column_text][\/vc_column][\/vc_row][vc_row][vc_column width=\u00a0\u00bb1\/3&Prime;][vc_single_image image=\u00a0\u00bb414&Prime; img_size=\u00a0\u00bbfull\u00a0\u00bb onclick=\u00a0\u00bblink_image\u00a0\u00bb][\/vc_column][vc_column width=\u00a0\u00bb2\/3&Prime;][vc_column_text]Les fleurs roses (parfois blanches) du G\u00e9ranium sanguin fleurissent de mai \u00e0 septembre et attirent surtout les syrphid\u00e9s, les hym\u00e9nopt\u00e8res, ainsi que les papillons et les col\u00e9opt\u00e8res. La taille de cette vivace varie entre 15 et 50 cm. Dans la nature, nous [&hellip;]\" \/>\n<meta property=\"og:url\" content=\"https:\/\/naturelo.meco.lu\/fr\/a-voller-blei\/geranium-sanguineum-blutroter-storchenschnabel-geranium-sanguin\/\" \/>\n<meta property=\"og:site_name\" content=\"Natur\" \/>\n<meta property=\"article:modified_time\" content=\"2024-10-08T14:35:36+00:00\" \/>\n<meta name=\"twitter:card\" content=\"summary_large_image\" \/>\n<meta name=\"twitter:label1\" content=\"Dur\u00e9e de lecture estim\u00e9e\" \/>\n\t<meta name=\"twitter:data1\" content=\"1 minute\" \/>\n<script type=\"application\/ld+json\" class=\"yoast-schema-graph\">{\"@context\":\"https:\/\/schema.org\",\"@graph\":[{\"@type\":\"WebPage\",\"@id\":\"https:\/\/naturelo.meco.lu\/fr\/a-voller-blei\/geranium-sanguineum-blutroter-storchenschnabel-geranium-sanguin\/\",\"url\":\"https:\/\/naturelo.meco.lu\/fr\/a-voller-blei\/geranium-sanguineum-blutroter-storchenschnabel-geranium-sanguin\/\",\"name\":\"Geranium sanguineum \u2013 Blutroter Storchschnabel \u2013 G\u00e9ranium sanguin - Natur\",\"isPartOf\":{\"@id\":\"https:\/\/naturelo.meco.lu\/#website\"},\"datePublished\":\"2020-03-26T11:49:44+00:00\",\"dateModified\":\"2024-10-08T14:35:36+00:00\",\"breadcrumb\":{\"@id\":\"https:\/\/naturelo.meco.lu\/fr\/a-voller-blei\/geranium-sanguineum-blutroter-storchenschnabel-geranium-sanguin\/#breadcrumb\"},\"inLanguage\":\"fr-FR\",\"potentialAction\":[{\"@type\":\"ReadAction\",\"target\":[\"https:\/\/naturelo.meco.lu\/fr\/a-voller-blei\/geranium-sanguineum-blutroter-storchenschnabel-geranium-sanguin\/\"]}]},{\"@type\":\"BreadcrumbList\",\"@id\":\"https:\/\/naturelo.meco.lu\/fr\/a-voller-blei\/geranium-sanguineum-blutroter-storchenschnabel-geranium-sanguin\/#breadcrumb\",\"itemListElement\":[{\"@type\":\"ListItem\",\"position\":1,\"name\":\"Home\",\"item\":\"https:\/\/naturelo.meco.lu\/fr\/\"},{\"@type\":\"ListItem\",\"position\":2,\"name\":\"En pleine floraison\",\"item\":\"https:\/\/naturelo.meco.lu\/fr\/a-voller-blei\/\"},{\"@type\":\"ListItem\",\"position\":3,\"name\":\"Geranium sanguineum \u2013 Blutroter Storchschnabel \u2013 G\u00e9ranium sanguin\"}]},{\"@type\":\"WebSite\",\"@id\":\"https:\/\/naturelo.meco.lu\/#website\",\"url\":\"https:\/\/naturelo.meco.lu\/\",\"name\":\"Natur\",\"description\":\"Eine weitere Mouvement \u00e9cologique Global Website\",\"potentialAction\":[{\"@type\":\"SearchAction\",\"target\":{\"@type\":\"EntryPoint\",\"urlTemplate\":\"https:\/\/naturelo.meco.lu\/?s={search_term_string}\"},\"query-input\":{\"@type\":\"PropertyValueSpecification\",\"valueRequired\":true,\"valueName\":\"search_term_string\"}}],\"inLanguage\":\"fr-FR\"}]}<\/script>\n<!-- \/ Yoast SEO plugin. -->","yoast_head_json":{"title":"Geranium sanguineum \u2013 Blutroter Storchschnabel \u2013 G\u00e9ranium sanguin - Natur","robots":{"index":"noindex","follow":"follow","max-snippet":"max-snippet:-1","max-image-preview":"max-image-preview:large","max-video-preview":"max-video-preview:-1"},"og_locale":"fr_FR","og_type":"article","og_title":"Geranium sanguineum \u2013 Blutroter Storchschnabel \u2013 G\u00e9ranium sanguin - Natur","og_description":"[vc_row][vc_column][vc_column_text] Geranium sanguineum\u2013 G\u00e9ranium sanguin \u2013 Blutroter Storchenschnabel [\/vc_column_text][\/vc_column][\/vc_row][vc_row][vc_column width=\u00a0\u00bb1\/3&Prime;][vc_single_image image=\u00a0\u00bb414&Prime; img_size=\u00a0\u00bbfull\u00a0\u00bb onclick=\u00a0\u00bblink_image\u00a0\u00bb][\/vc_column][vc_column width=\u00a0\u00bb2\/3&Prime;][vc_column_text]Les fleurs roses (parfois blanches) du G\u00e9ranium sanguin fleurissent de mai \u00e0 septembre et attirent surtout les syrphid\u00e9s, les hym\u00e9nopt\u00e8res, ainsi que les papillons et les col\u00e9opt\u00e8res. La taille de cette vivace varie entre 15 et 50 cm. Dans la nature, nous [&hellip;]","og_url":"https:\/\/naturelo.meco.lu\/fr\/a-voller-blei\/geranium-sanguineum-blutroter-storchenschnabel-geranium-sanguin\/","og_site_name":"Natur","article_modified_time":"2024-10-08T14:35:36+00:00","twitter_card":"summary_large_image","twitter_misc":{"Dur\u00e9e de lecture estim\u00e9e":"1 minute"},"schema":{"@context":"https:\/\/schema.org","@graph":[{"@type":"WebPage","@id":"https:\/\/naturelo.meco.lu\/fr\/a-voller-blei\/geranium-sanguineum-blutroter-storchenschnabel-geranium-sanguin\/","url":"https:\/\/naturelo.meco.lu\/fr\/a-voller-blei\/geranium-sanguineum-blutroter-storchenschnabel-geranium-sanguin\/","name":"Geranium sanguineum \u2013 Blutroter Storchschnabel \u2013 G\u00e9ranium sanguin - Natur","isPartOf":{"@id":"https:\/\/naturelo.meco.lu\/#website"},"datePublished":"2020-03-26T11:49:44+00:00","dateModified":"2024-10-08T14:35:36+00:00","breadcrumb":{"@id":"https:\/\/naturelo.meco.lu\/fr\/a-voller-blei\/geranium-sanguineum-blutroter-storchenschnabel-geranium-sanguin\/#breadcrumb"},"inLanguage":"fr-FR","potentialAction":[{"@type":"ReadAction","target":["https:\/\/naturelo.meco.lu\/fr\/a-voller-blei\/geranium-sanguineum-blutroter-storchenschnabel-geranium-sanguin\/"]}]},{"@type":"BreadcrumbList","@id":"https:\/\/naturelo.meco.lu\/fr\/a-voller-blei\/geranium-sanguineum-blutroter-storchenschnabel-geranium-sanguin\/#breadcrumb","itemListElement":[{"@type":"ListItem","position":1,"name":"Home","item":"https:\/\/naturelo.meco.lu\/fr\/"},{"@type":"ListItem","position":2,"name":"En pleine floraison","item":"https:\/\/naturelo.meco.lu\/fr\/a-voller-blei\/"},{"@type":"ListItem","position":3,"name":"Geranium sanguineum \u2013 Blutroter Storchschnabel \u2013 G\u00e9ranium sanguin"}]},{"@type":"WebSite","@id":"https:\/\/naturelo.meco.lu\/#website","url":"https:\/\/naturelo.meco.lu\/","name":"Natur","description":"Eine weitere Mouvement \u00e9cologique Global Website","potentialAction":[{"@type":"SearchAction","target":{"@type":"EntryPoint","urlTemplate":"https:\/\/naturelo.meco.lu\/?s={search_term_string}"},"query-input":{"@type":"PropertyValueSpecification","valueRequired":true,"valueName":"search_term_string"}}],"inLanguage":"fr-FR"}]}},"_links":{"self":[{"href":"https:\/\/naturelo.meco.lu\/fr\/wp-json\/wp\/v2\/pages\/812","targetHints":{"allow":["GET"]}}],"collection":[{"href":"https:\/\/naturelo.meco.lu\/fr\/wp-json\/wp\/v2\/pages"}],"about":[{"href":"https:\/\/naturelo.meco.lu\/fr\/wp-json\/wp\/v2\/types\/page"}],"author":[{"embeddable":true,"href":"https:\/\/naturelo.meco.lu\/fr\/wp-json\/wp\/v2\/users\/10"}],"replies":[{"embeddable":true,"href":"https:\/\/naturelo.meco.lu\/fr\/wp-json\/wp\/v2\/comments?post=812"}],"version-history":[{"count":3,"href":"https:\/\/naturelo.meco.lu\/fr\/wp-json\/wp\/v2\/pages\/812\/revisions"}],"predecessor-version":[{"id":8048,"href":"https:\/\/naturelo.meco.lu\/fr\/wp-json\/wp\/v2\/pages\/812\/revisions\/8048"}],"up":[{"embeddable":true,"href":"https:\/\/naturelo.meco.lu\/fr\/wp-json\/wp\/v2\/pages\/646"}],"wp:attachment":[{"href":"https:\/\/naturelo.meco.lu\/fr\/wp-json\/wp\/v2\/media?parent=812"}],"curies":[{"name":"wp","href":"https:\/\/api.w.org\/{rel}","templated":true}]}}