{"id":807,"date":"2020-03-26T12:46:47","date_gmt":"2020-03-26T11:46:47","guid":{"rendered":"http:\/\/natur.meco.lu\/a-voller-blei\/blueten-des-monats\/corydalis-lutea-gelber-lerchensporn-corydale-jaune\/"},"modified":"2024-10-09T15:14:34","modified_gmt":"2024-10-09T13:14:34","slug":"corydalis-lutea-gelber-lerchensporn-corydale-jaune","status":"publish","type":"page","link":"https:\/\/naturelo.meco.lu\/fr\/a-voller-blei\/corydalis-lutea-gelber-lerchensporn-corydale-jaune\/","title":{"rendered":"Corydalis lutea \u2013 Gelber Lerchensporn \u2013 Corydale jaune"},"content":{"rendered":"<section class=\"wpb-content-wrapper\"><div class=\"pf-content\"><p>[vc_row][vc_column][vc_column_text]<\/p>\n<h2><em><strong>Corydalis lutea <\/strong><\/em>\u2013 Corydale jaune \u2013 Gelber Lerchensporn<\/h2>\n<p>[\/vc_column_text][\/vc_column][\/vc_row][vc_row][vc_column width=\u00a0\u00bb1\/3&Prime;][vc_single_image image=\u00a0\u00bb398&Prime; img_size=\u00a0\u00bbfull\u00a0\u00bb onclick=\u00a0\u00bblink_image\u00a0\u00bb][\/vc_column][vc_column width=\u00a0\u00bb2\/3&Prime;][vc_column_text]V\u00e9ritable <em>eye catcher<\/em> gr\u00e2ce \u00e0 ses jolies fleurs jaunes, le Corydale jaune est une plante vivace \u00a0qui fleurit abondamment (de mai \u00e0 septembre) dans les jardins. Il se ress\u00e8me abondamment et existe \u00e9galement \u00e0 l\u2019\u00e9tat sauvage, dans la nature, sur les sols rocailleux et calcaires. Il colonise les anfractuosit\u00e9s des murs et se retrouve \u00e9galement dans les endroits ensoleill\u00e9s garnis de haies sauvages ainsi que dans les bois clairsem\u00e9s. Le Corydale jaune est une plante ornementale appr\u00e9ci\u00e9e par les amateurs de jardins de rocaille. M\u00eame dans les parcelles difficiles \u00e0 reverdir, le Corydale jaune s\u2019adapte ais\u00e9ment. Il pousse en touffes buissonneuses et atteint une hauteur de 15 \u00e0 20 cm. D\u2019un c\u00f4t\u00e9, il se ress\u00e8me par auto-ensemencement, de l\u2019autre c\u00f4t\u00e9, ses graines sont dispers\u00e9es par les fourmis.<br \/>\nConseil de plantation: la distance id\u00e9ale entre les diff\u00e9rentes plantes individuelles est de 35 cm.<\/p>\n<p>&nbsp;<\/p>\n<p>&nbsp;<\/p>\n<p>&nbsp;<\/p>\n<p><a href=\"https:\/\/naturelo.meco.lu\/fr\/a-voller-blei\/stauden-kraeuter-blumenzwiebeln-und-gehoelze\/\"><span style=\"color: #99cc00\">Retour<\/span><\/a><\/p>\n<p>[\/vc_column_text][\/vc_column][\/vc_row]<\/p>\n<\/div><\/section>","protected":false},"excerpt":{"rendered":"<p>[vc_row][vc_column][vc_column_text] Corydalis lutea \u2013 Corydale jaune \u2013 Gelber Lerchensporn [\/vc_column_text][\/vc_column][\/vc_row][vc_row][vc_column width=\u00a0\u00bb1\/3&Prime;][vc_single_image image=\u00a0\u00bb398&Prime; img_size=\u00a0\u00bbfull\u00a0\u00bb onclick=\u00a0\u00bblink_image\u00a0\u00bb][\/vc_column][vc_column width=\u00a0\u00bb2\/3&Prime;][vc_column_text]V\u00e9ritable eye catcher gr\u00e2ce \u00e0 ses jolies fleurs jaunes, le Corydale jaune est une plante vivace \u00a0qui fleurit abondamment (de mai \u00e0 septembre) dans les jardins. Il se ress\u00e8me abondamment et existe \u00e9galement \u00e0 l\u2019\u00e9tat sauvage, dans la nature, sur les [&hellip;]<\/p>\n","protected":false},"author":10,"featured_media":0,"parent":646,"menu_order":0,"comment_status":"closed","ping_status":"closed","template":"","meta":{"_acf_changed":false,"footnotes":""},"class_list":["post-807","page","type-page","status-publish","hentry"],"acf":[],"yoast_head":"<!-- This site is optimized with the Yoast SEO plugin v27.2 - https:\/\/yoast.com\/product\/yoast-seo-wordpress\/ -->\n<title>Corydalis lutea \u2013 Gelber Lerchensporn \u2013 Corydale jaune - Natur<\/title>\n<meta name=\"robots\" content=\"noindex, follow, max-snippet:-1, max-image-preview:large, max-video-preview:-1\" \/>\n<meta property=\"og:locale\" content=\"fr_FR\" \/>\n<meta property=\"og:type\" content=\"article\" \/>\n<meta property=\"og:title\" content=\"Corydalis lutea \u2013 Gelber Lerchensporn \u2013 Corydale jaune - Natur\" \/>\n<meta property=\"og:description\" content=\"[vc_row][vc_column][vc_column_text] Corydalis lutea \u2013 Corydale jaune \u2013 Gelber Lerchensporn [\/vc_column_text][\/vc_column][\/vc_row][vc_row][vc_column width=\u00a0\u00bb1\/3&Prime;][vc_single_image image=\u00a0\u00bb398&Prime; img_size=\u00a0\u00bbfull\u00a0\u00bb onclick=\u00a0\u00bblink_image\u00a0\u00bb][\/vc_column][vc_column width=\u00a0\u00bb2\/3&Prime;][vc_column_text]V\u00e9ritable eye catcher gr\u00e2ce \u00e0 ses jolies fleurs jaunes, le Corydale jaune est une plante vivace \u00a0qui fleurit abondamment (de mai \u00e0 septembre) dans les jardins. Il se ress\u00e8me abondamment et existe \u00e9galement \u00e0 l\u2019\u00e9tat sauvage, dans la nature, sur les [&hellip;]\" \/>\n<meta property=\"og:url\" content=\"https:\/\/naturelo.meco.lu\/fr\/a-voller-blei\/corydalis-lutea-gelber-lerchensporn-corydale-jaune\/\" \/>\n<meta property=\"og:site_name\" content=\"Natur\" \/>\n<meta property=\"article:modified_time\" content=\"2024-10-09T13:14:34+00:00\" \/>\n<meta name=\"twitter:card\" content=\"summary_large_image\" \/>\n<meta name=\"twitter:label1\" content=\"Dur\u00e9e de lecture estim\u00e9e\" \/>\n\t<meta name=\"twitter:data1\" content=\"1 minute\" \/>\n<script type=\"application\/ld+json\" class=\"yoast-schema-graph\">{\"@context\":\"https:\/\/schema.org\",\"@graph\":[{\"@type\":\"WebPage\",\"@id\":\"https:\/\/naturelo.meco.lu\/fr\/a-voller-blei\/corydalis-lutea-gelber-lerchensporn-corydale-jaune\/\",\"url\":\"https:\/\/naturelo.meco.lu\/fr\/a-voller-blei\/corydalis-lutea-gelber-lerchensporn-corydale-jaune\/\",\"name\":\"Corydalis lutea \u2013 Gelber Lerchensporn \u2013 Corydale jaune - Natur\",\"isPartOf\":{\"@id\":\"https:\/\/naturelo.meco.lu\/#website\"},\"datePublished\":\"2020-03-26T11:46:47+00:00\",\"dateModified\":\"2024-10-09T13:14:34+00:00\",\"breadcrumb\":{\"@id\":\"https:\/\/naturelo.meco.lu\/fr\/a-voller-blei\/corydalis-lutea-gelber-lerchensporn-corydale-jaune\/#breadcrumb\"},\"inLanguage\":\"fr-FR\",\"potentialAction\":[{\"@type\":\"ReadAction\",\"target\":[\"https:\/\/naturelo.meco.lu\/fr\/a-voller-blei\/corydalis-lutea-gelber-lerchensporn-corydale-jaune\/\"]}]},{\"@type\":\"BreadcrumbList\",\"@id\":\"https:\/\/naturelo.meco.lu\/fr\/a-voller-blei\/corydalis-lutea-gelber-lerchensporn-corydale-jaune\/#breadcrumb\",\"itemListElement\":[{\"@type\":\"ListItem\",\"position\":1,\"name\":\"Home\",\"item\":\"https:\/\/naturelo.meco.lu\/fr\/\"},{\"@type\":\"ListItem\",\"position\":2,\"name\":\"En pleine floraison\",\"item\":\"https:\/\/naturelo.meco.lu\/fr\/a-voller-blei\/\"},{\"@type\":\"ListItem\",\"position\":3,\"name\":\"Corydalis lutea \u2013 Gelber Lerchensporn \u2013 Corydale jaune\"}]},{\"@type\":\"WebSite\",\"@id\":\"https:\/\/naturelo.meco.lu\/#website\",\"url\":\"https:\/\/naturelo.meco.lu\/\",\"name\":\"Natur\",\"description\":\"Eine weitere Mouvement \u00e9cologique Global Website\",\"potentialAction\":[{\"@type\":\"SearchAction\",\"target\":{\"@type\":\"EntryPoint\",\"urlTemplate\":\"https:\/\/naturelo.meco.lu\/?s={search_term_string}\"},\"query-input\":{\"@type\":\"PropertyValueSpecification\",\"valueRequired\":true,\"valueName\":\"search_term_string\"}}],\"inLanguage\":\"fr-FR\"}]}<\/script>\n<!-- \/ Yoast SEO plugin. -->","yoast_head_json":{"title":"Corydalis lutea \u2013 Gelber Lerchensporn \u2013 Corydale jaune - Natur","robots":{"index":"noindex","follow":"follow","max-snippet":"max-snippet:-1","max-image-preview":"max-image-preview:large","max-video-preview":"max-video-preview:-1"},"og_locale":"fr_FR","og_type":"article","og_title":"Corydalis lutea \u2013 Gelber Lerchensporn \u2013 Corydale jaune - Natur","og_description":"[vc_row][vc_column][vc_column_text] Corydalis lutea \u2013 Corydale jaune \u2013 Gelber Lerchensporn [\/vc_column_text][\/vc_column][\/vc_row][vc_row][vc_column width=\u00a0\u00bb1\/3&Prime;][vc_single_image image=\u00a0\u00bb398&Prime; img_size=\u00a0\u00bbfull\u00a0\u00bb onclick=\u00a0\u00bblink_image\u00a0\u00bb][\/vc_column][vc_column width=\u00a0\u00bb2\/3&Prime;][vc_column_text]V\u00e9ritable eye catcher gr\u00e2ce \u00e0 ses jolies fleurs jaunes, le Corydale jaune est une plante vivace \u00a0qui fleurit abondamment (de mai \u00e0 septembre) dans les jardins. Il se ress\u00e8me abondamment et existe \u00e9galement \u00e0 l\u2019\u00e9tat sauvage, dans la nature, sur les [&hellip;]","og_url":"https:\/\/naturelo.meco.lu\/fr\/a-voller-blei\/corydalis-lutea-gelber-lerchensporn-corydale-jaune\/","og_site_name":"Natur","article_modified_time":"2024-10-09T13:14:34+00:00","twitter_card":"summary_large_image","twitter_misc":{"Dur\u00e9e de lecture estim\u00e9e":"1 minute"},"schema":{"@context":"https:\/\/schema.org","@graph":[{"@type":"WebPage","@id":"https:\/\/naturelo.meco.lu\/fr\/a-voller-blei\/corydalis-lutea-gelber-lerchensporn-corydale-jaune\/","url":"https:\/\/naturelo.meco.lu\/fr\/a-voller-blei\/corydalis-lutea-gelber-lerchensporn-corydale-jaune\/","name":"Corydalis lutea \u2013 Gelber Lerchensporn \u2013 Corydale jaune - Natur","isPartOf":{"@id":"https:\/\/naturelo.meco.lu\/#website"},"datePublished":"2020-03-26T11:46:47+00:00","dateModified":"2024-10-09T13:14:34+00:00","breadcrumb":{"@id":"https:\/\/naturelo.meco.lu\/fr\/a-voller-blei\/corydalis-lutea-gelber-lerchensporn-corydale-jaune\/#breadcrumb"},"inLanguage":"fr-FR","potentialAction":[{"@type":"ReadAction","target":["https:\/\/naturelo.meco.lu\/fr\/a-voller-blei\/corydalis-lutea-gelber-lerchensporn-corydale-jaune\/"]}]},{"@type":"BreadcrumbList","@id":"https:\/\/naturelo.meco.lu\/fr\/a-voller-blei\/corydalis-lutea-gelber-lerchensporn-corydale-jaune\/#breadcrumb","itemListElement":[{"@type":"ListItem","position":1,"name":"Home","item":"https:\/\/naturelo.meco.lu\/fr\/"},{"@type":"ListItem","position":2,"name":"En pleine floraison","item":"https:\/\/naturelo.meco.lu\/fr\/a-voller-blei\/"},{"@type":"ListItem","position":3,"name":"Corydalis lutea \u2013 Gelber Lerchensporn \u2013 Corydale jaune"}]},{"@type":"WebSite","@id":"https:\/\/naturelo.meco.lu\/#website","url":"https:\/\/naturelo.meco.lu\/","name":"Natur","description":"Eine weitere Mouvement \u00e9cologique Global Website","potentialAction":[{"@type":"SearchAction","target":{"@type":"EntryPoint","urlTemplate":"https:\/\/naturelo.meco.lu\/?s={search_term_string}"},"query-input":{"@type":"PropertyValueSpecification","valueRequired":true,"valueName":"search_term_string"}}],"inLanguage":"fr-FR"}]}},"_links":{"self":[{"href":"https:\/\/naturelo.meco.lu\/fr\/wp-json\/wp\/v2\/pages\/807","targetHints":{"allow":["GET"]}}],"collection":[{"href":"https:\/\/naturelo.meco.lu\/fr\/wp-json\/wp\/v2\/pages"}],"about":[{"href":"https:\/\/naturelo.meco.lu\/fr\/wp-json\/wp\/v2\/types\/page"}],"author":[{"embeddable":true,"href":"https:\/\/naturelo.meco.lu\/fr\/wp-json\/wp\/v2\/users\/10"}],"replies":[{"embeddable":true,"href":"https:\/\/naturelo.meco.lu\/fr\/wp-json\/wp\/v2\/comments?post=807"}],"version-history":[{"count":2,"href":"https:\/\/naturelo.meco.lu\/fr\/wp-json\/wp\/v2\/pages\/807\/revisions"}],"predecessor-version":[{"id":8075,"href":"https:\/\/naturelo.meco.lu\/fr\/wp-json\/wp\/v2\/pages\/807\/revisions\/8075"}],"up":[{"embeddable":true,"href":"https:\/\/naturelo.meco.lu\/fr\/wp-json\/wp\/v2\/pages\/646"}],"wp:attachment":[{"href":"https:\/\/naturelo.meco.lu\/fr\/wp-json\/wp\/v2\/media?parent=807"}],"curies":[{"name":"wp","href":"https:\/\/api.w.org\/{rel}","templated":true}]}}