{"id":804,"date":"2020-03-26T12:42:37","date_gmt":"2020-03-26T11:42:37","guid":{"rendered":"http:\/\/natur.meco.lu\/a-voller-blei\/blueten-des-monats\/nepeta-x-faassenii-hybrid-katzenminze-nepeta-hybride\/"},"modified":"2024-10-08T16:39:56","modified_gmt":"2024-10-08T14:39:56","slug":"nepeta-x-faassenii-hybrid-katzenminze-nepeta-hybride","status":"publish","type":"page","link":"https:\/\/naturelo.meco.lu\/fr\/a-voller-blei\/nepeta-x-faassenii-hybrid-katzenminze-nepeta-hybride\/","title":{"rendered":"Nepeta x faassenii \u2013 Hybrid Katzenminze \u2013 N\u00e9p\u00e9ta hybride"},"content":{"rendered":"<section class=\"wpb-content-wrapper\"><div class=\"pf-content\"><p>[vc_row][vc_column][vc_column_text]<\/p>\n<h2><em><strong>Nepeta x faassenii<\/strong>\u00a0<\/em>\u2013 N\u00e9p\u00e9ta hybride \u2013 Hybrid Katzenminze<\/h2>\n<p>[\/vc_column_text][\/vc_column][\/vc_row][vc_row][vc_column width=\u00a0\u00bb1\/3&Prime;][vc_single_image image=\u00a0\u00bb418&Prime; img_size=\u00a0\u00bbfull\u00a0\u00bb onclick=\u00a0\u00bblink_image\u00a0\u00bb][\/vc_column][vc_column width=\u00a0\u00bb2\/3&Prime;][vc_column_text]Le Nepeta herbe \u00e0 chats est une vivace \u00e0 floraison durable (juin \u00e0 octobre), qui ne fait non seulement le bonheur des abeilles. Certaines esp\u00e8ces attirent \u00e9galement les chats, qui aiment se frotter contre ou se rouler sur cette plante, d\u2019o\u00f9 son nom. Pour la plante, cela peut s\u2019av\u00e9rer probl\u00e9matique en d\u00e9but de saison, de sorte qu\u2019elle a besoin d\u2019\u00eatre prot\u00e9g\u00e9e contre les chats.<\/p>\n<p>Si l\u2019on coupe les hampes florales apr\u00e8s la premi\u00e8re floraison, la plante fleurit rapidement \u00e0 nouveau. Pour que les Nepeta puissent se d\u00e9voiler dans toute leur splendeur, il est conseill\u00e9 de les planter en plus grandes quantit\u00e9s.<\/p>\n<p>C\u2019est une plante vivace tr\u00e8s facile de culture, tr\u00e8s rustique et durable, qui pousse \u00e9galement sur les sols maigres, atteignant une hauteur d\u2019environ 25 \u00e0 50 cm (voire m\u00eame 75 cm mais ce sont de rares exceptions). Elle d\u00e9veloppe de grosses touffes denses, de sorte qu\u2019elle est \u00e9galement un couvre-sol id\u00e9al. Plante le plus souvent st\u00e9rile, aucun auto-ensemencement ne se produit, ce qui \u00e9vite le d\u00e9sherbage de semis ind\u00e9sirables.<\/p>\n<p>Conseil de plantation: la distance id\u00e9ale entre les diff\u00e9rentes plantes individuelles est de 35 cm.<\/p>\n<p>&nbsp;<\/p>\n<p>&nbsp;<\/p>\n<p>&nbsp;<\/p>\n<p><span style=\"color: #99cc00\"><a style=\"color: #99cc00\" href=\"https:\/\/naturelo.meco.lu\/fr\/a-voller-blei\/stauden-kraeuter-blumenzwiebeln-und-gehoelze\/\">Retour<\/a><\/span>[\/vc_column_text][\/vc_column][\/vc_row]<\/p>\n<\/div><\/section>","protected":false},"excerpt":{"rendered":"<p>[vc_row][vc_column][vc_column_text] Nepeta x faassenii\u00a0\u2013 N\u00e9p\u00e9ta hybride \u2013 Hybrid Katzenminze [\/vc_column_text][\/vc_column][\/vc_row][vc_row][vc_column width=\u00a0\u00bb1\/3&Prime;][vc_single_image image=\u00a0\u00bb418&Prime; img_size=\u00a0\u00bbfull\u00a0\u00bb onclick=\u00a0\u00bblink_image\u00a0\u00bb][\/vc_column][vc_column width=\u00a0\u00bb2\/3&Prime;][vc_column_text]Le Nepeta herbe \u00e0 chats est une vivace \u00e0 floraison durable (juin \u00e0 octobre), qui ne fait non seulement le bonheur des abeilles. Certaines esp\u00e8ces attirent \u00e9galement les chats, qui aiment se frotter contre ou se rouler sur cette plante, d\u2019o\u00f9 [&hellip;]<\/p>\n","protected":false},"author":10,"featured_media":0,"parent":646,"menu_order":0,"comment_status":"closed","ping_status":"closed","template":"","meta":{"_acf_changed":false,"footnotes":""},"class_list":["post-804","page","type-page","status-publish","hentry"],"acf":[],"yoast_head":"<!-- This site is optimized with the Yoast SEO plugin v27.2 - https:\/\/yoast.com\/product\/yoast-seo-wordpress\/ -->\n<title>Nepeta x faassenii \u2013 Hybrid Katzenminze \u2013 N\u00e9p\u00e9ta hybride - Natur<\/title>\n<meta name=\"robots\" content=\"noindex, follow, max-snippet:-1, max-image-preview:large, max-video-preview:-1\" \/>\n<meta property=\"og:locale\" content=\"fr_FR\" \/>\n<meta property=\"og:type\" content=\"article\" \/>\n<meta property=\"og:title\" content=\"Nepeta x faassenii \u2013 Hybrid Katzenminze \u2013 N\u00e9p\u00e9ta hybride - Natur\" \/>\n<meta property=\"og:description\" content=\"[vc_row][vc_column][vc_column_text] Nepeta x faassenii\u00a0\u2013 N\u00e9p\u00e9ta hybride \u2013 Hybrid Katzenminze [\/vc_column_text][\/vc_column][\/vc_row][vc_row][vc_column width=\u00a0\u00bb1\/3&Prime;][vc_single_image image=\u00a0\u00bb418&Prime; img_size=\u00a0\u00bbfull\u00a0\u00bb onclick=\u00a0\u00bblink_image\u00a0\u00bb][\/vc_column][vc_column width=\u00a0\u00bb2\/3&Prime;][vc_column_text]Le Nepeta herbe \u00e0 chats est une vivace \u00e0 floraison durable (juin \u00e0 octobre), qui ne fait non seulement le bonheur des abeilles. Certaines esp\u00e8ces attirent \u00e9galement les chats, qui aiment se frotter contre ou se rouler sur cette plante, d\u2019o\u00f9 [&hellip;]\" \/>\n<meta property=\"og:url\" content=\"https:\/\/naturelo.meco.lu\/fr\/a-voller-blei\/nepeta-x-faassenii-hybrid-katzenminze-nepeta-hybride\/\" \/>\n<meta property=\"og:site_name\" content=\"Natur\" \/>\n<meta property=\"article:modified_time\" content=\"2024-10-08T14:39:56+00:00\" \/>\n<meta name=\"twitter:card\" content=\"summary_large_image\" \/>\n<meta name=\"twitter:label1\" content=\"Dur\u00e9e de lecture estim\u00e9e\" \/>\n\t<meta name=\"twitter:data1\" content=\"2 minutes\" \/>\n<script type=\"application\/ld+json\" class=\"yoast-schema-graph\">{\"@context\":\"https:\/\/schema.org\",\"@graph\":[{\"@type\":\"WebPage\",\"@id\":\"https:\/\/naturelo.meco.lu\/fr\/a-voller-blei\/nepeta-x-faassenii-hybrid-katzenminze-nepeta-hybride\/\",\"url\":\"https:\/\/naturelo.meco.lu\/fr\/a-voller-blei\/nepeta-x-faassenii-hybrid-katzenminze-nepeta-hybride\/\",\"name\":\"Nepeta x faassenii \u2013 Hybrid Katzenminze \u2013 N\u00e9p\u00e9ta hybride - Natur\",\"isPartOf\":{\"@id\":\"https:\/\/naturelo.meco.lu\/#website\"},\"datePublished\":\"2020-03-26T11:42:37+00:00\",\"dateModified\":\"2024-10-08T14:39:56+00:00\",\"breadcrumb\":{\"@id\":\"https:\/\/naturelo.meco.lu\/fr\/a-voller-blei\/nepeta-x-faassenii-hybrid-katzenminze-nepeta-hybride\/#breadcrumb\"},\"inLanguage\":\"fr-FR\",\"potentialAction\":[{\"@type\":\"ReadAction\",\"target\":[\"https:\/\/naturelo.meco.lu\/fr\/a-voller-blei\/nepeta-x-faassenii-hybrid-katzenminze-nepeta-hybride\/\"]}]},{\"@type\":\"BreadcrumbList\",\"@id\":\"https:\/\/naturelo.meco.lu\/fr\/a-voller-blei\/nepeta-x-faassenii-hybrid-katzenminze-nepeta-hybride\/#breadcrumb\",\"itemListElement\":[{\"@type\":\"ListItem\",\"position\":1,\"name\":\"Home\",\"item\":\"https:\/\/naturelo.meco.lu\/fr\/\"},{\"@type\":\"ListItem\",\"position\":2,\"name\":\"En pleine floraison\",\"item\":\"https:\/\/naturelo.meco.lu\/fr\/a-voller-blei\/\"},{\"@type\":\"ListItem\",\"position\":3,\"name\":\"Nepeta x faassenii \u2013 Hybrid Katzenminze \u2013 N\u00e9p\u00e9ta hybride\"}]},{\"@type\":\"WebSite\",\"@id\":\"https:\/\/naturelo.meco.lu\/#website\",\"url\":\"https:\/\/naturelo.meco.lu\/\",\"name\":\"Natur\",\"description\":\"Eine weitere Mouvement \u00e9cologique Global Website\",\"potentialAction\":[{\"@type\":\"SearchAction\",\"target\":{\"@type\":\"EntryPoint\",\"urlTemplate\":\"https:\/\/naturelo.meco.lu\/?s={search_term_string}\"},\"query-input\":{\"@type\":\"PropertyValueSpecification\",\"valueRequired\":true,\"valueName\":\"search_term_string\"}}],\"inLanguage\":\"fr-FR\"}]}<\/script>\n<!-- \/ Yoast SEO plugin. -->","yoast_head_json":{"title":"Nepeta x faassenii \u2013 Hybrid Katzenminze \u2013 N\u00e9p\u00e9ta hybride - Natur","robots":{"index":"noindex","follow":"follow","max-snippet":"max-snippet:-1","max-image-preview":"max-image-preview:large","max-video-preview":"max-video-preview:-1"},"og_locale":"fr_FR","og_type":"article","og_title":"Nepeta x faassenii \u2013 Hybrid Katzenminze \u2013 N\u00e9p\u00e9ta hybride - Natur","og_description":"[vc_row][vc_column][vc_column_text] Nepeta x faassenii\u00a0\u2013 N\u00e9p\u00e9ta hybride \u2013 Hybrid Katzenminze [\/vc_column_text][\/vc_column][\/vc_row][vc_row][vc_column width=\u00a0\u00bb1\/3&Prime;][vc_single_image image=\u00a0\u00bb418&Prime; img_size=\u00a0\u00bbfull\u00a0\u00bb onclick=\u00a0\u00bblink_image\u00a0\u00bb][\/vc_column][vc_column width=\u00a0\u00bb2\/3&Prime;][vc_column_text]Le Nepeta herbe \u00e0 chats est une vivace \u00e0 floraison durable (juin \u00e0 octobre), qui ne fait non seulement le bonheur des abeilles. Certaines esp\u00e8ces attirent \u00e9galement les chats, qui aiment se frotter contre ou se rouler sur cette plante, d\u2019o\u00f9 [&hellip;]","og_url":"https:\/\/naturelo.meco.lu\/fr\/a-voller-blei\/nepeta-x-faassenii-hybrid-katzenminze-nepeta-hybride\/","og_site_name":"Natur","article_modified_time":"2024-10-08T14:39:56+00:00","twitter_card":"summary_large_image","twitter_misc":{"Dur\u00e9e de lecture estim\u00e9e":"2 minutes"},"schema":{"@context":"https:\/\/schema.org","@graph":[{"@type":"WebPage","@id":"https:\/\/naturelo.meco.lu\/fr\/a-voller-blei\/nepeta-x-faassenii-hybrid-katzenminze-nepeta-hybride\/","url":"https:\/\/naturelo.meco.lu\/fr\/a-voller-blei\/nepeta-x-faassenii-hybrid-katzenminze-nepeta-hybride\/","name":"Nepeta x faassenii \u2013 Hybrid Katzenminze \u2013 N\u00e9p\u00e9ta hybride - Natur","isPartOf":{"@id":"https:\/\/naturelo.meco.lu\/#website"},"datePublished":"2020-03-26T11:42:37+00:00","dateModified":"2024-10-08T14:39:56+00:00","breadcrumb":{"@id":"https:\/\/naturelo.meco.lu\/fr\/a-voller-blei\/nepeta-x-faassenii-hybrid-katzenminze-nepeta-hybride\/#breadcrumb"},"inLanguage":"fr-FR","potentialAction":[{"@type":"ReadAction","target":["https:\/\/naturelo.meco.lu\/fr\/a-voller-blei\/nepeta-x-faassenii-hybrid-katzenminze-nepeta-hybride\/"]}]},{"@type":"BreadcrumbList","@id":"https:\/\/naturelo.meco.lu\/fr\/a-voller-blei\/nepeta-x-faassenii-hybrid-katzenminze-nepeta-hybride\/#breadcrumb","itemListElement":[{"@type":"ListItem","position":1,"name":"Home","item":"https:\/\/naturelo.meco.lu\/fr\/"},{"@type":"ListItem","position":2,"name":"En pleine floraison","item":"https:\/\/naturelo.meco.lu\/fr\/a-voller-blei\/"},{"@type":"ListItem","position":3,"name":"Nepeta x faassenii \u2013 Hybrid Katzenminze \u2013 N\u00e9p\u00e9ta hybride"}]},{"@type":"WebSite","@id":"https:\/\/naturelo.meco.lu\/#website","url":"https:\/\/naturelo.meco.lu\/","name":"Natur","description":"Eine weitere Mouvement \u00e9cologique Global Website","potentialAction":[{"@type":"SearchAction","target":{"@type":"EntryPoint","urlTemplate":"https:\/\/naturelo.meco.lu\/?s={search_term_string}"},"query-input":{"@type":"PropertyValueSpecification","valueRequired":true,"valueName":"search_term_string"}}],"inLanguage":"fr-FR"}]}},"_links":{"self":[{"href":"https:\/\/naturelo.meco.lu\/fr\/wp-json\/wp\/v2\/pages\/804","targetHints":{"allow":["GET"]}}],"collection":[{"href":"https:\/\/naturelo.meco.lu\/fr\/wp-json\/wp\/v2\/pages"}],"about":[{"href":"https:\/\/naturelo.meco.lu\/fr\/wp-json\/wp\/v2\/types\/page"}],"author":[{"embeddable":true,"href":"https:\/\/naturelo.meco.lu\/fr\/wp-json\/wp\/v2\/users\/10"}],"replies":[{"embeddable":true,"href":"https:\/\/naturelo.meco.lu\/fr\/wp-json\/wp\/v2\/comments?post=804"}],"version-history":[{"count":2,"href":"https:\/\/naturelo.meco.lu\/fr\/wp-json\/wp\/v2\/pages\/804\/revisions"}],"predecessor-version":[{"id":8051,"href":"https:\/\/naturelo.meco.lu\/fr\/wp-json\/wp\/v2\/pages\/804\/revisions\/8051"}],"up":[{"embeddable":true,"href":"https:\/\/naturelo.meco.lu\/fr\/wp-json\/wp\/v2\/pages\/646"}],"wp:attachment":[{"href":"https:\/\/naturelo.meco.lu\/fr\/wp-json\/wp\/v2\/media?parent=804"}],"curies":[{"name":"wp","href":"https:\/\/api.w.org\/{rel}","templated":true}]}}