{"id":801,"date":"2020-03-26T12:39:28","date_gmt":"2020-03-26T11:39:28","guid":{"rendered":"http:\/\/natur.meco.lu\/a-voller-blei\/blueten-des-monats\/lamium-moculatum-gefleckte-taubnessel-lamier-macule\/"},"modified":"2024-10-09T15:04:39","modified_gmt":"2024-10-09T13:04:39","slug":"lamium-moculatum-gefleckte-taubnessel-lamier-macule","status":"publish","type":"page","link":"https:\/\/naturelo.meco.lu\/fr\/a-voller-blei\/lamium-moculatum-gefleckte-taubnessel-lamier-macule\/","title":{"rendered":"Lamium maculatum \u2013 Gefleckte Taubnessel \u2013 Lamier macul\u00e9"},"content":{"rendered":"<section class=\"wpb-content-wrapper\"><div class=\"pf-content\"><p>[vc_row][vc_column][vc_column_text]<\/p>\n<h2><em><strong>Lamium maculatum <\/strong><\/em>\u2013 Lamier macul\u00e9 \u2013 Gefleckte Taubnessel<\/h2>\n<p>[\/vc_column_text][\/vc_column][\/vc_row][vc_row][vc_column width=\u00a0\u00bb1\/3&Prime;][vc_single_image image=\u00a0\u00bb407&Prime; img_size=\u00a0\u00bbfull\u00a0\u00bb onclick=\u00a0\u00bblink_image\u00a0\u00bb][\/vc_column][vc_column width=\u00a0\u00bb2\/3&Prime;][vc_column_text]Le Lamier macul\u00e9 est une plante vivace couvre-sol au port touffu, facile \u00e0 cultiver, qui tol\u00e8re les endroits semi-ombrag\u00e9s \u00e0 ombrag\u00e9s. On peut donc tr\u00e8s bien planter le Lamier macul\u00e9 sous les vivaces et buissons de taille plus haute, ou bien le mettre en vigueur dans un bac \u00e0 plantes.<\/p>\n<p>Appartenant \u00e0 la famille des Lamiac\u00e9es, c\u2019est une plante g\u00e9n\u00e9ralement \u00e0 fleurs violettes (parfois blanches), qui d\u00e9gagent un parfum tr\u00e8s fort et dont le nectar est riche en sucre. Ce-dernier n\u2019est accessible qu\u2018aux insectes \u00e0 longue trompe. Les bourdons sont par cons\u00e9quent les pollinisateurs classiques. Les andr\u00e8nes (abeilles des sables) percent les tubes floraux afin de pouvoir se d\u00e9lecter du nectar, ne contribuant ainsi aucunement \u00e0 la pollinisation, mais agissant comme des \u00ab\u00a0voleuses de nectar\u00a0\u00bb.<\/p>\n<p>Adulte, le Lamier macul\u00e9 atteint une hauteur qui varie entre 20 et 80 cm. Ses graines sont souvent dispers\u00e9es par les fourmis, mais cette plante a \u00e9galement la caract\u00e9ristique de se ressemer spontan\u00e9ment dans le jardin. Elle pousse \u00e9galement par \u00e9mission de stolons.<\/p>\n<p>Dans la nature, le Lamier macul\u00e9 privil\u00e9gie les sols frais, humides, et cro\u00eet dans les endroits qui profitent de l\u2019ombre de buissons et de haies, aux lisi\u00e8res de for\u00eats, le long de murs et de ravins routiers ainsi que dans les bois frais \u00e0 feuillus nobles.<\/p>\n<p>Bien que leur nom et leur apparence soient similaires, le Lamier macul\u00e9 et l\u2019ortie n\u2019appartiennent pas \u00e0 la m\u00eame famille.<\/p>\n<p>Conseil de plantation: la distance id\u00e9ale entre les diff\u00e9rentes plantes individuelles est de 30 cm.<\/p>\n<p>&nbsp;<\/p>\n<p><a href=\"https:\/\/naturelo.meco.lu\/fr\/a-voller-blei\/stauden-kraeuter-blumenzwiebeln-und-gehoelze\/\"><span style=\"color: #99cc00\">Retour<\/span><\/a>[\/vc_column_text][\/vc_column][\/vc_row]<\/p>\n<\/div><\/section>","protected":false},"excerpt":{"rendered":"<p>[vc_row][vc_column][vc_column_text] Lamium maculatum \u2013 Lamier macul\u00e9 \u2013 Gefleckte Taubnessel [\/vc_column_text][\/vc_column][\/vc_row][vc_row][vc_column width=\u00a0\u00bb1\/3&Prime;][vc_single_image image=\u00a0\u00bb407&Prime; img_size=\u00a0\u00bbfull\u00a0\u00bb onclick=\u00a0\u00bblink_image\u00a0\u00bb][\/vc_column][vc_column width=\u00a0\u00bb2\/3&Prime;][vc_column_text]Le Lamier macul\u00e9 est une plante vivace couvre-sol au port touffu, facile \u00e0 cultiver, qui tol\u00e8re les endroits semi-ombrag\u00e9s \u00e0 ombrag\u00e9s. On peut donc tr\u00e8s bien planter le Lamier macul\u00e9 sous les vivaces et buissons de taille plus haute, ou bien [&hellip;]<\/p>\n","protected":false},"author":10,"featured_media":0,"parent":646,"menu_order":0,"comment_status":"closed","ping_status":"closed","template":"","meta":{"_acf_changed":false,"footnotes":""},"class_list":["post-801","page","type-page","status-publish","hentry"],"acf":[],"yoast_head":"<!-- This site is optimized with the Yoast SEO plugin v27.2 - https:\/\/yoast.com\/product\/yoast-seo-wordpress\/ -->\n<title>Lamium maculatum \u2013 Gefleckte Taubnessel \u2013 Lamier macul\u00e9 - Natur<\/title>\n<meta name=\"robots\" content=\"noindex, follow, max-snippet:-1, max-image-preview:large, max-video-preview:-1\" \/>\n<meta property=\"og:locale\" content=\"fr_FR\" \/>\n<meta property=\"og:type\" content=\"article\" \/>\n<meta property=\"og:title\" content=\"Lamium maculatum \u2013 Gefleckte Taubnessel \u2013 Lamier macul\u00e9 - Natur\" \/>\n<meta property=\"og:description\" content=\"[vc_row][vc_column][vc_column_text] Lamium maculatum \u2013 Lamier macul\u00e9 \u2013 Gefleckte Taubnessel [\/vc_column_text][\/vc_column][\/vc_row][vc_row][vc_column width=\u00a0\u00bb1\/3&Prime;][vc_single_image image=\u00a0\u00bb407&Prime; img_size=\u00a0\u00bbfull\u00a0\u00bb onclick=\u00a0\u00bblink_image\u00a0\u00bb][\/vc_column][vc_column width=\u00a0\u00bb2\/3&Prime;][vc_column_text]Le Lamier macul\u00e9 est une plante vivace couvre-sol au port touffu, facile \u00e0 cultiver, qui tol\u00e8re les endroits semi-ombrag\u00e9s \u00e0 ombrag\u00e9s. On peut donc tr\u00e8s bien planter le Lamier macul\u00e9 sous les vivaces et buissons de taille plus haute, ou bien [&hellip;]\" \/>\n<meta property=\"og:url\" content=\"https:\/\/naturelo.meco.lu\/fr\/a-voller-blei\/lamium-moculatum-gefleckte-taubnessel-lamier-macule\/\" \/>\n<meta property=\"og:site_name\" content=\"Natur\" \/>\n<meta property=\"article:modified_time\" content=\"2024-10-09T13:04:39+00:00\" \/>\n<meta name=\"twitter:card\" content=\"summary_large_image\" \/>\n<meta name=\"twitter:label1\" content=\"Dur\u00e9e de lecture estim\u00e9e\" \/>\n\t<meta name=\"twitter:data1\" content=\"2 minutes\" \/>\n<script type=\"application\/ld+json\" class=\"yoast-schema-graph\">{\"@context\":\"https:\/\/schema.org\",\"@graph\":[{\"@type\":\"WebPage\",\"@id\":\"https:\/\/naturelo.meco.lu\/fr\/a-voller-blei\/lamium-moculatum-gefleckte-taubnessel-lamier-macule\/\",\"url\":\"https:\/\/naturelo.meco.lu\/fr\/a-voller-blei\/lamium-moculatum-gefleckte-taubnessel-lamier-macule\/\",\"name\":\"Lamium maculatum \u2013 Gefleckte Taubnessel \u2013 Lamier macul\u00e9 - Natur\",\"isPartOf\":{\"@id\":\"https:\/\/naturelo.meco.lu\/#website\"},\"datePublished\":\"2020-03-26T11:39:28+00:00\",\"dateModified\":\"2024-10-09T13:04:39+00:00\",\"breadcrumb\":{\"@id\":\"https:\/\/naturelo.meco.lu\/fr\/a-voller-blei\/lamium-moculatum-gefleckte-taubnessel-lamier-macule\/#breadcrumb\"},\"inLanguage\":\"fr-FR\",\"potentialAction\":[{\"@type\":\"ReadAction\",\"target\":[\"https:\/\/naturelo.meco.lu\/fr\/a-voller-blei\/lamium-moculatum-gefleckte-taubnessel-lamier-macule\/\"]}]},{\"@type\":\"BreadcrumbList\",\"@id\":\"https:\/\/naturelo.meco.lu\/fr\/a-voller-blei\/lamium-moculatum-gefleckte-taubnessel-lamier-macule\/#breadcrumb\",\"itemListElement\":[{\"@type\":\"ListItem\",\"position\":1,\"name\":\"Home\",\"item\":\"https:\/\/naturelo.meco.lu\/fr\/\"},{\"@type\":\"ListItem\",\"position\":2,\"name\":\"En pleine floraison\",\"item\":\"https:\/\/naturelo.meco.lu\/fr\/a-voller-blei\/\"},{\"@type\":\"ListItem\",\"position\":3,\"name\":\"Lamium maculatum \u2013 Gefleckte Taubnessel \u2013 Lamier macul\u00e9\"}]},{\"@type\":\"WebSite\",\"@id\":\"https:\/\/naturelo.meco.lu\/#website\",\"url\":\"https:\/\/naturelo.meco.lu\/\",\"name\":\"Natur\",\"description\":\"Eine weitere Mouvement \u00e9cologique Global Website\",\"potentialAction\":[{\"@type\":\"SearchAction\",\"target\":{\"@type\":\"EntryPoint\",\"urlTemplate\":\"https:\/\/naturelo.meco.lu\/?s={search_term_string}\"},\"query-input\":{\"@type\":\"PropertyValueSpecification\",\"valueRequired\":true,\"valueName\":\"search_term_string\"}}],\"inLanguage\":\"fr-FR\"}]}<\/script>\n<!-- \/ Yoast SEO plugin. -->","yoast_head_json":{"title":"Lamium maculatum \u2013 Gefleckte Taubnessel \u2013 Lamier macul\u00e9 - Natur","robots":{"index":"noindex","follow":"follow","max-snippet":"max-snippet:-1","max-image-preview":"max-image-preview:large","max-video-preview":"max-video-preview:-1"},"og_locale":"fr_FR","og_type":"article","og_title":"Lamium maculatum \u2013 Gefleckte Taubnessel \u2013 Lamier macul\u00e9 - Natur","og_description":"[vc_row][vc_column][vc_column_text] Lamium maculatum \u2013 Lamier macul\u00e9 \u2013 Gefleckte Taubnessel [\/vc_column_text][\/vc_column][\/vc_row][vc_row][vc_column width=\u00a0\u00bb1\/3&Prime;][vc_single_image image=\u00a0\u00bb407&Prime; img_size=\u00a0\u00bbfull\u00a0\u00bb onclick=\u00a0\u00bblink_image\u00a0\u00bb][\/vc_column][vc_column width=\u00a0\u00bb2\/3&Prime;][vc_column_text]Le Lamier macul\u00e9 est une plante vivace couvre-sol au port touffu, facile \u00e0 cultiver, qui tol\u00e8re les endroits semi-ombrag\u00e9s \u00e0 ombrag\u00e9s. On peut donc tr\u00e8s bien planter le Lamier macul\u00e9 sous les vivaces et buissons de taille plus haute, ou bien [&hellip;]","og_url":"https:\/\/naturelo.meco.lu\/fr\/a-voller-blei\/lamium-moculatum-gefleckte-taubnessel-lamier-macule\/","og_site_name":"Natur","article_modified_time":"2024-10-09T13:04:39+00:00","twitter_card":"summary_large_image","twitter_misc":{"Dur\u00e9e de lecture estim\u00e9e":"2 minutes"},"schema":{"@context":"https:\/\/schema.org","@graph":[{"@type":"WebPage","@id":"https:\/\/naturelo.meco.lu\/fr\/a-voller-blei\/lamium-moculatum-gefleckte-taubnessel-lamier-macule\/","url":"https:\/\/naturelo.meco.lu\/fr\/a-voller-blei\/lamium-moculatum-gefleckte-taubnessel-lamier-macule\/","name":"Lamium maculatum \u2013 Gefleckte Taubnessel \u2013 Lamier macul\u00e9 - Natur","isPartOf":{"@id":"https:\/\/naturelo.meco.lu\/#website"},"datePublished":"2020-03-26T11:39:28+00:00","dateModified":"2024-10-09T13:04:39+00:00","breadcrumb":{"@id":"https:\/\/naturelo.meco.lu\/fr\/a-voller-blei\/lamium-moculatum-gefleckte-taubnessel-lamier-macule\/#breadcrumb"},"inLanguage":"fr-FR","potentialAction":[{"@type":"ReadAction","target":["https:\/\/naturelo.meco.lu\/fr\/a-voller-blei\/lamium-moculatum-gefleckte-taubnessel-lamier-macule\/"]}]},{"@type":"BreadcrumbList","@id":"https:\/\/naturelo.meco.lu\/fr\/a-voller-blei\/lamium-moculatum-gefleckte-taubnessel-lamier-macule\/#breadcrumb","itemListElement":[{"@type":"ListItem","position":1,"name":"Home","item":"https:\/\/naturelo.meco.lu\/fr\/"},{"@type":"ListItem","position":2,"name":"En pleine floraison","item":"https:\/\/naturelo.meco.lu\/fr\/a-voller-blei\/"},{"@type":"ListItem","position":3,"name":"Lamium maculatum \u2013 Gefleckte Taubnessel \u2013 Lamier macul\u00e9"}]},{"@type":"WebSite","@id":"https:\/\/naturelo.meco.lu\/#website","url":"https:\/\/naturelo.meco.lu\/","name":"Natur","description":"Eine weitere Mouvement \u00e9cologique Global Website","potentialAction":[{"@type":"SearchAction","target":{"@type":"EntryPoint","urlTemplate":"https:\/\/naturelo.meco.lu\/?s={search_term_string}"},"query-input":{"@type":"PropertyValueSpecification","valueRequired":true,"valueName":"search_term_string"}}],"inLanguage":"fr-FR"}]}},"_links":{"self":[{"href":"https:\/\/naturelo.meco.lu\/fr\/wp-json\/wp\/v2\/pages\/801","targetHints":{"allow":["GET"]}}],"collection":[{"href":"https:\/\/naturelo.meco.lu\/fr\/wp-json\/wp\/v2\/pages"}],"about":[{"href":"https:\/\/naturelo.meco.lu\/fr\/wp-json\/wp\/v2\/types\/page"}],"author":[{"embeddable":true,"href":"https:\/\/naturelo.meco.lu\/fr\/wp-json\/wp\/v2\/users\/10"}],"replies":[{"embeddable":true,"href":"https:\/\/naturelo.meco.lu\/fr\/wp-json\/wp\/v2\/comments?post=801"}],"version-history":[{"count":3,"href":"https:\/\/naturelo.meco.lu\/fr\/wp-json\/wp\/v2\/pages\/801\/revisions"}],"predecessor-version":[{"id":8073,"href":"https:\/\/naturelo.meco.lu\/fr\/wp-json\/wp\/v2\/pages\/801\/revisions\/8073"}],"up":[{"embeddable":true,"href":"https:\/\/naturelo.meco.lu\/fr\/wp-json\/wp\/v2\/pages\/646"}],"wp:attachment":[{"href":"https:\/\/naturelo.meco.lu\/fr\/wp-json\/wp\/v2\/media?parent=801"}],"curies":[{"name":"wp","href":"https:\/\/api.w.org\/{rel}","templated":true}]}}