{"id":797,"date":"2020-03-26T12:36:10","date_gmt":"2020-03-26T11:36:10","guid":{"rendered":"http:\/\/natur.meco.lu\/a-voller-blei\/blueten-des-monats\/hesperis-matronalis-gewoehnliche-nachtviole-julienne-des-dames\/"},"modified":"2024-10-08T16:37:03","modified_gmt":"2024-10-08T14:37:03","slug":"hesperis-matronalis-gewoehnliche-nachtviole-julienne-des-dames","status":"publish","type":"page","link":"https:\/\/naturelo.meco.lu\/fr\/a-voller-blei\/hesperis-matronalis-gewoehnliche-nachtviole-julienne-des-dames\/","title":{"rendered":"Hesperis matronalis \u2013 Gew\u00f6hnliche Nachtviole \u2013 Julienne des dames"},"content":{"rendered":"<section class=\"wpb-content-wrapper\"><div class=\"pf-content\"><p>[vc_row][vc_column][vc_column_text]<\/p>\n<h2><em><strong>Hesperis matronalis <\/strong><\/em>\u2013 Julienne des dames \u2013 Gew\u00f6hnliche Nachtviole<\/h2>\n<p>[\/vc_column_text][\/vc_column][\/vc_row][vc_row][vc_column width=\u00a0\u00bb1\/3&Prime;][vc_single_image image=\u00a0\u00bb404&Prime; img_size=\u00a0\u00bbfull\u00a0\u00bb onclick=\u00a0\u00bblink_image\u00a0\u00bb][\/vc_column][vc_column width=\u00a0\u00bb2\/3&Prime;][vc_column_text]La Julienne des dames est une plante vivace commune des jardins campagnards depuis des si\u00e8cles. D\u00e8s le cr\u00e9puscule, ses fleurs d\u00e9gagent un parfum tr\u00e8s fort, mais agr\u00e9able. Ce qui explique le fait que cette plante est aussi et surtout pollinis\u00e9e par les papillons de nuit. En m\u00eame temps, son nectar sert de nourriture aux chenilles de diff\u00e9rents papillons, tels l\u2019Aurore (<em>Anthocharis cardamines<\/em>) et le Pi\u00e9ride de la rave (<em>Pieris rapae<\/em>). La p\u00e9riode de floraison s\u2019\u00e9tend d\u2019avril \u00e0 juillet et les graines m\u00fbrissent en gousses.<\/p>\n<p>La Julienne des dames privil\u00e9gie les sols riches, argileux, drain\u00e9s et peut atteindre une hauteur d\u20191 m. A l\u2019\u00e9tat sauvage, dans la nature, nous la retrouvons surtout dans les vall\u00e9es pr\u00e8s de ruisseaux et de fleuves, ou encore dans les for\u00eats et buissons alluviaux.<\/p>\n<p>Bien que cette plante pr\u00e9f\u00e8re les endroits ensoleill\u00e9s, elle tol\u00e8re aussi bien l\u2019ombre. La Julienne des dames se pr\u00eate \u00e9galement pour composer un joli bouquet. C\u2019est une vivace \u00e0 la vie br\u00e8ve, bisannuelle, mais elle a l\u2019avantage de se ressemer spontan\u00e9ment dans le jardin. Il existe des variantes \u00e0 fleurs violettes et \u00e0 fleurs blanches.<\/p>\n<p>Conseil de plantation: la distance id\u00e9ale entre les diff\u00e9rentes plantes est de 40 cm.<\/p>\n<p>&nbsp;<\/p>\n<p>&nbsp;<\/p>\n<p>&nbsp;<\/p>\n<p>&nbsp;<\/p>\n<p><a href=\"https:\/\/naturelo.meco.lu\/fr\/a-voller-blei\/stauden-kraeuter-blumenzwiebeln-und-gehoelze\/\"><span style=\"color: #99cc00\"><strong>Retour<\/strong><\/span><\/a>[\/vc_column_text][\/vc_column][\/vc_row]<\/p>\n<\/div><\/section>","protected":false},"excerpt":{"rendered":"<p>[vc_row][vc_column][vc_column_text] Hesperis matronalis \u2013 Julienne des dames \u2013 Gew\u00f6hnliche Nachtviole [\/vc_column_text][\/vc_column][\/vc_row][vc_row][vc_column width=\u00a0\u00bb1\/3&Prime;][vc_single_image image=\u00a0\u00bb404&Prime; img_size=\u00a0\u00bbfull\u00a0\u00bb onclick=\u00a0\u00bblink_image\u00a0\u00bb][\/vc_column][vc_column width=\u00a0\u00bb2\/3&Prime;][vc_column_text]La Julienne des dames est une plante vivace commune des jardins campagnards depuis des si\u00e8cles. D\u00e8s le cr\u00e9puscule, ses fleurs d\u00e9gagent un parfum tr\u00e8s fort, mais agr\u00e9able. Ce qui explique le fait que cette plante est aussi et surtout pollinis\u00e9e [&hellip;]<\/p>\n","protected":false},"author":10,"featured_media":0,"parent":646,"menu_order":0,"comment_status":"closed","ping_status":"closed","template":"","meta":{"_acf_changed":false,"footnotes":""},"class_list":["post-797","page","type-page","status-publish","hentry"],"acf":[],"yoast_head":"<!-- This site is optimized with the Yoast SEO plugin v27.2 - https:\/\/yoast.com\/product\/yoast-seo-wordpress\/ -->\n<title>Hesperis matronalis \u2013 Gew\u00f6hnliche Nachtviole \u2013 Julienne des dames - Natur<\/title>\n<meta name=\"robots\" content=\"noindex, follow, max-snippet:-1, max-image-preview:large, max-video-preview:-1\" \/>\n<meta property=\"og:locale\" content=\"fr_FR\" \/>\n<meta property=\"og:type\" content=\"article\" \/>\n<meta property=\"og:title\" content=\"Hesperis matronalis \u2013 Gew\u00f6hnliche Nachtviole \u2013 Julienne des dames - Natur\" \/>\n<meta property=\"og:description\" content=\"[vc_row][vc_column][vc_column_text] Hesperis matronalis \u2013 Julienne des dames \u2013 Gew\u00f6hnliche Nachtviole [\/vc_column_text][\/vc_column][\/vc_row][vc_row][vc_column width=\u00a0\u00bb1\/3&Prime;][vc_single_image image=\u00a0\u00bb404&Prime; img_size=\u00a0\u00bbfull\u00a0\u00bb onclick=\u00a0\u00bblink_image\u00a0\u00bb][\/vc_column][vc_column width=\u00a0\u00bb2\/3&Prime;][vc_column_text]La Julienne des dames est une plante vivace commune des jardins campagnards depuis des si\u00e8cles. D\u00e8s le cr\u00e9puscule, ses fleurs d\u00e9gagent un parfum tr\u00e8s fort, mais agr\u00e9able. Ce qui explique le fait que cette plante est aussi et surtout pollinis\u00e9e [&hellip;]\" \/>\n<meta property=\"og:url\" content=\"https:\/\/naturelo.meco.lu\/fr\/a-voller-blei\/hesperis-matronalis-gewoehnliche-nachtviole-julienne-des-dames\/\" \/>\n<meta property=\"og:site_name\" content=\"Natur\" \/>\n<meta property=\"article:modified_time\" content=\"2024-10-08T14:37:03+00:00\" \/>\n<meta name=\"twitter:card\" content=\"summary_large_image\" \/>\n<meta name=\"twitter:label1\" content=\"Dur\u00e9e de lecture estim\u00e9e\" \/>\n\t<meta name=\"twitter:data1\" content=\"2 minutes\" \/>\n<script type=\"application\/ld+json\" class=\"yoast-schema-graph\">{\"@context\":\"https:\/\/schema.org\",\"@graph\":[{\"@type\":\"WebPage\",\"@id\":\"https:\/\/naturelo.meco.lu\/fr\/a-voller-blei\/hesperis-matronalis-gewoehnliche-nachtviole-julienne-des-dames\/\",\"url\":\"https:\/\/naturelo.meco.lu\/fr\/a-voller-blei\/hesperis-matronalis-gewoehnliche-nachtviole-julienne-des-dames\/\",\"name\":\"Hesperis matronalis \u2013 Gew\u00f6hnliche Nachtviole \u2013 Julienne des dames - Natur\",\"isPartOf\":{\"@id\":\"https:\/\/naturelo.meco.lu\/#website\"},\"datePublished\":\"2020-03-26T11:36:10+00:00\",\"dateModified\":\"2024-10-08T14:37:03+00:00\",\"breadcrumb\":{\"@id\":\"https:\/\/naturelo.meco.lu\/fr\/a-voller-blei\/hesperis-matronalis-gewoehnliche-nachtviole-julienne-des-dames\/#breadcrumb\"},\"inLanguage\":\"fr-FR\",\"potentialAction\":[{\"@type\":\"ReadAction\",\"target\":[\"https:\/\/naturelo.meco.lu\/fr\/a-voller-blei\/hesperis-matronalis-gewoehnliche-nachtviole-julienne-des-dames\/\"]}]},{\"@type\":\"BreadcrumbList\",\"@id\":\"https:\/\/naturelo.meco.lu\/fr\/a-voller-blei\/hesperis-matronalis-gewoehnliche-nachtviole-julienne-des-dames\/#breadcrumb\",\"itemListElement\":[{\"@type\":\"ListItem\",\"position\":1,\"name\":\"Home\",\"item\":\"https:\/\/naturelo.meco.lu\/fr\/\"},{\"@type\":\"ListItem\",\"position\":2,\"name\":\"En pleine floraison\",\"item\":\"https:\/\/naturelo.meco.lu\/fr\/a-voller-blei\/\"},{\"@type\":\"ListItem\",\"position\":3,\"name\":\"Hesperis matronalis \u2013 Gew\u00f6hnliche Nachtviole \u2013 Julienne des dames\"}]},{\"@type\":\"WebSite\",\"@id\":\"https:\/\/naturelo.meco.lu\/#website\",\"url\":\"https:\/\/naturelo.meco.lu\/\",\"name\":\"Natur\",\"description\":\"Eine weitere Mouvement \u00e9cologique Global Website\",\"potentialAction\":[{\"@type\":\"SearchAction\",\"target\":{\"@type\":\"EntryPoint\",\"urlTemplate\":\"https:\/\/naturelo.meco.lu\/?s={search_term_string}\"},\"query-input\":{\"@type\":\"PropertyValueSpecification\",\"valueRequired\":true,\"valueName\":\"search_term_string\"}}],\"inLanguage\":\"fr-FR\"}]}<\/script>\n<!-- \/ Yoast SEO plugin. -->","yoast_head_json":{"title":"Hesperis matronalis \u2013 Gew\u00f6hnliche Nachtviole \u2013 Julienne des dames - Natur","robots":{"index":"noindex","follow":"follow","max-snippet":"max-snippet:-1","max-image-preview":"max-image-preview:large","max-video-preview":"max-video-preview:-1"},"og_locale":"fr_FR","og_type":"article","og_title":"Hesperis matronalis \u2013 Gew\u00f6hnliche Nachtviole \u2013 Julienne des dames - Natur","og_description":"[vc_row][vc_column][vc_column_text] Hesperis matronalis \u2013 Julienne des dames \u2013 Gew\u00f6hnliche Nachtviole [\/vc_column_text][\/vc_column][\/vc_row][vc_row][vc_column width=\u00a0\u00bb1\/3&Prime;][vc_single_image image=\u00a0\u00bb404&Prime; img_size=\u00a0\u00bbfull\u00a0\u00bb onclick=\u00a0\u00bblink_image\u00a0\u00bb][\/vc_column][vc_column width=\u00a0\u00bb2\/3&Prime;][vc_column_text]La Julienne des dames est une plante vivace commune des jardins campagnards depuis des si\u00e8cles. D\u00e8s le cr\u00e9puscule, ses fleurs d\u00e9gagent un parfum tr\u00e8s fort, mais agr\u00e9able. Ce qui explique le fait que cette plante est aussi et surtout pollinis\u00e9e [&hellip;]","og_url":"https:\/\/naturelo.meco.lu\/fr\/a-voller-blei\/hesperis-matronalis-gewoehnliche-nachtviole-julienne-des-dames\/","og_site_name":"Natur","article_modified_time":"2024-10-08T14:37:03+00:00","twitter_card":"summary_large_image","twitter_misc":{"Dur\u00e9e de lecture estim\u00e9e":"2 minutes"},"schema":{"@context":"https:\/\/schema.org","@graph":[{"@type":"WebPage","@id":"https:\/\/naturelo.meco.lu\/fr\/a-voller-blei\/hesperis-matronalis-gewoehnliche-nachtviole-julienne-des-dames\/","url":"https:\/\/naturelo.meco.lu\/fr\/a-voller-blei\/hesperis-matronalis-gewoehnliche-nachtviole-julienne-des-dames\/","name":"Hesperis matronalis \u2013 Gew\u00f6hnliche Nachtviole \u2013 Julienne des dames - Natur","isPartOf":{"@id":"https:\/\/naturelo.meco.lu\/#website"},"datePublished":"2020-03-26T11:36:10+00:00","dateModified":"2024-10-08T14:37:03+00:00","breadcrumb":{"@id":"https:\/\/naturelo.meco.lu\/fr\/a-voller-blei\/hesperis-matronalis-gewoehnliche-nachtviole-julienne-des-dames\/#breadcrumb"},"inLanguage":"fr-FR","potentialAction":[{"@type":"ReadAction","target":["https:\/\/naturelo.meco.lu\/fr\/a-voller-blei\/hesperis-matronalis-gewoehnliche-nachtviole-julienne-des-dames\/"]}]},{"@type":"BreadcrumbList","@id":"https:\/\/naturelo.meco.lu\/fr\/a-voller-blei\/hesperis-matronalis-gewoehnliche-nachtviole-julienne-des-dames\/#breadcrumb","itemListElement":[{"@type":"ListItem","position":1,"name":"Home","item":"https:\/\/naturelo.meco.lu\/fr\/"},{"@type":"ListItem","position":2,"name":"En pleine floraison","item":"https:\/\/naturelo.meco.lu\/fr\/a-voller-blei\/"},{"@type":"ListItem","position":3,"name":"Hesperis matronalis \u2013 Gew\u00f6hnliche Nachtviole \u2013 Julienne des dames"}]},{"@type":"WebSite","@id":"https:\/\/naturelo.meco.lu\/#website","url":"https:\/\/naturelo.meco.lu\/","name":"Natur","description":"Eine weitere Mouvement \u00e9cologique Global Website","potentialAction":[{"@type":"SearchAction","target":{"@type":"EntryPoint","urlTemplate":"https:\/\/naturelo.meco.lu\/?s={search_term_string}"},"query-input":{"@type":"PropertyValueSpecification","valueRequired":true,"valueName":"search_term_string"}}],"inLanguage":"fr-FR"}]}},"_links":{"self":[{"href":"https:\/\/naturelo.meco.lu\/fr\/wp-json\/wp\/v2\/pages\/797","targetHints":{"allow":["GET"]}}],"collection":[{"href":"https:\/\/naturelo.meco.lu\/fr\/wp-json\/wp\/v2\/pages"}],"about":[{"href":"https:\/\/naturelo.meco.lu\/fr\/wp-json\/wp\/v2\/types\/page"}],"author":[{"embeddable":true,"href":"https:\/\/naturelo.meco.lu\/fr\/wp-json\/wp\/v2\/users\/10"}],"replies":[{"embeddable":true,"href":"https:\/\/naturelo.meco.lu\/fr\/wp-json\/wp\/v2\/comments?post=797"}],"version-history":[{"count":2,"href":"https:\/\/naturelo.meco.lu\/fr\/wp-json\/wp\/v2\/pages\/797\/revisions"}],"predecessor-version":[{"id":8049,"href":"https:\/\/naturelo.meco.lu\/fr\/wp-json\/wp\/v2\/pages\/797\/revisions\/8049"}],"up":[{"embeddable":true,"href":"https:\/\/naturelo.meco.lu\/fr\/wp-json\/wp\/v2\/pages\/646"}],"wp:attachment":[{"href":"https:\/\/naturelo.meco.lu\/fr\/wp-json\/wp\/v2\/media?parent=797"}],"curies":[{"name":"wp","href":"https:\/\/api.w.org\/{rel}","templated":true}]}}