{"id":794,"date":"2020-03-26T12:32:58","date_gmt":"2020-03-26T11:32:58","guid":{"rendered":"http:\/\/natur.meco.lu\/a-voller-blei\/blueten-des-monats\/doronicum-orientale-kaukasus-gaemswurz-doronic-du-caucase\/"},"modified":"2024-10-09T14:52:24","modified_gmt":"2024-10-09T12:52:24","slug":"doronicum-orientale-kaukasus-gaemswurz-doronic-du-caucase","status":"publish","type":"page","link":"https:\/\/naturelo.meco.lu\/fr\/a-voller-blei\/doronicum-orientale-kaukasus-gaemswurz-doronic-du-caucase\/","title":{"rendered":"Doronicum orientale \u2013 Kaukasus G\u00e4mswurz \u2013 Doronic du Caucase"},"content":{"rendered":"<section class=\"wpb-content-wrapper\"><div class=\"pf-content\"><p>[vc_row][vc_column][vc_column_text]<\/p>\n<h2><em><strong>Doronicum orientale<\/strong><\/em>\u00a0\u2013 Kaukasus G\u00e4mswurz \u2013 Doronic du Caucase<\/h2>\n<p>[\/vc_column_text][\/vc_column][\/vc_row][vc_row][vc_column width=\u00a0\u00bb1\/3&Prime;][vc_single_image image=\u00a0\u00bb307&Prime; img_size=\u00a0\u00bbfull\u00a0\u00bb onclick=\u00a0\u00bblink_image\u00a0\u00bb][\/vc_column][vc_column width=\u00a0\u00bb2\/3&Prime;][vc_column_text]Le Doronic du Caucase est une plante vivace que nous retrouvons souvent dans les jardins campagnards. Ses grandes fleurs de marguerites jaunes apparaissent t\u00f4t au printemps et apportent une note de \u00a0bonne humeur d\u00e8s les premiers rayons de soleil printanier. Elles sont \u00e9galement tr\u00e8s belles dans un bouquet floral. Sa p\u00e9riode de floraison s\u2019\u00e9tend d\u2019avril \u00e0 mai.\u00a0 Selon la vari\u00e9t\u00e9, le Doronic du Caucase atteint 20 \u00e0 60 cm de hauteur. Il est peu exigeant et se d\u00e9veloppe ais\u00e9ment sur les sols pauvres en nutriments, calcaires et argileux, mais n\u00e9anmoins perm\u00e9ables. Il \u00a0tol\u00e8re le plein soleil tout comme les endroits semi-ombrag\u00e9s, plant\u00e9 devant ou entre des plantes ligneuses. Les fleurs jaunes \u00e0 sym\u00e9trie radiale sont extr\u00eamement riches en nectar, de sorte qu\u2019elles repr\u00e9sentent une source de nourriture id\u00e9ale pour les abeilles.<\/p>\n<p>Conseil de plantation: la distance id\u00e9ale entre les diff\u00e9rentes plantes est de 30 cm. Comme le Doronic du Caucase se fane d\u00e9j\u00e0 en \u00e9t\u00e9, il est d\u00e9conseill\u00e9 de lui r\u00e9server la premi\u00e8re rang\u00e9e dans le jardin.<\/p>\n<p>&nbsp;<\/p>\n<p>&nbsp;<\/p>\n<p><a href=\"https:\/\/naturelo.meco.lu\/fr\/a-voller-blei\/stauden-kraeuter-blumenzwiebeln-und-gehoelze\/\"><span style=\"color: #99cc00\">Retour<\/span><\/a><\/p>\n<p>&nbsp;<\/p>\n<p>&nbsp;<\/p>\n<p>&nbsp;<\/p>\n<p>[\/vc_column_text][\/vc_column][\/vc_row]<\/p>\n<\/div><\/section>","protected":false},"excerpt":{"rendered":"<p>[vc_row][vc_column][vc_column_text] Doronicum orientale\u00a0\u2013 Kaukasus G\u00e4mswurz \u2013 Doronic du Caucase [\/vc_column_text][\/vc_column][\/vc_row][vc_row][vc_column width=\u00a0\u00bb1\/3&Prime;][vc_single_image image=\u00a0\u00bb307&Prime; img_size=\u00a0\u00bbfull\u00a0\u00bb onclick=\u00a0\u00bblink_image\u00a0\u00bb][\/vc_column][vc_column width=\u00a0\u00bb2\/3&Prime;][vc_column_text]Le Doronic du Caucase est une plante vivace que nous retrouvons souvent dans les jardins campagnards. Ses grandes fleurs de marguerites jaunes apparaissent t\u00f4t au printemps et apportent une note de \u00a0bonne humeur d\u00e8s les premiers rayons de soleil printanier. Elles [&hellip;]<\/p>\n","protected":false},"author":10,"featured_media":0,"parent":646,"menu_order":0,"comment_status":"closed","ping_status":"closed","template":"","meta":{"_acf_changed":false,"footnotes":""},"class_list":["post-794","page","type-page","status-publish","hentry"],"acf":[],"yoast_head":"<!-- This site is optimized with the Yoast SEO plugin v27.2 - https:\/\/yoast.com\/product\/yoast-seo-wordpress\/ -->\n<title>Doronicum orientale \u2013 Kaukasus G\u00e4mswurz \u2013 Doronic du Caucase - Natur<\/title>\n<meta name=\"robots\" content=\"noindex, follow, max-snippet:-1, max-image-preview:large, max-video-preview:-1\" \/>\n<meta property=\"og:locale\" content=\"fr_FR\" \/>\n<meta property=\"og:type\" content=\"article\" \/>\n<meta property=\"og:title\" content=\"Doronicum orientale \u2013 Kaukasus G\u00e4mswurz \u2013 Doronic du Caucase - Natur\" \/>\n<meta property=\"og:description\" content=\"[vc_row][vc_column][vc_column_text] Doronicum orientale\u00a0\u2013 Kaukasus G\u00e4mswurz \u2013 Doronic du Caucase [\/vc_column_text][\/vc_column][\/vc_row][vc_row][vc_column width=\u00a0\u00bb1\/3&Prime;][vc_single_image image=\u00a0\u00bb307&Prime; img_size=\u00a0\u00bbfull\u00a0\u00bb onclick=\u00a0\u00bblink_image\u00a0\u00bb][\/vc_column][vc_column width=\u00a0\u00bb2\/3&Prime;][vc_column_text]Le Doronic du Caucase est une plante vivace que nous retrouvons souvent dans les jardins campagnards. Ses grandes fleurs de marguerites jaunes apparaissent t\u00f4t au printemps et apportent une note de \u00a0bonne humeur d\u00e8s les premiers rayons de soleil printanier. Elles [&hellip;]\" \/>\n<meta property=\"og:url\" content=\"https:\/\/naturelo.meco.lu\/fr\/a-voller-blei\/doronicum-orientale-kaukasus-gaemswurz-doronic-du-caucase\/\" \/>\n<meta property=\"og:site_name\" content=\"Natur\" \/>\n<meta property=\"article:modified_time\" content=\"2024-10-09T12:52:24+00:00\" \/>\n<meta name=\"twitter:card\" content=\"summary_large_image\" \/>\n<meta name=\"twitter:label1\" content=\"Dur\u00e9e de lecture estim\u00e9e\" \/>\n\t<meta name=\"twitter:data1\" content=\"2 minutes\" \/>\n<script type=\"application\/ld+json\" class=\"yoast-schema-graph\">{\"@context\":\"https:\/\/schema.org\",\"@graph\":[{\"@type\":\"WebPage\",\"@id\":\"https:\/\/naturelo.meco.lu\/fr\/a-voller-blei\/doronicum-orientale-kaukasus-gaemswurz-doronic-du-caucase\/\",\"url\":\"https:\/\/naturelo.meco.lu\/fr\/a-voller-blei\/doronicum-orientale-kaukasus-gaemswurz-doronic-du-caucase\/\",\"name\":\"Doronicum orientale \u2013 Kaukasus G\u00e4mswurz \u2013 Doronic du Caucase - Natur\",\"isPartOf\":{\"@id\":\"https:\/\/naturelo.meco.lu\/#website\"},\"datePublished\":\"2020-03-26T11:32:58+00:00\",\"dateModified\":\"2024-10-09T12:52:24+00:00\",\"breadcrumb\":{\"@id\":\"https:\/\/naturelo.meco.lu\/fr\/a-voller-blei\/doronicum-orientale-kaukasus-gaemswurz-doronic-du-caucase\/#breadcrumb\"},\"inLanguage\":\"fr-FR\",\"potentialAction\":[{\"@type\":\"ReadAction\",\"target\":[\"https:\/\/naturelo.meco.lu\/fr\/a-voller-blei\/doronicum-orientale-kaukasus-gaemswurz-doronic-du-caucase\/\"]}]},{\"@type\":\"BreadcrumbList\",\"@id\":\"https:\/\/naturelo.meco.lu\/fr\/a-voller-blei\/doronicum-orientale-kaukasus-gaemswurz-doronic-du-caucase\/#breadcrumb\",\"itemListElement\":[{\"@type\":\"ListItem\",\"position\":1,\"name\":\"Home\",\"item\":\"https:\/\/naturelo.meco.lu\/fr\/\"},{\"@type\":\"ListItem\",\"position\":2,\"name\":\"En pleine floraison\",\"item\":\"https:\/\/naturelo.meco.lu\/fr\/a-voller-blei\/\"},{\"@type\":\"ListItem\",\"position\":3,\"name\":\"Doronicum orientale \u2013 Kaukasus G\u00e4mswurz \u2013 Doronic du Caucase\"}]},{\"@type\":\"WebSite\",\"@id\":\"https:\/\/naturelo.meco.lu\/#website\",\"url\":\"https:\/\/naturelo.meco.lu\/\",\"name\":\"Natur\",\"description\":\"Eine weitere Mouvement \u00e9cologique Global Website\",\"potentialAction\":[{\"@type\":\"SearchAction\",\"target\":{\"@type\":\"EntryPoint\",\"urlTemplate\":\"https:\/\/naturelo.meco.lu\/?s={search_term_string}\"},\"query-input\":{\"@type\":\"PropertyValueSpecification\",\"valueRequired\":true,\"valueName\":\"search_term_string\"}}],\"inLanguage\":\"fr-FR\"}]}<\/script>\n<!-- \/ Yoast SEO plugin. -->","yoast_head_json":{"title":"Doronicum orientale \u2013 Kaukasus G\u00e4mswurz \u2013 Doronic du Caucase - Natur","robots":{"index":"noindex","follow":"follow","max-snippet":"max-snippet:-1","max-image-preview":"max-image-preview:large","max-video-preview":"max-video-preview:-1"},"og_locale":"fr_FR","og_type":"article","og_title":"Doronicum orientale \u2013 Kaukasus G\u00e4mswurz \u2013 Doronic du Caucase - Natur","og_description":"[vc_row][vc_column][vc_column_text] Doronicum orientale\u00a0\u2013 Kaukasus G\u00e4mswurz \u2013 Doronic du Caucase [\/vc_column_text][\/vc_column][\/vc_row][vc_row][vc_column width=\u00a0\u00bb1\/3&Prime;][vc_single_image image=\u00a0\u00bb307&Prime; img_size=\u00a0\u00bbfull\u00a0\u00bb onclick=\u00a0\u00bblink_image\u00a0\u00bb][\/vc_column][vc_column width=\u00a0\u00bb2\/3&Prime;][vc_column_text]Le Doronic du Caucase est une plante vivace que nous retrouvons souvent dans les jardins campagnards. Ses grandes fleurs de marguerites jaunes apparaissent t\u00f4t au printemps et apportent une note de \u00a0bonne humeur d\u00e8s les premiers rayons de soleil printanier. Elles [&hellip;]","og_url":"https:\/\/naturelo.meco.lu\/fr\/a-voller-blei\/doronicum-orientale-kaukasus-gaemswurz-doronic-du-caucase\/","og_site_name":"Natur","article_modified_time":"2024-10-09T12:52:24+00:00","twitter_card":"summary_large_image","twitter_misc":{"Dur\u00e9e de lecture estim\u00e9e":"2 minutes"},"schema":{"@context":"https:\/\/schema.org","@graph":[{"@type":"WebPage","@id":"https:\/\/naturelo.meco.lu\/fr\/a-voller-blei\/doronicum-orientale-kaukasus-gaemswurz-doronic-du-caucase\/","url":"https:\/\/naturelo.meco.lu\/fr\/a-voller-blei\/doronicum-orientale-kaukasus-gaemswurz-doronic-du-caucase\/","name":"Doronicum orientale \u2013 Kaukasus G\u00e4mswurz \u2013 Doronic du Caucase - Natur","isPartOf":{"@id":"https:\/\/naturelo.meco.lu\/#website"},"datePublished":"2020-03-26T11:32:58+00:00","dateModified":"2024-10-09T12:52:24+00:00","breadcrumb":{"@id":"https:\/\/naturelo.meco.lu\/fr\/a-voller-blei\/doronicum-orientale-kaukasus-gaemswurz-doronic-du-caucase\/#breadcrumb"},"inLanguage":"fr-FR","potentialAction":[{"@type":"ReadAction","target":["https:\/\/naturelo.meco.lu\/fr\/a-voller-blei\/doronicum-orientale-kaukasus-gaemswurz-doronic-du-caucase\/"]}]},{"@type":"BreadcrumbList","@id":"https:\/\/naturelo.meco.lu\/fr\/a-voller-blei\/doronicum-orientale-kaukasus-gaemswurz-doronic-du-caucase\/#breadcrumb","itemListElement":[{"@type":"ListItem","position":1,"name":"Home","item":"https:\/\/naturelo.meco.lu\/fr\/"},{"@type":"ListItem","position":2,"name":"En pleine floraison","item":"https:\/\/naturelo.meco.lu\/fr\/a-voller-blei\/"},{"@type":"ListItem","position":3,"name":"Doronicum orientale \u2013 Kaukasus G\u00e4mswurz \u2013 Doronic du Caucase"}]},{"@type":"WebSite","@id":"https:\/\/naturelo.meco.lu\/#website","url":"https:\/\/naturelo.meco.lu\/","name":"Natur","description":"Eine weitere Mouvement \u00e9cologique Global Website","potentialAction":[{"@type":"SearchAction","target":{"@type":"EntryPoint","urlTemplate":"https:\/\/naturelo.meco.lu\/?s={search_term_string}"},"query-input":{"@type":"PropertyValueSpecification","valueRequired":true,"valueName":"search_term_string"}}],"inLanguage":"fr-FR"}]}},"_links":{"self":[{"href":"https:\/\/naturelo.meco.lu\/fr\/wp-json\/wp\/v2\/pages\/794","targetHints":{"allow":["GET"]}}],"collection":[{"href":"https:\/\/naturelo.meco.lu\/fr\/wp-json\/wp\/v2\/pages"}],"about":[{"href":"https:\/\/naturelo.meco.lu\/fr\/wp-json\/wp\/v2\/types\/page"}],"author":[{"embeddable":true,"href":"https:\/\/naturelo.meco.lu\/fr\/wp-json\/wp\/v2\/users\/10"}],"replies":[{"embeddable":true,"href":"https:\/\/naturelo.meco.lu\/fr\/wp-json\/wp\/v2\/comments?post=794"}],"version-history":[{"count":2,"href":"https:\/\/naturelo.meco.lu\/fr\/wp-json\/wp\/v2\/pages\/794\/revisions"}],"predecessor-version":[{"id":8068,"href":"https:\/\/naturelo.meco.lu\/fr\/wp-json\/wp\/v2\/pages\/794\/revisions\/8068"}],"up":[{"embeddable":true,"href":"https:\/\/naturelo.meco.lu\/fr\/wp-json\/wp\/v2\/pages\/646"}],"wp:attachment":[{"href":"https:\/\/naturelo.meco.lu\/fr\/wp-json\/wp\/v2\/media?parent=794"}],"curies":[{"name":"wp","href":"https:\/\/api.w.org\/{rel}","templated":true}]}}