{"id":791,"date":"2020-03-26T12:30:28","date_gmt":"2020-03-26T11:30:28","guid":{"rendered":"http:\/\/natur.meco.lu\/a-voller-blei\/blueten-des-monats\/potentilla-neumanniana-fruehlings-fingerkraut-pontentille-printaniere\/"},"modified":"2024-10-08T16:30:46","modified_gmt":"2024-10-08T14:30:46","slug":"potentilla-neumanniana-fruehlings-fingerkraut-pontentille-printaniere","status":"publish","type":"page","link":"https:\/\/naturelo.meco.lu\/fr\/a-voller-blei\/potentilla-neumanniana-fruehlings-fingerkraut-pontentille-printaniere\/","title":{"rendered":"Potentilla neumanniana \u2013 Fr\u00fchlings Fingerkraut \u2013 Pontentille printani\u00e8re"},"content":{"rendered":"<section class=\"wpb-content-wrapper\"><div class=\"pf-content\"><p>[vc_row][vc_column][vc_column_text]<\/p>\n<h2><em><strong>Potentilla neumanniana<\/strong><\/em>\u00a0\u2013 Fr\u00fchlings Fingerkraut \u2013 Pontentille printani\u00e8re<\/h2>\n<p>[\/vc_column_text][\/vc_column][\/vc_row][vc_row][vc_column width=\u00a0\u00bb1\/3&Prime;][vc_single_image image=\u00a0\u00bb304&Prime; img_size=\u00a0\u00bbfull\u00a0\u00bb onclick=\u00a0\u00bblink_image\u00a0\u00bb][\/vc_column][vc_column width=\u00a0\u00bb2\/3&Prime;][vc_column_text]Fleurissant \u00e0 profusion, la Potentille printani\u00e8re, aux belles fleurs d\u2019un jaune intensif, est une plante vivace poilue, \u00e0 souche tr\u00e8s rameuse, qui forme un ensemble compact et conf\u00e8re une note tr\u00e8s d\u00e9corative au jardin. En m\u00eame temps, elle fait le bonheur des abeilles et bourdons qui se d\u00e9lectent de son nectar. Cette plante s\u2019\u00e9panouit \u00e0 merveille dans les endroits chauds et secs car elle est un v\u00e9ritable amateur de bains de soleil.<\/p>\n<p>Dans la nature, elle se plait dans les plaines, sur les sols rocheux et calcaires. Nous la retrouvons ainsi souvent sur des t\u00eates rocheuses, dans le paysage ouvert recouvert de gravier et de sable, sur les murs de vignobles, ou encore sur les talus de digues ou sur les bords de routes.<br \/>\nLa Potentille printani\u00e8re n\u2019atteint que 10 cm de hauteur et forme un tapis \u00e9pais et dense. Dans le jardin, son c\u00f4t\u00e9 rustique et tol\u00e9rant vous rend la vie facile car elle s\u2019\u00e9panouira aussi facilement dans un jardin de rocaille que dans un abreuvoir ou sur une toiture verte.<\/p>\n<p>Elle fleurit de mars \u00e0 mai, et compte parfois une deuxi\u00e8me p\u00e9riode de floraison \u00e0 la fin de l\u2019\u00e9t\u00e9 (en d\u00e9but d\u2019automne).<\/p>\n<p>Conseil de plantation: la distance id\u00e9ale entre les diff\u00e9rentes plantes est de 20 cm.<\/p>\n<p>&nbsp;<\/p>\n<p><span style=\"color: #99cc00\"><a style=\"color: #99cc00\" href=\"https:\/\/naturelo.meco.lu\/fr\/a-voller-blei\/stauden-kraeuter-blumenzwiebeln-und-gehoelze\/\"><strong>Retour<\/strong><\/a><\/span>[\/vc_column_text][\/vc_column][\/vc_row]<\/p>\n<\/div><\/section>","protected":false},"excerpt":{"rendered":"<p>[vc_row][vc_column][vc_column_text] Potentilla neumanniana\u00a0\u2013 Fr\u00fchlings Fingerkraut \u2013 Pontentille printani\u00e8re [\/vc_column_text][\/vc_column][\/vc_row][vc_row][vc_column width=\u00a0\u00bb1\/3&Prime;][vc_single_image image=\u00a0\u00bb304&Prime; img_size=\u00a0\u00bbfull\u00a0\u00bb onclick=\u00a0\u00bblink_image\u00a0\u00bb][\/vc_column][vc_column width=\u00a0\u00bb2\/3&Prime;][vc_column_text]Fleurissant \u00e0 profusion, la Potentille printani\u00e8re, aux belles fleurs d\u2019un jaune intensif, est une plante vivace poilue, \u00e0 souche tr\u00e8s rameuse, qui forme un ensemble compact et conf\u00e8re une note tr\u00e8s d\u00e9corative au jardin. En m\u00eame temps, elle fait le bonheur des [&hellip;]<\/p>\n","protected":false},"author":10,"featured_media":0,"parent":646,"menu_order":0,"comment_status":"closed","ping_status":"closed","template":"","meta":{"_acf_changed":false,"footnotes":""},"class_list":["post-791","page","type-page","status-publish","hentry"],"acf":[],"yoast_head":"<!-- This site is optimized with the Yoast SEO plugin v27.2 - https:\/\/yoast.com\/product\/yoast-seo-wordpress\/ -->\n<title>Potentilla neumanniana \u2013 Fr\u00fchlings Fingerkraut \u2013 Pontentille printani\u00e8re - Natur<\/title>\n<meta name=\"robots\" content=\"noindex, follow, max-snippet:-1, max-image-preview:large, max-video-preview:-1\" \/>\n<meta property=\"og:locale\" content=\"fr_FR\" \/>\n<meta property=\"og:type\" content=\"article\" \/>\n<meta property=\"og:title\" content=\"Potentilla neumanniana \u2013 Fr\u00fchlings Fingerkraut \u2013 Pontentille printani\u00e8re - Natur\" \/>\n<meta property=\"og:description\" content=\"[vc_row][vc_column][vc_column_text] Potentilla neumanniana\u00a0\u2013 Fr\u00fchlings Fingerkraut \u2013 Pontentille printani\u00e8re [\/vc_column_text][\/vc_column][\/vc_row][vc_row][vc_column width=\u00a0\u00bb1\/3&Prime;][vc_single_image image=\u00a0\u00bb304&Prime; img_size=\u00a0\u00bbfull\u00a0\u00bb onclick=\u00a0\u00bblink_image\u00a0\u00bb][\/vc_column][vc_column width=\u00a0\u00bb2\/3&Prime;][vc_column_text]Fleurissant \u00e0 profusion, la Potentille printani\u00e8re, aux belles fleurs d\u2019un jaune intensif, est une plante vivace poilue, \u00e0 souche tr\u00e8s rameuse, qui forme un ensemble compact et conf\u00e8re une note tr\u00e8s d\u00e9corative au jardin. En m\u00eame temps, elle fait le bonheur des [&hellip;]\" \/>\n<meta property=\"og:url\" content=\"https:\/\/naturelo.meco.lu\/fr\/a-voller-blei\/potentilla-neumanniana-fruehlings-fingerkraut-pontentille-printaniere\/\" \/>\n<meta property=\"og:site_name\" content=\"Natur\" \/>\n<meta property=\"article:modified_time\" content=\"2024-10-08T14:30:46+00:00\" \/>\n<meta name=\"twitter:card\" content=\"summary_large_image\" \/>\n<meta name=\"twitter:label1\" content=\"Dur\u00e9e de lecture estim\u00e9e\" \/>\n\t<meta name=\"twitter:data1\" content=\"2 minutes\" \/>\n<script type=\"application\/ld+json\" class=\"yoast-schema-graph\">{\"@context\":\"https:\/\/schema.org\",\"@graph\":[{\"@type\":\"WebPage\",\"@id\":\"https:\/\/naturelo.meco.lu\/fr\/a-voller-blei\/potentilla-neumanniana-fruehlings-fingerkraut-pontentille-printaniere\/\",\"url\":\"https:\/\/naturelo.meco.lu\/fr\/a-voller-blei\/potentilla-neumanniana-fruehlings-fingerkraut-pontentille-printaniere\/\",\"name\":\"Potentilla neumanniana \u2013 Fr\u00fchlings Fingerkraut \u2013 Pontentille printani\u00e8re - Natur\",\"isPartOf\":{\"@id\":\"https:\/\/naturelo.meco.lu\/#website\"},\"datePublished\":\"2020-03-26T11:30:28+00:00\",\"dateModified\":\"2024-10-08T14:30:46+00:00\",\"breadcrumb\":{\"@id\":\"https:\/\/naturelo.meco.lu\/fr\/a-voller-blei\/potentilla-neumanniana-fruehlings-fingerkraut-pontentille-printaniere\/#breadcrumb\"},\"inLanguage\":\"fr-FR\",\"potentialAction\":[{\"@type\":\"ReadAction\",\"target\":[\"https:\/\/naturelo.meco.lu\/fr\/a-voller-blei\/potentilla-neumanniana-fruehlings-fingerkraut-pontentille-printaniere\/\"]}]},{\"@type\":\"BreadcrumbList\",\"@id\":\"https:\/\/naturelo.meco.lu\/fr\/a-voller-blei\/potentilla-neumanniana-fruehlings-fingerkraut-pontentille-printaniere\/#breadcrumb\",\"itemListElement\":[{\"@type\":\"ListItem\",\"position\":1,\"name\":\"Home\",\"item\":\"https:\/\/naturelo.meco.lu\/fr\/\"},{\"@type\":\"ListItem\",\"position\":2,\"name\":\"En pleine floraison\",\"item\":\"https:\/\/naturelo.meco.lu\/fr\/a-voller-blei\/\"},{\"@type\":\"ListItem\",\"position\":3,\"name\":\"Potentilla neumanniana \u2013 Fr\u00fchlings Fingerkraut \u2013 Pontentille printani\u00e8re\"}]},{\"@type\":\"WebSite\",\"@id\":\"https:\/\/naturelo.meco.lu\/#website\",\"url\":\"https:\/\/naturelo.meco.lu\/\",\"name\":\"Natur\",\"description\":\"Eine weitere Mouvement \u00e9cologique Global Website\",\"potentialAction\":[{\"@type\":\"SearchAction\",\"target\":{\"@type\":\"EntryPoint\",\"urlTemplate\":\"https:\/\/naturelo.meco.lu\/?s={search_term_string}\"},\"query-input\":{\"@type\":\"PropertyValueSpecification\",\"valueRequired\":true,\"valueName\":\"search_term_string\"}}],\"inLanguage\":\"fr-FR\"}]}<\/script>\n<!-- \/ Yoast SEO plugin. -->","yoast_head_json":{"title":"Potentilla neumanniana \u2013 Fr\u00fchlings Fingerkraut \u2013 Pontentille printani\u00e8re - Natur","robots":{"index":"noindex","follow":"follow","max-snippet":"max-snippet:-1","max-image-preview":"max-image-preview:large","max-video-preview":"max-video-preview:-1"},"og_locale":"fr_FR","og_type":"article","og_title":"Potentilla neumanniana \u2013 Fr\u00fchlings Fingerkraut \u2013 Pontentille printani\u00e8re - Natur","og_description":"[vc_row][vc_column][vc_column_text] Potentilla neumanniana\u00a0\u2013 Fr\u00fchlings Fingerkraut \u2013 Pontentille printani\u00e8re [\/vc_column_text][\/vc_column][\/vc_row][vc_row][vc_column width=\u00a0\u00bb1\/3&Prime;][vc_single_image image=\u00a0\u00bb304&Prime; img_size=\u00a0\u00bbfull\u00a0\u00bb onclick=\u00a0\u00bblink_image\u00a0\u00bb][\/vc_column][vc_column width=\u00a0\u00bb2\/3&Prime;][vc_column_text]Fleurissant \u00e0 profusion, la Potentille printani\u00e8re, aux belles fleurs d\u2019un jaune intensif, est une plante vivace poilue, \u00e0 souche tr\u00e8s rameuse, qui forme un ensemble compact et conf\u00e8re une note tr\u00e8s d\u00e9corative au jardin. En m\u00eame temps, elle fait le bonheur des [&hellip;]","og_url":"https:\/\/naturelo.meco.lu\/fr\/a-voller-blei\/potentilla-neumanniana-fruehlings-fingerkraut-pontentille-printaniere\/","og_site_name":"Natur","article_modified_time":"2024-10-08T14:30:46+00:00","twitter_card":"summary_large_image","twitter_misc":{"Dur\u00e9e de lecture estim\u00e9e":"2 minutes"},"schema":{"@context":"https:\/\/schema.org","@graph":[{"@type":"WebPage","@id":"https:\/\/naturelo.meco.lu\/fr\/a-voller-blei\/potentilla-neumanniana-fruehlings-fingerkraut-pontentille-printaniere\/","url":"https:\/\/naturelo.meco.lu\/fr\/a-voller-blei\/potentilla-neumanniana-fruehlings-fingerkraut-pontentille-printaniere\/","name":"Potentilla neumanniana \u2013 Fr\u00fchlings Fingerkraut \u2013 Pontentille printani\u00e8re - Natur","isPartOf":{"@id":"https:\/\/naturelo.meco.lu\/#website"},"datePublished":"2020-03-26T11:30:28+00:00","dateModified":"2024-10-08T14:30:46+00:00","breadcrumb":{"@id":"https:\/\/naturelo.meco.lu\/fr\/a-voller-blei\/potentilla-neumanniana-fruehlings-fingerkraut-pontentille-printaniere\/#breadcrumb"},"inLanguage":"fr-FR","potentialAction":[{"@type":"ReadAction","target":["https:\/\/naturelo.meco.lu\/fr\/a-voller-blei\/potentilla-neumanniana-fruehlings-fingerkraut-pontentille-printaniere\/"]}]},{"@type":"BreadcrumbList","@id":"https:\/\/naturelo.meco.lu\/fr\/a-voller-blei\/potentilla-neumanniana-fruehlings-fingerkraut-pontentille-printaniere\/#breadcrumb","itemListElement":[{"@type":"ListItem","position":1,"name":"Home","item":"https:\/\/naturelo.meco.lu\/fr\/"},{"@type":"ListItem","position":2,"name":"En pleine floraison","item":"https:\/\/naturelo.meco.lu\/fr\/a-voller-blei\/"},{"@type":"ListItem","position":3,"name":"Potentilla neumanniana \u2013 Fr\u00fchlings Fingerkraut \u2013 Pontentille printani\u00e8re"}]},{"@type":"WebSite","@id":"https:\/\/naturelo.meco.lu\/#website","url":"https:\/\/naturelo.meco.lu\/","name":"Natur","description":"Eine weitere Mouvement \u00e9cologique Global Website","potentialAction":[{"@type":"SearchAction","target":{"@type":"EntryPoint","urlTemplate":"https:\/\/naturelo.meco.lu\/?s={search_term_string}"},"query-input":{"@type":"PropertyValueSpecification","valueRequired":true,"valueName":"search_term_string"}}],"inLanguage":"fr-FR"}]}},"_links":{"self":[{"href":"https:\/\/naturelo.meco.lu\/fr\/wp-json\/wp\/v2\/pages\/791","targetHints":{"allow":["GET"]}}],"collection":[{"href":"https:\/\/naturelo.meco.lu\/fr\/wp-json\/wp\/v2\/pages"}],"about":[{"href":"https:\/\/naturelo.meco.lu\/fr\/wp-json\/wp\/v2\/types\/page"}],"author":[{"embeddable":true,"href":"https:\/\/naturelo.meco.lu\/fr\/wp-json\/wp\/v2\/users\/10"}],"replies":[{"embeddable":true,"href":"https:\/\/naturelo.meco.lu\/fr\/wp-json\/wp\/v2\/comments?post=791"}],"version-history":[{"count":2,"href":"https:\/\/naturelo.meco.lu\/fr\/wp-json\/wp\/v2\/pages\/791\/revisions"}],"predecessor-version":[{"id":8046,"href":"https:\/\/naturelo.meco.lu\/fr\/wp-json\/wp\/v2\/pages\/791\/revisions\/8046"}],"up":[{"embeddable":true,"href":"https:\/\/naturelo.meco.lu\/fr\/wp-json\/wp\/v2\/pages\/646"}],"wp:attachment":[{"href":"https:\/\/naturelo.meco.lu\/fr\/wp-json\/wp\/v2\/media?parent=791"}],"curies":[{"name":"wp","href":"https:\/\/api.w.org\/{rel}","templated":true}]}}