{"id":788,"date":"2020-03-26T11:31:08","date_gmt":"2020-03-26T10:31:08","guid":{"rendered":"http:\/\/natur.meco.lu\/a-voller-blei\/blueten-des-monats\/helleborus-foetidus-stinkende-nieswurz-hellebore-fetide\/"},"modified":"2024-10-09T14:49:40","modified_gmt":"2024-10-09T12:49:40","slug":"helleborus-foetidus-stinkende-nieswurz-hellebore-fetide","status":"publish","type":"page","link":"https:\/\/naturelo.meco.lu\/fr\/a-voller-blei\/helleborus-foetidus-stinkende-nieswurz-hellebore-fetide\/","title":{"rendered":"Helleborus foetidus\u00a0\u2013 Stinkende Nieswurz \u2013 Hell\u00e9bore f\u00e9tide"},"content":{"rendered":"<section class=\"wpb-content-wrapper\"><div class=\"pf-content\"><p>[vc_row][vc_column][vc_column_text]<\/p>\n<h2><strong><em>Helleborus foetidus<\/em><\/strong>\u00a0\u2013 Stinkende Nieswurz \u2013 Hell\u00e9bore f\u00e9tide<\/h2>\n<p>[\/vc_column_text][\/vc_column][\/vc_row][vc_row][vc_column width=\u00a0\u00bb1\/3&Prime;][vc_single_image image=\u00a0\u00bb298&Prime; img_size=\u00a0\u00bbfull\u00a0\u00bb onclick=\u00a0\u00bblink_image\u00a0\u00bb][\/vc_column][vc_column width=\u00a0\u00bb2\/3&Prime;][vc_column_text]L\u2019Hell\u00e9bore f\u00e9tide est une plante tr\u00e8s rustique, qui r\u00e9siste au gel et qui est appr\u00e9ci\u00e9e pour son beau feuillage vert persistant. Les fleurs vert p\u00e2le d\u2019une largeur de 5 cm se forment d\u00e8s l\u2019automne et s\u2019\u00e9panouissent fin hiver\/d\u00e9but printemps (p\u00e9riode de floraison: janvier \u00e0 avril). Gr\u00e2ce \u00e0 ce feuillage vert persistant tr\u00e8s d\u00e9coratif &#8211; en forme de palmier &#8211; l\u2019Hell\u00e9bore f\u00e9tide sera un v\u00e9ritable <em>eye catcher<\/em> dans votre jardin d\u2019hiver. Seuls les bourdons et abeilles sauvages sont capables d\u2019acc\u00e9der au nectar des fleurs. \u00a0Des levures vivantes d\u00e9composent le nectar partiellement et produisent, \u00e0 l\u2019int\u00e9rieur de la fleur, une temp\u00e9rature qui est jusqu\u2019\u00e0 6\u00b0C sup\u00e9rieure \u00e0 celle qui r\u00e8gne dans l\u2019atmosph\u00e8re environnante. C\u2019est ainsi que les fleurs attirent les insectes pollinisateurs m\u00eame en p\u00e9riode froide.<br \/>\nDans la nature, nous retrouvons l\u2019Hell\u00e9bore f\u00e9tide sur les sols pauvres et argileux, souvent tr\u00e8s secs, en-dessous de buissons, ainsi qu\u2019en lisi\u00e8re de for\u00eat. L\u2019Hell\u00e9bore f\u00e9tide privil\u00e9gie les zones \u00e0 climat doux, formant des populations de touffes denses, qui peuvent atteindre une hauteur de 60 cm et une largeur allant de 60 \u00e0 90 cm. Les pousses individuelles forment des tiges qui se d\u00e9veloppent plusieurs ann\u00e9es avant de pouvoir fleurir. G\u00e9n\u00e9ralement la tige meurt \u00e0 la fin de la fructification. Des pousses lat\u00e9rales se d\u00e9veloppent \u00e0 partir de bourgeons dormants et peuvent d\u00e9j\u00e0 porter des fleurs \u00e0 leur tour au cours de l\u2019ann\u00e9e suivante.<br \/>\nLe feuillage de l\u2019Hell\u00e9bore f\u00e9tide poss\u00e8de un parfum d\u00e9sagr\u00e9able, d\u2019o\u00f9 son appellation.<\/p>\n<p>Ses graines sont dispers\u00e9es notamment par les fourmis (myrm\u00e9cochorie), de sorte que des plantes cultiv\u00e9es dans un coin de jardin peuvent tr\u00e8s bien appara\u00eetre et se multiplier dans d\u2019autres coins.<\/p>\n<p>Cette plante est tr\u00e8s toxique et donc non comestible en raison de l\u2019hell\u00e9borine qu\u2019elle contient.<\/p>\n<p>Conseil de plantation: la distance id\u00e9ale entre les diff\u00e9rentes plantes est de 50 cm.<\/p>\n<p>&nbsp;<\/p>\n<p>&nbsp;<\/p>\n<p><span style=\"color: #99cc00\"><a style=\"color: #99cc00\" href=\"https:\/\/naturelo.meco.lu\/fr\/a-voller-blei\/stauden-kraeuter-blumenzwiebeln-und-gehoelze\/\">Retour\u00a0<\/a><\/span>[\/vc_column_text][\/vc_column][\/vc_row]<\/p>\n<\/div><\/section>","protected":false},"excerpt":{"rendered":"<p>[vc_row][vc_column][vc_column_text] Helleborus foetidus\u00a0\u2013 Stinkende Nieswurz \u2013 Hell\u00e9bore f\u00e9tide [\/vc_column_text][\/vc_column][\/vc_row][vc_row][vc_column width=\u00a0\u00bb1\/3&Prime;][vc_single_image image=\u00a0\u00bb298&Prime; img_size=\u00a0\u00bbfull\u00a0\u00bb onclick=\u00a0\u00bblink_image\u00a0\u00bb][\/vc_column][vc_column width=\u00a0\u00bb2\/3&Prime;][vc_column_text]L\u2019Hell\u00e9bore f\u00e9tide est une plante tr\u00e8s rustique, qui r\u00e9siste au gel et qui est appr\u00e9ci\u00e9e pour son beau feuillage vert persistant. Les fleurs vert p\u00e2le d\u2019une largeur de 5 cm se forment d\u00e8s l\u2019automne et s\u2019\u00e9panouissent fin hiver\/d\u00e9but printemps (p\u00e9riode de floraison: [&hellip;]<\/p>\n","protected":false},"author":10,"featured_media":0,"parent":646,"menu_order":0,"comment_status":"closed","ping_status":"closed","template":"","meta":{"_acf_changed":false,"footnotes":""},"class_list":["post-788","page","type-page","status-publish","hentry"],"acf":[],"yoast_head":"<!-- This site is optimized with the Yoast SEO plugin v27.2 - https:\/\/yoast.com\/product\/yoast-seo-wordpress\/ -->\n<title>Helleborus foetidus\u00a0\u2013 Stinkende Nieswurz \u2013 Hell\u00e9bore f\u00e9tide - Natur<\/title>\n<meta name=\"robots\" content=\"noindex, follow, max-snippet:-1, max-image-preview:large, max-video-preview:-1\" \/>\n<meta property=\"og:locale\" content=\"fr_FR\" \/>\n<meta property=\"og:type\" content=\"article\" \/>\n<meta property=\"og:title\" content=\"Helleborus foetidus\u00a0\u2013 Stinkende Nieswurz \u2013 Hell\u00e9bore f\u00e9tide - Natur\" \/>\n<meta property=\"og:description\" content=\"[vc_row][vc_column][vc_column_text] Helleborus foetidus\u00a0\u2013 Stinkende Nieswurz \u2013 Hell\u00e9bore f\u00e9tide [\/vc_column_text][\/vc_column][\/vc_row][vc_row][vc_column width=\u00a0\u00bb1\/3&Prime;][vc_single_image image=\u00a0\u00bb298&Prime; img_size=\u00a0\u00bbfull\u00a0\u00bb onclick=\u00a0\u00bblink_image\u00a0\u00bb][\/vc_column][vc_column width=\u00a0\u00bb2\/3&Prime;][vc_column_text]L\u2019Hell\u00e9bore f\u00e9tide est une plante tr\u00e8s rustique, qui r\u00e9siste au gel et qui est appr\u00e9ci\u00e9e pour son beau feuillage vert persistant. Les fleurs vert p\u00e2le d\u2019une largeur de 5 cm se forment d\u00e8s l\u2019automne et s\u2019\u00e9panouissent fin hiver\/d\u00e9but printemps (p\u00e9riode de floraison: [&hellip;]\" \/>\n<meta property=\"og:url\" content=\"https:\/\/naturelo.meco.lu\/fr\/a-voller-blei\/helleborus-foetidus-stinkende-nieswurz-hellebore-fetide\/\" \/>\n<meta property=\"og:site_name\" content=\"Natur\" \/>\n<meta property=\"article:modified_time\" content=\"2024-10-09T12:49:40+00:00\" \/>\n<meta name=\"twitter:card\" content=\"summary_large_image\" \/>\n<meta name=\"twitter:label1\" content=\"Dur\u00e9e de lecture estim\u00e9e\" \/>\n\t<meta name=\"twitter:data1\" content=\"2 minutes\" \/>\n<script type=\"application\/ld+json\" class=\"yoast-schema-graph\">{\"@context\":\"https:\/\/schema.org\",\"@graph\":[{\"@type\":\"WebPage\",\"@id\":\"https:\/\/naturelo.meco.lu\/fr\/a-voller-blei\/helleborus-foetidus-stinkende-nieswurz-hellebore-fetide\/\",\"url\":\"https:\/\/naturelo.meco.lu\/fr\/a-voller-blei\/helleborus-foetidus-stinkende-nieswurz-hellebore-fetide\/\",\"name\":\"Helleborus foetidus\u00a0\u2013 Stinkende Nieswurz \u2013 Hell\u00e9bore f\u00e9tide - Natur\",\"isPartOf\":{\"@id\":\"https:\/\/naturelo.meco.lu\/#website\"},\"datePublished\":\"2020-03-26T10:31:08+00:00\",\"dateModified\":\"2024-10-09T12:49:40+00:00\",\"breadcrumb\":{\"@id\":\"https:\/\/naturelo.meco.lu\/fr\/a-voller-blei\/helleborus-foetidus-stinkende-nieswurz-hellebore-fetide\/#breadcrumb\"},\"inLanguage\":\"fr-FR\",\"potentialAction\":[{\"@type\":\"ReadAction\",\"target\":[\"https:\/\/naturelo.meco.lu\/fr\/a-voller-blei\/helleborus-foetidus-stinkende-nieswurz-hellebore-fetide\/\"]}]},{\"@type\":\"BreadcrumbList\",\"@id\":\"https:\/\/naturelo.meco.lu\/fr\/a-voller-blei\/helleborus-foetidus-stinkende-nieswurz-hellebore-fetide\/#breadcrumb\",\"itemListElement\":[{\"@type\":\"ListItem\",\"position\":1,\"name\":\"Home\",\"item\":\"https:\/\/naturelo.meco.lu\/fr\/\"},{\"@type\":\"ListItem\",\"position\":2,\"name\":\"En pleine floraison\",\"item\":\"https:\/\/naturelo.meco.lu\/fr\/a-voller-blei\/\"},{\"@type\":\"ListItem\",\"position\":3,\"name\":\"Helleborus foetidus\u00a0\u2013 Stinkende Nieswurz \u2013 Hell\u00e9bore f\u00e9tide\"}]},{\"@type\":\"WebSite\",\"@id\":\"https:\/\/naturelo.meco.lu\/#website\",\"url\":\"https:\/\/naturelo.meco.lu\/\",\"name\":\"Natur\",\"description\":\"Eine weitere Mouvement \u00e9cologique Global Website\",\"potentialAction\":[{\"@type\":\"SearchAction\",\"target\":{\"@type\":\"EntryPoint\",\"urlTemplate\":\"https:\/\/naturelo.meco.lu\/?s={search_term_string}\"},\"query-input\":{\"@type\":\"PropertyValueSpecification\",\"valueRequired\":true,\"valueName\":\"search_term_string\"}}],\"inLanguage\":\"fr-FR\"}]}<\/script>\n<!-- \/ Yoast SEO plugin. -->","yoast_head_json":{"title":"Helleborus foetidus\u00a0\u2013 Stinkende Nieswurz \u2013 Hell\u00e9bore f\u00e9tide - Natur","robots":{"index":"noindex","follow":"follow","max-snippet":"max-snippet:-1","max-image-preview":"max-image-preview:large","max-video-preview":"max-video-preview:-1"},"og_locale":"fr_FR","og_type":"article","og_title":"Helleborus foetidus\u00a0\u2013 Stinkende Nieswurz \u2013 Hell\u00e9bore f\u00e9tide - Natur","og_description":"[vc_row][vc_column][vc_column_text] Helleborus foetidus\u00a0\u2013 Stinkende Nieswurz \u2013 Hell\u00e9bore f\u00e9tide [\/vc_column_text][\/vc_column][\/vc_row][vc_row][vc_column width=\u00a0\u00bb1\/3&Prime;][vc_single_image image=\u00a0\u00bb298&Prime; img_size=\u00a0\u00bbfull\u00a0\u00bb onclick=\u00a0\u00bblink_image\u00a0\u00bb][\/vc_column][vc_column width=\u00a0\u00bb2\/3&Prime;][vc_column_text]L\u2019Hell\u00e9bore f\u00e9tide est une plante tr\u00e8s rustique, qui r\u00e9siste au gel et qui est appr\u00e9ci\u00e9e pour son beau feuillage vert persistant. Les fleurs vert p\u00e2le d\u2019une largeur de 5 cm se forment d\u00e8s l\u2019automne et s\u2019\u00e9panouissent fin hiver\/d\u00e9but printemps (p\u00e9riode de floraison: [&hellip;]","og_url":"https:\/\/naturelo.meco.lu\/fr\/a-voller-blei\/helleborus-foetidus-stinkende-nieswurz-hellebore-fetide\/","og_site_name":"Natur","article_modified_time":"2024-10-09T12:49:40+00:00","twitter_card":"summary_large_image","twitter_misc":{"Dur\u00e9e de lecture estim\u00e9e":"2 minutes"},"schema":{"@context":"https:\/\/schema.org","@graph":[{"@type":"WebPage","@id":"https:\/\/naturelo.meco.lu\/fr\/a-voller-blei\/helleborus-foetidus-stinkende-nieswurz-hellebore-fetide\/","url":"https:\/\/naturelo.meco.lu\/fr\/a-voller-blei\/helleborus-foetidus-stinkende-nieswurz-hellebore-fetide\/","name":"Helleborus foetidus\u00a0\u2013 Stinkende Nieswurz \u2013 Hell\u00e9bore f\u00e9tide - Natur","isPartOf":{"@id":"https:\/\/naturelo.meco.lu\/#website"},"datePublished":"2020-03-26T10:31:08+00:00","dateModified":"2024-10-09T12:49:40+00:00","breadcrumb":{"@id":"https:\/\/naturelo.meco.lu\/fr\/a-voller-blei\/helleborus-foetidus-stinkende-nieswurz-hellebore-fetide\/#breadcrumb"},"inLanguage":"fr-FR","potentialAction":[{"@type":"ReadAction","target":["https:\/\/naturelo.meco.lu\/fr\/a-voller-blei\/helleborus-foetidus-stinkende-nieswurz-hellebore-fetide\/"]}]},{"@type":"BreadcrumbList","@id":"https:\/\/naturelo.meco.lu\/fr\/a-voller-blei\/helleborus-foetidus-stinkende-nieswurz-hellebore-fetide\/#breadcrumb","itemListElement":[{"@type":"ListItem","position":1,"name":"Home","item":"https:\/\/naturelo.meco.lu\/fr\/"},{"@type":"ListItem","position":2,"name":"En pleine floraison","item":"https:\/\/naturelo.meco.lu\/fr\/a-voller-blei\/"},{"@type":"ListItem","position":3,"name":"Helleborus foetidus\u00a0\u2013 Stinkende Nieswurz \u2013 Hell\u00e9bore f\u00e9tide"}]},{"@type":"WebSite","@id":"https:\/\/naturelo.meco.lu\/#website","url":"https:\/\/naturelo.meco.lu\/","name":"Natur","description":"Eine weitere Mouvement \u00e9cologique Global Website","potentialAction":[{"@type":"SearchAction","target":{"@type":"EntryPoint","urlTemplate":"https:\/\/naturelo.meco.lu\/?s={search_term_string}"},"query-input":{"@type":"PropertyValueSpecification","valueRequired":true,"valueName":"search_term_string"}}],"inLanguage":"fr-FR"}]}},"_links":{"self":[{"href":"https:\/\/naturelo.meco.lu\/fr\/wp-json\/wp\/v2\/pages\/788","targetHints":{"allow":["GET"]}}],"collection":[{"href":"https:\/\/naturelo.meco.lu\/fr\/wp-json\/wp\/v2\/pages"}],"about":[{"href":"https:\/\/naturelo.meco.lu\/fr\/wp-json\/wp\/v2\/types\/page"}],"author":[{"embeddable":true,"href":"https:\/\/naturelo.meco.lu\/fr\/wp-json\/wp\/v2\/users\/10"}],"replies":[{"embeddable":true,"href":"https:\/\/naturelo.meco.lu\/fr\/wp-json\/wp\/v2\/comments?post=788"}],"version-history":[{"count":2,"href":"https:\/\/naturelo.meco.lu\/fr\/wp-json\/wp\/v2\/pages\/788\/revisions"}],"predecessor-version":[{"id":8067,"href":"https:\/\/naturelo.meco.lu\/fr\/wp-json\/wp\/v2\/pages\/788\/revisions\/8067"}],"up":[{"embeddable":true,"href":"https:\/\/naturelo.meco.lu\/fr\/wp-json\/wp\/v2\/pages\/646"}],"wp:attachment":[{"href":"https:\/\/naturelo.meco.lu\/fr\/wp-json\/wp\/v2\/media?parent=788"}],"curies":[{"name":"wp","href":"https:\/\/api.w.org\/{rel}","templated":true}]}}