{"id":785,"date":"2020-03-26T11:28:15","date_gmt":"2020-03-26T10:28:15","guid":{"rendered":"http:\/\/natur.meco.lu\/a-voller-blei\/blueten-des-monats\/viola-adorata-duftveilchen-violette-adorante\/"},"modified":"2024-10-08T16:23:49","modified_gmt":"2024-10-08T14:23:49","slug":"viola-adorata-duftveilchen-violette-adorante","status":"publish","type":"page","link":"https:\/\/naturelo.meco.lu\/fr\/a-voller-blei\/viola-adorata-duftveilchen-violette-adorante\/","title":{"rendered":"Viola adorata \u2013 Duftveilchen \u2013 Violette adorante"},"content":{"rendered":"<section class=\"wpb-content-wrapper\"><div class=\"pf-content\"><p>[vc_row][vc_column][vc_column_text]<\/p>\n<h2><em><strong>Viola adorata<\/strong><\/em>\u00a0\u2013 Duftveilchen \u2013 Violette adorante<\/h2>\n<p>[\/vc_column_text][\/vc_column][\/vc_row][vc_row][vc_column width=\u00a0\u00bb1\/3&Prime;][vc_single_image image=\u00a0\u00bb411&Prime; img_size=\u00a0\u00bbfull\u00a0\u00bb onclick=\u00a0\u00bblink_image\u00a0\u00bb][\/vc_column][vc_column width=\u00a0\u00bb2\/3&Prime;][vc_column_text]Renomm\u00e9e et pris\u00e9e pour son parfum sucr\u00e9, la Violette odorante est une plante vivace qui est cultiv\u00e9e dans les jardins depuis les temps de la Gr\u00e8ce Antique. Plant\u00e9e en-dessous d\u2019arbustes \u00e0 feuilles caduques espac\u00e9s, elle aime bien les endroits mi- ombrag\u00e9s, mais elle tol\u00e8re aussi le plein soleil.<\/p>\n<p>A l\u2019\u00e9tat sauvage, nous trouvons cette petite plante en lisi\u00e8re de for\u00eat et aux abords de buissons, sur une terre argileuse fra\u00eeche. De croissance rapide, elle mesure 5 \u00e0 15 cm et se d\u00e9veloppe au moyen de ses stolons. Elle \u00e9talera rapidement son tapis si on la laisse pousser all\u00e9grement. Ses graines sont e.a. dispers\u00e9es par les fourmis (myrm\u00e9cochorie), de sorte que des plantes bien implant\u00e9es peuvent faire leur apparition \u00e0 n\u2019importe quel endroit du jardin.<\/p>\n<p>Depuis l\u2019Antiquit\u00e9, la Violette odorante est appr\u00e9ci\u00e9e pour ses qualit\u00e9s odorantes, mais \u00e9galement pour ses vertus m\u00e9dicinales. Ses fleurs sont comestibles et aromatisent sirops, bonbons, glaces et vinaigres. Au-del\u00e0, elles garnissent joliment desserts et salades. Vous pouvez facilement confectionner des p\u00e9tales de violettes confites \u00e0 des fins de d\u00e9coration \u00a0classique pour vos cakes et g\u00e2teaux faits maison.<br \/>\nUtilis\u00e9e comme plante m\u00e9dicinale notamment dans la pr\u00e9paration de tisanes, la Violette odorante agit de mani\u00e8re apaisante sur les bronchites, elle calme la toux et r\u00e9duit la fi\u00e8vre. En raison de ses propri\u00e9t\u00e9s anti-inflammatoires, elle est au-del\u00e0 utilis\u00e9e dans le traitement des affections cutan\u00e9es.<\/p>\n<p>Esp\u00e8ce \u00e0 variantes roses et blanches, sa floraison s\u2019\u00e9tend de mars \u00e0 avril. Ce sont principalement les abeilles et bourdons qui appr\u00e9cient son nectar.<\/p>\n<p>Conseil de plantation: la distance id\u00e9ale entre les diff\u00e9rentes plantes individuelles est de 25 \u00e0 30 cm.<\/p>\n<p>&nbsp;<\/p>\n<p>&nbsp;<\/p>\n<p><a href=\"https:\/\/naturelo.meco.lu\/fr\/a-voller-blei\/stauden-kraeuter-blumenzwiebeln-und-gehoelze\/\"><span style=\"color: #99cc00\"><strong>Retour<\/strong><\/span><\/a>[\/vc_column_text][\/vc_column][\/vc_row]<\/p>\n<\/div><\/section>","protected":false},"excerpt":{"rendered":"<p>[vc_row][vc_column][vc_column_text] Viola adorata\u00a0\u2013 Duftveilchen \u2013 Violette adorante [\/vc_column_text][\/vc_column][\/vc_row][vc_row][vc_column width=\u00a0\u00bb1\/3&Prime;][vc_single_image image=\u00a0\u00bb411&Prime; img_size=\u00a0\u00bbfull\u00a0\u00bb onclick=\u00a0\u00bblink_image\u00a0\u00bb][\/vc_column][vc_column width=\u00a0\u00bb2\/3&Prime;][vc_column_text]Renomm\u00e9e et pris\u00e9e pour son parfum sucr\u00e9, la Violette odorante est une plante vivace qui est cultiv\u00e9e dans les jardins depuis les temps de la Gr\u00e8ce Antique. Plant\u00e9e en-dessous d\u2019arbustes \u00e0 feuilles caduques espac\u00e9s, elle aime bien les endroits mi- ombrag\u00e9s, mais elle [&hellip;]<\/p>\n","protected":false},"author":10,"featured_media":0,"parent":646,"menu_order":0,"comment_status":"closed","ping_status":"closed","template":"","meta":{"_acf_changed":false,"footnotes":""},"class_list":["post-785","page","type-page","status-publish","hentry"],"acf":[],"yoast_head":"<!-- This site is optimized with the Yoast SEO plugin v27.2 - https:\/\/yoast.com\/product\/yoast-seo-wordpress\/ -->\n<title>Viola adorata \u2013 Duftveilchen \u2013 Violette adorante - Natur<\/title>\n<meta name=\"robots\" content=\"noindex, follow, max-snippet:-1, max-image-preview:large, max-video-preview:-1\" \/>\n<meta property=\"og:locale\" content=\"fr_FR\" \/>\n<meta property=\"og:type\" content=\"article\" \/>\n<meta property=\"og:title\" content=\"Viola adorata \u2013 Duftveilchen \u2013 Violette adorante - Natur\" \/>\n<meta property=\"og:description\" content=\"[vc_row][vc_column][vc_column_text] Viola adorata\u00a0\u2013 Duftveilchen \u2013 Violette adorante [\/vc_column_text][\/vc_column][\/vc_row][vc_row][vc_column width=\u00a0\u00bb1\/3&Prime;][vc_single_image image=\u00a0\u00bb411&Prime; img_size=\u00a0\u00bbfull\u00a0\u00bb onclick=\u00a0\u00bblink_image\u00a0\u00bb][\/vc_column][vc_column width=\u00a0\u00bb2\/3&Prime;][vc_column_text]Renomm\u00e9e et pris\u00e9e pour son parfum sucr\u00e9, la Violette odorante est une plante vivace qui est cultiv\u00e9e dans les jardins depuis les temps de la Gr\u00e8ce Antique. Plant\u00e9e en-dessous d\u2019arbustes \u00e0 feuilles caduques espac\u00e9s, elle aime bien les endroits mi- ombrag\u00e9s, mais elle [&hellip;]\" \/>\n<meta property=\"og:url\" content=\"https:\/\/naturelo.meco.lu\/fr\/a-voller-blei\/viola-adorata-duftveilchen-violette-adorante\/\" \/>\n<meta property=\"og:site_name\" content=\"Natur\" \/>\n<meta property=\"article:modified_time\" content=\"2024-10-08T14:23:49+00:00\" \/>\n<meta name=\"twitter:card\" content=\"summary_large_image\" \/>\n<meta name=\"twitter:label1\" content=\"Dur\u00e9e de lecture estim\u00e9e\" \/>\n\t<meta name=\"twitter:data1\" content=\"2 minutes\" \/>\n<script type=\"application\/ld+json\" class=\"yoast-schema-graph\">{\"@context\":\"https:\/\/schema.org\",\"@graph\":[{\"@type\":\"WebPage\",\"@id\":\"https:\/\/naturelo.meco.lu\/fr\/a-voller-blei\/viola-adorata-duftveilchen-violette-adorante\/\",\"url\":\"https:\/\/naturelo.meco.lu\/fr\/a-voller-blei\/viola-adorata-duftveilchen-violette-adorante\/\",\"name\":\"Viola adorata \u2013 Duftveilchen \u2013 Violette adorante - Natur\",\"isPartOf\":{\"@id\":\"https:\/\/naturelo.meco.lu\/#website\"},\"datePublished\":\"2020-03-26T10:28:15+00:00\",\"dateModified\":\"2024-10-08T14:23:49+00:00\",\"breadcrumb\":{\"@id\":\"https:\/\/naturelo.meco.lu\/fr\/a-voller-blei\/viola-adorata-duftveilchen-violette-adorante\/#breadcrumb\"},\"inLanguage\":\"fr-FR\",\"potentialAction\":[{\"@type\":\"ReadAction\",\"target\":[\"https:\/\/naturelo.meco.lu\/fr\/a-voller-blei\/viola-adorata-duftveilchen-violette-adorante\/\"]}]},{\"@type\":\"BreadcrumbList\",\"@id\":\"https:\/\/naturelo.meco.lu\/fr\/a-voller-blei\/viola-adorata-duftveilchen-violette-adorante\/#breadcrumb\",\"itemListElement\":[{\"@type\":\"ListItem\",\"position\":1,\"name\":\"Home\",\"item\":\"https:\/\/naturelo.meco.lu\/fr\/\"},{\"@type\":\"ListItem\",\"position\":2,\"name\":\"En pleine floraison\",\"item\":\"https:\/\/naturelo.meco.lu\/fr\/a-voller-blei\/\"},{\"@type\":\"ListItem\",\"position\":3,\"name\":\"Viola adorata \u2013 Duftveilchen \u2013 Violette adorante\"}]},{\"@type\":\"WebSite\",\"@id\":\"https:\/\/naturelo.meco.lu\/#website\",\"url\":\"https:\/\/naturelo.meco.lu\/\",\"name\":\"Natur\",\"description\":\"Eine weitere Mouvement \u00e9cologique Global Website\",\"potentialAction\":[{\"@type\":\"SearchAction\",\"target\":{\"@type\":\"EntryPoint\",\"urlTemplate\":\"https:\/\/naturelo.meco.lu\/?s={search_term_string}\"},\"query-input\":{\"@type\":\"PropertyValueSpecification\",\"valueRequired\":true,\"valueName\":\"search_term_string\"}}],\"inLanguage\":\"fr-FR\"}]}<\/script>\n<!-- \/ Yoast SEO plugin. -->","yoast_head_json":{"title":"Viola adorata \u2013 Duftveilchen \u2013 Violette adorante - Natur","robots":{"index":"noindex","follow":"follow","max-snippet":"max-snippet:-1","max-image-preview":"max-image-preview:large","max-video-preview":"max-video-preview:-1"},"og_locale":"fr_FR","og_type":"article","og_title":"Viola adorata \u2013 Duftveilchen \u2013 Violette adorante - Natur","og_description":"[vc_row][vc_column][vc_column_text] Viola adorata\u00a0\u2013 Duftveilchen \u2013 Violette adorante [\/vc_column_text][\/vc_column][\/vc_row][vc_row][vc_column width=\u00a0\u00bb1\/3&Prime;][vc_single_image image=\u00a0\u00bb411&Prime; img_size=\u00a0\u00bbfull\u00a0\u00bb onclick=\u00a0\u00bblink_image\u00a0\u00bb][\/vc_column][vc_column width=\u00a0\u00bb2\/3&Prime;][vc_column_text]Renomm\u00e9e et pris\u00e9e pour son parfum sucr\u00e9, la Violette odorante est une plante vivace qui est cultiv\u00e9e dans les jardins depuis les temps de la Gr\u00e8ce Antique. Plant\u00e9e en-dessous d\u2019arbustes \u00e0 feuilles caduques espac\u00e9s, elle aime bien les endroits mi- ombrag\u00e9s, mais elle [&hellip;]","og_url":"https:\/\/naturelo.meco.lu\/fr\/a-voller-blei\/viola-adorata-duftveilchen-violette-adorante\/","og_site_name":"Natur","article_modified_time":"2024-10-08T14:23:49+00:00","twitter_card":"summary_large_image","twitter_misc":{"Dur\u00e9e de lecture estim\u00e9e":"2 minutes"},"schema":{"@context":"https:\/\/schema.org","@graph":[{"@type":"WebPage","@id":"https:\/\/naturelo.meco.lu\/fr\/a-voller-blei\/viola-adorata-duftveilchen-violette-adorante\/","url":"https:\/\/naturelo.meco.lu\/fr\/a-voller-blei\/viola-adorata-duftveilchen-violette-adorante\/","name":"Viola adorata \u2013 Duftveilchen \u2013 Violette adorante - Natur","isPartOf":{"@id":"https:\/\/naturelo.meco.lu\/#website"},"datePublished":"2020-03-26T10:28:15+00:00","dateModified":"2024-10-08T14:23:49+00:00","breadcrumb":{"@id":"https:\/\/naturelo.meco.lu\/fr\/a-voller-blei\/viola-adorata-duftveilchen-violette-adorante\/#breadcrumb"},"inLanguage":"fr-FR","potentialAction":[{"@type":"ReadAction","target":["https:\/\/naturelo.meco.lu\/fr\/a-voller-blei\/viola-adorata-duftveilchen-violette-adorante\/"]}]},{"@type":"BreadcrumbList","@id":"https:\/\/naturelo.meco.lu\/fr\/a-voller-blei\/viola-adorata-duftveilchen-violette-adorante\/#breadcrumb","itemListElement":[{"@type":"ListItem","position":1,"name":"Home","item":"https:\/\/naturelo.meco.lu\/fr\/"},{"@type":"ListItem","position":2,"name":"En pleine floraison","item":"https:\/\/naturelo.meco.lu\/fr\/a-voller-blei\/"},{"@type":"ListItem","position":3,"name":"Viola adorata \u2013 Duftveilchen \u2013 Violette adorante"}]},{"@type":"WebSite","@id":"https:\/\/naturelo.meco.lu\/#website","url":"https:\/\/naturelo.meco.lu\/","name":"Natur","description":"Eine weitere Mouvement \u00e9cologique Global Website","potentialAction":[{"@type":"SearchAction","target":{"@type":"EntryPoint","urlTemplate":"https:\/\/naturelo.meco.lu\/?s={search_term_string}"},"query-input":{"@type":"PropertyValueSpecification","valueRequired":true,"valueName":"search_term_string"}}],"inLanguage":"fr-FR"}]}},"_links":{"self":[{"href":"https:\/\/naturelo.meco.lu\/fr\/wp-json\/wp\/v2\/pages\/785","targetHints":{"allow":["GET"]}}],"collection":[{"href":"https:\/\/naturelo.meco.lu\/fr\/wp-json\/wp\/v2\/pages"}],"about":[{"href":"https:\/\/naturelo.meco.lu\/fr\/wp-json\/wp\/v2\/types\/page"}],"author":[{"embeddable":true,"href":"https:\/\/naturelo.meco.lu\/fr\/wp-json\/wp\/v2\/users\/10"}],"replies":[{"embeddable":true,"href":"https:\/\/naturelo.meco.lu\/fr\/wp-json\/wp\/v2\/comments?post=785"}],"version-history":[{"count":2,"href":"https:\/\/naturelo.meco.lu\/fr\/wp-json\/wp\/v2\/pages\/785\/revisions"}],"predecessor-version":[{"id":8043,"href":"https:\/\/naturelo.meco.lu\/fr\/wp-json\/wp\/v2\/pages\/785\/revisions\/8043"}],"up":[{"embeddable":true,"href":"https:\/\/naturelo.meco.lu\/fr\/wp-json\/wp\/v2\/pages\/646"}],"wp:attachment":[{"href":"https:\/\/naturelo.meco.lu\/fr\/wp-json\/wp\/v2\/media?parent=785"}],"curies":[{"name":"wp","href":"https:\/\/api.w.org\/{rel}","templated":true}]}}