{"id":7118,"date":"2022-07-27T14:15:55","date_gmt":"2022-07-27T12:15:55","guid":{"rendered":"https:\/\/naturelo.meco.lu\/?page_id=7118"},"modified":"2024-09-11T16:36:19","modified_gmt":"2024-09-11T14:36:19","slug":"telechargements","status":"publish","type":"page","link":"https:\/\/naturelo.meco.lu\/fr\/telechargements\/","title":{"rendered":"T\u00e9l\u00e9chargements"},"content":{"rendered":"<section class=\"wpb-content-wrapper\"><div class=\"pf-content\"><p>[vc_row][vc_column][vc_column_text]<\/p>\n<h1>Nos publications \u00e0 t\u00e9l\u00e9charger<\/h1>\n<p>Sur cette page, vous pouvez t\u00e9l\u00e9charger les d\u00e9pliants et documents publi\u00e9es dans le cadre de la campagne \u00ab\u00a0Nature elo !\u00a0\u00bb<\/p>\n<p>Nous vous envoyons volonti\u00e8rement et gratuitement quelques <strong>exemplaires imprim\u00e9s<\/strong> sur simple demande \u00e0 <strong>natur@oeko.lu<\/strong>.[\/vc_column_text][\/vc_column][\/vc_row][vc_row][vc_column][vc_column_text]<\/p>\n<h1>Flyer:<\/h1>\n<p>[\/vc_column_text][\/vc_column][\/vc_row][vc_row][vc_column width=\u00a0\u00bb1\/5&Prime;][vc_single_image image=\u00a0\u00bb7080&Prime; img_size=\u00a0\u00bbfull\u00a0\u00bb onclick=\u00a0\u00bbcustom_link\u00a0\u00bb img_link_target=\u00a0\u00bb_blank\u00a0\u00bb link=\u00a0\u00bbhttps:\/\/naturelo.meco.lu\/wp-content\/uploads\/sites\/7\/2022\/06\/Flyer-Mei-Grengs-FR.pdf\u00a0\u00bb][vc_single_image image=\u00a0\u00bb7086&Prime; img_size=\u00a0\u00bbfull\u00a0\u00bb onclick=\u00a0\u00bbcustom_link\u00a0\u00bb img_link_target=\u00a0\u00bb_blank\u00a0\u00bb link=\u00a0\u00bbhttp:\/\/https:\/\/naturelo.meco.lu\/wp-content\/uploads\/sites\/7\/2022\/07\/Broschuer_Emfro_Grengs_FR_LQ.pdf\u00a0\u00bb][vc_single_image image=\u00a0\u00bb7944&Prime; img_size=\u00a0\u00bbfull\u00a0\u00bb onclick=\u00a0\u00bbcustom_link\u00a0\u00bb el_id=\u00a0\u00bbhttps:\/\/www.meco.lu\/wp-content\/uploads\/2024\/03\/Depliant-Hues_FR_reduce.pdf\u00a0\u00bb][\/vc_column][vc_column width=\u00a0\u00bb1\/5&Prime;][vc_single_image image=\u00a0\u00bb7120&Prime; img_size=\u00a0\u00bbfull\u00a0\u00bb onclick=\u00a0\u00bbcustom_link\u00a0\u00bb img_link_target=\u00a0\u00bb_blank\u00a0\u00bb link=\u00a0\u00bbhttps:\/\/naturelo.meco.lu\/wp-content\/uploads\/sites\/7\/2022\/07\/Depliant-Maach-Plaz-3-Filmer_FR.pdf\u00a0\u00bb][vc_single_image image=\u00a0\u00bb7123&Prime; img_size=\u00a0\u00bbfull\u00a0\u00bb onclick=\u00a0\u00bbcustom_link\u00a0\u00bb img_link_target=\u00a0\u00bb_blank\u00a0\u00bb link=\u00a0\u00bbhttp:\/\/https:\/\/naturelo.meco.lu\/wp-content\/uploads\/sites\/7\/2020\/05\/flyer-schottergaert_FR-28_04-JS-Web-Version.pdf\u00a0\u00bb][\/vc_column][vc_column width=\u00a0\u00bb1\/5&Prime;][vc_single_image image=\u00a0\u00bb4181&Prime; img_size=\u00a0\u00bbfull\u00a0\u00bb onclick=\u00a0\u00bbcustom_link\u00a0\u00bb img_link_target=\u00a0\u00bb_blank\u00a0\u00bb link=\u00a0\u00bbhttps:\/\/naturelo.meco.lu\/wp-content\/uploads\/sites\/7\/2021\/09\/Flugblatt-Schotter-webversion.pdf\u00a0\u00bb][vc_single_image image=\u00a0\u00bb5627&Prime; img_size=\u00a0\u00bbfull\u00a0\u00bb onclick=\u00a0\u00bbcustom_link\u00a0\u00bb img_link_target=\u00a0\u00bb_blank\u00a0\u00bb link=\u00a0\u00bbhttps:\/\/naturelo.meco.lu\/wp-content\/uploads\/sites\/7\/2021\/06\/Depliant-Schleifer_FR_HP-2.pdf\u00a0\u00bb][\/vc_column][vc_column width=\u00a0\u00bb1\/5&Prime;][vc_single_image image=\u00a0\u00bb6907&Prime; img_size=\u00a0\u00bbfull\u00a0\u00bb onclick=\u00a0\u00bbcustom_link\u00a0\u00bb img_link_target=\u00a0\u00bb_blank\u00a0\u00bb link=\u00a0\u00bbhttps:\/\/naturelo.meco.lu\/wp-content\/uploads\/sites\/7\/2022\/06\/Flyer-fraeiliewend-Beien.pdf\u00a0\u00bb][vc_single_image image=\u00a0\u00bb7126&Prime; img_size=\u00a0\u00bbfull\u00a0\u00bb onclick=\u00a0\u00bbcustom_link\u00a0\u00bb img_link_target=\u00a0\u00bb_blank\u00a0\u00bb link=\u00a0\u00bbhttps:\/\/naturelo.meco.lu\/wp-content\/uploads\/sites\/7\/2021\/04\/Flyer-Keisecker_FR.pdf\u00a0\u00bb][\/vc_column][vc_column width=\u00a0\u00bb1\/5&Prime;][vc_single_image image=\u00a0\u00bb6252&Prime; img_size=\u00a0\u00bbfull\u00a0\u00bb onclick=\u00a0\u00bbcustom_link\u00a0\u00bb img_link_target=\u00a0\u00bb_blank\u00a0\u00bb link=\u00a0\u00bbhttps:\/\/naturelo.meco.lu\/wp-content\/uploads\/sites\/7\/2020\/04\/Flyer-2020-online-version.pdf\u00a0\u00bb][vc_single_image image=\u00a0\u00bb7129&Prime; img_size=\u00a0\u00bbfull\u00a0\u00bb onclick=\u00a0\u00bbcustom_link\u00a0\u00bb img_link_target=\u00a0\u00bb_blank\u00a0\u00bb link=\u00a0\u00bbhttps:\/\/naturelo.meco.lu\/wp-content\/uploads\/sites\/7\/2020\/03\/Flyer_A_voller_Blei_2019_web.pdf\u00a0\u00bb][\/vc_column][\/vc_row][vc_row][vc_column][vc_column_text]&nbsp;<\/p>\n<h2>Documents:<\/h2>\n<p>[\/vc_column_text][\/vc_column][\/vc_row][vc_row][vc_column width=\u00a0\u00bb1\/6&Prime;][vc_single_image image=\u00a0\u00bb6447&Prime; onclick=\u00a0\u00bbcustom_link\u00a0\u00bb img_link_target=\u00a0\u00bb_blank\u00a0\u00bb link=\u00a0\u00bbhttps:\/\/naturelo.meco.lu\/wp-content\/uploads\/sites\/7\/2021\/11\/Baumarten-fuer-den-Siedlungsraum-Mouvement-Ecologique-1.pdf\u00a0\u00bb][\/vc_column][vc_column width=\u00a0\u00bb5\/6&Prime;][vc_column_text]Une s\u00e9l\u00e9ction dessences d&rsquo;<strong>arbres pour les zones urbaines<\/strong> &#8211; une liste de recommandations du Mouvement Ecologique dans le cadre du Pacte nature[\/vc_column_text][\/vc_column][\/vc_row][vc_row][vc_column width=\u00a0\u00bb1\/6&Prime;][vc_single_image image=\u00a0\u00bb6447&Prime; onclick=\u00a0\u00bbcustom_link\u00a0\u00bb img_link_target=\u00a0\u00bb_blank\u00a0\u00bb link=\u00a0\u00bbhttps:\/\/naturelo.meco.lu\/wp-content\/uploads\/sites\/7\/2020\/05\/Cadre-juridique-recommandations-communes-Schotterg%C3%A4ert.pdf\u00a0\u00bb][\/vc_column][vc_column width=\u00a0\u00bb5\/6&Prime;][vc_column_text]Recommandations aux autorit\u00e9s communales concernant le verdissement des espaces libres priv\u00e9s aux alentours des b\u00e2timents d\u2019habitation[\/vc_column_text][\/vc_column][\/vc_row][vc_row][vc_column width=\u00a0\u00bb1\/6&Prime;][vc_single_image image=\u00a0\u00bb6453&Prime; onclick=\u00a0\u00bbcustom_link\u00a0\u00bb img_link_target=\u00a0\u00bb_blank\u00a0\u00bb link=\u00a0\u00bbhttps:\/\/naturelo.meco.lu\/wp-content\/uploads\/sites\/7\/2020\/03\/Geh%C3%B6lzliste-A-voller-Bl%C3%A9i.pdf\u00a0\u00bb][\/vc_column][vc_column width=\u00a0\u00bb5\/6&Prime;][vc_column_text]<a href=\"https:\/\/naturelo.meco.lu\/wp-content\/uploads\/sites\/7\/2020\/03\/Geh%C3%B6lzliste-A-voller-Bl%C3%A9i.pdf\" target=\"_blank\" rel=\"noopener\">Arbres et arbustes<\/a> favorables aux abeilles et aux papillons de l&rsquo;action \u00ab\u00a0En pleine floraison\u00a0\u00bb[\/vc_column_text][\/vc_column][\/vc_row][vc_row][vc_column width=\u00a0\u00bb1\/6&Prime;][vc_single_image image=\u00a0\u00bb6460&Prime; onclick=\u00a0\u00bbcustom_link\u00a0\u00bb img_link_target=\u00a0\u00bb_blank\u00a0\u00bb link=\u00a0\u00bbhttp:\/\/https:\/\/naturelo.meco.lu\/wp-content\/uploads\/sites\/7\/2020\/03\/Optionale-Staudenliste-A-voller-Bl%C3%A9i.pdf\u00a0\u00bb][\/vc_column][vc_column width=\u00a0\u00bb5\/6&Prime;][vc_column_text]Liste de<strong><a href=\"https:\/\/naturelo.meco.lu\/wp-content\/uploads\/sites\/7\/2020\/03\/Optionale-Staudenliste-A-voller-Bl%C3%A9i.pdf\" target=\"_blank\" rel=\"noopener\"> plantes vivaces favorables aux insectes<\/a><\/strong> de l&rsquo;action \u00ab\u00a0En pleine floraison\u00a0\u00bb[\/vc_column_text][\/vc_column][\/vc_row][vc_row][vc_column width=\u00a0\u00bb1\/6&Prime;][vc_single_image image=\u00a0\u00bb4288&Prime; img_size=\u00a0\u00bbmedium\u00a0\u00bb onclick=\u00a0\u00bbcustom_link\u00a0\u00bb img_link_target=\u00a0\u00bb_blank\u00a0\u00bb link=\u00a0\u00bbhttps:\/\/naturelo.meco.lu\/wp-content\/uploads\/sites\/7\/2020\/04\/Les-fleurs-du-mois-Photos-et-Texte-FR.pdf\u00a0\u00bb][\/vc_column][vc_column width=\u00a0\u00bb5\/6&Prime;][vc_column_text]Les \u00ab\u00a0<strong><a href=\"https:\/\/naturelo.meco.lu\/wp-content\/uploads\/sites\/7\/2020\/04\/Les-fleurs-du-mois-Photos-et-Texte-FR.pdf\" target=\"_blank\" rel=\"noopener\">fleurs du mois<\/a><\/strong>\u00a0\u00bb de l&rsquo;action \u00ab\u00a0En pleine floraison\u00a0\u00bb 2020[\/vc_column_text][\/vc_column][\/vc_row][vc_row][vc_column width=\u00a0\u00bb1\/6&Prime;][vc_single_image image=\u00a0\u00bb3595&Prime; img_size=\u00a0\u00bbmedium\u00a0\u00bb onclick=\u00a0\u00bbcustom_link\u00a0\u00bb img_link_target=\u00a0\u00bb_blank\u00a0\u00bb link=\u00a0\u00bbhttps:\/\/naturelo.meco.lu\/wp-content\/uploads\/sites\/7\/2020\/11\/Kr%C3%A4uter.pdf\u00a0\u00bb][\/vc_column][vc_column width=\u00a0\u00bb5\/6&Prime;][vc_column_text]<strong>Les <a href=\"https:\/\/naturelo.meco.lu\/wp-content\/uploads\/sites\/7\/2020\/05\/Herbes.pdf\" target=\"_blank\" rel=\"noopener\">herbes aromatiques<\/a> de l&rsquo;action \u00ab\u00a0<a href=\"https:\/\/naturelo.meco.lu\/projekt\/a-voller-blei\/stauden-kraeuter-blumenzwiebeln-und-gehoelze\/\" target=\"_blank\" rel=\"noopener\">En pleine floraison<\/a>\u00ab\u00a0<\/strong>[\/vc_column_text][\/vc_column][\/vc_row][vc_row][vc_column width=\u00a0\u00bb1\/6&Prime;][vc_single_image image=\u00a0\u00bb531&Prime; img_size=\u00a0\u00bbmedium\u00a0\u00bb onclick=\u00a0\u00bbcustom_link\u00a0\u00bb img_link_target=\u00a0\u00bb_blank\u00a0\u00bb link=\u00a0\u00bbhttps:\/\/naturelo.meco.lu\/wp-content\/uploads\/sites\/7\/2020\/11\/Blumenzwiebeln.pdf\u00a0\u00bb][\/vc_column][vc_column width=\u00a0\u00bb5\/6&Prime;][vc_column_text]<strong><a href=\"https:\/\/naturelo.meco.lu\/wp-content\/uploads\/sites\/7\/2020\/11\/Blumenzwiebeln.pdf\" target=\"_blank\" rel=\"noopener\">Les bulbes \u00e0 fleurs <\/a>\u00a0de l&rsquo;action \u00ab\u00a0En pleine floraison\u00a0\u00bb<\/strong>[\/vc_column_text][\/vc_column][\/vc_row]<\/p>\n<\/div><\/section>","protected":false},"excerpt":{"rendered":"<p>[vc_row][vc_column][vc_column_text] Nos publications \u00e0 t\u00e9l\u00e9charger Sur cette page, vous pouvez t\u00e9l\u00e9charger les d\u00e9pliants et documents publi\u00e9es dans le cadre de la campagne \u00ab\u00a0Nature elo !\u00a0\u00bb Nous vous envoyons volonti\u00e8rement et gratuitement quelques exemplaires imprim\u00e9s sur simple demande \u00e0 natur@oeko.lu.[\/vc_column_text][\/vc_column][\/vc_row][vc_row][vc_column][vc_column_text] Flyer: [\/vc_column_text][\/vc_column][\/vc_row][vc_row][vc_column width=\u00a0\u00bb1\/5&Prime;][vc_single_image image=\u00a0\u00bb7080&Prime; img_size=\u00a0\u00bbfull\u00a0\u00bb onclick=\u00a0\u00bbcustom_link\u00a0\u00bb img_link_target=\u00a0\u00bb_blank\u00a0\u00bb link=\u00a0\u00bbhttps:\/\/naturelo.meco.lu\/wp-content\/uploads\/sites\/7\/2022\/06\/Flyer-Mei-Grengs-FR.pdf\u00a0\u00bb][vc_single_image image=\u00a0\u00bb7086&Prime; img_size=\u00a0\u00bbfull\u00a0\u00bb onclick=\u00a0\u00bbcustom_link\u00a0\u00bb img_link_target=\u00a0\u00bb_blank\u00a0\u00bb link=\u00a0\u00bbhttp:\/\/https:\/\/naturelo.meco.lu\/wp-content\/uploads\/sites\/7\/2022\/07\/Broschuer_Emfro_Grengs_FR_LQ.pdf\u00a0\u00bb][vc_single_image image=\u00a0\u00bb7944&Prime; img_size=\u00a0\u00bbfull\u00a0\u00bb onclick=\u00a0\u00bbcustom_link\u00a0\u00bb [&hellip;]<\/p>\n","protected":false},"author":10,"featured_media":0,"parent":0,"menu_order":25,"comment_status":"closed","ping_status":"closed","template":"","meta":{"_acf_changed":false,"footnotes":""},"class_list":["post-7118","page","type-page","status-publish","hentry"],"acf":[],"yoast_head":"<!-- This site is optimized with the Yoast SEO plugin v27.2 - https:\/\/yoast.com\/product\/yoast-seo-wordpress\/ -->\n<title>T\u00e9l\u00e9chargements - Natur<\/title>\n<meta name=\"robots\" content=\"noindex, follow, max-snippet:-1, max-image-preview:large, max-video-preview:-1\" \/>\n<meta property=\"og:locale\" content=\"fr_FR\" \/>\n<meta property=\"og:type\" content=\"article\" \/>\n<meta property=\"og:title\" content=\"T\u00e9l\u00e9chargements - Natur\" \/>\n<meta property=\"og:description\" content=\"[vc_row][vc_column][vc_column_text] Nos publications \u00e0 t\u00e9l\u00e9charger Sur cette page, vous pouvez t\u00e9l\u00e9charger les d\u00e9pliants et documents publi\u00e9es dans le cadre de la campagne \u00ab\u00a0Nature elo !\u00a0\u00bb Nous vous envoyons volonti\u00e8rement et gratuitement quelques exemplaires imprim\u00e9s sur simple demande \u00e0 natur@oeko.lu.[\/vc_column_text][\/vc_column][\/vc_row][vc_row][vc_column][vc_column_text] Flyer: [\/vc_column_text][\/vc_column][\/vc_row][vc_row][vc_column width=\u00a0\u00bb1\/5&Prime;][vc_single_image image=\u00a0\u00bb7080&Prime; img_size=\u00a0\u00bbfull\u00a0\u00bb onclick=\u00a0\u00bbcustom_link\u00a0\u00bb img_link_target=\u00a0\u00bb_blank\u00a0\u00bb link=\u00a0\u00bbhttps:\/\/naturelo.meco.lu\/wp-content\/uploads\/sites\/7\/2022\/06\/Flyer-Mei-Grengs-FR.pdf\u00a0\u00bb][vc_single_image image=\u00a0\u00bb7086&Prime; img_size=\u00a0\u00bbfull\u00a0\u00bb onclick=\u00a0\u00bbcustom_link\u00a0\u00bb img_link_target=\u00a0\u00bb_blank\u00a0\u00bb link=\u00a0\u00bbhttp:\/\/https:\/\/naturelo.meco.lu\/wp-content\/uploads\/sites\/7\/2022\/07\/Broschuer_Emfro_Grengs_FR_LQ.pdf\u00a0\u00bb][vc_single_image image=\u00a0\u00bb7944&Prime; img_size=\u00a0\u00bbfull\u00a0\u00bb onclick=\u00a0\u00bbcustom_link\u00a0\u00bb [&hellip;]\" \/>\n<meta property=\"og:url\" content=\"https:\/\/naturelo.meco.lu\/fr\/telechargements\/\" \/>\n<meta property=\"og:site_name\" content=\"Natur\" \/>\n<meta property=\"article:modified_time\" content=\"2024-09-11T14:36:19+00:00\" \/>\n<meta name=\"twitter:card\" content=\"summary_large_image\" \/>\n<meta name=\"twitter:label1\" content=\"Dur\u00e9e de lecture estim\u00e9e\" \/>\n\t<meta name=\"twitter:data1\" content=\"2 minutes\" \/>\n<script type=\"application\/ld+json\" class=\"yoast-schema-graph\">{\"@context\":\"https:\/\/schema.org\",\"@graph\":[{\"@type\":\"WebPage\",\"@id\":\"https:\/\/naturelo.meco.lu\/fr\/telechargements\/\",\"url\":\"https:\/\/naturelo.meco.lu\/fr\/telechargements\/\",\"name\":\"T\u00e9l\u00e9chargements - Natur\",\"isPartOf\":{\"@id\":\"https:\/\/naturelo.meco.lu\/#website\"},\"datePublished\":\"2022-07-27T12:15:55+00:00\",\"dateModified\":\"2024-09-11T14:36:19+00:00\",\"breadcrumb\":{\"@id\":\"https:\/\/naturelo.meco.lu\/fr\/telechargements\/#breadcrumb\"},\"inLanguage\":\"fr-FR\",\"potentialAction\":[{\"@type\":\"ReadAction\",\"target\":[\"https:\/\/naturelo.meco.lu\/fr\/telechargements\/\"]}]},{\"@type\":\"BreadcrumbList\",\"@id\":\"https:\/\/naturelo.meco.lu\/fr\/telechargements\/#breadcrumb\",\"itemListElement\":[{\"@type\":\"ListItem\",\"position\":1,\"name\":\"Home\",\"item\":\"https:\/\/naturelo.meco.lu\/fr\/\"},{\"@type\":\"ListItem\",\"position\":2,\"name\":\"T\u00e9l\u00e9chargements\"}]},{\"@type\":\"WebSite\",\"@id\":\"https:\/\/naturelo.meco.lu\/#website\",\"url\":\"https:\/\/naturelo.meco.lu\/\",\"name\":\"Natur\",\"description\":\"Eine weitere Mouvement \u00e9cologique Global Website\",\"potentialAction\":[{\"@type\":\"SearchAction\",\"target\":{\"@type\":\"EntryPoint\",\"urlTemplate\":\"https:\/\/naturelo.meco.lu\/?s={search_term_string}\"},\"query-input\":{\"@type\":\"PropertyValueSpecification\",\"valueRequired\":true,\"valueName\":\"search_term_string\"}}],\"inLanguage\":\"fr-FR\"}]}<\/script>\n<!-- \/ Yoast SEO plugin. -->","yoast_head_json":{"title":"T\u00e9l\u00e9chargements - Natur","robots":{"index":"noindex","follow":"follow","max-snippet":"max-snippet:-1","max-image-preview":"max-image-preview:large","max-video-preview":"max-video-preview:-1"},"og_locale":"fr_FR","og_type":"article","og_title":"T\u00e9l\u00e9chargements - Natur","og_description":"[vc_row][vc_column][vc_column_text] Nos publications \u00e0 t\u00e9l\u00e9charger Sur cette page, vous pouvez t\u00e9l\u00e9charger les d\u00e9pliants et documents publi\u00e9es dans le cadre de la campagne \u00ab\u00a0Nature elo !\u00a0\u00bb Nous vous envoyons volonti\u00e8rement et gratuitement quelques exemplaires imprim\u00e9s sur simple demande \u00e0 natur@oeko.lu.[\/vc_column_text][\/vc_column][\/vc_row][vc_row][vc_column][vc_column_text] Flyer: [\/vc_column_text][\/vc_column][\/vc_row][vc_row][vc_column width=\u00a0\u00bb1\/5&Prime;][vc_single_image image=\u00a0\u00bb7080&Prime; img_size=\u00a0\u00bbfull\u00a0\u00bb onclick=\u00a0\u00bbcustom_link\u00a0\u00bb img_link_target=\u00a0\u00bb_blank\u00a0\u00bb link=\u00a0\u00bbhttps:\/\/naturelo.meco.lu\/wp-content\/uploads\/sites\/7\/2022\/06\/Flyer-Mei-Grengs-FR.pdf\u00a0\u00bb][vc_single_image image=\u00a0\u00bb7086&Prime; img_size=\u00a0\u00bbfull\u00a0\u00bb onclick=\u00a0\u00bbcustom_link\u00a0\u00bb img_link_target=\u00a0\u00bb_blank\u00a0\u00bb link=\u00a0\u00bbhttp:\/\/https:\/\/naturelo.meco.lu\/wp-content\/uploads\/sites\/7\/2022\/07\/Broschuer_Emfro_Grengs_FR_LQ.pdf\u00a0\u00bb][vc_single_image image=\u00a0\u00bb7944&Prime; img_size=\u00a0\u00bbfull\u00a0\u00bb onclick=\u00a0\u00bbcustom_link\u00a0\u00bb [&hellip;]","og_url":"https:\/\/naturelo.meco.lu\/fr\/telechargements\/","og_site_name":"Natur","article_modified_time":"2024-09-11T14:36:19+00:00","twitter_card":"summary_large_image","twitter_misc":{"Dur\u00e9e de lecture estim\u00e9e":"2 minutes"},"schema":{"@context":"https:\/\/schema.org","@graph":[{"@type":"WebPage","@id":"https:\/\/naturelo.meco.lu\/fr\/telechargements\/","url":"https:\/\/naturelo.meco.lu\/fr\/telechargements\/","name":"T\u00e9l\u00e9chargements - Natur","isPartOf":{"@id":"https:\/\/naturelo.meco.lu\/#website"},"datePublished":"2022-07-27T12:15:55+00:00","dateModified":"2024-09-11T14:36:19+00:00","breadcrumb":{"@id":"https:\/\/naturelo.meco.lu\/fr\/telechargements\/#breadcrumb"},"inLanguage":"fr-FR","potentialAction":[{"@type":"ReadAction","target":["https:\/\/naturelo.meco.lu\/fr\/telechargements\/"]}]},{"@type":"BreadcrumbList","@id":"https:\/\/naturelo.meco.lu\/fr\/telechargements\/#breadcrumb","itemListElement":[{"@type":"ListItem","position":1,"name":"Home","item":"https:\/\/naturelo.meco.lu\/fr\/"},{"@type":"ListItem","position":2,"name":"T\u00e9l\u00e9chargements"}]},{"@type":"WebSite","@id":"https:\/\/naturelo.meco.lu\/#website","url":"https:\/\/naturelo.meco.lu\/","name":"Natur","description":"Eine weitere Mouvement \u00e9cologique Global Website","potentialAction":[{"@type":"SearchAction","target":{"@type":"EntryPoint","urlTemplate":"https:\/\/naturelo.meco.lu\/?s={search_term_string}"},"query-input":{"@type":"PropertyValueSpecification","valueRequired":true,"valueName":"search_term_string"}}],"inLanguage":"fr-FR"}]}},"_links":{"self":[{"href":"https:\/\/naturelo.meco.lu\/fr\/wp-json\/wp\/v2\/pages\/7118","targetHints":{"allow":["GET"]}}],"collection":[{"href":"https:\/\/naturelo.meco.lu\/fr\/wp-json\/wp\/v2\/pages"}],"about":[{"href":"https:\/\/naturelo.meco.lu\/fr\/wp-json\/wp\/v2\/types\/page"}],"author":[{"embeddable":true,"href":"https:\/\/naturelo.meco.lu\/fr\/wp-json\/wp\/v2\/users\/10"}],"replies":[{"embeddable":true,"href":"https:\/\/naturelo.meco.lu\/fr\/wp-json\/wp\/v2\/comments?post=7118"}],"version-history":[{"count":5,"href":"https:\/\/naturelo.meco.lu\/fr\/wp-json\/wp\/v2\/pages\/7118\/revisions"}],"predecessor-version":[{"id":7952,"href":"https:\/\/naturelo.meco.lu\/fr\/wp-json\/wp\/v2\/pages\/7118\/revisions\/7952"}],"wp:attachment":[{"href":"https:\/\/naturelo.meco.lu\/fr\/wp-json\/wp\/v2\/media?parent=7118"}],"curies":[{"name":"wp","href":"https:\/\/api.w.org\/{rel}","templated":true}]}}