{"id":6643,"date":"2022-03-10T10:40:35","date_gmt":"2022-03-10T09:40:35","guid":{"rendered":"https:\/\/naturelo.meco.lu\/teschebilanz-aktioun-schleifer-2021\/"},"modified":"2022-03-10T11:40:03","modified_gmt":"2022-03-10T10:40:03","slug":"teschebilanz-aktioun-schleifer-2021","status":"publish","type":"page","link":"https:\/\/naturelo.meco.lu\/fr\/teschebilanz-aktioun-schleifer-2021\/","title":{"rendered":"T\u00ebschebilanz Aktioun Schl\u00e9ifer 2021"},"content":{"rendered":"<section class=\"wpb-content-wrapper\"><div class=\"pf-content\"><p>[vc_row][vc_column][\/vc_column][\/vc_row][vc_row][vc_column][vc_column_text]<\/p>\n<h2><strong>Bilan interm\u00e9diaire de l\u2019\u00ab\u00a0Aktioun Schl\u00e9ifer\u00a0\u00bb<\/strong><\/h2>\n<h3><strong>Combien de sp\u00e9cimens de glirid\u00e9s ont \u00e9t\u00e9 signal\u00e9s et quelles sont les aires de r\u00e9partition? <\/strong><\/h3>\n<p>Alors que \u2013 bien cach\u00e9s dans des cavit\u00e9s au sol ou dans les arbres, dans des nichoirs et des abris de jardin &#8230; ou encore log\u00e9s (sait-on jamais!) dans les combles de votre habitation &#8211; le l\u00e9rot, le loir gris et le muscardin sont au repos hivernal bien m\u00e9rit\u00e9, l\u2019heure est venue pour nous de dresser rapidement un bilan interm\u00e9diaire de l\u2018action qui met \u00e0 l\u2019honneur ce groupe de petits animaux sympathiques que forment les glirid\u00e9s \u2013 nos dits \u00ab\u00a0Schl\u00e9ifer\u00a0\u00bb.<\/p>\n<p>La <strong>premi\u00e8re ann\u00e9e<\/strong> de l\u2019action vient de se terminer et le bilan provisoire note un <strong>total de non moins de \u00a058 glirid\u00e9s<\/strong> qui nous ont \u00e9t\u00e9 signal\u00e9s via le site iNaturalist ou courrier \u00e9lectronique, ou encore via communication t\u00e9l\u00e9phonique.<\/p>\n<p>Un chiffre pour le moins impressionnant, si l\u2019on consid\u00e8re que le \u00ab\u00a0Schl\u00e9ifer\u00a0\u00bb est un animal de tr\u00e8s petite taille qui est dot\u00e9 d\u2019une grande habilet\u00e9 et d\u2019une forte agilit\u00e9, et qu\u2018il vit (surtout) la nuit, ce qui fait qu\u2019il faut beaucoup de patience avant d\u2019en apercevoir un sp\u00e9cimen, et encore plus de chance pour en arriver \u00e0 le prendre en photo.<\/p>\n<p>Et pourtant, parmi les 58 observations qui ont pu \u00eatre faites, <strong>20 ont \u00e9t\u00e9 signal\u00e9es avec photo \u00e0 l\u2019appui<\/strong>. La preuve photographique rend l\u2019observation d\u2019autant plus int\u00e9ressante et pr\u00e9cieuse puisqu\u2019elle permet de qualifier l\u2018observation de \u00ab\u00a0v\u00e9rifi\u00e9e\u00a0\u00bb, et de l\u2018inclure dans la base de donn\u00e9es dite GBIF (Global Biodiversity Information Facility) du <em>natur mus\u00e9e<\/em>, \u00e0 des fins d\u2019exploitation scientifique.<\/p>\n<h3><strong>Le l\u00e9rot \u2013 pr\u00e9sent surtout dans la partie est du Luxembourg <\/strong><\/h3>\n<p>Parmi les glirid\u00e9s signal\u00e9s, le l\u00e9rot se trouve en t\u00eate de liste de notre action \u00ab\u00a0Schl\u00e9ifer\u00a0\u00bb. Le l\u00e9rot fut observ\u00e9 non moins de 24 fois. A 9 reprises, il fut m\u00eame possible de prendre ce petit animal en photo. Malheureusement, deux de ces photos \u00e9taient des clich\u00e9s d\u2019un animal mort, victime d\u2019une rencontre malencontreuse avec un chat ou bien d\u2018une autre m\u00e9saventure.[\/vc_column_text][\/vc_column][\/vc_row][vc_row][vc_column width=\u00a0\u00bb2\/3&Prime;][vc_single_image image=\u00a0\u00bb6578&Prime; img_size=\u00a0\u00bbfull\u00a0\u00bb onclick=\u00a0\u00bblink_image\u00a0\u00bb][\/vc_column][\/vc_row][vc_row][vc_column][vc_column_text]L\u2019\u00e9tude des observations de l\u00e9rots marqu\u00e9es sur la carte de iNaturalist r\u00e9v\u00e8le qu\u2019ils sont apparus &#8211; pour ainsi dire exclusivement &#8211; dans les r\u00e9gions situ\u00e9es \u00e0 l\u2019est du pays, autour d\u2018Ettelbruck et de Fouhren\/Vianden. Il \u00e9chait n\u00e9anmoins de consid\u00e9rer cette carte de la r\u00e9partition des l\u00e9rots avec prudence, car il faut garder \u00e0 l\u2019esprit que iNaturalist classifie le l\u00e9rot en tant qu\u2019esp\u00e8ce rare et menac\u00e9e, et que, de ce fait, les lieux d\u2019observation ne sont pas marqu\u00e9s de mani\u00e8re exacte sur la carte.<\/p>\n<p>Quoiqu\u2019il en soit, l\u2019est du Luxembourg \u2013 avec ses pentes rocheuses, ses murs secs et ses nombreux vergers &#8211; est r\u00e9put\u00e9 comme \u00e9tant l\u2019habitat de pr\u00e9dilection des l\u00e9rots.<\/p>\n<h3><strong>Le loir gris \u2013 un habitant de la r\u00e9gion de la capitale? <\/strong><\/h3>\n<p>Pour sa part, le loir gris a fait l\u2019objet de 17 observations signal\u00e9es, dont 5 accompagn\u00e9es d\u2018une photo en guise de preuve. La plupart de ces observations ont pu \u00eatre faites aux alentours de la capitale. Parmi les glirid\u00e9s, le loir gris est \u00e9galement l\u2019esp\u00e8ce qui a le plus fr\u00e9quemment fait son apparition dans des b\u00e2timents d\u2019habitation ou dans des abris de jardin, toujours situ\u00e9s \u00e0 proximit\u00e9 de grands arbres, de vergers et\/ou de haies structur\u00e9es.[\/vc_column_text][\/vc_column][\/vc_row][vc_row][vc_column width=\u00a0\u00bb2\/3&Prime;][vc_single_image image=\u00a0\u00bb6590&Prime; img_size=\u00a0\u00bbfull\u00a0\u00bb onclick=\u00a0\u00bblink_image\u00a0\u00bb][\/vc_column][\/vc_row][vc_row][vc_column][vc_column_text]<\/p>\n<h3><strong>Le muscardin \u2013 observ\u00e9 dans tout le pays<\/strong><\/h3>\n<p>Tout comme son \u00ab\u00a0cousin\u00a0\u00bb le loir gris, le muscardin s\u2019est montr\u00e9 \u00e0 17 reprises en 2021. 6 parmi ces 17 observations ont \u00e9t\u00e9 signal\u00e9es avec photos \u00e0 l\u2019appui, dont malheureusement, une nouvelle fois, 2 clich\u00e9s d\u2019un animal mort, victime d\u2019un chat domestique. La carte de r\u00e9partition publi\u00e9e sur iNaturalist fait \u00e9tat d\u2019une pr\u00e9sence du muscardin qui couvre l\u2019ensemble du Grand-Duch\u00e9, avec n\u00e9anmoins une pr\u00e9dominance dans les parties ouest et nord du pays.[\/vc_column_text][\/vc_column][\/vc_row][vc_row][vc_column width=\u00a0\u00bb2\/3&Prime;][vc_single_image image=\u00a0\u00bb6584&Prime; img_size=\u00a0\u00bbfull\u00a0\u00bb onclick=\u00a0\u00bblink_image\u00a0\u00bb][\/vc_column][\/vc_row][vc_row][vc_column][vc_column_text]<\/p>\n<h3><strong>Les glirid\u00e9s en Europe: <\/strong><\/h3>\n<p>Les cartes suivantes illustrent la distribution des glirid\u00e9s en Europe.<\/p>\n<p>Dans la comparaison europ\u00e9enne, l\u2019observation d\u2019un nombre relativement important de glirid\u00e9s au Luxembourg s\u2019explique finalement aussi par le fait d\u2019un monitoring r\u00e9gulier, qui est assur\u00e9 depuis 2010 par le Minist\u00e8re de l\u2019Environnement, du Climat et du D\u00e9veloppement durable en \u00e9troite collaboration avec le LIST (<em>Luxembourg Institute of Science and Technology<\/em>).[\/vc_column_text][\/vc_column][\/vc_row][vc_row][vc_column width=\u00a0\u00bb1\/3&Prime;][vc_single_image image=\u00a0\u00bb6581&Prime; img_size=\u00a0\u00bbfull\u00a0\u00bb onclick=\u00a0\u00bblink_image\u00a0\u00bb][vc_column_text]Distribution du l\u00e9rot en Europe[\/vc_column_text][\/vc_column][vc_column width=\u00a0\u00bb1\/3&Prime;][vc_single_image image=\u00a0\u00bb6593&Prime; img_size=\u00a0\u00bbfull\u00a0\u00bb onclick=\u00a0\u00bblink_image\u00a0\u00bb][vc_column_text]Distribution du loir gris en Europe[\/vc_column_text][\/vc_column][vc_column width=\u00a0\u00bb1\/3&Prime;][vc_single_image image=\u00a0\u00bb6587&Prime; img_size=\u00a0\u00bbfull\u00a0\u00bb onclick=\u00a0\u00bblink_image\u00a0\u00bb][vc_column_text]Distribution du muscardin en Europe[\/vc_column_text][\/vc_column][\/vc_row][vc_row][vc_column][vc_column_text]<\/p>\n<h3><strong>Bilan interm\u00e9diaire apr\u00e8s la premi\u00e8re ann\u00e9e de l\u2019action \u00ab\u00a0Schl\u00e9ifer\u00a0\u00bb<\/strong><\/h3>\n<p>C\u2019est gr\u00e2ce \u00e0 la pr\u00e9cieuse contribution de nombreux\/ses volontaires et d\u2019habitant(e)s attentif(ve)s et int\u00e9ress\u00e9\/es que nous avons pu d\u00e9montrer que les 3 esp\u00e8ces de glirid\u00e9s \u2013 l\u00e9rot, loir gris et muscardin \u2013 existent (toujours) au Luxembourg, cette pr\u00e9sence constituant un v\u00e9ritable enrichissement de notre biodiversit\u00e9.<\/p>\n<p>Bien au-del\u00e0 de ce constat r\u00e9jouissant, il nous appartient \u00e0 ce stade de lancer un appel \u00e0 l\u2019engagement et \u00e0 la responsabilit\u00e9 de tout un chacun, dans le but de continuer \u00e0 pr\u00e9server les habitats et de garantir ainsi la survie de ces esp\u00e8ces.<\/p>\n<p>Car il est pour le moins pr\u00e9occupant de voir que les habitats de ces 3 esp\u00e8ces de glirid\u00e9s &#8211; \u00e0 savoir les haies, les vergers et les lisi\u00e8res naturelles des for\u00eats \u2013 sont de plus en plus menac\u00e9s et r\u00e9duits du fait d\u2019une urbanisation renforc\u00e9e et d\u2019une intensification de l\u2019agriculture et de l\u2019exploitation foresti\u00e8re.<\/p>\n<p>Le monde politique est appel\u00e9 \u00e0 r\u00e9agir et \u00e0 faire en sorte que la protection de ces esp\u00e8ces et de leurs habitats soit \u00e9largie et garantie. Parall\u00e8lement, les minist\u00e8res, administrations et services comp\u00e9tents devront veiller \u00e0 ce que la protection l\u00e9gale soit transpos\u00e9e dans la pratique et qu\u2019elle soit contr\u00f4l\u00e9e.<\/p>\n<p>Pour le reste, chaque citoyen\/ne peut faire un geste au quotidien et s\u2019engager pour la d\u00e9fense des habitats des glirid\u00e9s en revendiquant une urbanisation et une agriculture durables (structur\u00e9es de haies naturelles, de vergers et de lisi\u00e8res de for\u00eats), et en promouvant des espaces publics et priv\u00e9s laiss\u00e9s proches de l\u2019\u00e9tat de la nature. Surtout les l\u00e9rots (mais aussi les loirs gris) appartiennent aux esp\u00e8ces h\u00e9m\u00e9rophiles qui des fois \u00e9lisent leur domicile dans les jardins, abris de jardin ou encore sous les toits de maisons d\u2018habitation. Pourtant, arm\u00e9 d\u2019un brin de tol\u00e9rance et d\u2019une dose de bonne volont\u00e9, chaque particulier concern\u00e9 peut tourner cette cohabitation en une situation <em>win-win,<\/em> qui profitera aux deux parties \u00e0 la fois \u2013 \u00e0 l\u2019homme et \u00e0 l\u2019animal (dans ce cas le sympathique glirid\u00e9)!<\/p>\n<p>Dans ce contexte, il est tout \u00e0 fait positif \u00e0 nos yeux de pouvoir signaler qu\u2019aucune situation \u00ab\u00a0conflictuelle\u00a0\u00bb &#8211; opposant une personne \u00e0 son gentil cohabitant &#8211; n\u2019a \u00e9t\u00e9 rapport\u00e9e au cours de cette premi\u00e8re ann\u00e9e de notre action \u00ab\u00a0Schl\u00e9ifer\u00a0\u00bb. Les propri\u00e9taires concern\u00e9s se sont arrang\u00e9s avec leurs visiteurs \u00ab\u00a0surprise\u00a0\u00bb et se sont finalement r\u00e9jouis de leur pr\u00e9sence!<\/p>\n<p>Il nous tient particuli\u00e8rement \u00e0 c\u0153ur de compl\u00e9ter l\u2019image de la r\u00e9partition des glirid\u00e9s; c\u2019est pourquoi nous allons poursuivre notre action pendant une nouvelle ann\u00e9e. Nos amis les glirid\u00e9s sortiront de l\u2019hibernation en avril\/mai \u2026 d\u00e8s lors, \u00e0 vos cam\u00e9ras et gardez les yeux ouverts![\/vc_column_text][\/vc_column][\/vc_row][vc_row][vc_column][vc_column_text]<a href=\"https:\/\/naturelo.meco.lu\/fr\/projets\/aktioun-schleifer\/\">-&gt; retour \u00e0 la page du projet<\/a>[\/vc_column_text][\/vc_column][\/vc_row][vc_row][vc_column][vc_images_carousel images=\u00a0\u00bb6696,6558,6657,6693,6675,6684,6690,6687,6699,6681,6678,6672,6666,6669,6663,6660,6617,6614,6611,6608,6570,6564,6561,6555&Prime; img_size=\u00a0\u00bbfull\u00a0\u00bb slides_per_view=\u00a0\u00bb3&Prime; autoplay=\u00a0\u00bbyes\u00a0\u00bb][\/vc_column][\/vc_row]<\/p>\n<\/div><\/section>","protected":false},"excerpt":{"rendered":"<p>[vc_row][vc_column][\/vc_column][\/vc_row][vc_row][vc_column][vc_column_text] Bilan interm\u00e9diaire de l\u2019\u00ab\u00a0Aktioun Schl\u00e9ifer\u00a0\u00bb Combien de sp\u00e9cimens de glirid\u00e9s ont \u00e9t\u00e9 signal\u00e9s et quelles sont les aires de r\u00e9partition? Alors que \u2013 bien cach\u00e9s dans des cavit\u00e9s au sol ou dans les arbres, dans des nichoirs et des abris de jardin &#8230; ou encore log\u00e9s (sait-on jamais!) dans les combles de votre habitation [&hellip;]<\/p>\n","protected":false},"author":10,"featured_media":0,"parent":0,"menu_order":0,"comment_status":"closed","ping_status":"closed","template":"","meta":{"_acf_changed":false,"footnotes":""},"class_list":["post-6643","page","type-page","status-publish","hentry"],"acf":[],"yoast_head":"<!-- This site is optimized with the Yoast SEO plugin v27.2 - https:\/\/yoast.com\/product\/yoast-seo-wordpress\/ -->\n<title>T\u00ebschebilanz Aktioun Schl\u00e9ifer 2021 - Natur<\/title>\n<meta name=\"robots\" content=\"noindex, follow, max-snippet:-1, max-image-preview:large, max-video-preview:-1\" \/>\n<meta property=\"og:locale\" content=\"fr_FR\" \/>\n<meta property=\"og:type\" content=\"article\" \/>\n<meta property=\"og:title\" content=\"T\u00ebschebilanz Aktioun Schl\u00e9ifer 2021 - Natur\" \/>\n<meta property=\"og:description\" content=\"[vc_row][vc_column][\/vc_column][\/vc_row][vc_row][vc_column][vc_column_text] Bilan interm\u00e9diaire de l\u2019\u00ab\u00a0Aktioun Schl\u00e9ifer\u00a0\u00bb Combien de sp\u00e9cimens de glirid\u00e9s ont \u00e9t\u00e9 signal\u00e9s et quelles sont les aires de r\u00e9partition? Alors que \u2013 bien cach\u00e9s dans des cavit\u00e9s au sol ou dans les arbres, dans des nichoirs et des abris de jardin &#8230; ou encore log\u00e9s (sait-on jamais!) dans les combles de votre habitation [&hellip;]\" \/>\n<meta property=\"og:url\" content=\"https:\/\/naturelo.meco.lu\/fr\/teschebilanz-aktioun-schleifer-2021\/\" \/>\n<meta property=\"og:site_name\" content=\"Natur\" \/>\n<meta property=\"article:modified_time\" content=\"2022-03-10T10:40:03+00:00\" \/>\n<meta name=\"twitter:card\" content=\"summary_large_image\" \/>\n<script type=\"application\/ld+json\" class=\"yoast-schema-graph\">{\"@context\":\"https:\/\/schema.org\",\"@graph\":[{\"@type\":\"WebPage\",\"@id\":\"https:\/\/naturelo.meco.lu\/fr\/teschebilanz-aktioun-schleifer-2021\/\",\"url\":\"https:\/\/naturelo.meco.lu\/fr\/teschebilanz-aktioun-schleifer-2021\/\",\"name\":\"T\u00ebschebilanz Aktioun Schl\u00e9ifer 2021 - Natur\",\"isPartOf\":{\"@id\":\"https:\/\/naturelo.meco.lu\/#website\"},\"datePublished\":\"2022-03-10T09:40:35+00:00\",\"dateModified\":\"2022-03-10T10:40:03+00:00\",\"breadcrumb\":{\"@id\":\"https:\/\/naturelo.meco.lu\/fr\/teschebilanz-aktioun-schleifer-2021\/#breadcrumb\"},\"inLanguage\":\"fr-FR\",\"potentialAction\":[{\"@type\":\"ReadAction\",\"target\":[\"https:\/\/naturelo.meco.lu\/fr\/teschebilanz-aktioun-schleifer-2021\/\"]}]},{\"@type\":\"BreadcrumbList\",\"@id\":\"https:\/\/naturelo.meco.lu\/fr\/teschebilanz-aktioun-schleifer-2021\/#breadcrumb\",\"itemListElement\":[{\"@type\":\"ListItem\",\"position\":1,\"name\":\"Home\",\"item\":\"https:\/\/naturelo.meco.lu\/fr\/\"},{\"@type\":\"ListItem\",\"position\":2,\"name\":\"T\u00ebschebilanz Aktioun Schl\u00e9ifer 2021\"}]},{\"@type\":\"WebSite\",\"@id\":\"https:\/\/naturelo.meco.lu\/#website\",\"url\":\"https:\/\/naturelo.meco.lu\/\",\"name\":\"Natur\",\"description\":\"Eine weitere Mouvement \u00e9cologique Global Website\",\"potentialAction\":[{\"@type\":\"SearchAction\",\"target\":{\"@type\":\"EntryPoint\",\"urlTemplate\":\"https:\/\/naturelo.meco.lu\/?s={search_term_string}\"},\"query-input\":{\"@type\":\"PropertyValueSpecification\",\"valueRequired\":true,\"valueName\":\"search_term_string\"}}],\"inLanguage\":\"fr-FR\"}]}<\/script>\n<!-- \/ Yoast SEO plugin. -->","yoast_head_json":{"title":"T\u00ebschebilanz Aktioun Schl\u00e9ifer 2021 - Natur","robots":{"index":"noindex","follow":"follow","max-snippet":"max-snippet:-1","max-image-preview":"max-image-preview:large","max-video-preview":"max-video-preview:-1"},"og_locale":"fr_FR","og_type":"article","og_title":"T\u00ebschebilanz Aktioun Schl\u00e9ifer 2021 - Natur","og_description":"[vc_row][vc_column][\/vc_column][\/vc_row][vc_row][vc_column][vc_column_text] Bilan interm\u00e9diaire de l\u2019\u00ab\u00a0Aktioun Schl\u00e9ifer\u00a0\u00bb Combien de sp\u00e9cimens de glirid\u00e9s ont \u00e9t\u00e9 signal\u00e9s et quelles sont les aires de r\u00e9partition? Alors que \u2013 bien cach\u00e9s dans des cavit\u00e9s au sol ou dans les arbres, dans des nichoirs et des abris de jardin &#8230; ou encore log\u00e9s (sait-on jamais!) dans les combles de votre habitation [&hellip;]","og_url":"https:\/\/naturelo.meco.lu\/fr\/teschebilanz-aktioun-schleifer-2021\/","og_site_name":"Natur","article_modified_time":"2022-03-10T10:40:03+00:00","twitter_card":"summary_large_image","schema":{"@context":"https:\/\/schema.org","@graph":[{"@type":"WebPage","@id":"https:\/\/naturelo.meco.lu\/fr\/teschebilanz-aktioun-schleifer-2021\/","url":"https:\/\/naturelo.meco.lu\/fr\/teschebilanz-aktioun-schleifer-2021\/","name":"T\u00ebschebilanz Aktioun Schl\u00e9ifer 2021 - Natur","isPartOf":{"@id":"https:\/\/naturelo.meco.lu\/#website"},"datePublished":"2022-03-10T09:40:35+00:00","dateModified":"2022-03-10T10:40:03+00:00","breadcrumb":{"@id":"https:\/\/naturelo.meco.lu\/fr\/teschebilanz-aktioun-schleifer-2021\/#breadcrumb"},"inLanguage":"fr-FR","potentialAction":[{"@type":"ReadAction","target":["https:\/\/naturelo.meco.lu\/fr\/teschebilanz-aktioun-schleifer-2021\/"]}]},{"@type":"BreadcrumbList","@id":"https:\/\/naturelo.meco.lu\/fr\/teschebilanz-aktioun-schleifer-2021\/#breadcrumb","itemListElement":[{"@type":"ListItem","position":1,"name":"Home","item":"https:\/\/naturelo.meco.lu\/fr\/"},{"@type":"ListItem","position":2,"name":"T\u00ebschebilanz Aktioun Schl\u00e9ifer 2021"}]},{"@type":"WebSite","@id":"https:\/\/naturelo.meco.lu\/#website","url":"https:\/\/naturelo.meco.lu\/","name":"Natur","description":"Eine weitere Mouvement \u00e9cologique Global Website","potentialAction":[{"@type":"SearchAction","target":{"@type":"EntryPoint","urlTemplate":"https:\/\/naturelo.meco.lu\/?s={search_term_string}"},"query-input":{"@type":"PropertyValueSpecification","valueRequired":true,"valueName":"search_term_string"}}],"inLanguage":"fr-FR"}]}},"_links":{"self":[{"href":"https:\/\/naturelo.meco.lu\/fr\/wp-json\/wp\/v2\/pages\/6643","targetHints":{"allow":["GET"]}}],"collection":[{"href":"https:\/\/naturelo.meco.lu\/fr\/wp-json\/wp\/v2\/pages"}],"about":[{"href":"https:\/\/naturelo.meco.lu\/fr\/wp-json\/wp\/v2\/types\/page"}],"author":[{"embeddable":true,"href":"https:\/\/naturelo.meco.lu\/fr\/wp-json\/wp\/v2\/users\/10"}],"replies":[{"embeddable":true,"href":"https:\/\/naturelo.meco.lu\/fr\/wp-json\/wp\/v2\/comments?post=6643"}],"version-history":[{"count":6,"href":"https:\/\/naturelo.meco.lu\/fr\/wp-json\/wp\/v2\/pages\/6643\/revisions"}],"predecessor-version":[{"id":6716,"href":"https:\/\/naturelo.meco.lu\/fr\/wp-json\/wp\/v2\/pages\/6643\/revisions\/6716"}],"wp:attachment":[{"href":"https:\/\/naturelo.meco.lu\/fr\/wp-json\/wp\/v2\/media?parent=6643"}],"curies":[{"name":"wp","href":"https:\/\/api.w.org\/{rel}","templated":true}]}}