{"id":663,"date":"2020-03-25T15:04:34","date_gmt":"2020-03-25T14:04:34","guid":{"rendered":"http:\/\/natur.meco.lu\/a-voller-blei\/lektuere-bienensterben-und-bienenschutz\/"},"modified":"2020-04-28T13:55:26","modified_gmt":"2020-04-28T11:55:26","slug":"lektuere-bienensterben-und-bienenschutz","status":"publish","type":"page","link":"https:\/\/naturelo.meco.lu\/fr\/a-voller-blei\/lektuere-bienensterben-und-bienenschutz\/","title":{"rendered":"Lecture : La mort des abeilles et leur protection"},"content":{"rendered":"<div class=\"pf-content\"><h2><span style=\"color: #000000\">Lecture : La mort des abeilles et leur protection<\/span><\/h2>\n<p>&nbsp;<\/p>\n<h3><strong>S\u00e9lection d\u2019articles sur le sujet\u00a0: <\/strong><\/h3>\n<ul>\n<li>(DE) <a href=\"http:\/\/www.meco.lu\/wp-content\/uploads\/2014\/05\/Wildbienen-die-untersch%C3%A4tzten-Best%C3%A4uber-unser-Landschaft.pdf\" target=\"_blank\" rel=\"noopener noreferrer\">Eis Beien a Bommele brauchen H\u00ebllef \u2013 Wildbienen, die untersch\u00e4tzten Best\u00e4uber unserer Landschaft.<\/a> Commentaires des syndicats de protection de la nature et des organisations environnementales luxembourgeoises. Mai 2014.<\/li>\n<li style=\"text-align: left\">(DE) Sur le site internet <a href=\"https:\/\/www.nabu.de\/tiere-und-pflanzen\/insekten-und-spinnen\/hautfluegler\/bienen\/index.html)\" target=\"_blank\" rel=\"noopener noreferrer\"><strong>Nabu <\/strong><\/a>(Naturschutzbund Deutschland) vous trouvez beaucoup d\u2019informations int\u00e9ressantes et actuelles sur les abeilles.<\/li>\n<\/ul>\n<ul style=\"text-align: left\">\n<li>(DE) L\u2018action \u00ab\u00a0Wildbienen\u00a0\u00bb du<a href=\"http:\/\/www.bund.net\/themen_und_projekte\/aktion_wildbienen\/\" target=\"_blank\" rel=\"noopener noreferrer\"><strong> BUND<\/strong><\/a>: \u00ab\u00a0Kleine Tierchen mit gro\u03b2er Wirkung\u00a0\u00bb: \u00a0(Bund f\u00fcr Umwelt und Naturschutz Deutschland\u200e).<\/li>\n<\/ul>\n<ul>\n<li style=\"text-align: left\">(EN) Dans leur <a href=\"https:\/\/ipbes.net\/assessment-reports\/pollinators\" target=\"_blank\" rel=\"noopener noreferrer\">\u00ab Assessment Report on Pollinators, Pollination and Food Production, 2016 \u00bb <\/a>\u00a0 la Intergovernmental Science-Policy Platform on Biodiversity and Ecosystem Services (IPBES) a analys\u00e9 et r\u00e9sum\u00e9 le statut des pollinisateurs en relation avec la production alimentaire sur 556 pages. Il existe \u00e9galement un r\u00e9sum\u00e9 de 40 pages en anglais et en fran\u00e7ais.<\/li>\n<\/ul>\n<p>&nbsp;<\/p>\n<h3><strong>Articles sur les abeilles et l&rsquo;agriculture : <\/strong><\/h3>\n<ul>\n<li>(EN) Bees and Agriculture &#8211; A vital alliance to be preserved &#8211; <a href=\"https:\/\/579f1725-49c5-4636-ac98-72d7d360ac5b.filesusr.com\/ugd\/8e8ea4_82a6e41153fd4956ae55dfd3193c341b.pdf\" target=\"_blank\" rel=\"noopener noreferrer\">Position paper.<\/a><\/li>\n<\/ul>\n<ul>\n<li>(EN) <a href=\"http:\/\/www.foe.org\/projects\/food-and-technology\/beeaction\" target=\"_blank\" rel=\"noopener noreferrer\">Dossier \u00ab Bee Action Campaign \u00bb <\/a>de Friends of the Earth U.S<a href=\"http:\/\/www.foe.org\/projects\/food-and-technology\/beeaction\" target=\"_blank\" rel=\"noopener noreferrer\">.<\/a><\/li>\n<li>(DE) <a href=\"http:\/\/www.focus.de\/wissen\/diverses\/agrar-rueckgang-der-bestaeuber-bedroht-nahrungsversorgung-weltweit_id_5317166.html\" target=\"_blank\" rel=\"noopener noreferrer\">Article sur le \u00ab\u00a0d\u00e9clin des pollinisateurs\u00a0\u00bb<\/a>, publi\u00e9 dans \u00a0FOCUS<\/li>\n<li>(FR) Article sur la pollinisation, publi\u00e9 sur Sciences et Avenir : <a href=\"http:\/\/www.sciencesetavenir.fr\/animaux\/biodiversite\/20160226.OBS5355\/avec-la-disparition-des-pollinisateurs-c-est-l-alimentation-de-millions-de-personnes-qui-est-menacee.html\" target=\"_blank\" rel=\"noopener noreferrer\">\u00ab Avec la disparition des pollinisateurs, c\u2019est l\u2019alimentation de millions de personnes qui est menac\u00e9e\u00bb<\/a><\/li>\n<\/ul>\n<p>&nbsp;<\/p>\n<h3><strong>Autres plates-formes sur le th\u00e8me des abeilles et des pollinisateurs : <\/strong><\/h3>\n<ul>\n<li><a href=\"https:\/\/www.mellifera.de\/initiativen\/\" target=\"_blank\" rel=\"noopener noreferrer\">Verein Mellifera<\/a> (DE)<\/li>\n<\/ul>\n<ul>\n<li><a href=\"https:\/\/www.bee-life.eu\/\" target=\"_blank\" rel=\"noopener noreferrer\">EU NGO BeeLife<\/a> (EN &amp; FR)<\/li>\n<\/ul>\n<p>&nbsp;<\/p>\n<p>De nombreuses publications peuvent \u00e9galement \u00eatre emprunt\u00e9es \u00e0 la m\u00e9diath\u00e8que de l&rsquo;Oekozenter Pafendall sur: <a href=\"http:\/\/www.oekobib.lu\" target=\"_blank\" rel=\"noopener noreferrer\">www.oekobib.lu<\/a><\/p>\n<p>&nbsp;<\/p>\n<\/div>","protected":false},"excerpt":{"rendered":"<p>Lecture : La mort des abeilles et leur protection &nbsp; S\u00e9lection d\u2019articles sur le sujet\u00a0: (DE) Eis Beien a Bommele brauchen H\u00ebllef \u2013 Wildbienen, die untersch\u00e4tzten Best\u00e4uber unserer Landschaft. Commentaires des syndicats de protection de la nature et des organisations environnementales luxembourgeoises. Mai 2014. (DE) Sur le site internet Nabu (Naturschutzbund Deutschland) vous trouvez beaucoup [&hellip;]<\/p>\n","protected":false},"author":10,"featured_media":0,"parent":646,"menu_order":0,"comment_status":"closed","ping_status":"closed","template":"","meta":{"_acf_changed":false,"footnotes":""},"class_list":["post-663","page","type-page","status-publish","hentry"],"acf":[],"yoast_head":"<!-- This site is optimized with the Yoast SEO plugin v27.2 - https:\/\/yoast.com\/product\/yoast-seo-wordpress\/ -->\n<title>Lecture : La mort des abeilles et leur protection - Natur<\/title>\n<meta name=\"robots\" content=\"noindex, follow, max-snippet:-1, max-image-preview:large, max-video-preview:-1\" \/>\n<meta property=\"og:locale\" content=\"fr_FR\" \/>\n<meta property=\"og:type\" content=\"article\" \/>\n<meta property=\"og:title\" content=\"Lecture : La mort des abeilles et leur protection - Natur\" \/>\n<meta property=\"og:description\" content=\"Lecture : La mort des abeilles et leur protection &nbsp; S\u00e9lection d\u2019articles sur le sujet\u00a0: (DE) Eis Beien a Bommele brauchen H\u00ebllef \u2013 Wildbienen, die untersch\u00e4tzten Best\u00e4uber unserer Landschaft. Commentaires des syndicats de protection de la nature et des organisations environnementales luxembourgeoises. Mai 2014. (DE) Sur le site internet Nabu (Naturschutzbund Deutschland) vous trouvez beaucoup [&hellip;]\" \/>\n<meta property=\"og:url\" content=\"https:\/\/naturelo.meco.lu\/fr\/a-voller-blei\/lektuere-bienensterben-und-bienenschutz\/\" \/>\n<meta property=\"og:site_name\" content=\"Natur\" \/>\n<meta property=\"article:modified_time\" content=\"2020-04-28T11:55:26+00:00\" \/>\n<meta name=\"twitter:card\" content=\"summary_large_image\" \/>\n<meta name=\"twitter:label1\" content=\"Dur\u00e9e de lecture estim\u00e9e\" \/>\n\t<meta name=\"twitter:data1\" content=\"1 minute\" \/>\n<script type=\"application\/ld+json\" class=\"yoast-schema-graph\">{\"@context\":\"https:\/\/schema.org\",\"@graph\":[{\"@type\":\"WebPage\",\"@id\":\"https:\/\/naturelo.meco.lu\/fr\/a-voller-blei\/lektuere-bienensterben-und-bienenschutz\/\",\"url\":\"https:\/\/naturelo.meco.lu\/fr\/a-voller-blei\/lektuere-bienensterben-und-bienenschutz\/\",\"name\":\"Lecture : La mort des abeilles et leur protection - Natur\",\"isPartOf\":{\"@id\":\"https:\/\/naturelo.meco.lu\/#website\"},\"datePublished\":\"2020-03-25T14:04:34+00:00\",\"dateModified\":\"2020-04-28T11:55:26+00:00\",\"breadcrumb\":{\"@id\":\"https:\/\/naturelo.meco.lu\/fr\/a-voller-blei\/lektuere-bienensterben-und-bienenschutz\/#breadcrumb\"},\"inLanguage\":\"fr-FR\",\"potentialAction\":[{\"@type\":\"ReadAction\",\"target\":[\"https:\/\/naturelo.meco.lu\/fr\/a-voller-blei\/lektuere-bienensterben-und-bienenschutz\/\"]}]},{\"@type\":\"BreadcrumbList\",\"@id\":\"https:\/\/naturelo.meco.lu\/fr\/a-voller-blei\/lektuere-bienensterben-und-bienenschutz\/#breadcrumb\",\"itemListElement\":[{\"@type\":\"ListItem\",\"position\":1,\"name\":\"Home\",\"item\":\"https:\/\/naturelo.meco.lu\/fr\/\"},{\"@type\":\"ListItem\",\"position\":2,\"name\":\"En pleine floraison\",\"item\":\"https:\/\/naturelo.meco.lu\/fr\/a-voller-blei\/\"},{\"@type\":\"ListItem\",\"position\":3,\"name\":\"Lecture : La mort des abeilles et leur protection\"}]},{\"@type\":\"WebSite\",\"@id\":\"https:\/\/naturelo.meco.lu\/#website\",\"url\":\"https:\/\/naturelo.meco.lu\/\",\"name\":\"Natur\",\"description\":\"Eine weitere Mouvement \u00e9cologique Global Website\",\"potentialAction\":[{\"@type\":\"SearchAction\",\"target\":{\"@type\":\"EntryPoint\",\"urlTemplate\":\"https:\/\/naturelo.meco.lu\/?s={search_term_string}\"},\"query-input\":{\"@type\":\"PropertyValueSpecification\",\"valueRequired\":true,\"valueName\":\"search_term_string\"}}],\"inLanguage\":\"fr-FR\"}]}<\/script>\n<!-- \/ Yoast SEO plugin. -->","yoast_head_json":{"title":"Lecture : La mort des abeilles et leur protection - Natur","robots":{"index":"noindex","follow":"follow","max-snippet":"max-snippet:-1","max-image-preview":"max-image-preview:large","max-video-preview":"max-video-preview:-1"},"og_locale":"fr_FR","og_type":"article","og_title":"Lecture : La mort des abeilles et leur protection - Natur","og_description":"Lecture : La mort des abeilles et leur protection &nbsp; S\u00e9lection d\u2019articles sur le sujet\u00a0: (DE) Eis Beien a Bommele brauchen H\u00ebllef \u2013 Wildbienen, die untersch\u00e4tzten Best\u00e4uber unserer Landschaft. Commentaires des syndicats de protection de la nature et des organisations environnementales luxembourgeoises. Mai 2014. (DE) Sur le site internet Nabu (Naturschutzbund Deutschland) vous trouvez beaucoup [&hellip;]","og_url":"https:\/\/naturelo.meco.lu\/fr\/a-voller-blei\/lektuere-bienensterben-und-bienenschutz\/","og_site_name":"Natur","article_modified_time":"2020-04-28T11:55:26+00:00","twitter_card":"summary_large_image","twitter_misc":{"Dur\u00e9e de lecture estim\u00e9e":"1 minute"},"schema":{"@context":"https:\/\/schema.org","@graph":[{"@type":"WebPage","@id":"https:\/\/naturelo.meco.lu\/fr\/a-voller-blei\/lektuere-bienensterben-und-bienenschutz\/","url":"https:\/\/naturelo.meco.lu\/fr\/a-voller-blei\/lektuere-bienensterben-und-bienenschutz\/","name":"Lecture : La mort des abeilles et leur protection - Natur","isPartOf":{"@id":"https:\/\/naturelo.meco.lu\/#website"},"datePublished":"2020-03-25T14:04:34+00:00","dateModified":"2020-04-28T11:55:26+00:00","breadcrumb":{"@id":"https:\/\/naturelo.meco.lu\/fr\/a-voller-blei\/lektuere-bienensterben-und-bienenschutz\/#breadcrumb"},"inLanguage":"fr-FR","potentialAction":[{"@type":"ReadAction","target":["https:\/\/naturelo.meco.lu\/fr\/a-voller-blei\/lektuere-bienensterben-und-bienenschutz\/"]}]},{"@type":"BreadcrumbList","@id":"https:\/\/naturelo.meco.lu\/fr\/a-voller-blei\/lektuere-bienensterben-und-bienenschutz\/#breadcrumb","itemListElement":[{"@type":"ListItem","position":1,"name":"Home","item":"https:\/\/naturelo.meco.lu\/fr\/"},{"@type":"ListItem","position":2,"name":"En pleine floraison","item":"https:\/\/naturelo.meco.lu\/fr\/a-voller-blei\/"},{"@type":"ListItem","position":3,"name":"Lecture : La mort des abeilles et leur protection"}]},{"@type":"WebSite","@id":"https:\/\/naturelo.meco.lu\/#website","url":"https:\/\/naturelo.meco.lu\/","name":"Natur","description":"Eine weitere Mouvement \u00e9cologique Global Website","potentialAction":[{"@type":"SearchAction","target":{"@type":"EntryPoint","urlTemplate":"https:\/\/naturelo.meco.lu\/?s={search_term_string}"},"query-input":{"@type":"PropertyValueSpecification","valueRequired":true,"valueName":"search_term_string"}}],"inLanguage":"fr-FR"}]}},"_links":{"self":[{"href":"https:\/\/naturelo.meco.lu\/fr\/wp-json\/wp\/v2\/pages\/663","targetHints":{"allow":["GET"]}}],"collection":[{"href":"https:\/\/naturelo.meco.lu\/fr\/wp-json\/wp\/v2\/pages"}],"about":[{"href":"https:\/\/naturelo.meco.lu\/fr\/wp-json\/wp\/v2\/types\/page"}],"author":[{"embeddable":true,"href":"https:\/\/naturelo.meco.lu\/fr\/wp-json\/wp\/v2\/users\/10"}],"replies":[{"embeddable":true,"href":"https:\/\/naturelo.meco.lu\/fr\/wp-json\/wp\/v2\/comments?post=663"}],"version-history":[{"count":6,"href":"https:\/\/naturelo.meco.lu\/fr\/wp-json\/wp\/v2\/pages\/663\/revisions"}],"predecessor-version":[{"id":1685,"href":"https:\/\/naturelo.meco.lu\/fr\/wp-json\/wp\/v2\/pages\/663\/revisions\/1685"}],"up":[{"embeddable":true,"href":"https:\/\/naturelo.meco.lu\/fr\/wp-json\/wp\/v2\/pages\/646"}],"wp:attachment":[{"href":"https:\/\/naturelo.meco.lu\/fr\/wp-json\/wp\/v2\/media?parent=663"}],"curies":[{"name":"wp","href":"https:\/\/api.w.org\/{rel}","templated":true}]}}