{"id":646,"date":"2020-03-18T10:54:23","date_gmt":"2020-03-18T09:54:23","guid":{"rendered":"http:\/\/natur.meco.lu\/a-voller-blei\/"},"modified":"2022-11-07T10:12:52","modified_gmt":"2022-11-07T09:12:52","slug":"a-voller-blei","status":"publish","type":"page","link":"https:\/\/naturelo.meco.lu\/fr\/a-voller-blei\/","title":{"rendered":"En pleine floraison"},"content":{"rendered":"<section class=\"wpb-content-wrapper\"><div class=\"pf-content\"><p>[vc_row][vc_column][vc_single_image image=\u00a0\u00bb1345&Prime; img_size=\u00a0\u00bbfull\u00a0\u00bb][vc_column_text]Vous souhaitez offrir aux abeilles et aux papillons de la nourriture et un habitat dans votre jardin ou sur votre balcon ?<\/p>\n<p>Alors vous \u00eates au bon endroit. Ici vous trouverez une <a href=\"https:\/\/naturelo.meco.lu\/fr\/projekt\/a-voller-blei\/stauden-kraeuter-blumenzwiebeln-und-gehoelze\/\">s\u00e9lection de plantes vivaces, d&rsquo;herbes de cuisine, de bulbes \u00e0 floraison pr\u00e9coce et de plantes ligneuses favorables aux pollinisateurs<\/a>, ainsi que des <a href=\"https:\/\/naturelo.meco.lu\/fr\/tipps\/gaerten\/\">conseils pour am\u00e9nager votre jardin et votre balcon de mani\u00e8re proche de la nature<\/a>.<\/p>\n<p><strong>Remarque :<\/strong> A partir de 2021, la campagne \u00ab\u00a0En pleine floraison\u00a0\u00bb n&rsquo;a malheureusement plus de magasins partenaires officielles. Toutefois, toutes les entreprises de jardinage et tous les vendeurs de plantes sont bien entendu invit\u00e9s \u00e0 s&rsquo;inspirer de nos listes de plantes.[\/vc_column_text][\/vc_column][\/vc_row][vc_row][vc_column width=\u00a0\u00bb2\/3&Prime;][vc_column_text]<u><b>Pourquoi cette campagne ?<\/b><\/u><\/p>\n<p><strong>Abeilles et papillons &#8211; animaux indispen\u00adsables aux \u00eatres humains !<br \/>\n<\/strong>75% des plantes cultiv\u00e9es pour nos besoins alimentaires (pommes, soja, caf\u00e9 e.a.) sont pollinis\u00e9es par des animaux (ma\u00adjoritairement des insectes). Sans pollinisation, ces plantes ne produisent pas de fruits et ne sont donc pas en mesure de se re\u00adproduire et se multiplier. Ce qui signifie que : sans pollinisateurs, nous devrions non seulement renoncer \u00e0 la beaut\u00e9 de la flore, mais \u00e9galement \u00e0 75% de nos cultures agricoles. La globalit\u00e9 de notre approvisionnement alimentaire serait ainsi remise en question !<\/p>\n<p><strong>Attaquer les raisons de leur d\u00e9clin!<br \/>\n<\/strong>Les pesticides utilis\u00e9s dans l\u2019agriculture et dans l\u2019horticulture, les monocultures dans l\u2019agriculture, les espaces verts sans fleurs &#8230; font que les pollinisateurs manquent de nourriture suffisante, tandis que le ph\u00e9nom\u00e8ne du mitage et de l\u2019expansion urbaine les privent d\u2019un espace vital suppl\u00e9mentaire. Ces 30 derni\u00e8res ann\u00e9es, nous avons ainsi perdu plus de 75% de notre masse d\u2019insectes. Il faut r\u00e9agir: par une autre politique agraire, plus de biodiversit\u00e9 dans nos espaces &#8230;<\/p>\n<p><strong>Comment pouvez-vous aider?<br \/>\n<\/strong>D\u00e8s l\u2019arriv\u00e9e du printemps, plantez des vivaces indig\u00e8nes qui attirent les pollinisateurs et qui fleurissent \u00e0 diff\u00e9rents moments de l\u2019ann\u00e9e. Ceci permet aux abeilles, papillons et autres insectes de trouver une nourriture abondante sur vos balcons et dans vos jardins tout au long de la saison.<\/p>\n<p><strong><img loading=\"lazy\" decoding=\"async\" class=\"alignleft wp-image-172\" src=\"http:\/\/naturelo.meco.lu\/wp-content\/uploads\/sites\/7\/2020\/03\/daum-rof.jpg\" alt=\"\" width=\"119\" height=\"123\" \/><\/strong><\/p>\n<p><strong>Important: <\/strong>dans votre propre int\u00e9r\u00eat et par amour pour les abeilles et l\u2019environnement, dites NON aux pesticides de synth\u00e8se (produits phytophar\u00admaceutiques) et aux engrais chimiques. Renoncez \u00e9gale\u00adment \u00e0 l\u2019emploi de tourbe dont l\u2019impact sur le climat et l\u2019envi\u00adronnement est tr\u00e8s n\u00e9gatif.<strong>\u00a0<\/strong><\/p>\n<p>&nbsp;<\/p>\n<p><strong><img loading=\"lazy\" decoding=\"async\" class=\"alignleft wp-image-175\" src=\"http:\/\/naturelo.meco.lu\/wp-content\/uploads\/sites\/7\/2020\/03\/daum-rop.jpg\" alt=\"\" width=\"123\" height=\"128\" \/><\/strong><\/p>\n<p><strong>Remarque:<\/strong> R\u00e9clamer activement, aupr\u00e8s des magasins et des jardiniers, des plantes qui proviennent d&rsquo;une production sans pesticides et du terreau sans tourbe. <strong>Par votre demande, vous contribuez \u00e0 augmenter l&rsquo;offre.<br \/>\n<\/strong>La beaut\u00e9 d\u2019un massif de plantes vivaces est un vrai plaisir pour l\u2019oeil humain et leur d\u00e9licieux nectar et pollen est un r\u00e9gal pour les insectes. Il faut n\u00e9anmoins un peu de patience avant de pouvoir con-templer le plein potentiel d\u2019un tel massif. Soyez rassur\u00e9s: votre patience sera r\u00e9compens\u00e9e !<\/p>\n<p><img loading=\"lazy\" decoding=\"async\" class=\"alignleft wp-image-1786\" src=\"http:\/\/naturelo.meco.lu\/wp-content\/uploads\/sites\/7\/2020\/04\/C-Claudine-Junck-naturnoe-Gaart-kleng-hp-300x201.jpg\" alt=\"\u00a9 Claudine Junck\" width=\"154\" height=\"103\" srcset=\"https:\/\/naturelo.meco.lu\/wp-content\/uploads\/sites\/7\/2020\/04\/C-Claudine-Junck-naturnoe-Gaart-kleng-hp-300x201.jpg 300w, https:\/\/naturelo.meco.lu\/wp-content\/uploads\/sites\/7\/2020\/04\/C-Claudine-Junck-naturnoe-Gaart-kleng-hp-768x515.jpg 768w, https:\/\/naturelo.meco.lu\/wp-content\/uploads\/sites\/7\/2020\/04\/C-Claudine-Junck-naturnoe-Gaart-kleng-hp.jpg 800w\" sizes=\"auto, (max-width: 154px) 100vw, 154px\" \/>Pour plus de conseils sur <b>l&rsquo;am\u00e9nagement d&rsquo;un jardin proche de la nature,<\/b> <a href=\"http:\/\/naturelo.meco.lu\/fr\/tipps\/gaerten\/\"><strong>cliquez ici<\/strong><\/a>.<\/p>\n<p>&nbsp;<\/p>\n<p>&nbsp;<\/p>\n<p>&nbsp;<\/p>\n<p><strong>Remarque<\/strong> : \u00e0 partir de 2021, l&rsquo;action \u00ab\u00a0En pleine floraison\u00a0\u00bb n&rsquo;aura malheureusement plus de magasins partenaires officiels. Mais toutes les jardineries et tous les vendeurs de plantes sont bien entendu toujours invit\u00e9s \u00e0 s&rsquo;inspirer de nos listes de plantes.[\/vc_column_text][\/vc_column][vc_column width=\u00a0\u00bb1\/3&Prime; el_class=\u00a0\u00bbgreenblock\u00a0\u00bb css=\u00a0\u00bb.vc_custom_1584537666109{background-color: #67cb33 !important;}\u00a0\u00bb][vc_column_text]<em>Sous les liens suivants, vous trouverez toutes les informations concernant l&rsquo;action :<\/em><\/p>\n<p><span style=\"text-decoration: underline\"><a href=\"https:\/\/naturelo.meco.lu\/fr\/a-voller-blei\/stauden-kraeuter-blumenzwiebeln-und-gehoelze\/\">Plantes vivaces, herbes aromatiques, bulbes de fleurs et arbustes<\/a><\/span><\/p>\n<p><a href=\"http:\/\/naturelo.meco.lu\/wp-content\/uploads\/sites\/7\/2020\/04\/Flyer-2020-online-version.pdf\" target=\"_blank\" rel=\"noopener noreferrer\"><span style=\"text-decoration: underline\">D\u00e9pliant de la campagne 2020 (pdf)<\/span><\/a><\/p>\n<p><a href=\"https:\/\/naturelo.meco.lu\/wp-content\/uploads\/sites\/7\/2020\/03\/Flyer_A_voller_Blei_2019_web.pdf\" target=\"_blank\" rel=\"noopener\">D\u00e9pliant de la campagne 2016-2019 (pdf)<\/a><\/p>\n<p><a href=\"https:\/\/naturelo.meco.lu\/fr\/a-voller-blei\/lektuere-bienensterben-und-bienenschutz\/\">La mort des abeilles et leur protection<\/a><\/p>\n<p><a href=\"http:\/\/naturelo.meco.lu\/fr\/tipps\/gaerten\/\" target=\"_blank\" rel=\"noopener noreferrer\">Am\u00e9nager votre jardin proche de l\u2019\u00e9tat naturel<\/a>[\/vc_column_text][\/vc_column][\/vc_row][vc_row][vc_column width=\u00a0\u00bb1\/3&Prime;][\/vc_column][\/vc_row]<\/p>\n<\/div><\/section>","protected":false},"excerpt":{"rendered":"<p>[vc_row][vc_column][vc_single_image image=\u00a0\u00bb1345&Prime; img_size=\u00a0\u00bbfull\u00a0\u00bb][vc_column_text]Vous souhaitez offrir aux abeilles et aux papillons de la nourriture et un habitat dans votre jardin ou sur votre balcon ? Alors vous \u00eates au bon endroit. Ici vous trouverez une s\u00e9lection de plantes vivaces, d&rsquo;herbes de cuisine, de bulbes \u00e0 floraison pr\u00e9coce et de plantes ligneuses favorables aux pollinisateurs, ainsi que [&hellip;]<\/p>\n","protected":false},"author":1,"featured_media":0,"parent":0,"menu_order":29,"comment_status":"closed","ping_status":"closed","template":"","meta":{"_acf_changed":false,"footnotes":""},"class_list":["post-646","page","type-page","status-publish","hentry"],"acf":[],"yoast_head":"<!-- This site is optimized with the Yoast SEO plugin v27.2 - https:\/\/yoast.com\/product\/yoast-seo-wordpress\/ -->\n<title>En pleine floraison - Natur<\/title>\n<meta name=\"robots\" content=\"noindex, follow, max-snippet:-1, max-image-preview:large, max-video-preview:-1\" \/>\n<meta property=\"og:locale\" content=\"fr_FR\" \/>\n<meta property=\"og:type\" content=\"article\" \/>\n<meta property=\"og:title\" content=\"En pleine floraison - Natur\" \/>\n<meta property=\"og:description\" content=\"[vc_row][vc_column][vc_single_image image=\u00a0\u00bb1345&Prime; img_size=\u00a0\u00bbfull\u00a0\u00bb][vc_column_text]Vous souhaitez offrir aux abeilles et aux papillons de la nourriture et un habitat dans votre jardin ou sur votre balcon ? Alors vous \u00eates au bon endroit. Ici vous trouverez une s\u00e9lection de plantes vivaces, d&rsquo;herbes de cuisine, de bulbes \u00e0 floraison pr\u00e9coce et de plantes ligneuses favorables aux pollinisateurs, ainsi que [&hellip;]\" \/>\n<meta property=\"og:url\" content=\"https:\/\/naturelo.meco.lu\/fr\/a-voller-blei\/\" \/>\n<meta property=\"og:site_name\" content=\"Natur\" \/>\n<meta property=\"article:modified_time\" content=\"2022-11-07T09:12:52+00:00\" \/>\n<meta property=\"og:image\" content=\"http:\/\/naturelo.meco.lu\/wp-content\/uploads\/sites\/7\/2020\/03\/daum-rof.jpg\" \/>\n<meta name=\"twitter:card\" content=\"summary_large_image\" \/>\n<meta name=\"twitter:label1\" content=\"Dur\u00e9e de lecture estim\u00e9e\" \/>\n\t<meta name=\"twitter:data1\" content=\"4 minutes\" \/>\n<script type=\"application\/ld+json\" class=\"yoast-schema-graph\">{\"@context\":\"https:\/\/schema.org\",\"@graph\":[{\"@type\":\"WebPage\",\"@id\":\"https:\/\/naturelo.meco.lu\/fr\/a-voller-blei\/\",\"url\":\"https:\/\/naturelo.meco.lu\/fr\/a-voller-blei\/\",\"name\":\"En pleine floraison - Natur\",\"isPartOf\":{\"@id\":\"https:\/\/naturelo.meco.lu\/#website\"},\"primaryImageOfPage\":{\"@id\":\"https:\/\/naturelo.meco.lu\/fr\/a-voller-blei\/#primaryimage\"},\"image\":{\"@id\":\"https:\/\/naturelo.meco.lu\/fr\/a-voller-blei\/#primaryimage\"},\"thumbnailUrl\":\"http:\/\/naturelo.meco.lu\/wp-content\/uploads\/sites\/7\/2020\/03\/daum-rof.jpg\",\"datePublished\":\"2020-03-18T09:54:23+00:00\",\"dateModified\":\"2022-11-07T09:12:52+00:00\",\"breadcrumb\":{\"@id\":\"https:\/\/naturelo.meco.lu\/fr\/a-voller-blei\/#breadcrumb\"},\"inLanguage\":\"fr-FR\",\"potentialAction\":[{\"@type\":\"ReadAction\",\"target\":[\"https:\/\/naturelo.meco.lu\/fr\/a-voller-blei\/\"]}]},{\"@type\":\"ImageObject\",\"inLanguage\":\"fr-FR\",\"@id\":\"https:\/\/naturelo.meco.lu\/fr\/a-voller-blei\/#primaryimage\",\"url\":\"http:\/\/naturelo.meco.lu\/wp-content\/uploads\/sites\/7\/2020\/03\/daum-rof.jpg\",\"contentUrl\":\"http:\/\/naturelo.meco.lu\/wp-content\/uploads\/sites\/7\/2020\/03\/daum-rof.jpg\"},{\"@type\":\"BreadcrumbList\",\"@id\":\"https:\/\/naturelo.meco.lu\/fr\/a-voller-blei\/#breadcrumb\",\"itemListElement\":[{\"@type\":\"ListItem\",\"position\":1,\"name\":\"Home\",\"item\":\"https:\/\/naturelo.meco.lu\/fr\/\"},{\"@type\":\"ListItem\",\"position\":2,\"name\":\"En pleine floraison\"}]},{\"@type\":\"WebSite\",\"@id\":\"https:\/\/naturelo.meco.lu\/#website\",\"url\":\"https:\/\/naturelo.meco.lu\/\",\"name\":\"Natur\",\"description\":\"Eine weitere Mouvement \u00e9cologique Global Website\",\"potentialAction\":[{\"@type\":\"SearchAction\",\"target\":{\"@type\":\"EntryPoint\",\"urlTemplate\":\"https:\/\/naturelo.meco.lu\/?s={search_term_string}\"},\"query-input\":{\"@type\":\"PropertyValueSpecification\",\"valueRequired\":true,\"valueName\":\"search_term_string\"}}],\"inLanguage\":\"fr-FR\"}]}<\/script>\n<!-- \/ Yoast SEO plugin. -->","yoast_head_json":{"title":"En pleine floraison - Natur","robots":{"index":"noindex","follow":"follow","max-snippet":"max-snippet:-1","max-image-preview":"max-image-preview:large","max-video-preview":"max-video-preview:-1"},"og_locale":"fr_FR","og_type":"article","og_title":"En pleine floraison - Natur","og_description":"[vc_row][vc_column][vc_single_image image=\u00a0\u00bb1345&Prime; img_size=\u00a0\u00bbfull\u00a0\u00bb][vc_column_text]Vous souhaitez offrir aux abeilles et aux papillons de la nourriture et un habitat dans votre jardin ou sur votre balcon ? Alors vous \u00eates au bon endroit. Ici vous trouverez une s\u00e9lection de plantes vivaces, d&rsquo;herbes de cuisine, de bulbes \u00e0 floraison pr\u00e9coce et de plantes ligneuses favorables aux pollinisateurs, ainsi que [&hellip;]","og_url":"https:\/\/naturelo.meco.lu\/fr\/a-voller-blei\/","og_site_name":"Natur","article_modified_time":"2022-11-07T09:12:52+00:00","og_image":[{"url":"http:\/\/naturelo.meco.lu\/wp-content\/uploads\/sites\/7\/2020\/03\/daum-rof.jpg","type":"","width":"","height":""}],"twitter_card":"summary_large_image","twitter_misc":{"Dur\u00e9e de lecture estim\u00e9e":"4 minutes"},"schema":{"@context":"https:\/\/schema.org","@graph":[{"@type":"WebPage","@id":"https:\/\/naturelo.meco.lu\/fr\/a-voller-blei\/","url":"https:\/\/naturelo.meco.lu\/fr\/a-voller-blei\/","name":"En pleine floraison - Natur","isPartOf":{"@id":"https:\/\/naturelo.meco.lu\/#website"},"primaryImageOfPage":{"@id":"https:\/\/naturelo.meco.lu\/fr\/a-voller-blei\/#primaryimage"},"image":{"@id":"https:\/\/naturelo.meco.lu\/fr\/a-voller-blei\/#primaryimage"},"thumbnailUrl":"http:\/\/naturelo.meco.lu\/wp-content\/uploads\/sites\/7\/2020\/03\/daum-rof.jpg","datePublished":"2020-03-18T09:54:23+00:00","dateModified":"2022-11-07T09:12:52+00:00","breadcrumb":{"@id":"https:\/\/naturelo.meco.lu\/fr\/a-voller-blei\/#breadcrumb"},"inLanguage":"fr-FR","potentialAction":[{"@type":"ReadAction","target":["https:\/\/naturelo.meco.lu\/fr\/a-voller-blei\/"]}]},{"@type":"ImageObject","inLanguage":"fr-FR","@id":"https:\/\/naturelo.meco.lu\/fr\/a-voller-blei\/#primaryimage","url":"http:\/\/naturelo.meco.lu\/wp-content\/uploads\/sites\/7\/2020\/03\/daum-rof.jpg","contentUrl":"http:\/\/naturelo.meco.lu\/wp-content\/uploads\/sites\/7\/2020\/03\/daum-rof.jpg"},{"@type":"BreadcrumbList","@id":"https:\/\/naturelo.meco.lu\/fr\/a-voller-blei\/#breadcrumb","itemListElement":[{"@type":"ListItem","position":1,"name":"Home","item":"https:\/\/naturelo.meco.lu\/fr\/"},{"@type":"ListItem","position":2,"name":"En pleine floraison"}]},{"@type":"WebSite","@id":"https:\/\/naturelo.meco.lu\/#website","url":"https:\/\/naturelo.meco.lu\/","name":"Natur","description":"Eine weitere Mouvement \u00e9cologique Global Website","potentialAction":[{"@type":"SearchAction","target":{"@type":"EntryPoint","urlTemplate":"https:\/\/naturelo.meco.lu\/?s={search_term_string}"},"query-input":{"@type":"PropertyValueSpecification","valueRequired":true,"valueName":"search_term_string"}}],"inLanguage":"fr-FR"}]}},"_links":{"self":[{"href":"https:\/\/naturelo.meco.lu\/fr\/wp-json\/wp\/v2\/pages\/646","targetHints":{"allow":["GET"]}}],"collection":[{"href":"https:\/\/naturelo.meco.lu\/fr\/wp-json\/wp\/v2\/pages"}],"about":[{"href":"https:\/\/naturelo.meco.lu\/fr\/wp-json\/wp\/v2\/types\/page"}],"author":[{"embeddable":true,"href":"https:\/\/naturelo.meco.lu\/fr\/wp-json\/wp\/v2\/users\/1"}],"replies":[{"embeddable":true,"href":"https:\/\/naturelo.meco.lu\/fr\/wp-json\/wp\/v2\/comments?post=646"}],"version-history":[{"count":6,"href":"https:\/\/naturelo.meco.lu\/fr\/wp-json\/wp\/v2\/pages\/646\/revisions"}],"predecessor-version":[{"id":7402,"href":"https:\/\/naturelo.meco.lu\/fr\/wp-json\/wp\/v2\/pages\/646\/revisions\/7402"}],"wp:attachment":[{"href":"https:\/\/naturelo.meco.lu\/fr\/wp-json\/wp\/v2\/media?parent=646"}],"curies":[{"name":"wp","href":"https:\/\/api.w.org\/{rel}","templated":true}]}}