{"id":5516,"date":"2021-06-14T17:31:10","date_gmt":"2021-06-14T15:31:10","guid":{"rendered":"https:\/\/naturelo.meco.lu\/schleifer-maacht-mat\/"},"modified":"2022-09-09T14:29:43","modified_gmt":"2022-09-09T12:29:43","slug":"schl%c3%a9ifer-maacht-mat","status":"publish","type":"page","link":"https:\/\/naturelo.meco.lu\/fr\/schl%c3%a9ifer-maacht-mat\/","title":{"rendered":"Aktioun Schl\u00e9ifer &#8211; Participez \u00e0 l&rsquo;action"},"content":{"rendered":"<div class=\"pf-content\"><h2><span style=\"color: #99cc00\">Paticipez \u00e0 l&rsquo;action ! <\/span><span style=\"color: #99cc00\">Signalez-nous vos observations via iNaturalist !<\/span><\/h2>\n<h3><strong>Comment participer ?<\/strong><\/h3>\n<p>Signalez-nous vos oberservations de glirid\u00e9s ! Vous pouvez nous informer de deux mani\u00e8res :<\/p>\n<p style=\"padding-left: 40px\"><strong>1)<\/strong> Au moyen de votre Smartphone via l&rsquo;application iNaturalist OU par le biais du site internet: <a href=\"https:\/\/www.inaturalist.org\/projects\/aktioun-schleifer\" target=\"_blank\" rel=\"noopener\">iNaturalist.lu<\/a><\/p>\n<p style=\"padding-left: 40px\"><strong><a href=\"https:\/\/naturelo.meco.lu\/wp-content\/uploads\/sites\/7\/2021\/06\/Anleitung-iNaturalist-Schleifer_2021.pdf\" target=\"_blank\" rel=\"noopener\">Des instructions en images sur comment utiliser l&rsquo;application et le site de iNaturalits.LU sont disponibles ici<\/a><\/strong>.<\/p>\n<p style=\"padding-left: 40px\"><a href=\"https:\/\/www.inaturalist.org\/projects\/aktioun-schleifer\" target=\"_blank\" rel=\"noopener\"><img loading=\"lazy\" decoding=\"async\" class=\"alignleft wp-image-5300\" src=\"http:\/\/naturelo.meco.lu\/wp-content\/uploads\/sites\/7\/2021\/06\/iNaturalistLU-Identity-300x45.png\" alt=\"\" width=\"293\" height=\"44\" srcset=\"https:\/\/naturelo.meco.lu\/wp-content\/uploads\/sites\/7\/2021\/06\/iNaturalistLU-Identity-300x45.png 300w, https:\/\/naturelo.meco.lu\/wp-content\/uploads\/sites\/7\/2021\/06\/iNaturalistLU-Identity-1024x154.png 1024w, https:\/\/naturelo.meco.lu\/wp-content\/uploads\/sites\/7\/2021\/06\/iNaturalistLU-Identity-768x116.png 768w, https:\/\/naturelo.meco.lu\/wp-content\/uploads\/sites\/7\/2021\/06\/iNaturalistLU-Identity-1536x231.png 1536w, https:\/\/naturelo.meco.lu\/wp-content\/uploads\/sites\/7\/2021\/06\/iNaturalistLU-Identity.png 2000w\" sizes=\"auto, (max-width: 293px) 100vw, 293px\" \/><\/a><\/p>\n<p>&nbsp;<\/p>\n<p>&nbsp;<\/p>\n<p style=\"padding-left: 40px\"><strong>2) OU<\/strong> en envoyant un courrier \u00e9lexctronique \u00e0 l&rsquo;adresse: natur@oeko.lu avec les donn\u00e9es exactes de vos oberservations (coordonn\u00e9es g\u00e9ographiques, dates) ou encore en t\u00e9l\u00e9phonant au no: 439030-1 (nous prondrons note de vos donn\u00e9es).<\/p>\n<p>Vos observations feront l\u2019objet d\u2019une analyse approfondie et permettront ainsi de r\u00e9aliser un inventaire des populations de glirid\u00e9s qui existent au Luxembourg. Mais attention: si le <em>Schl\u00e9ifer<\/em> se sent harcel\u00e9, il prend la fuite et a tendance \u00e0 ne plus r\u00e9appara\u00eetre. Soyez donc tr\u00e8s prudents et \u00e9vitez de le d\u00e9ranger uniquement pour le prendre en photo.<\/p>\n<h4><strong><u>Suivez l\u2019avancement du projet!<\/u><\/strong><\/h4>\n<p>Via le site iNaturalist \u00ab\u00a0Projet Action <em>Schl\u00e9ifer<\/em>\u00a0\u00bb, vous pouvez suivre en direct les observations qui sont faites et les localit\u00e9s qui sont rapport\u00e9es dans le cadre du tra\u00e7age des populations. Les analyses r\u00e9alis\u00e9es seront pr\u00e9sent\u00e9es dans les pages du magazine <em>K\u00e9isecker-Info<\/em> destin\u00e9 aux membres du Mouvement \u00c9cologique, et elles seront \u00e9galement disponibles sur <a href=\"http:\/\/www.naturelo.meco.lu\">www.naturelo.meco.lu<\/a>.<\/p>\n<h4><u><strong>ATTENTION!<\/strong> <\/u><\/h4>\n<p>Les l\u00e9rots, les loirs gris et les muscardins sont des animaux sauvages qui vivent en pleine nature et qui sont prot\u00e9g\u00e9s par la loi de protection de la nature. Il est par cons\u00e9quent indiqu\u00e9 de ne pas toucher, capturer ou chasser inutilement ces animaux (par ex. pour les prendre en photo). \u00a0Les glirid\u00e9s ont la particularit\u00e9 de laisser tomber leur queue si on touche la pointe. Comme elle ne repousse pas, il est crucial de ne jamais prendre un <em>Schl\u00e9ifer<\/em> par sa queue!<br \/>\nEn cas de d\u00e9couverte d\u2019un animal bless\u00e9, le mieux est de contacter le \u00ab\u00a0Centre de soins pour la faune sauvage\u00a0\u00bb \u00e0 Dudelange, ou bien un des centres r\u00e9gionaux \u00ab\u00a0drop-off\u00a0\u00bb.<\/p>\n<p><a href=\"https:\/\/naturelo.meco.lu\/projekt\/aktioun-schleifer\/\"><strong>-&gt; <\/strong><\/a><a href=\"https:\/\/naturelo.meco.lu\/fr\/projets\/aktioun-schleifer\/\"><strong>Retour \u00e0 la <\/strong><strong>page <\/strong><strong>du projet<\/strong><\/a><\/p>\n<\/div>","protected":false},"excerpt":{"rendered":"<p>Paticipez \u00e0 l&rsquo;action ! Signalez-nous vos observations via iNaturalist ! Comment participer ? Signalez-nous vos oberservations de glirid\u00e9s ! Vous pouvez nous informer de deux mani\u00e8res : 1) Au moyen de votre Smartphone via l&rsquo;application iNaturalist OU par le biais du site internet: iNaturalist.lu Des instructions en images sur comment utiliser l&rsquo;application et le site [&hellip;]<\/p>\n","protected":false},"author":10,"featured_media":0,"parent":0,"menu_order":10,"comment_status":"closed","ping_status":"closed","template":"","meta":{"_acf_changed":false,"footnotes":""},"class_list":["post-5516","page","type-page","status-publish","hentry"],"acf":[],"yoast_head":"<!-- This site is optimized with the Yoast SEO plugin v27.2 - https:\/\/yoast.com\/product\/yoast-seo-wordpress\/ -->\n<title>Aktioun Schl\u00e9ifer - Participez \u00e0 l&#039;action - Natur<\/title>\n<meta name=\"robots\" content=\"noindex, follow, max-snippet:-1, max-image-preview:large, max-video-preview:-1\" \/>\n<meta property=\"og:locale\" content=\"fr_FR\" \/>\n<meta property=\"og:type\" content=\"article\" \/>\n<meta property=\"og:title\" content=\"Aktioun Schl\u00e9ifer - Participez \u00e0 l&#039;action - Natur\" \/>\n<meta property=\"og:description\" content=\"Paticipez \u00e0 l&rsquo;action ! Signalez-nous vos observations via iNaturalist ! Comment participer ? Signalez-nous vos oberservations de glirid\u00e9s ! Vous pouvez nous informer de deux mani\u00e8res : 1) Au moyen de votre Smartphone via l&rsquo;application iNaturalist OU par le biais du site internet: iNaturalist.lu Des instructions en images sur comment utiliser l&rsquo;application et le site [&hellip;]\" \/>\n<meta property=\"og:url\" content=\"https:\/\/naturelo.meco.lu\/fr\/schl\u00e9ifer-maacht-mat\/\" \/>\n<meta property=\"og:site_name\" content=\"Natur\" \/>\n<meta property=\"article:modified_time\" content=\"2022-09-09T12:29:43+00:00\" \/>\n<meta property=\"og:image\" content=\"http:\/\/naturelo.meco.lu\/wp-content\/uploads\/sites\/7\/2021\/06\/iNaturalistLU-Identity-300x45.png\" \/>\n<meta name=\"twitter:card\" content=\"summary_large_image\" \/>\n<meta name=\"twitter:label1\" content=\"Dur\u00e9e de lecture estim\u00e9e\" \/>\n\t<meta name=\"twitter:data1\" content=\"2 minutes\" \/>\n<script type=\"application\/ld+json\" class=\"yoast-schema-graph\">{\"@context\":\"https:\/\/schema.org\",\"@graph\":[{\"@type\":\"WebPage\",\"@id\":\"https:\/\/naturelo.meco.lu\/fr\/schl%c3%a9ifer-maacht-mat\/\",\"url\":\"https:\/\/naturelo.meco.lu\/fr\/schl%c3%a9ifer-maacht-mat\/\",\"name\":\"Aktioun Schl\u00e9ifer - Participez \u00e0 l'action - Natur\",\"isPartOf\":{\"@id\":\"https:\/\/naturelo.meco.lu\/#website\"},\"primaryImageOfPage\":{\"@id\":\"https:\/\/naturelo.meco.lu\/fr\/schl%c3%a9ifer-maacht-mat\/#primaryimage\"},\"image\":{\"@id\":\"https:\/\/naturelo.meco.lu\/fr\/schl%c3%a9ifer-maacht-mat\/#primaryimage\"},\"thumbnailUrl\":\"http:\/\/naturelo.meco.lu\/wp-content\/uploads\/sites\/7\/2021\/06\/iNaturalistLU-Identity-300x45.png\",\"datePublished\":\"2021-06-14T15:31:10+00:00\",\"dateModified\":\"2022-09-09T12:29:43+00:00\",\"breadcrumb\":{\"@id\":\"https:\/\/naturelo.meco.lu\/fr\/schl%c3%a9ifer-maacht-mat\/#breadcrumb\"},\"inLanguage\":\"fr-FR\",\"potentialAction\":[{\"@type\":\"ReadAction\",\"target\":[\"https:\/\/naturelo.meco.lu\/fr\/schl%c3%a9ifer-maacht-mat\/\"]}]},{\"@type\":\"ImageObject\",\"inLanguage\":\"fr-FR\",\"@id\":\"https:\/\/naturelo.meco.lu\/fr\/schl%c3%a9ifer-maacht-mat\/#primaryimage\",\"url\":\"http:\/\/naturelo.meco.lu\/wp-content\/uploads\/sites\/7\/2021\/06\/iNaturalistLU-Identity-300x45.png\",\"contentUrl\":\"http:\/\/naturelo.meco.lu\/wp-content\/uploads\/sites\/7\/2021\/06\/iNaturalistLU-Identity-300x45.png\"},{\"@type\":\"BreadcrumbList\",\"@id\":\"https:\/\/naturelo.meco.lu\/fr\/schl%c3%a9ifer-maacht-mat\/#breadcrumb\",\"itemListElement\":[{\"@type\":\"ListItem\",\"position\":1,\"name\":\"Home\",\"item\":\"https:\/\/naturelo.meco.lu\/fr\/\"},{\"@type\":\"ListItem\",\"position\":2,\"name\":\"Aktioun Schl\u00e9ifer &#8211; Participez \u00e0 l&rsquo;action\"}]},{\"@type\":\"WebSite\",\"@id\":\"https:\/\/naturelo.meco.lu\/#website\",\"url\":\"https:\/\/naturelo.meco.lu\/\",\"name\":\"Natur\",\"description\":\"Eine weitere Mouvement \u00e9cologique Global Website\",\"potentialAction\":[{\"@type\":\"SearchAction\",\"target\":{\"@type\":\"EntryPoint\",\"urlTemplate\":\"https:\/\/naturelo.meco.lu\/?s={search_term_string}\"},\"query-input\":{\"@type\":\"PropertyValueSpecification\",\"valueRequired\":true,\"valueName\":\"search_term_string\"}}],\"inLanguage\":\"fr-FR\"}]}<\/script>\n<!-- \/ Yoast SEO plugin. -->","yoast_head_json":{"title":"Aktioun Schl\u00e9ifer - Participez \u00e0 l'action - Natur","robots":{"index":"noindex","follow":"follow","max-snippet":"max-snippet:-1","max-image-preview":"max-image-preview:large","max-video-preview":"max-video-preview:-1"},"og_locale":"fr_FR","og_type":"article","og_title":"Aktioun Schl\u00e9ifer - Participez \u00e0 l'action - Natur","og_description":"Paticipez \u00e0 l&rsquo;action ! Signalez-nous vos observations via iNaturalist ! Comment participer ? Signalez-nous vos oberservations de glirid\u00e9s ! Vous pouvez nous informer de deux mani\u00e8res : 1) Au moyen de votre Smartphone via l&rsquo;application iNaturalist OU par le biais du site internet: iNaturalist.lu Des instructions en images sur comment utiliser l&rsquo;application et le site [&hellip;]","og_url":"https:\/\/naturelo.meco.lu\/fr\/schl\u00e9ifer-maacht-mat\/","og_site_name":"Natur","article_modified_time":"2022-09-09T12:29:43+00:00","og_image":[{"url":"http:\/\/naturelo.meco.lu\/wp-content\/uploads\/sites\/7\/2021\/06\/iNaturalistLU-Identity-300x45.png","type":"","width":"","height":""}],"twitter_card":"summary_large_image","twitter_misc":{"Dur\u00e9e de lecture estim\u00e9e":"2 minutes"},"schema":{"@context":"https:\/\/schema.org","@graph":[{"@type":"WebPage","@id":"https:\/\/naturelo.meco.lu\/fr\/schl%c3%a9ifer-maacht-mat\/","url":"https:\/\/naturelo.meco.lu\/fr\/schl%c3%a9ifer-maacht-mat\/","name":"Aktioun Schl\u00e9ifer - Participez \u00e0 l'action - Natur","isPartOf":{"@id":"https:\/\/naturelo.meco.lu\/#website"},"primaryImageOfPage":{"@id":"https:\/\/naturelo.meco.lu\/fr\/schl%c3%a9ifer-maacht-mat\/#primaryimage"},"image":{"@id":"https:\/\/naturelo.meco.lu\/fr\/schl%c3%a9ifer-maacht-mat\/#primaryimage"},"thumbnailUrl":"http:\/\/naturelo.meco.lu\/wp-content\/uploads\/sites\/7\/2021\/06\/iNaturalistLU-Identity-300x45.png","datePublished":"2021-06-14T15:31:10+00:00","dateModified":"2022-09-09T12:29:43+00:00","breadcrumb":{"@id":"https:\/\/naturelo.meco.lu\/fr\/schl%c3%a9ifer-maacht-mat\/#breadcrumb"},"inLanguage":"fr-FR","potentialAction":[{"@type":"ReadAction","target":["https:\/\/naturelo.meco.lu\/fr\/schl%c3%a9ifer-maacht-mat\/"]}]},{"@type":"ImageObject","inLanguage":"fr-FR","@id":"https:\/\/naturelo.meco.lu\/fr\/schl%c3%a9ifer-maacht-mat\/#primaryimage","url":"http:\/\/naturelo.meco.lu\/wp-content\/uploads\/sites\/7\/2021\/06\/iNaturalistLU-Identity-300x45.png","contentUrl":"http:\/\/naturelo.meco.lu\/wp-content\/uploads\/sites\/7\/2021\/06\/iNaturalistLU-Identity-300x45.png"},{"@type":"BreadcrumbList","@id":"https:\/\/naturelo.meco.lu\/fr\/schl%c3%a9ifer-maacht-mat\/#breadcrumb","itemListElement":[{"@type":"ListItem","position":1,"name":"Home","item":"https:\/\/naturelo.meco.lu\/fr\/"},{"@type":"ListItem","position":2,"name":"Aktioun Schl\u00e9ifer &#8211; Participez \u00e0 l&rsquo;action"}]},{"@type":"WebSite","@id":"https:\/\/naturelo.meco.lu\/#website","url":"https:\/\/naturelo.meco.lu\/","name":"Natur","description":"Eine weitere Mouvement \u00e9cologique Global Website","potentialAction":[{"@type":"SearchAction","target":{"@type":"EntryPoint","urlTemplate":"https:\/\/naturelo.meco.lu\/?s={search_term_string}"},"query-input":{"@type":"PropertyValueSpecification","valueRequired":true,"valueName":"search_term_string"}}],"inLanguage":"fr-FR"}]}},"_links":{"self":[{"href":"https:\/\/naturelo.meco.lu\/fr\/wp-json\/wp\/v2\/pages\/5516","targetHints":{"allow":["GET"]}}],"collection":[{"href":"https:\/\/naturelo.meco.lu\/fr\/wp-json\/wp\/v2\/pages"}],"about":[{"href":"https:\/\/naturelo.meco.lu\/fr\/wp-json\/wp\/v2\/types\/page"}],"author":[{"embeddable":true,"href":"https:\/\/naturelo.meco.lu\/fr\/wp-json\/wp\/v2\/users\/10"}],"replies":[{"embeddable":true,"href":"https:\/\/naturelo.meco.lu\/fr\/wp-json\/wp\/v2\/comments?post=5516"}],"version-history":[{"count":6,"href":"https:\/\/naturelo.meco.lu\/fr\/wp-json\/wp\/v2\/pages\/5516\/revisions"}],"predecessor-version":[{"id":5721,"href":"https:\/\/naturelo.meco.lu\/fr\/wp-json\/wp\/v2\/pages\/5516\/revisions\/5721"}],"wp:attachment":[{"href":"https:\/\/naturelo.meco.lu\/fr\/wp-json\/wp\/v2\/media?parent=5516"}],"curies":[{"name":"wp","href":"https:\/\/api.w.org\/{rel}","templated":true}]}}