{"id":5455,"date":"2021-06-14T18:04:32","date_gmt":"2021-06-14T16:04:32","guid":{"rendered":"https:\/\/naturelo.meco.lu\/de-gaardeschleifer\/"},"modified":"2022-09-09T14:29:48","modified_gmt":"2022-09-09T12:29:48","slug":"le-lerot-eliomys-quercinus","status":"publish","type":"page","link":"https:\/\/naturelo.meco.lu\/fr\/le-lerot-eliomys-quercinus\/","title":{"rendered":"Le l\u00e9rot; Eliomys (Eliomys quercinus) (lux:Gaardeschl\u00e9ifer)"},"content":{"rendered":"<section class=\"wpb-content-wrapper\"><div class=\"pf-content\"><p>[vc_row][vc_column][vc_column_text]<\/p>\n<h1>Le l\u00e9rot<\/h1>\n<p>[\/vc_column_text][\/vc_column][\/vc_row][vc_row][vc_column][vc_single_image image=\u00a0\u00bb5571&Prime; img_size=\u00a0\u00bbfull\u00a0\u00bb][\/vc_column][\/vc_row][vc_row][vc_column][vc_column_text]Le l\u00e9rot (<em>Eliomys quercinus<\/em>) est une esp\u00e8ce caract\u00e9ristique des vieux vergers hautes tiges et se loge avec pr\u00e9dilection dans les endroits qui lui offrent des formations rocheuses ou murs secs. Les l\u00e9rots peuvent former des populations importantes aux endroits fr\u00e9quent\u00e9s.<\/p>\n<p>En journ\u00e9e, ce petit animal se repose, nich\u00e9 dans les creux d\u2019arbres, dans les nichoirs et nids d\u2019oiseaux, ou encore dans des cavit\u00e9s au sol. La nuit tomb\u00e9e, il part \u00e0 la chasse. Son r\u00e9gime alimentaire se compose d\u2019autres animaux comme les insectes et les limaces, mais comprend \u00e9galement des bourgeons, des fruits et des graines.<\/p>\n<p>Comme les autres membres de sa famille, le l\u00e9rot est tr\u00e8s fid\u00e8le \u00e0 son lieu. Pendant que les m\u00e2les se d\u00e9placent dans un habitat couvrant 7 hectares, les femelles vivent dans un<br \/>\nterritoire de 2 hectares seulement.<br \/>\nSa p\u00e9riode d\u2019hibernation s\u2018\u00e9tend d\u2019octobre \u00e0 avril, elle est plus courte que celle du loir gris ou encore celle du muscardin. Les petits (des port\u00e9es de 4 \u00e0 6 animaux) naissent d\u00e9j\u00e0 en mai\/juin et une deuxi\u00e8me port\u00e9e est ainsi possible, bien m\u00eame qu\u2019elle soit plut\u00f4t rare. Au bout de 40 jours apr\u00e8s leur naissance, les petits sont autonomes.[\/vc_column_text][\/vc_column][\/vc_row][vc_row][vc_column][vc_column_text][\/vc_column_text][vc_row][\/vc_row][vc_column][\/vc_column][vc_gallery type=\u00a0\u00bbimage_grid\u00a0\u00bb images=\u00a0\u00bb5182,5185,5188,5191&Prime;]<a href=\"https:\/\/naturelo.meco.lu\/fr\/projets\/aktioun-schleifer\/\">-&gt; retour \u00e0 la page du projet<\/a><\/p>\n<\/div><\/section>","protected":false},"excerpt":{"rendered":"<p>[vc_row][vc_column][vc_column_text] Le l\u00e9rot [\/vc_column_text][\/vc_column][\/vc_row][vc_row][vc_column][vc_single_image image=\u00a0\u00bb5571&Prime; img_size=\u00a0\u00bbfull\u00a0\u00bb][\/vc_column][\/vc_row][vc_row][vc_column][vc_column_text]Le l\u00e9rot (Eliomys quercinus) est une esp\u00e8ce caract\u00e9ristique des vieux vergers hautes tiges et se loge avec pr\u00e9dilection dans les endroits qui lui offrent des formations rocheuses ou murs secs. Les l\u00e9rots peuvent former des populations importantes aux endroits fr\u00e9quent\u00e9s. En journ\u00e9e, ce petit animal se repose, nich\u00e9 dans les [&hellip;]<\/p>\n","protected":false},"author":10,"featured_media":0,"parent":0,"menu_order":21,"comment_status":"closed","ping_status":"closed","template":"","meta":{"_acf_changed":false,"footnotes":""},"class_list":["post-5455","page","type-page","status-publish","hentry"],"acf":[],"yoast_head":"<!-- This site is optimized with the Yoast SEO plugin v27.2 - https:\/\/yoast.com\/product\/yoast-seo-wordpress\/ -->\n<title>Le l\u00e9rot; Eliomys (Eliomys quercinus) (lux:Gaardeschl\u00e9ifer) - Natur<\/title>\n<meta name=\"description\" content=\"Le l\u00e9rot (Eliomys quercinus) est une esp\u00e8ce caract\u00e9ristique des vieux vergers hautes tiges et se loge avec pr\u00e9dilection dans les endroits qui lui offrent des formations rocheuses ou murs secs. Les l\u00e9rots peuvent former des populations importantes aux endroits fr\u00e9quent\u00e9s.\" \/>\n<meta name=\"robots\" content=\"noindex, follow, max-snippet:-1, max-image-preview:large, max-video-preview:-1\" \/>\n<meta property=\"og:locale\" content=\"fr_FR\" \/>\n<meta property=\"og:type\" content=\"article\" \/>\n<meta property=\"og:title\" content=\"Le l\u00e9rot; Eliomys (Eliomys quercinus) (lux:Gaardeschl\u00e9ifer) - Natur\" \/>\n<meta property=\"og:description\" content=\"Le l\u00e9rot (Eliomys quercinus) est une esp\u00e8ce caract\u00e9ristique des vieux vergers hautes tiges et se loge avec pr\u00e9dilection dans les endroits qui lui offrent des formations rocheuses ou murs secs. Les l\u00e9rots peuvent former des populations importantes aux endroits fr\u00e9quent\u00e9s.\" \/>\n<meta property=\"og:url\" content=\"https:\/\/naturelo.meco.lu\/fr\/le-lerot-eliomys-quercinus\/\" \/>\n<meta property=\"og:site_name\" content=\"Natur\" \/>\n<meta property=\"article:modified_time\" content=\"2022-09-09T12:29:48+00:00\" \/>\n<meta name=\"twitter:card\" content=\"summary_large_image\" \/>\n<meta name=\"twitter:label1\" content=\"Dur\u00e9e de lecture estim\u00e9e\" \/>\n\t<meta name=\"twitter:data1\" content=\"1 minute\" \/>\n<script type=\"application\/ld+json\" class=\"yoast-schema-graph\">{\"@context\":\"https:\/\/schema.org\",\"@graph\":[{\"@type\":\"WebPage\",\"@id\":\"https:\/\/naturelo.meco.lu\/fr\/le-lerot-eliomys-quercinus\/\",\"url\":\"https:\/\/naturelo.meco.lu\/fr\/le-lerot-eliomys-quercinus\/\",\"name\":\"Le l\u00e9rot; Eliomys (Eliomys quercinus) (lux:Gaardeschl\u00e9ifer) - Natur\",\"isPartOf\":{\"@id\":\"https:\/\/naturelo.meco.lu\/#website\"},\"datePublished\":\"2021-06-14T16:04:32+00:00\",\"dateModified\":\"2022-09-09T12:29:48+00:00\",\"description\":\"Le l\u00e9rot (Eliomys quercinus) est une esp\u00e8ce caract\u00e9ristique des vieux vergers hautes tiges et se loge avec pr\u00e9dilection dans les endroits qui lui offrent des formations rocheuses ou murs secs. Les l\u00e9rots peuvent former des populations importantes aux endroits fr\u00e9quent\u00e9s.\",\"breadcrumb\":{\"@id\":\"https:\/\/naturelo.meco.lu\/fr\/le-lerot-eliomys-quercinus\/#breadcrumb\"},\"inLanguage\":\"fr-FR\",\"potentialAction\":[{\"@type\":\"ReadAction\",\"target\":[\"https:\/\/naturelo.meco.lu\/fr\/le-lerot-eliomys-quercinus\/\"]}]},{\"@type\":\"BreadcrumbList\",\"@id\":\"https:\/\/naturelo.meco.lu\/fr\/le-lerot-eliomys-quercinus\/#breadcrumb\",\"itemListElement\":[{\"@type\":\"ListItem\",\"position\":1,\"name\":\"Home\",\"item\":\"https:\/\/naturelo.meco.lu\/fr\/\"},{\"@type\":\"ListItem\",\"position\":2,\"name\":\"Le l\u00e9rot; Eliomys (Eliomys quercinus) (lux:Gaardeschl\u00e9ifer)\"}]},{\"@type\":\"WebSite\",\"@id\":\"https:\/\/naturelo.meco.lu\/#website\",\"url\":\"https:\/\/naturelo.meco.lu\/\",\"name\":\"Natur\",\"description\":\"Eine weitere Mouvement \u00e9cologique Global Website\",\"potentialAction\":[{\"@type\":\"SearchAction\",\"target\":{\"@type\":\"EntryPoint\",\"urlTemplate\":\"https:\/\/naturelo.meco.lu\/?s={search_term_string}\"},\"query-input\":{\"@type\":\"PropertyValueSpecification\",\"valueRequired\":true,\"valueName\":\"search_term_string\"}}],\"inLanguage\":\"fr-FR\"}]}<\/script>\n<!-- \/ Yoast SEO plugin. -->","yoast_head_json":{"title":"Le l\u00e9rot; Eliomys (Eliomys quercinus) (lux:Gaardeschl\u00e9ifer) - Natur","description":"Le l\u00e9rot (Eliomys quercinus) est une esp\u00e8ce caract\u00e9ristique des vieux vergers hautes tiges et se loge avec pr\u00e9dilection dans les endroits qui lui offrent des formations rocheuses ou murs secs. Les l\u00e9rots peuvent former des populations importantes aux endroits fr\u00e9quent\u00e9s.","robots":{"index":"noindex","follow":"follow","max-snippet":"max-snippet:-1","max-image-preview":"max-image-preview:large","max-video-preview":"max-video-preview:-1"},"og_locale":"fr_FR","og_type":"article","og_title":"Le l\u00e9rot; Eliomys (Eliomys quercinus) (lux:Gaardeschl\u00e9ifer) - Natur","og_description":"Le l\u00e9rot (Eliomys quercinus) est une esp\u00e8ce caract\u00e9ristique des vieux vergers hautes tiges et se loge avec pr\u00e9dilection dans les endroits qui lui offrent des formations rocheuses ou murs secs. Les l\u00e9rots peuvent former des populations importantes aux endroits fr\u00e9quent\u00e9s.","og_url":"https:\/\/naturelo.meco.lu\/fr\/le-lerot-eliomys-quercinus\/","og_site_name":"Natur","article_modified_time":"2022-09-09T12:29:48+00:00","twitter_card":"summary_large_image","twitter_misc":{"Dur\u00e9e de lecture estim\u00e9e":"1 minute"},"schema":{"@context":"https:\/\/schema.org","@graph":[{"@type":"WebPage","@id":"https:\/\/naturelo.meco.lu\/fr\/le-lerot-eliomys-quercinus\/","url":"https:\/\/naturelo.meco.lu\/fr\/le-lerot-eliomys-quercinus\/","name":"Le l\u00e9rot; Eliomys (Eliomys quercinus) (lux:Gaardeschl\u00e9ifer) - Natur","isPartOf":{"@id":"https:\/\/naturelo.meco.lu\/#website"},"datePublished":"2021-06-14T16:04:32+00:00","dateModified":"2022-09-09T12:29:48+00:00","description":"Le l\u00e9rot (Eliomys quercinus) est une esp\u00e8ce caract\u00e9ristique des vieux vergers hautes tiges et se loge avec pr\u00e9dilection dans les endroits qui lui offrent des formations rocheuses ou murs secs. Les l\u00e9rots peuvent former des populations importantes aux endroits fr\u00e9quent\u00e9s.","breadcrumb":{"@id":"https:\/\/naturelo.meco.lu\/fr\/le-lerot-eliomys-quercinus\/#breadcrumb"},"inLanguage":"fr-FR","potentialAction":[{"@type":"ReadAction","target":["https:\/\/naturelo.meco.lu\/fr\/le-lerot-eliomys-quercinus\/"]}]},{"@type":"BreadcrumbList","@id":"https:\/\/naturelo.meco.lu\/fr\/le-lerot-eliomys-quercinus\/#breadcrumb","itemListElement":[{"@type":"ListItem","position":1,"name":"Home","item":"https:\/\/naturelo.meco.lu\/fr\/"},{"@type":"ListItem","position":2,"name":"Le l\u00e9rot; Eliomys (Eliomys quercinus) (lux:Gaardeschl\u00e9ifer)"}]},{"@type":"WebSite","@id":"https:\/\/naturelo.meco.lu\/#website","url":"https:\/\/naturelo.meco.lu\/","name":"Natur","description":"Eine weitere Mouvement \u00e9cologique Global Website","potentialAction":[{"@type":"SearchAction","target":{"@type":"EntryPoint","urlTemplate":"https:\/\/naturelo.meco.lu\/?s={search_term_string}"},"query-input":{"@type":"PropertyValueSpecification","valueRequired":true,"valueName":"search_term_string"}}],"inLanguage":"fr-FR"}]}},"_links":{"self":[{"href":"https:\/\/naturelo.meco.lu\/fr\/wp-json\/wp\/v2\/pages\/5455","targetHints":{"allow":["GET"]}}],"collection":[{"href":"https:\/\/naturelo.meco.lu\/fr\/wp-json\/wp\/v2\/pages"}],"about":[{"href":"https:\/\/naturelo.meco.lu\/fr\/wp-json\/wp\/v2\/types\/page"}],"author":[{"embeddable":true,"href":"https:\/\/naturelo.meco.lu\/fr\/wp-json\/wp\/v2\/users\/10"}],"replies":[{"embeddable":true,"href":"https:\/\/naturelo.meco.lu\/fr\/wp-json\/wp\/v2\/comments?post=5455"}],"version-history":[{"count":5,"href":"https:\/\/naturelo.meco.lu\/fr\/wp-json\/wp\/v2\/pages\/5455\/revisions"}],"predecessor-version":[{"id":5695,"href":"https:\/\/naturelo.meco.lu\/fr\/wp-json\/wp\/v2\/pages\/5455\/revisions\/5695"}],"wp:attachment":[{"href":"https:\/\/naturelo.meco.lu\/fr\/wp-json\/wp\/v2\/media?parent=5455"}],"curies":[{"name":"wp","href":"https:\/\/api.w.org\/{rel}","templated":true}]}}