{"id":5452,"date":"2021-06-14T10:21:58","date_gmt":"2021-06-14T08:21:58","guid":{"rendered":"https:\/\/naturelo.meco.lu\/de-siweschleifer\/"},"modified":"2022-09-09T14:29:48","modified_gmt":"2022-09-09T12:29:48","slug":"le-loir-gris","status":"publish","type":"page","link":"https:\/\/naturelo.meco.lu\/fr\/le-loir-gris\/","title":{"rendered":"Le loir gris"},"content":{"rendered":"<section class=\"wpb-content-wrapper\"><div class=\"pf-content\"><p>[vc_row][vc_column][vc_column_text]<\/p>\n<h1>Le loir gris<\/h1>\n<p>[\/vc_column_text][\/vc_column][\/vc_row][vc_row][vc_column][vc_single_image image=\u00a0\u00bb5583&Prime; img_size=\u00a0\u00bbfull\u00a0\u00bb][\/vc_column][\/vc_row][vc_row][vc_column][vc_column_text]Le loir gris(-brun) (<em>Glis glis<\/em>) est l\u2018esp\u00e8ce des grilid\u00e9s la plus grande que nous retrouvons au Luxembourg. Comme les coussinets de ses pattes secr\u00e8tent une substance collante, ses pattes sont toujours humides et lui servent de \u00ab\u00a0ventouses\u00a0\u00bb lorsqu\u2018il s\u2018aventure \u00e0 escalader les fa\u00e7ades.<\/p>\n<p>Le loir gris passe l\u2019hiver (septembre \u2013 mai) endormi dans une cavit\u00e9 au sol. D\u00e9but mai, les jeunes animaux sont les premiers \u00e0 sortir de la longue p\u00e9riode d\u2019hibernation, suivis des m\u00e2les adultes, ensuite des femelles adultes quelques jours plus tard. C\u2019est la p\u00e9riode de reproduction des loirs (ainsi que des autres esp\u00e8ces de la famille des <em>Schl\u00e9ifer<\/em>), qui s\u2018affairent \u00e0 chercher le bon partenaire. Les port\u00e9es des femelles comptent habituellement 4 \u00e0 6 petits qui naissent au bout d\u2019une gestation de 4 semaines environ. Le p\u00e8re n\u2018assume pas de part dans l\u2019\u00e9ducation des petits.<\/p>\n<p>Le loir gris vit principalement dans des habitats constitu\u00e9s de bois de feuillus et en lisi\u00e8re de for\u00eat; on l\u2019aper\u00e7oit rarement en p\u00e9riph\u00e9rie des villages ou en ville. En \u00e9t\u00e9, son r\u00e9gime alimentaire se compose surtout de fruits et de bourgeons ainsi que d\u2019insectes et (d\u2019\u0153ufs) de petits oiseaux. L\u2019hiver, afin de produire les r\u00e9serves de graisses indispensables pour survivre la p\u00e9riode d\u2019hibernation, le loir gris adapte son alimentation et d\u00e9vore avec pr\u00e9dilection les graines \u00e0 forte teneur en mati\u00e8re grasse, comme les fa\u00eenes et les glands &#8230; . Les ann\u00e9es o\u00f9 la nature produit de faibles quantit\u00e9s de graines et de fruits, les loirs gris ne vont gu\u00e8re se reproduire. Voil\u00e0 un ph\u00e9nom\u00e8ne qui est tout \u00e0 fait remarquable, puisque la d\u00e9cision de ne pas se reproduire tombe bien avant la saison des graines et des fruits[\/vc_column_text][\/vc_column][\/vc_row][vc_row][vc_column][vc_column_text][vc_row][vc_column][vc_gallery type=\u00a0\u00bbimage_grid\u00a0\u00bb images=\u00a0\u00bb5245,5236,5233,5239,5248,5242&Prime;][\/vc_column][\/vc_row][vc_row][vc_column][vc_column_text][\/vc_column_text][\/vc_column][\/vc_row][vc_row][vc_column][vc_column_text]<a href=\"https:\/\/naturelo.meco.lu\/fr\/projets\/aktioun-schleifer\/\">-&gt; retour \u00e0 la page du projet<\/a>[\/vc_column_text][\/vc_column][\/vc_row]<\/p>\n<\/div><\/section>","protected":false},"excerpt":{"rendered":"<p>[vc_row][vc_column][vc_column_text] Le loir gris [\/vc_column_text][\/vc_column][\/vc_row][vc_row][vc_column][vc_single_image image=\u00a0\u00bb5583&Prime; img_size=\u00a0\u00bbfull\u00a0\u00bb][\/vc_column][\/vc_row][vc_row][vc_column][vc_column_text]Le loir gris(-brun) (Glis glis) est l\u2018esp\u00e8ce des grilid\u00e9s la plus grande que nous retrouvons au Luxembourg. Comme les coussinets de ses pattes secr\u00e8tent une substance collante, ses pattes sont toujours humides et lui servent de \u00ab\u00a0ventouses\u00a0\u00bb lorsqu\u2018il s\u2018aventure \u00e0 escalader les fa\u00e7ades. Le loir gris passe l\u2019hiver (septembre [&hellip;]<\/p>\n","protected":false},"author":10,"featured_media":0,"parent":0,"menu_order":23,"comment_status":"closed","ping_status":"closed","template":"","meta":{"_acf_changed":false,"footnotes":""},"class_list":["post-5452","page","type-page","status-publish","hentry"],"acf":[],"yoast_head":"<!-- This site is optimized with the Yoast SEO plugin v27.2 - https:\/\/yoast.com\/product\/yoast-seo-wordpress\/ -->\n<title>Le loir gris - Natur<\/title>\n<meta name=\"description\" content=\"Le loir gris(-brun) (Glis glis) est l\u2018esp\u00e8ce des grilid\u00e9s la plus grande que nous retrouvons au Luxembourg. Comme les coussinets de ses pattes secr\u00e8tent une substance collante, ses pattes sont toujours humides et lui servent de \u00ab ventouses \u00bb lorsqu\u2018il s\u2018aventure \u00e0 escalader les fa\u00e7ades. Le loir gris passe l\u2019hiver (septembre \u2013 mai) endormi dans une cavit\u00e9 au sol. D\u00e9but mai, les jeunes animaux sont les premiers \u00e0 sortir de la longue p\u00e9riode d\u2019hibernation, suivis des m\u00e2les adultes, ensuite des femelles adultes quelques jours plus tard. C\u2019est la p\u00e9riode de reproduction des loirs (ainsi que des autres esp\u00e8ces de la famille des Schl\u00e9ifer), qui s\u2018affairent \u00e0 chercher le bon partenaire. Les port\u00e9es des femelles comptent habituellement 4 \u00e0 6 petits qui naissent au bout d\u2019une gestation de 4 semaines environ. Le p\u00e8re n\u2018assume pas de part dans l\u2019\u00e9ducation des petits.\" \/>\n<meta name=\"robots\" content=\"noindex, follow, max-snippet:-1, max-image-preview:large, max-video-preview:-1\" \/>\n<meta property=\"og:locale\" content=\"fr_FR\" \/>\n<meta property=\"og:type\" content=\"article\" \/>\n<meta property=\"og:title\" content=\"Le loir gris - Natur\" \/>\n<meta property=\"og:description\" content=\"Le loir gris(-brun) (Glis glis) est l\u2018esp\u00e8ce des grilid\u00e9s la plus grande que nous retrouvons au Luxembourg. Comme les coussinets de ses pattes secr\u00e8tent une substance collante, ses pattes sont toujours humides et lui servent de \u00ab ventouses \u00bb lorsqu\u2018il s\u2018aventure \u00e0 escalader les fa\u00e7ades. Le loir gris passe l\u2019hiver (septembre \u2013 mai) endormi dans une cavit\u00e9 au sol. D\u00e9but mai, les jeunes animaux sont les premiers \u00e0 sortir de la longue p\u00e9riode d\u2019hibernation, suivis des m\u00e2les adultes, ensuite des femelles adultes quelques jours plus tard. C\u2019est la p\u00e9riode de reproduction des loirs (ainsi que des autres esp\u00e8ces de la famille des Schl\u00e9ifer), qui s\u2018affairent \u00e0 chercher le bon partenaire. Les port\u00e9es des femelles comptent habituellement 4 \u00e0 6 petits qui naissent au bout d\u2019une gestation de 4 semaines environ. Le p\u00e8re n\u2018assume pas de part dans l\u2019\u00e9ducation des petits.\" \/>\n<meta property=\"og:url\" content=\"https:\/\/naturelo.meco.lu\/fr\/le-loir-gris\/\" \/>\n<meta property=\"og:site_name\" content=\"Natur\" \/>\n<meta property=\"article:modified_time\" content=\"2022-09-09T12:29:48+00:00\" \/>\n<meta name=\"twitter:card\" content=\"summary_large_image\" \/>\n<meta name=\"twitter:label1\" content=\"Dur\u00e9e de lecture estim\u00e9e\" \/>\n\t<meta name=\"twitter:data1\" content=\"2 minutes\" \/>\n<script type=\"application\/ld+json\" class=\"yoast-schema-graph\">{\"@context\":\"https:\/\/schema.org\",\"@graph\":[{\"@type\":\"WebPage\",\"@id\":\"https:\/\/naturelo.meco.lu\/fr\/le-loir-gris\/\",\"url\":\"https:\/\/naturelo.meco.lu\/fr\/le-loir-gris\/\",\"name\":\"Le loir gris - Natur\",\"isPartOf\":{\"@id\":\"https:\/\/naturelo.meco.lu\/#website\"},\"datePublished\":\"2021-06-14T08:21:58+00:00\",\"dateModified\":\"2022-09-09T12:29:48+00:00\",\"description\":\"Le loir gris(-brun) (Glis glis) est l\u2018esp\u00e8ce des grilid\u00e9s la plus grande que nous retrouvons au Luxembourg. Comme les coussinets de ses pattes secr\u00e8tent une substance collante, ses pattes sont toujours humides et lui servent de \u00ab ventouses \u00bb lorsqu\u2018il s\u2018aventure \u00e0 escalader les fa\u00e7ades. Le loir gris passe l\u2019hiver (septembre \u2013 mai) endormi dans une cavit\u00e9 au sol. D\u00e9but mai, les jeunes animaux sont les premiers \u00e0 sortir de la longue p\u00e9riode d\u2019hibernation, suivis des m\u00e2les adultes, ensuite des femelles adultes quelques jours plus tard. C\u2019est la p\u00e9riode de reproduction des loirs (ainsi que des autres esp\u00e8ces de la famille des Schl\u00e9ifer), qui s\u2018affairent \u00e0 chercher le bon partenaire. Les port\u00e9es des femelles comptent habituellement 4 \u00e0 6 petits qui naissent au bout d\u2019une gestation de 4 semaines environ. Le p\u00e8re n\u2018assume pas de part dans l\u2019\u00e9ducation des petits.\",\"breadcrumb\":{\"@id\":\"https:\/\/naturelo.meco.lu\/fr\/le-loir-gris\/#breadcrumb\"},\"inLanguage\":\"fr-FR\",\"potentialAction\":[{\"@type\":\"ReadAction\",\"target\":[\"https:\/\/naturelo.meco.lu\/fr\/le-loir-gris\/\"]}]},{\"@type\":\"BreadcrumbList\",\"@id\":\"https:\/\/naturelo.meco.lu\/fr\/le-loir-gris\/#breadcrumb\",\"itemListElement\":[{\"@type\":\"ListItem\",\"position\":1,\"name\":\"Home\",\"item\":\"https:\/\/naturelo.meco.lu\/fr\/\"},{\"@type\":\"ListItem\",\"position\":2,\"name\":\"Le loir gris\"}]},{\"@type\":\"WebSite\",\"@id\":\"https:\/\/naturelo.meco.lu\/#website\",\"url\":\"https:\/\/naturelo.meco.lu\/\",\"name\":\"Natur\",\"description\":\"Eine weitere Mouvement \u00e9cologique Global Website\",\"potentialAction\":[{\"@type\":\"SearchAction\",\"target\":{\"@type\":\"EntryPoint\",\"urlTemplate\":\"https:\/\/naturelo.meco.lu\/?s={search_term_string}\"},\"query-input\":{\"@type\":\"PropertyValueSpecification\",\"valueRequired\":true,\"valueName\":\"search_term_string\"}}],\"inLanguage\":\"fr-FR\"}]}<\/script>\n<!-- \/ Yoast SEO plugin. -->","yoast_head_json":{"title":"Le loir gris - Natur","description":"Le loir gris(-brun) (Glis glis) est l\u2018esp\u00e8ce des grilid\u00e9s la plus grande que nous retrouvons au Luxembourg. Comme les coussinets de ses pattes secr\u00e8tent une substance collante, ses pattes sont toujours humides et lui servent de \u00ab ventouses \u00bb lorsqu\u2018il s\u2018aventure \u00e0 escalader les fa\u00e7ades. Le loir gris passe l\u2019hiver (septembre \u2013 mai) endormi dans une cavit\u00e9 au sol. D\u00e9but mai, les jeunes animaux sont les premiers \u00e0 sortir de la longue p\u00e9riode d\u2019hibernation, suivis des m\u00e2les adultes, ensuite des femelles adultes quelques jours plus tard. C\u2019est la p\u00e9riode de reproduction des loirs (ainsi que des autres esp\u00e8ces de la famille des Schl\u00e9ifer), qui s\u2018affairent \u00e0 chercher le bon partenaire. Les port\u00e9es des femelles comptent habituellement 4 \u00e0 6 petits qui naissent au bout d\u2019une gestation de 4 semaines environ. Le p\u00e8re n\u2018assume pas de part dans l\u2019\u00e9ducation des petits.","robots":{"index":"noindex","follow":"follow","max-snippet":"max-snippet:-1","max-image-preview":"max-image-preview:large","max-video-preview":"max-video-preview:-1"},"og_locale":"fr_FR","og_type":"article","og_title":"Le loir gris - Natur","og_description":"Le loir gris(-brun) (Glis glis) est l\u2018esp\u00e8ce des grilid\u00e9s la plus grande que nous retrouvons au Luxembourg. Comme les coussinets de ses pattes secr\u00e8tent une substance collante, ses pattes sont toujours humides et lui servent de \u00ab ventouses \u00bb lorsqu\u2018il s\u2018aventure \u00e0 escalader les fa\u00e7ades. Le loir gris passe l\u2019hiver (septembre \u2013 mai) endormi dans une cavit\u00e9 au sol. D\u00e9but mai, les jeunes animaux sont les premiers \u00e0 sortir de la longue p\u00e9riode d\u2019hibernation, suivis des m\u00e2les adultes, ensuite des femelles adultes quelques jours plus tard. C\u2019est la p\u00e9riode de reproduction des loirs (ainsi que des autres esp\u00e8ces de la famille des Schl\u00e9ifer), qui s\u2018affairent \u00e0 chercher le bon partenaire. Les port\u00e9es des femelles comptent habituellement 4 \u00e0 6 petits qui naissent au bout d\u2019une gestation de 4 semaines environ. Le p\u00e8re n\u2018assume pas de part dans l\u2019\u00e9ducation des petits.","og_url":"https:\/\/naturelo.meco.lu\/fr\/le-loir-gris\/","og_site_name":"Natur","article_modified_time":"2022-09-09T12:29:48+00:00","twitter_card":"summary_large_image","twitter_misc":{"Dur\u00e9e de lecture estim\u00e9e":"2 minutes"},"schema":{"@context":"https:\/\/schema.org","@graph":[{"@type":"WebPage","@id":"https:\/\/naturelo.meco.lu\/fr\/le-loir-gris\/","url":"https:\/\/naturelo.meco.lu\/fr\/le-loir-gris\/","name":"Le loir gris - Natur","isPartOf":{"@id":"https:\/\/naturelo.meco.lu\/#website"},"datePublished":"2021-06-14T08:21:58+00:00","dateModified":"2022-09-09T12:29:48+00:00","description":"Le loir gris(-brun) (Glis glis) est l\u2018esp\u00e8ce des grilid\u00e9s la plus grande que nous retrouvons au Luxembourg. Comme les coussinets de ses pattes secr\u00e8tent une substance collante, ses pattes sont toujours humides et lui servent de \u00ab ventouses \u00bb lorsqu\u2018il s\u2018aventure \u00e0 escalader les fa\u00e7ades. Le loir gris passe l\u2019hiver (septembre \u2013 mai) endormi dans une cavit\u00e9 au sol. D\u00e9but mai, les jeunes animaux sont les premiers \u00e0 sortir de la longue p\u00e9riode d\u2019hibernation, suivis des m\u00e2les adultes, ensuite des femelles adultes quelques jours plus tard. C\u2019est la p\u00e9riode de reproduction des loirs (ainsi que des autres esp\u00e8ces de la famille des Schl\u00e9ifer), qui s\u2018affairent \u00e0 chercher le bon partenaire. Les port\u00e9es des femelles comptent habituellement 4 \u00e0 6 petits qui naissent au bout d\u2019une gestation de 4 semaines environ. Le p\u00e8re n\u2018assume pas de part dans l\u2019\u00e9ducation des petits.","breadcrumb":{"@id":"https:\/\/naturelo.meco.lu\/fr\/le-loir-gris\/#breadcrumb"},"inLanguage":"fr-FR","potentialAction":[{"@type":"ReadAction","target":["https:\/\/naturelo.meco.lu\/fr\/le-loir-gris\/"]}]},{"@type":"BreadcrumbList","@id":"https:\/\/naturelo.meco.lu\/fr\/le-loir-gris\/#breadcrumb","itemListElement":[{"@type":"ListItem","position":1,"name":"Home","item":"https:\/\/naturelo.meco.lu\/fr\/"},{"@type":"ListItem","position":2,"name":"Le loir gris"}]},{"@type":"WebSite","@id":"https:\/\/naturelo.meco.lu\/#website","url":"https:\/\/naturelo.meco.lu\/","name":"Natur","description":"Eine weitere Mouvement \u00e9cologique Global Website","potentialAction":[{"@type":"SearchAction","target":{"@type":"EntryPoint","urlTemplate":"https:\/\/naturelo.meco.lu\/?s={search_term_string}"},"query-input":{"@type":"PropertyValueSpecification","valueRequired":true,"valueName":"search_term_string"}}],"inLanguage":"fr-FR"}]}},"_links":{"self":[{"href":"https:\/\/naturelo.meco.lu\/fr\/wp-json\/wp\/v2\/pages\/5452","targetHints":{"allow":["GET"]}}],"collection":[{"href":"https:\/\/naturelo.meco.lu\/fr\/wp-json\/wp\/v2\/pages"}],"about":[{"href":"https:\/\/naturelo.meco.lu\/fr\/wp-json\/wp\/v2\/types\/page"}],"author":[{"embeddable":true,"href":"https:\/\/naturelo.meco.lu\/fr\/wp-json\/wp\/v2\/users\/10"}],"replies":[{"embeddable":true,"href":"https:\/\/naturelo.meco.lu\/fr\/wp-json\/wp\/v2\/comments?post=5452"}],"version-history":[{"count":5,"href":"https:\/\/naturelo.meco.lu\/fr\/wp-json\/wp\/v2\/pages\/5452\/revisions"}],"predecessor-version":[{"id":5696,"href":"https:\/\/naturelo.meco.lu\/fr\/wp-json\/wp\/v2\/pages\/5452\/revisions\/5696"}],"wp:attachment":[{"href":"https:\/\/naturelo.meco.lu\/fr\/wp-json\/wp\/v2\/media?parent=5452"}],"curies":[{"name":"wp","href":"https:\/\/api.w.org\/{rel}","templated":true}]}}