{"id":5449,"date":"2021-06-14T13:35:37","date_gmt":"2021-06-14T11:35:37","guid":{"rendered":"https:\/\/naturelo.meco.lu\/dhieselmaus\/"},"modified":"2022-09-09T14:29:48","modified_gmt":"2022-09-09T12:29:48","slug":"le-muscardin","status":"publish","type":"page","link":"https:\/\/naturelo.meco.lu\/fr\/le-muscardin\/","title":{"rendered":"Le muscardin"},"content":{"rendered":"<section class=\"wpb-content-wrapper\"><div class=\"pf-content\"><p>[vc_row][vc_column][vc_column_text]<\/p>\n<h1>Le muscardin<\/h1>\n<p>[\/vc_column_text][\/vc_column][\/vc_row][vc_row][vc_column][vc_single_image image=\u00a0\u00bb5590&Prime; img_size=\u00a0\u00bblarge\u00a0\u00bb onclick=\u00a0\u00bblink_image\u00a0\u00bb][\/vc_column][\/vc_row][vc_row][vc_column][vc_column_text]<em>Caract\u00e9ristiques du muscardin\u00a0: grands yeux noirs \u2013 pelage gris-brun (ou roux) \u2013 taille max. 8 cm \u2013 queue touffue <\/em><\/p>\n<p>Parmi les trois esp\u00e8ces de glirid\u00e9s que nous trouvons au Luxembourg, le muscardin\u00a0(<em>Muscardinus avellanarius<\/em>) est la plus petite. Le muscardin a l\u2019apparence d\u2019une souris, mais sa queue est poilue, contrairement \u00e0 celle d\u2019une souris. Partout en Europe, le muscardin est une esp\u00e8ce prot\u00e9g\u00e9e par la directive \u00ab\u00a0faune-flore-habitats\u00a0\u00bb.<\/p>\n<p>Il est difficile d\u2019apercevoir ce petit animal nocturne, mais les traces de rongement si caract\u00e9ristiques qu\u2018il laisse sur les coques des noisettes trahissent sa pr\u00e9sence. Le muscardin est surtout v\u00e9g\u00e9tarien et se nourrit principalement de baies, de graines, de noisettes, de fruits et de bourgeons. Les fleurs et les insectes figurent n\u00e9anmoins aussi sur le menu, ceci surtout au printemps et en \u00e9t\u00e9.<\/p>\n<p>Le muscardin aime habiter les jeunes bois de feuillus riches en broussaille, ou les haies structur\u00e9es et grouillantes d\u2019esp\u00e8ces, ou encore les jardins proches de la nature en p\u00e9riph\u00e9rie des zones habit\u00e9es. On peut qualifier le muscardin de frugivore (d\u2019o\u00f9 l\u2019appellation de \u00ab\u00a0Brombiermaus\u00a0\u00bb), car il existe partout o\u00f9 il y a des zones de v\u00e9g\u00e9tation buissonnante (ronces, haies \u2026) et des lisi\u00e8res de for\u00eats laiss\u00e9es \u00e0 l\u2019\u00e9tat naturel.<\/p>\n<p>Le muscardin se loge dans les nichoirs mais construit \u00e9galement ses propres nids sph\u00e9riques \u00e0 l\u2019aide de gramin\u00e9es, de feuilles et d\u2019\u00e9corces. Le radius de son terrain de chasse n\u2019exc\u00e8de point 150-200 m\u00e8tres.<\/p>\n<p>La p\u00e9riode d\u2019hibernation du muscardin s\u2019\u00e9tend d\u2019octobre \u00e0 avril. Les petits \u2013 des port\u00e9es de 4 \u00e0 6 animaux \u2013 naissent entre mai et septembre. Une deuxi\u00e8me port\u00e9e est possible, bien que plut\u00f4t rare.[\/vc_column_text][\/vc_column][\/vc_row][vc_row][vc_column][vc_gallery type=\u00a0\u00bbimage_grid\u00a0\u00bb images=\u00a0\u00bb5271,5280,5259,5283,5265&Prime;][\/vc_column][\/vc_row][vc_row][vc_column el_id=\u00a0\u00bbhttps:\/\/naturelo.meco.lu\/fr\/projets\/lerot-loir-gris-et-muscardin-schleifer-avis-de-recherche-mesures-de-protection\/\u00a0\u00bb][vc_column_text]<a href=\"https:\/\/naturelo.meco.lu\/fr\/projets\/aktioun-schleifer\/\"><strong>-&gt; Retour \u00e0 la page du projet<\/strong><\/a>[\/vc_column_text][\/vc_column][\/vc_row]<\/p>\n<\/div><\/section>","protected":false},"excerpt":{"rendered":"<p>[vc_row][vc_column][vc_column_text] Le muscardin [\/vc_column_text][\/vc_column][\/vc_row][vc_row][vc_column][vc_single_image image=\u00a0\u00bb5590&Prime; img_size=\u00a0\u00bblarge\u00a0\u00bb onclick=\u00a0\u00bblink_image\u00a0\u00bb][\/vc_column][\/vc_row][vc_row][vc_column][vc_column_text]Caract\u00e9ristiques du muscardin\u00a0: grands yeux noirs \u2013 pelage gris-brun (ou roux) \u2013 taille max. 8 cm \u2013 queue touffue Parmi les trois esp\u00e8ces de glirid\u00e9s que nous trouvons au Luxembourg, le muscardin\u00a0(Muscardinus avellanarius) est la plus petite. Le muscardin a l\u2019apparence d\u2019une souris, mais sa queue est poilue, contrairement [&hellip;]<\/p>\n","protected":false},"author":10,"featured_media":0,"parent":0,"menu_order":19,"comment_status":"closed","ping_status":"closed","template":"","meta":{"_acf_changed":false,"footnotes":""},"class_list":["post-5449","page","type-page","status-publish","hentry"],"acf":[],"yoast_head":"<!-- This site is optimized with the Yoast SEO plugin v27.2 - https:\/\/yoast.com\/product\/yoast-seo-wordpress\/ -->\n<title>Le muscardin - Natur<\/title>\n<meta name=\"description\" content=\"Parmi les trois esp\u00e8ces de glirid\u00e9s que nous trouvons au Luxembourg, le muscardin (Muscardinus avellanarius) est la plus petite. Le muscardin a l\u2019apparence d\u2019une souris, mais sa queue est poilue, contrairement \u00e0 celle d\u2019une souris. Partout en Europe, le muscardin est une esp\u00e8ce prot\u00e9g\u00e9e par la directive \u00ab faune-flore-habitats \u00bb. Il est difficile d\u2019apercevoir ce petit animal nocturne, mais les traces de rongement si caract\u00e9ristiques qu\u2018il laisse sur les coques des noisettes trahissent sa pr\u00e9sence. Le muscardin est surtout v\u00e9g\u00e9tarien et se nourrit principalement de baies, de graines, de noisettes, de fruits et de bourgeons. Les fleurs et les insectes figurent n\u00e9anmoins aussi sur le menu, ceci surtout au printemps et en \u00e9t\u00e9.\" \/>\n<meta name=\"robots\" content=\"noindex, follow, max-snippet:-1, max-image-preview:large, max-video-preview:-1\" \/>\n<meta property=\"og:locale\" content=\"fr_FR\" \/>\n<meta property=\"og:type\" content=\"article\" \/>\n<meta property=\"og:title\" content=\"Le muscardin - Natur\" \/>\n<meta property=\"og:description\" content=\"Parmi les trois esp\u00e8ces de glirid\u00e9s que nous trouvons au Luxembourg, le muscardin (Muscardinus avellanarius) est la plus petite. Le muscardin a l\u2019apparence d\u2019une souris, mais sa queue est poilue, contrairement \u00e0 celle d\u2019une souris. Partout en Europe, le muscardin est une esp\u00e8ce prot\u00e9g\u00e9e par la directive \u00ab faune-flore-habitats \u00bb. Il est difficile d\u2019apercevoir ce petit animal nocturne, mais les traces de rongement si caract\u00e9ristiques qu\u2018il laisse sur les coques des noisettes trahissent sa pr\u00e9sence. Le muscardin est surtout v\u00e9g\u00e9tarien et se nourrit principalement de baies, de graines, de noisettes, de fruits et de bourgeons. Les fleurs et les insectes figurent n\u00e9anmoins aussi sur le menu, ceci surtout au printemps et en \u00e9t\u00e9.\" \/>\n<meta property=\"og:url\" content=\"https:\/\/naturelo.meco.lu\/fr\/le-muscardin\/\" \/>\n<meta property=\"og:site_name\" content=\"Natur\" \/>\n<meta property=\"article:modified_time\" content=\"2022-09-09T12:29:48+00:00\" \/>\n<meta name=\"twitter:card\" content=\"summary_large_image\" \/>\n<meta name=\"twitter:label1\" content=\"Dur\u00e9e de lecture estim\u00e9e\" \/>\n\t<meta name=\"twitter:data1\" content=\"2 minutes\" \/>\n<script type=\"application\/ld+json\" class=\"yoast-schema-graph\">{\"@context\":\"https:\/\/schema.org\",\"@graph\":[{\"@type\":\"WebPage\",\"@id\":\"https:\/\/naturelo.meco.lu\/fr\/le-muscardin\/\",\"url\":\"https:\/\/naturelo.meco.lu\/fr\/le-muscardin\/\",\"name\":\"Le muscardin - Natur\",\"isPartOf\":{\"@id\":\"https:\/\/naturelo.meco.lu\/#website\"},\"datePublished\":\"2021-06-14T11:35:37+00:00\",\"dateModified\":\"2022-09-09T12:29:48+00:00\",\"description\":\"Parmi les trois esp\u00e8ces de glirid\u00e9s que nous trouvons au Luxembourg, le muscardin (Muscardinus avellanarius) est la plus petite. Le muscardin a l\u2019apparence d\u2019une souris, mais sa queue est poilue, contrairement \u00e0 celle d\u2019une souris. Partout en Europe, le muscardin est une esp\u00e8ce prot\u00e9g\u00e9e par la directive \u00ab faune-flore-habitats \u00bb. Il est difficile d\u2019apercevoir ce petit animal nocturne, mais les traces de rongement si caract\u00e9ristiques qu\u2018il laisse sur les coques des noisettes trahissent sa pr\u00e9sence. Le muscardin est surtout v\u00e9g\u00e9tarien et se nourrit principalement de baies, de graines, de noisettes, de fruits et de bourgeons. Les fleurs et les insectes figurent n\u00e9anmoins aussi sur le menu, ceci surtout au printemps et en \u00e9t\u00e9.\",\"breadcrumb\":{\"@id\":\"https:\/\/naturelo.meco.lu\/fr\/le-muscardin\/#breadcrumb\"},\"inLanguage\":\"fr-FR\",\"potentialAction\":[{\"@type\":\"ReadAction\",\"target\":[\"https:\/\/naturelo.meco.lu\/fr\/le-muscardin\/\"]}]},{\"@type\":\"BreadcrumbList\",\"@id\":\"https:\/\/naturelo.meco.lu\/fr\/le-muscardin\/#breadcrumb\",\"itemListElement\":[{\"@type\":\"ListItem\",\"position\":1,\"name\":\"Home\",\"item\":\"https:\/\/naturelo.meco.lu\/fr\/\"},{\"@type\":\"ListItem\",\"position\":2,\"name\":\"Le muscardin\"}]},{\"@type\":\"WebSite\",\"@id\":\"https:\/\/naturelo.meco.lu\/#website\",\"url\":\"https:\/\/naturelo.meco.lu\/\",\"name\":\"Natur\",\"description\":\"Eine weitere Mouvement \u00e9cologique Global Website\",\"potentialAction\":[{\"@type\":\"SearchAction\",\"target\":{\"@type\":\"EntryPoint\",\"urlTemplate\":\"https:\/\/naturelo.meco.lu\/?s={search_term_string}\"},\"query-input\":{\"@type\":\"PropertyValueSpecification\",\"valueRequired\":true,\"valueName\":\"search_term_string\"}}],\"inLanguage\":\"fr-FR\"}]}<\/script>\n<!-- \/ Yoast SEO plugin. -->","yoast_head_json":{"title":"Le muscardin - Natur","description":"Parmi les trois esp\u00e8ces de glirid\u00e9s que nous trouvons au Luxembourg, le muscardin (Muscardinus avellanarius) est la plus petite. Le muscardin a l\u2019apparence d\u2019une souris, mais sa queue est poilue, contrairement \u00e0 celle d\u2019une souris. Partout en Europe, le muscardin est une esp\u00e8ce prot\u00e9g\u00e9e par la directive \u00ab faune-flore-habitats \u00bb. Il est difficile d\u2019apercevoir ce petit animal nocturne, mais les traces de rongement si caract\u00e9ristiques qu\u2018il laisse sur les coques des noisettes trahissent sa pr\u00e9sence. Le muscardin est surtout v\u00e9g\u00e9tarien et se nourrit principalement de baies, de graines, de noisettes, de fruits et de bourgeons. Les fleurs et les insectes figurent n\u00e9anmoins aussi sur le menu, ceci surtout au printemps et en \u00e9t\u00e9.","robots":{"index":"noindex","follow":"follow","max-snippet":"max-snippet:-1","max-image-preview":"max-image-preview:large","max-video-preview":"max-video-preview:-1"},"og_locale":"fr_FR","og_type":"article","og_title":"Le muscardin - Natur","og_description":"Parmi les trois esp\u00e8ces de glirid\u00e9s que nous trouvons au Luxembourg, le muscardin (Muscardinus avellanarius) est la plus petite. Le muscardin a l\u2019apparence d\u2019une souris, mais sa queue est poilue, contrairement \u00e0 celle d\u2019une souris. Partout en Europe, le muscardin est une esp\u00e8ce prot\u00e9g\u00e9e par la directive \u00ab faune-flore-habitats \u00bb. Il est difficile d\u2019apercevoir ce petit animal nocturne, mais les traces de rongement si caract\u00e9ristiques qu\u2018il laisse sur les coques des noisettes trahissent sa pr\u00e9sence. Le muscardin est surtout v\u00e9g\u00e9tarien et se nourrit principalement de baies, de graines, de noisettes, de fruits et de bourgeons. Les fleurs et les insectes figurent n\u00e9anmoins aussi sur le menu, ceci surtout au printemps et en \u00e9t\u00e9.","og_url":"https:\/\/naturelo.meco.lu\/fr\/le-muscardin\/","og_site_name":"Natur","article_modified_time":"2022-09-09T12:29:48+00:00","twitter_card":"summary_large_image","twitter_misc":{"Dur\u00e9e de lecture estim\u00e9e":"2 minutes"},"schema":{"@context":"https:\/\/schema.org","@graph":[{"@type":"WebPage","@id":"https:\/\/naturelo.meco.lu\/fr\/le-muscardin\/","url":"https:\/\/naturelo.meco.lu\/fr\/le-muscardin\/","name":"Le muscardin - Natur","isPartOf":{"@id":"https:\/\/naturelo.meco.lu\/#website"},"datePublished":"2021-06-14T11:35:37+00:00","dateModified":"2022-09-09T12:29:48+00:00","description":"Parmi les trois esp\u00e8ces de glirid\u00e9s que nous trouvons au Luxembourg, le muscardin (Muscardinus avellanarius) est la plus petite. Le muscardin a l\u2019apparence d\u2019une souris, mais sa queue est poilue, contrairement \u00e0 celle d\u2019une souris. Partout en Europe, le muscardin est une esp\u00e8ce prot\u00e9g\u00e9e par la directive \u00ab faune-flore-habitats \u00bb. Il est difficile d\u2019apercevoir ce petit animal nocturne, mais les traces de rongement si caract\u00e9ristiques qu\u2018il laisse sur les coques des noisettes trahissent sa pr\u00e9sence. Le muscardin est surtout v\u00e9g\u00e9tarien et se nourrit principalement de baies, de graines, de noisettes, de fruits et de bourgeons. Les fleurs et les insectes figurent n\u00e9anmoins aussi sur le menu, ceci surtout au printemps et en \u00e9t\u00e9.","breadcrumb":{"@id":"https:\/\/naturelo.meco.lu\/fr\/le-muscardin\/#breadcrumb"},"inLanguage":"fr-FR","potentialAction":[{"@type":"ReadAction","target":["https:\/\/naturelo.meco.lu\/fr\/le-muscardin\/"]}]},{"@type":"BreadcrumbList","@id":"https:\/\/naturelo.meco.lu\/fr\/le-muscardin\/#breadcrumb","itemListElement":[{"@type":"ListItem","position":1,"name":"Home","item":"https:\/\/naturelo.meco.lu\/fr\/"},{"@type":"ListItem","position":2,"name":"Le muscardin"}]},{"@type":"WebSite","@id":"https:\/\/naturelo.meco.lu\/#website","url":"https:\/\/naturelo.meco.lu\/","name":"Natur","description":"Eine weitere Mouvement \u00e9cologique Global Website","potentialAction":[{"@type":"SearchAction","target":{"@type":"EntryPoint","urlTemplate":"https:\/\/naturelo.meco.lu\/?s={search_term_string}"},"query-input":{"@type":"PropertyValueSpecification","valueRequired":true,"valueName":"search_term_string"}}],"inLanguage":"fr-FR"}]}},"_links":{"self":[{"href":"https:\/\/naturelo.meco.lu\/fr\/wp-json\/wp\/v2\/pages\/5449","targetHints":{"allow":["GET"]}}],"collection":[{"href":"https:\/\/naturelo.meco.lu\/fr\/wp-json\/wp\/v2\/pages"}],"about":[{"href":"https:\/\/naturelo.meco.lu\/fr\/wp-json\/wp\/v2\/types\/page"}],"author":[{"embeddable":true,"href":"https:\/\/naturelo.meco.lu\/fr\/wp-json\/wp\/v2\/users\/10"}],"replies":[{"embeddable":true,"href":"https:\/\/naturelo.meco.lu\/fr\/wp-json\/wp\/v2\/comments?post=5449"}],"version-history":[{"count":5,"href":"https:\/\/naturelo.meco.lu\/fr\/wp-json\/wp\/v2\/pages\/5449\/revisions"}],"predecessor-version":[{"id":5697,"href":"https:\/\/naturelo.meco.lu\/fr\/wp-json\/wp\/v2\/pages\/5449\/revisions\/5697"}],"wp:attachment":[{"href":"https:\/\/naturelo.meco.lu\/fr\/wp-json\/wp\/v2\/media?parent=5449"}],"curies":[{"name":"wp","href":"https:\/\/api.w.org\/{rel}","templated":true}]}}