{"id":5446,"date":"2021-06-14T12:27:00","date_gmt":"2021-06-14T10:27:00","guid":{"rendered":"https:\/\/naturelo.meco.lu\/steckbreif-schleifer\/"},"modified":"2021-06-17T10:59:41","modified_gmt":"2021-06-17T08:59:41","slug":"portrait-des-glirides","status":"publish","type":"page","link":"https:\/\/naturelo.meco.lu\/fr\/portrait-des-glirides\/","title":{"rendered":"Portrait des glirid\u00e9s"},"content":{"rendered":"<section class=\"wpb-content-wrapper\"><div class=\"pf-content\"><p>[vc_row][vc_column][vc_column_text]<\/p>\n<h1>Portrait<\/h1>\n<p>[\/vc_column_text][\/vc_column][\/vc_row][vc_row][vc_column width=\u00a0\u00bb1\/4&Prime;][vc_single_image image=\u00a0\u00bb5326&Prime; img_size=\u00a0\u00bbfull\u00a0\u00bb onclick=\u00a0\u00bblink_image\u00a0\u00bb][\/vc_column][vc_column width=\u00a0\u00bb3\/4&Prime;][vc_column_text]<span style=\"text-decoration: underline\"><strong>Leur habitat typique<\/strong> <\/span><\/p>\n<p><strong>Des bois et for\u00eats proches de la nature, de pr\u00e9f\u00e9rence avec dot\u00e9 de rochers, des vergers sillonn\u00e9s de murs secs et de jardins proches de la nature, des terres en jach\u00e8re garnies de buissons \u00e9pais et de ronces aux lisi\u00e8res de for\u00eats rest\u00e9es proches de la nature: voil\u00e0 les lieux de pr\u00e9dilection des glirid\u00e9s! \u00a0<\/strong>Ces derniers \u00e9lisent domicile dans les cavit\u00e9s d\u2019arbres et dans les nids ou nichoirs d\u2019oiseaux abandonn\u00e9s pour y construire leurs propres habitations. Quant au muscardin, il aime se loger dans les haies pour faire son nid typique d\u2019\u00e9t\u00e9 \u00e0 l\u2019approche de la belle saison.<\/p>\n<p>Les glirid\u00e9s sont les ma\u00eetres de l\u2019escalade et passent la majeure partie de leur vie dans les arbres et dans les haies. A l\u2019exception du l\u00e9rot que l\u2019on peut \u00e9galement rencontrer au niveau du sol. La destruction d\u2019\u00e9l\u00e9ments naturels structurant notre paysage culturel au fil des derni\u00e8res d\u00e9cennies explique probablement pourquoi les populations de glirid\u00e9s se sont retrouv\u00e9es de plus en plus isol\u00e9es, avec peu de chances d\u2019\u00e9changes g\u00e9n\u00e9tiques, laissant les populations notamment de plus en plus en proie aux maladies, ce qui a probablement contribu\u00e9 \u00e0 un d\u00e9clin continu de leur nombre.[\/vc_column_text][\/vc_column][\/vc_row][vc_row][vc_column width=\u00a0\u00bb1\/4&Prime;][vc_single_image image=\u00a0\u00bb5329&Prime; img_size=\u00a0\u00bbfull\u00a0\u00bb onclick=\u00a0\u00bblink_image\u00a0\u00bb][\/vc_column][vc_column width=\u00a0\u00bb3\/4&Prime;][vc_column_text]<strong>Un r\u00f4le r\u00e9gulateur<\/strong><\/p>\n<p>Les glirid\u00e9s ne sont pas uniquement friands de fruits et de graines (fa\u00eenes, glands de ch\u00eane, noisettes) mais se d\u00e9lectent \u00e9galement d\u2019insectes, d\u2019araign\u00e9es, de mille-pattes, de cloportes, de lima\u00e7ons ainsi que de petits oiseaux et de leurs \u0153ufs. De la sorte, les glirid\u00e9s adoptent un r\u00f4le r\u00e9gulateur, en harmonie avec la nature et avec le paysage culturel.[\/vc_column_text][\/vc_column][\/vc_row][vc_row][vc_column width=\u00a0\u00bb1\/4&Prime;][vc_single_image image=\u00a0\u00bb5236&Prime; img_size=\u00a0\u00bbfull\u00a0\u00bb onclick=\u00a0\u00bblink_image\u00a0\u00bb][\/vc_column][vc_column width=\u00a0\u00bb3\/4&Prime;][vc_column_text]<strong>Quel est l\u2019origine de l\u2019appellation \u00ab\u00a0Schl\u00e9ifer\u00a0\u00bb? <\/strong><\/p>\n<p>L\u2019appellation <em>Schl\u00e9ifer<\/em> (dormeurs) s\u2019explique du fait que ces animaux hibernent de longs mois dans les zones climatiques de nos contr\u00e9es. De septembre \u00e0 mai (loirs gris), respectivement d\u2019octobre \u00e0 mars\/avril (l\u00e9rots et muscardins), ces esp\u00e8ces dorment en position enroul\u00e9e dans des cavit\u00e9s terrestres ou des trous d\u2019arbres ou encore au sol sous un buisson (en l\u2019absence de creux d\u2019arbres). Elles entrent dans une phase de l\u00e9thargie qui fait que les battements du c\u0153ur descendent \u00e0 8-13 par minute, la respiration est entrecoup\u00e9e de pauses, et la temp\u00e9rature du corps fr\u00f4le z\u00e9ro degr\u00e9. Afin de pouvoir survivre cette p\u00e9riode critique, les glirid\u00e9s se gavent, pendant l\u2019automne, pour accumuler des graisses protectrices, et redoublent pratiquement leur poids corporel.[\/vc_column_text][\/vc_column][\/vc_row][vc_row][vc_column][vc_column_text]<a href=\"https:\/\/naturelo.meco.lu\/fr\/projets\/aktioun-schleifer\/\"><strong>-&gt; Retour \u00e0 la page d&rsquo;accueil<\/strong><\/a>[\/vc_column_text][\/vc_column][\/vc_row]<\/p>\n<\/div><\/section>","protected":false},"excerpt":{"rendered":"<p>[vc_row][vc_column][vc_column_text] Portrait [\/vc_column_text][\/vc_column][\/vc_row][vc_row][vc_column width=\u00a0\u00bb1\/4&Prime;][vc_single_image image=\u00a0\u00bb5326&Prime; img_size=\u00a0\u00bbfull\u00a0\u00bb onclick=\u00a0\u00bblink_image\u00a0\u00bb][\/vc_column][vc_column width=\u00a0\u00bb3\/4&Prime;][vc_column_text]Leur habitat typique Des bois et for\u00eats proches de la nature, de pr\u00e9f\u00e9rence avec dot\u00e9 de rochers, des vergers sillonn\u00e9s de murs secs et de jardins proches de la nature, des terres en jach\u00e8re garnies de buissons \u00e9pais et de ronces aux lisi\u00e8res de for\u00eats rest\u00e9es proches de [&hellip;]<\/p>\n","protected":false},"author":10,"featured_media":0,"parent":0,"menu_order":0,"comment_status":"closed","ping_status":"closed","template":"","meta":{"_acf_changed":false,"footnotes":""},"class_list":["post-5446","page","type-page","status-publish","hentry"],"acf":[],"yoast_head":"<!-- This site is optimized with the Yoast SEO plugin v27.2 - https:\/\/yoast.com\/product\/yoast-seo-wordpress\/ -->\n<title>Portrait des glirid\u00e9s - Natur<\/title>\n<meta name=\"description\" content=\"Les glirid\u00e9s sont les ma\u00eetres de l\u2019escalade et passent la majeure partie de leur vie dans les arbres et dans les haies. A l\u2019exception du l\u00e9rot que l\u2019on peut \u00e9galement rencontrer au niveau du sol.\" \/>\n<meta name=\"robots\" content=\"noindex, follow, max-snippet:-1, max-image-preview:large, max-video-preview:-1\" \/>\n<meta property=\"og:locale\" content=\"fr_FR\" \/>\n<meta property=\"og:type\" content=\"article\" \/>\n<meta property=\"og:title\" content=\"Portrait des glirid\u00e9s - Natur\" \/>\n<meta property=\"og:description\" content=\"Les glirid\u00e9s sont les ma\u00eetres de l\u2019escalade et passent la majeure partie de leur vie dans les arbres et dans les haies. A l\u2019exception du l\u00e9rot que l\u2019on peut \u00e9galement rencontrer au niveau du sol.\" \/>\n<meta property=\"og:url\" content=\"https:\/\/naturelo.meco.lu\/fr\/portrait-des-glirides\/\" \/>\n<meta property=\"og:site_name\" content=\"Natur\" \/>\n<meta property=\"article:modified_time\" content=\"2021-06-17T08:59:41+00:00\" \/>\n<meta name=\"twitter:card\" content=\"summary_large_image\" \/>\n<meta name=\"twitter:label1\" content=\"Dur\u00e9e de lecture estim\u00e9e\" \/>\n\t<meta name=\"twitter:data1\" content=\"1 minute\" \/>\n<script type=\"application\/ld+json\" class=\"yoast-schema-graph\">{\"@context\":\"https:\/\/schema.org\",\"@graph\":[{\"@type\":\"WebPage\",\"@id\":\"https:\/\/naturelo.meco.lu\/fr\/portrait-des-glirides\/\",\"url\":\"https:\/\/naturelo.meco.lu\/fr\/portrait-des-glirides\/\",\"name\":\"Portrait des glirid\u00e9s - Natur\",\"isPartOf\":{\"@id\":\"https:\/\/naturelo.meco.lu\/#website\"},\"datePublished\":\"2021-06-14T10:27:00+00:00\",\"dateModified\":\"2021-06-17T08:59:41+00:00\",\"description\":\"Les glirid\u00e9s sont les ma\u00eetres de l\u2019escalade et passent la majeure partie de leur vie dans les arbres et dans les haies. A l\u2019exception du l\u00e9rot que l\u2019on peut \u00e9galement rencontrer au niveau du sol.\",\"breadcrumb\":{\"@id\":\"https:\/\/naturelo.meco.lu\/fr\/portrait-des-glirides\/#breadcrumb\"},\"inLanguage\":\"fr-FR\",\"potentialAction\":[{\"@type\":\"ReadAction\",\"target\":[\"https:\/\/naturelo.meco.lu\/fr\/portrait-des-glirides\/\"]}]},{\"@type\":\"BreadcrumbList\",\"@id\":\"https:\/\/naturelo.meco.lu\/fr\/portrait-des-glirides\/#breadcrumb\",\"itemListElement\":[{\"@type\":\"ListItem\",\"position\":1,\"name\":\"Home\",\"item\":\"https:\/\/naturelo.meco.lu\/fr\/\"},{\"@type\":\"ListItem\",\"position\":2,\"name\":\"Portrait des glirid\u00e9s\"}]},{\"@type\":\"WebSite\",\"@id\":\"https:\/\/naturelo.meco.lu\/#website\",\"url\":\"https:\/\/naturelo.meco.lu\/\",\"name\":\"Natur\",\"description\":\"Eine weitere Mouvement \u00e9cologique Global Website\",\"potentialAction\":[{\"@type\":\"SearchAction\",\"target\":{\"@type\":\"EntryPoint\",\"urlTemplate\":\"https:\/\/naturelo.meco.lu\/?s={search_term_string}\"},\"query-input\":{\"@type\":\"PropertyValueSpecification\",\"valueRequired\":true,\"valueName\":\"search_term_string\"}}],\"inLanguage\":\"fr-FR\"}]}<\/script>\n<!-- \/ Yoast SEO plugin. -->","yoast_head_json":{"title":"Portrait des glirid\u00e9s - Natur","description":"Les glirid\u00e9s sont les ma\u00eetres de l\u2019escalade et passent la majeure partie de leur vie dans les arbres et dans les haies. A l\u2019exception du l\u00e9rot que l\u2019on peut \u00e9galement rencontrer au niveau du sol.","robots":{"index":"noindex","follow":"follow","max-snippet":"max-snippet:-1","max-image-preview":"max-image-preview:large","max-video-preview":"max-video-preview:-1"},"og_locale":"fr_FR","og_type":"article","og_title":"Portrait des glirid\u00e9s - Natur","og_description":"Les glirid\u00e9s sont les ma\u00eetres de l\u2019escalade et passent la majeure partie de leur vie dans les arbres et dans les haies. A l\u2019exception du l\u00e9rot que l\u2019on peut \u00e9galement rencontrer au niveau du sol.","og_url":"https:\/\/naturelo.meco.lu\/fr\/portrait-des-glirides\/","og_site_name":"Natur","article_modified_time":"2021-06-17T08:59:41+00:00","twitter_card":"summary_large_image","twitter_misc":{"Dur\u00e9e de lecture estim\u00e9e":"1 minute"},"schema":{"@context":"https:\/\/schema.org","@graph":[{"@type":"WebPage","@id":"https:\/\/naturelo.meco.lu\/fr\/portrait-des-glirides\/","url":"https:\/\/naturelo.meco.lu\/fr\/portrait-des-glirides\/","name":"Portrait des glirid\u00e9s - Natur","isPartOf":{"@id":"https:\/\/naturelo.meco.lu\/#website"},"datePublished":"2021-06-14T10:27:00+00:00","dateModified":"2021-06-17T08:59:41+00:00","description":"Les glirid\u00e9s sont les ma\u00eetres de l\u2019escalade et passent la majeure partie de leur vie dans les arbres et dans les haies. A l\u2019exception du l\u00e9rot que l\u2019on peut \u00e9galement rencontrer au niveau du sol.","breadcrumb":{"@id":"https:\/\/naturelo.meco.lu\/fr\/portrait-des-glirides\/#breadcrumb"},"inLanguage":"fr-FR","potentialAction":[{"@type":"ReadAction","target":["https:\/\/naturelo.meco.lu\/fr\/portrait-des-glirides\/"]}]},{"@type":"BreadcrumbList","@id":"https:\/\/naturelo.meco.lu\/fr\/portrait-des-glirides\/#breadcrumb","itemListElement":[{"@type":"ListItem","position":1,"name":"Home","item":"https:\/\/naturelo.meco.lu\/fr\/"},{"@type":"ListItem","position":2,"name":"Portrait des glirid\u00e9s"}]},{"@type":"WebSite","@id":"https:\/\/naturelo.meco.lu\/#website","url":"https:\/\/naturelo.meco.lu\/","name":"Natur","description":"Eine weitere Mouvement \u00e9cologique Global Website","potentialAction":[{"@type":"SearchAction","target":{"@type":"EntryPoint","urlTemplate":"https:\/\/naturelo.meco.lu\/?s={search_term_string}"},"query-input":{"@type":"PropertyValueSpecification","valueRequired":true,"valueName":"search_term_string"}}],"inLanguage":"fr-FR"}]}},"_links":{"self":[{"href":"https:\/\/naturelo.meco.lu\/fr\/wp-json\/wp\/v2\/pages\/5446","targetHints":{"allow":["GET"]}}],"collection":[{"href":"https:\/\/naturelo.meco.lu\/fr\/wp-json\/wp\/v2\/pages"}],"about":[{"href":"https:\/\/naturelo.meco.lu\/fr\/wp-json\/wp\/v2\/types\/page"}],"author":[{"embeddable":true,"href":"https:\/\/naturelo.meco.lu\/fr\/wp-json\/wp\/v2\/users\/10"}],"replies":[{"embeddable":true,"href":"https:\/\/naturelo.meco.lu\/fr\/wp-json\/wp\/v2\/comments?post=5446"}],"version-history":[{"count":5,"href":"https:\/\/naturelo.meco.lu\/fr\/wp-json\/wp\/v2\/pages\/5446\/revisions"}],"predecessor-version":[{"id":5718,"href":"https:\/\/naturelo.meco.lu\/fr\/wp-json\/wp\/v2\/pages\/5446\/revisions\/5718"}],"wp:attachment":[{"href":"https:\/\/naturelo.meco.lu\/fr\/wp-json\/wp\/v2\/media?parent=5446"}],"curies":[{"name":"wp","href":"https:\/\/api.w.org\/{rel}","templated":true}]}}