{"id":5443,"date":"2021-06-14T12:39:15","date_gmt":"2021-06-14T10:39:15","guid":{"rendered":"https:\/\/naturelo.meco.lu\/de-schleifer-hellefen\/"},"modified":"2024-10-10T11:44:52","modified_gmt":"2024-10-10T09:44:52","slug":"que-faut-il-faire-pour-aider-ces-especes","status":"publish","type":"page","link":"https:\/\/naturelo.meco.lu\/fr\/que-faut-il-faire-pour-aider-ces-especes\/","title":{"rendered":"Que faut-il faire pour aider ces esp\u00e8ces ?"},"content":{"rendered":"<section class=\"wpb-content-wrapper\"><div class=\"pf-content\"><p>[vc_row][vc_column][vc_column_text]<\/p>\n<h2><span style=\"color: #99cc00\">Que faut-il faire pour aider ces esp\u00e8ces ?<\/span><\/h2>\n<h2><span style=\"color: #99cc00\">Pr\u00e9server leur habitat<\/span><\/h2>\n<p>[\/vc_column_text][\/vc_column][\/vc_row][vc_row][vc_column width=\u00a0\u00bb1\/4&Prime;][vc_single_image image=\u00a0\u00bb3499&Prime;][\/vc_column][vc_column width=\u00a0\u00bb3\/4&Prime;][vc_column_text]<strong>Am\u00e9nager un jardin proche de la nature et des zones vertes structurellement riches<\/strong><\/p>\n<p>Si vous poss\u00e9dez un jardin, alors am\u00e9nagez-le de mani\u00e8re \u00e0 ce qu\u2019il soit proche de la nature, c\u2019est-\u00e0-dire en y plantant des buissons, des haies, des arbres, des arbustes et en y laissant des bois morts et\/ou des amas de pierres, respectivement un mur sec, pour que &#8211; non seulement les glirid\u00e9s mais \u00e9galement tous les autres animaux &#8211; s\u2018y sentent \u00e0 l\u2019aise.<\/p>\n<p>Si vous manquez d\u2019id\u00e9es pour l\u2019am\u00e9nagement d\u2019un jardin \u00ab sauvage \u00bb, alors inspirez-vous\u00a0 dans notre rubrique: <span style=\"color: #99cc00\"><a style=\"color: #99cc00\" href=\"https:\/\/naturelo.meco.lu\/fr\/tipps\/idees-et-conseils-pour-amenager-un-jardin-proche-de-la-nature\/\">\u00ab\u00a0<strong>Id\u00e9es et conseils pour am\u00e9nager un jardin proche de la nature<\/strong>\u00ab\u00a0.<\/a><\/span>[\/vc_column_text][\/vc_column][\/vc_row][vc_row][vc_column width=\u00a0\u00bb1\/4&Prime;][vc_single_image image=\u00a0\u00bb5259&Prime;][\/vc_column][vc_column width=\u00a0\u00bb3\/4&Prime;][vc_column_text]<strong>Prenez contact avec les responsables de votre commune\u00a0 <\/strong><\/p>\n<p>Vous n\u2019\u00eates pas l\u2019heureux propri\u00e9taire d\u2019un jardin? Ou bien vous souhaitez aller encore plus loin dans vos efforts de protection des glirid\u00e9s? Alors engagez-vous aupr\u00e8s de votre commune pour que les zones (vertes) publiques soient am\u00e9nag\u00e9es et entretenues dans un esprit respectueux de la nature, et pour que l\u2019ensemble des vergers et des murs secs dans votre municipalit\u00e9 soit conserv\u00e9, respectivement \u00e9tendu, etc. Il est primordial de pouvoir compter sur le soutien de citoyens engag\u00e9s, qui sont sensibilis\u00e9s \u00e0 l\u2019importance de tels projets et dispos\u00e9s \u00e0 soumettre leurs attentes aux \u00e9lus communaux.[\/vc_column_text][\/vc_column][\/vc_row][vc_row][vc_column][vc_column_text]<a href=\"https:\/\/naturelo.meco.lu\/fr\/projets\/aktioun-schleifer\/\"><strong>-&gt; retour \u00e0 la page d&rsquo;accueil<\/strong><\/a>[\/vc_column_text][\/vc_column][\/vc_row]<\/p>\n<\/div><\/section>","protected":false},"excerpt":{"rendered":"<p>[vc_row][vc_column][vc_column_text] Que faut-il faire pour aider ces esp\u00e8ces ? Pr\u00e9server leur habitat [\/vc_column_text][\/vc_column][\/vc_row][vc_row][vc_column width=\u00a0\u00bb1\/4&Prime;][vc_single_image image=\u00a0\u00bb3499&Prime;][\/vc_column][vc_column width=\u00a0\u00bb3\/4&Prime;][vc_column_text]Am\u00e9nager un jardin proche de la nature et des zones vertes structurellement riches Si vous poss\u00e9dez un jardin, alors am\u00e9nagez-le de mani\u00e8re \u00e0 ce qu\u2019il soit proche de la nature, c\u2019est-\u00e0-dire en y plantant des buissons, des haies, des arbres, [&hellip;]<\/p>\n","protected":false},"author":10,"featured_media":0,"parent":0,"menu_order":12,"comment_status":"closed","ping_status":"closed","template":"","meta":{"_acf_changed":false,"footnotes":""},"class_list":["post-5443","page","type-page","status-publish","hentry"],"acf":[],"yoast_head":"<!-- This site is optimized with the Yoast SEO plugin v27.2 - https:\/\/yoast.com\/product\/yoast-seo-wordpress\/ -->\n<title>Que faut-il faire pour aider ces esp\u00e8ces ? - Natur<\/title>\n<meta name=\"description\" content=\"Am\u00e9nager un jardin proche de la nature et des zones vertes structurellement riches. Prenez contact avec les responsables de votre commune\u00a0Vous n\u2019\u00eates pas l\u2019heureux propri\u00e9taire d\u2019un jardin? Ou bien vous souhaitez aller encore plus loin dans vos efforts de protection des glirid\u00e9s? Alors engagez-vous aupr\u00e8s de votre commune pour que les zones (vertes) publiques soient am\u00e9nag\u00e9es et entretenues dans un esprit respectueux de la nature, et pour que l\u2019ensemble des vergers et des murs secs dans votre municipalit\u00e9 soit conserv\u00e9, respectivement \u00e9tendu, etc.\" \/>\n<meta name=\"robots\" content=\"noindex, follow, max-snippet:-1, max-image-preview:large, max-video-preview:-1\" \/>\n<meta property=\"og:locale\" content=\"fr_FR\" \/>\n<meta property=\"og:type\" content=\"article\" \/>\n<meta property=\"og:title\" content=\"Que faut-il faire pour aider ces esp\u00e8ces ? - Natur\" \/>\n<meta property=\"og:description\" content=\"Am\u00e9nager un jardin proche de la nature et des zones vertes structurellement riches. Prenez contact avec les responsables de votre commune\u00a0Vous n\u2019\u00eates pas l\u2019heureux propri\u00e9taire d\u2019un jardin? Ou bien vous souhaitez aller encore plus loin dans vos efforts de protection des glirid\u00e9s? Alors engagez-vous aupr\u00e8s de votre commune pour que les zones (vertes) publiques soient am\u00e9nag\u00e9es et entretenues dans un esprit respectueux de la nature, et pour que l\u2019ensemble des vergers et des murs secs dans votre municipalit\u00e9 soit conserv\u00e9, respectivement \u00e9tendu, etc.\" \/>\n<meta property=\"og:url\" content=\"https:\/\/naturelo.meco.lu\/fr\/que-faut-il-faire-pour-aider-ces-especes\/\" \/>\n<meta property=\"og:site_name\" content=\"Natur\" \/>\n<meta property=\"article:modified_time\" content=\"2024-10-10T09:44:52+00:00\" \/>\n<meta name=\"twitter:card\" content=\"summary_large_image\" \/>\n<meta name=\"twitter:label1\" content=\"Dur\u00e9e de lecture estim\u00e9e\" \/>\n\t<meta name=\"twitter:data1\" content=\"2 minutes\" \/>\n<script type=\"application\/ld+json\" class=\"yoast-schema-graph\">{\"@context\":\"https:\/\/schema.org\",\"@graph\":[{\"@type\":\"WebPage\",\"@id\":\"https:\/\/naturelo.meco.lu\/fr\/que-faut-il-faire-pour-aider-ces-especes\/\",\"url\":\"https:\/\/naturelo.meco.lu\/fr\/que-faut-il-faire-pour-aider-ces-especes\/\",\"name\":\"Que faut-il faire pour aider ces esp\u00e8ces ? - Natur\",\"isPartOf\":{\"@id\":\"https:\/\/naturelo.meco.lu\/#website\"},\"datePublished\":\"2021-06-14T10:39:15+00:00\",\"dateModified\":\"2024-10-10T09:44:52+00:00\",\"description\":\"Am\u00e9nager un jardin proche de la nature et des zones vertes structurellement riches. Prenez contact avec les responsables de votre commune\u00a0Vous n\u2019\u00eates pas l\u2019heureux propri\u00e9taire d\u2019un jardin? Ou bien vous souhaitez aller encore plus loin dans vos efforts de protection des glirid\u00e9s? Alors engagez-vous aupr\u00e8s de votre commune pour que les zones (vertes) publiques soient am\u00e9nag\u00e9es et entretenues dans un esprit respectueux de la nature, et pour que l\u2019ensemble des vergers et des murs secs dans votre municipalit\u00e9 soit conserv\u00e9, respectivement \u00e9tendu, etc.\",\"breadcrumb\":{\"@id\":\"https:\/\/naturelo.meco.lu\/fr\/que-faut-il-faire-pour-aider-ces-especes\/#breadcrumb\"},\"inLanguage\":\"fr-FR\",\"potentialAction\":[{\"@type\":\"ReadAction\",\"target\":[\"https:\/\/naturelo.meco.lu\/fr\/que-faut-il-faire-pour-aider-ces-especes\/\"]}]},{\"@type\":\"BreadcrumbList\",\"@id\":\"https:\/\/naturelo.meco.lu\/fr\/que-faut-il-faire-pour-aider-ces-especes\/#breadcrumb\",\"itemListElement\":[{\"@type\":\"ListItem\",\"position\":1,\"name\":\"Home\",\"item\":\"https:\/\/naturelo.meco.lu\/fr\/\"},{\"@type\":\"ListItem\",\"position\":2,\"name\":\"Que faut-il faire pour aider ces esp\u00e8ces ?\"}]},{\"@type\":\"WebSite\",\"@id\":\"https:\/\/naturelo.meco.lu\/#website\",\"url\":\"https:\/\/naturelo.meco.lu\/\",\"name\":\"Natur\",\"description\":\"Eine weitere Mouvement \u00e9cologique Global Website\",\"potentialAction\":[{\"@type\":\"SearchAction\",\"target\":{\"@type\":\"EntryPoint\",\"urlTemplate\":\"https:\/\/naturelo.meco.lu\/?s={search_term_string}\"},\"query-input\":{\"@type\":\"PropertyValueSpecification\",\"valueRequired\":true,\"valueName\":\"search_term_string\"}}],\"inLanguage\":\"fr-FR\"}]}<\/script>\n<!-- \/ Yoast SEO plugin. -->","yoast_head_json":{"title":"Que faut-il faire pour aider ces esp\u00e8ces ? - Natur","description":"Am\u00e9nager un jardin proche de la nature et des zones vertes structurellement riches. Prenez contact avec les responsables de votre commune\u00a0Vous n\u2019\u00eates pas l\u2019heureux propri\u00e9taire d\u2019un jardin? Ou bien vous souhaitez aller encore plus loin dans vos efforts de protection des glirid\u00e9s? Alors engagez-vous aupr\u00e8s de votre commune pour que les zones (vertes) publiques soient am\u00e9nag\u00e9es et entretenues dans un esprit respectueux de la nature, et pour que l\u2019ensemble des vergers et des murs secs dans votre municipalit\u00e9 soit conserv\u00e9, respectivement \u00e9tendu, etc.","robots":{"index":"noindex","follow":"follow","max-snippet":"max-snippet:-1","max-image-preview":"max-image-preview:large","max-video-preview":"max-video-preview:-1"},"og_locale":"fr_FR","og_type":"article","og_title":"Que faut-il faire pour aider ces esp\u00e8ces ? - Natur","og_description":"Am\u00e9nager un jardin proche de la nature et des zones vertes structurellement riches. Prenez contact avec les responsables de votre commune\u00a0Vous n\u2019\u00eates pas l\u2019heureux propri\u00e9taire d\u2019un jardin? Ou bien vous souhaitez aller encore plus loin dans vos efforts de protection des glirid\u00e9s? Alors engagez-vous aupr\u00e8s de votre commune pour que les zones (vertes) publiques soient am\u00e9nag\u00e9es et entretenues dans un esprit respectueux de la nature, et pour que l\u2019ensemble des vergers et des murs secs dans votre municipalit\u00e9 soit conserv\u00e9, respectivement \u00e9tendu, etc.","og_url":"https:\/\/naturelo.meco.lu\/fr\/que-faut-il-faire-pour-aider-ces-especes\/","og_site_name":"Natur","article_modified_time":"2024-10-10T09:44:52+00:00","twitter_card":"summary_large_image","twitter_misc":{"Dur\u00e9e de lecture estim\u00e9e":"2 minutes"},"schema":{"@context":"https:\/\/schema.org","@graph":[{"@type":"WebPage","@id":"https:\/\/naturelo.meco.lu\/fr\/que-faut-il-faire-pour-aider-ces-especes\/","url":"https:\/\/naturelo.meco.lu\/fr\/que-faut-il-faire-pour-aider-ces-especes\/","name":"Que faut-il faire pour aider ces esp\u00e8ces ? - Natur","isPartOf":{"@id":"https:\/\/naturelo.meco.lu\/#website"},"datePublished":"2021-06-14T10:39:15+00:00","dateModified":"2024-10-10T09:44:52+00:00","description":"Am\u00e9nager un jardin proche de la nature et des zones vertes structurellement riches. Prenez contact avec les responsables de votre commune\u00a0Vous n\u2019\u00eates pas l\u2019heureux propri\u00e9taire d\u2019un jardin? Ou bien vous souhaitez aller encore plus loin dans vos efforts de protection des glirid\u00e9s? Alors engagez-vous aupr\u00e8s de votre commune pour que les zones (vertes) publiques soient am\u00e9nag\u00e9es et entretenues dans un esprit respectueux de la nature, et pour que l\u2019ensemble des vergers et des murs secs dans votre municipalit\u00e9 soit conserv\u00e9, respectivement \u00e9tendu, etc.","breadcrumb":{"@id":"https:\/\/naturelo.meco.lu\/fr\/que-faut-il-faire-pour-aider-ces-especes\/#breadcrumb"},"inLanguage":"fr-FR","potentialAction":[{"@type":"ReadAction","target":["https:\/\/naturelo.meco.lu\/fr\/que-faut-il-faire-pour-aider-ces-especes\/"]}]},{"@type":"BreadcrumbList","@id":"https:\/\/naturelo.meco.lu\/fr\/que-faut-il-faire-pour-aider-ces-especes\/#breadcrumb","itemListElement":[{"@type":"ListItem","position":1,"name":"Home","item":"https:\/\/naturelo.meco.lu\/fr\/"},{"@type":"ListItem","position":2,"name":"Que faut-il faire pour aider ces esp\u00e8ces ?"}]},{"@type":"WebSite","@id":"https:\/\/naturelo.meco.lu\/#website","url":"https:\/\/naturelo.meco.lu\/","name":"Natur","description":"Eine weitere Mouvement \u00e9cologique Global Website","potentialAction":[{"@type":"SearchAction","target":{"@type":"EntryPoint","urlTemplate":"https:\/\/naturelo.meco.lu\/?s={search_term_string}"},"query-input":{"@type":"PropertyValueSpecification","valueRequired":true,"valueName":"search_term_string"}}],"inLanguage":"fr-FR"}]}},"_links":{"self":[{"href":"https:\/\/naturelo.meco.lu\/fr\/wp-json\/wp\/v2\/pages\/5443","targetHints":{"allow":["GET"]}}],"collection":[{"href":"https:\/\/naturelo.meco.lu\/fr\/wp-json\/wp\/v2\/pages"}],"about":[{"href":"https:\/\/naturelo.meco.lu\/fr\/wp-json\/wp\/v2\/types\/page"}],"author":[{"embeddable":true,"href":"https:\/\/naturelo.meco.lu\/fr\/wp-json\/wp\/v2\/users\/10"}],"replies":[{"embeddable":true,"href":"https:\/\/naturelo.meco.lu\/fr\/wp-json\/wp\/v2\/comments?post=5443"}],"version-history":[{"count":6,"href":"https:\/\/naturelo.meco.lu\/fr\/wp-json\/wp\/v2\/pages\/5443\/revisions"}],"predecessor-version":[{"id":8087,"href":"https:\/\/naturelo.meco.lu\/fr\/wp-json\/wp\/v2\/pages\/5443\/revisions\/8087"}],"wp:attachment":[{"href":"https:\/\/naturelo.meco.lu\/fr\/wp-json\/wp\/v2\/media?parent=5443"}],"curies":[{"name":"wp","href":"https:\/\/api.w.org\/{rel}","templated":true}]}}