{"id":5437,"date":"2021-06-14T16:01:40","date_gmt":"2021-06-14T14:01:40","guid":{"rendered":"https:\/\/naturelo.meco.lu\/schleifer-ennert-dem-daach\/"},"modified":"2021-06-16T15:26:27","modified_gmt":"2021-06-16T13:26:27","slug":"que-faire-lorsque-vous-decouvrez-un-lerot-ou-un-loir-gris-sous-votre-toit","status":"publish","type":"page","link":"https:\/\/naturelo.meco.lu\/fr\/que-faire-lorsque-vous-decouvrez-un-lerot-ou-un-loir-gris-sous-votre-toit\/","title":{"rendered":"Que faire lorsque vous d\u00e9couvrez un l\u00e9rot ou un loir gris sous votre toit ?"},"content":{"rendered":"<div class=\"pf-content\"><h1><span style=\"color: #99cc00\">Que faire lorsque vous d\u00e9couvrez un l\u00e9rot ou un loir gris sous votre toit ?<\/span><\/h1>\n<p><img loading=\"lazy\" decoding=\"async\" class=\" wp-image-5239 alignleft\" src=\"http:\/\/naturelo.meco.lu\/wp-content\/uploads\/sites\/7\/2021\/06\/Siweschleifer-Haus-300x200.jpeg\" alt=\"\" width=\"389\" height=\"259\" srcset=\"https:\/\/naturelo.meco.lu\/wp-content\/uploads\/sites\/7\/2021\/06\/Siweschleifer-Haus-300x200.jpeg 300w, https:\/\/naturelo.meco.lu\/wp-content\/uploads\/sites\/7\/2021\/06\/Siweschleifer-Haus-1024x683.jpeg 1024w, https:\/\/naturelo.meco.lu\/wp-content\/uploads\/sites\/7\/2021\/06\/Siweschleifer-Haus-768x512.jpeg 768w, https:\/\/naturelo.meco.lu\/wp-content\/uploads\/sites\/7\/2021\/06\/Siweschleifer-Haus-1536x1024.jpeg 1536w, https:\/\/naturelo.meco.lu\/wp-content\/uploads\/sites\/7\/2021\/06\/Siweschleifer-Haus-2048x1365.jpeg 2048w\" sizes=\"auto, (max-width: 389px) 100vw, 389px\" \/>Les l\u00e9rots et les loirs gris ont parfois la f\u00e2cheuse tendance de s\u2018installer sous les toits des maisons d\u2019habitation, des abris de jardin ou des cabanons qui se trouvent \u00e0 proximit\u00e9 d\u2019une for\u00eat.<\/p>\n<p>Ces petits animaux nocturnes sont plut\u00f4t bruyants lorsqu\u2019ils sautent, courent, grattent et crient sous les toitures. Aussi, ils grignotent aux mat\u00e9riaux d\u2019isolation et laissent leurs traces, ce qui m\u00e8ne fr\u00e9quemment au conflit avec leurs h\u00e9bergeurs (involontaires).<\/p>\n<p>Toujours est-il que ces petits locataires &#8211; d\u00e8s lors qu\u2019ils se logent dans les cabanons ou abris de jardin &#8211; peuvent \u00eatre une v\u00e9ritable source de joie: comme leur pr\u00e9sence est connue et tol\u00e9r\u00e9e \u00e0 ces endroits, il devient ais\u00e9ment possible de guetter et d\u2018observer ces dr\u00f4les d\u2019animaux sympathiques.<\/p>\n<p>Si vous souhaitez vous d\u00e9barrasser de vos locataires ind\u00e9sirables qui vous privent de sommeil dans votre propre maison, vous pouvez essayer de leur offrir un logement alternatif dans votre jardin, en y pla\u00e7ant des nichoirs pour glirid\u00e9s, en laissant des vieux arbres en place pour que les pics peuvent forer leurs trous dans le bois pouvant servir aux glirid\u00e9s, ou encore en plantant des haies etc.<\/p>\n<p><img loading=\"lazy\" decoding=\"async\" class=\" wp-image-5398 alignleft\" src=\"http:\/\/naturelo.meco.lu\/wp-content\/uploads\/sites\/7\/2021\/06\/Gaardeschleifer-Haus-300x200.jpeg\" alt=\"\" width=\"393\" height=\"262\" srcset=\"https:\/\/naturelo.meco.lu\/wp-content\/uploads\/sites\/7\/2021\/06\/Gaardeschleifer-Haus-300x200.jpeg 300w, https:\/\/naturelo.meco.lu\/wp-content\/uploads\/sites\/7\/2021\/06\/Gaardeschleifer-Haus-1024x681.jpeg 1024w, https:\/\/naturelo.meco.lu\/wp-content\/uploads\/sites\/7\/2021\/06\/Gaardeschleifer-Haus-768x511.jpeg 768w, https:\/\/naturelo.meco.lu\/wp-content\/uploads\/sites\/7\/2021\/06\/Gaardeschleifer-Haus-1536x1022.jpeg 1536w, https:\/\/naturelo.meco.lu\/wp-content\/uploads\/sites\/7\/2021\/06\/Gaardeschleifer-Haus-2048x1363.jpeg 2048w\" sizes=\"auto, (max-width: 393px) 100vw, 393px\" \/><\/p>\n<p>Si les locataires importuns se montrent ingrats en refusant de d\u00e9guerpir et d\u2018aller vivre dans la nouvelle demeure am\u00e9nag\u00e9e rien que pour eux &#8230; alors il y a moyen de donner un coup de pouce! \u00a0Une source de lumi\u00e8re permanente ou des bruits (en journ\u00e9e)\u00a0 sont de nature \u00e0 d\u00e9ranger les glirid\u00e9s et \u00e0 les chasser une bonne fois pour toutes, ce que vous allez constater facilement, en retrouvant votre sommeil nocturne et en notant l\u2019absence de bruits et de traces fra\u00eeches.<\/p>\n<p>Au-del\u00e0, il est conseill\u00e9 de faire couper des branches d\u2019arbres qui d\u00e9passent et touchent les toitures et les fa\u00e7ades de maison. Si vous recourez aux services d\u2019un couvreur, demandez-lui de v\u00e9rifier si les petits animaux tapageurs sont vraiment partis. V\u00e9rifiez \u00e9galement s\u2019il y a des petits dans le nid (surtout au printemps)! Dans l\u2019affirmative, la vigilance est de mise, car les petits animaux ne peuvent pas survivre sans leur m\u00e8re !<\/p>\n<p>Lorsque vous \u00eates s\u00fbrs de vous avoir d\u00e9barrass\u00e9 de toute la bande, pour de bon, cherchez les trous qui leur ont servi d\u2018entr\u00e9e dans la maison et faites en sorte que ces trous soient ferm\u00e9s<\/p>\n<p><strong>Mais attention:<\/strong> les glirid\u00e9s aiment hiberner sous les toitures de maisons. Et comme ils hibernent, ils ne sont pas actifs et ne font donc pas de bruit d\u00e9plaisant. Ils peuvent donc y loger en passant totalement inaper\u00e7us. Si, en hiver, vous bouchez leurs trous d\u2019entr\u00e9e, les animaux ne vont plus pouvoir sortir \u00e0 l\u2019arriv\u00e9e du printemps. Vous risquez de ne vous en rendre compte que lorsqu\u2019une odeur de putr\u00e9faction se d\u00e9gagera de vos combles.<\/p>\n<p>&nbsp;<\/p>\n<p><a href=\"https:\/\/naturelo.meco.lu\/fr\/projets\/aktioun-schleifer\/\"><strong>-&gt; Retour \u00e0 la page principale<\/strong><\/a><\/p>\n<\/div>","protected":false},"excerpt":{"rendered":"<p>Que faire lorsque vous d\u00e9couvrez un l\u00e9rot ou un loir gris sous votre toit ? Les l\u00e9rots et les loirs gris ont parfois la f\u00e2cheuse tendance de s\u2018installer sous les toits des maisons d\u2019habitation, des abris de jardin ou des cabanons qui se trouvent \u00e0 proximit\u00e9 d\u2019une for\u00eat. Ces petits animaux nocturnes sont plut\u00f4t bruyants [&hellip;]<\/p>\n","protected":false},"author":10,"featured_media":0,"parent":0,"menu_order":0,"comment_status":"closed","ping_status":"closed","template":"","meta":{"_acf_changed":false,"footnotes":""},"class_list":["post-5437","page","type-page","status-publish","hentry"],"acf":[],"yoast_head":"<!-- This site is optimized with the Yoast SEO plugin v27.2 - https:\/\/yoast.com\/product\/yoast-seo-wordpress\/ -->\n<title>Que faire lorsque vous d\u00e9couvrez un l\u00e9rot ou un loir gris sous votre toit ? - Natur<\/title>\n<meta name=\"description\" content=\"Si vous souhaitez vous d\u00e9barrasser de vos locataires ind\u00e9sirables qui vous privent de sommeil dans votre propre maison, vous pouvez essayer de leur offrir un logement alternatif dans votre jardin, en y pla\u00e7ant des nichoirs pour glirid\u00e9s, en laissant des vieux arbres en place pour que les pics peuvent forer leurs trous dans le bois pouvant servir aux glirid\u00e9s, ou encore en plantant des haies etc.\" \/>\n<meta name=\"robots\" content=\"noindex, follow, max-snippet:-1, max-image-preview:large, max-video-preview:-1\" \/>\n<meta property=\"og:locale\" content=\"fr_FR\" \/>\n<meta property=\"og:type\" content=\"article\" \/>\n<meta property=\"og:title\" content=\"Que faire lorsque vous d\u00e9couvrez un l\u00e9rot ou un loir gris sous votre toit ? - Natur\" \/>\n<meta property=\"og:description\" content=\"Si vous souhaitez vous d\u00e9barrasser de vos locataires ind\u00e9sirables qui vous privent de sommeil dans votre propre maison, vous pouvez essayer de leur offrir un logement alternatif dans votre jardin, en y pla\u00e7ant des nichoirs pour glirid\u00e9s, en laissant des vieux arbres en place pour que les pics peuvent forer leurs trous dans le bois pouvant servir aux glirid\u00e9s, ou encore en plantant des haies etc.\" \/>\n<meta property=\"og:url\" content=\"https:\/\/naturelo.meco.lu\/fr\/que-faire-lorsque-vous-decouvrez-un-lerot-ou-un-loir-gris-sous-votre-toit\/\" \/>\n<meta property=\"og:site_name\" content=\"Natur\" \/>\n<meta property=\"article:modified_time\" content=\"2021-06-16T13:26:27+00:00\" \/>\n<meta property=\"og:image\" content=\"http:\/\/naturelo.meco.lu\/wp-content\/uploads\/sites\/7\/2021\/06\/Siweschleifer-Haus-300x200.jpeg\" \/>\n<meta name=\"twitter:card\" content=\"summary_large_image\" \/>\n<meta name=\"twitter:label1\" content=\"Dur\u00e9e de lecture estim\u00e9e\" \/>\n\t<meta name=\"twitter:data1\" content=\"3 minutes\" \/>\n<script type=\"application\/ld+json\" class=\"yoast-schema-graph\">{\"@context\":\"https:\/\/schema.org\",\"@graph\":[{\"@type\":\"WebPage\",\"@id\":\"https:\/\/naturelo.meco.lu\/fr\/que-faire-lorsque-vous-decouvrez-un-lerot-ou-un-loir-gris-sous-votre-toit\/\",\"url\":\"https:\/\/naturelo.meco.lu\/fr\/que-faire-lorsque-vous-decouvrez-un-lerot-ou-un-loir-gris-sous-votre-toit\/\",\"name\":\"Que faire lorsque vous d\u00e9couvrez un l\u00e9rot ou un loir gris sous votre toit ? - Natur\",\"isPartOf\":{\"@id\":\"https:\/\/naturelo.meco.lu\/#website\"},\"primaryImageOfPage\":{\"@id\":\"https:\/\/naturelo.meco.lu\/fr\/que-faire-lorsque-vous-decouvrez-un-lerot-ou-un-loir-gris-sous-votre-toit\/#primaryimage\"},\"image\":{\"@id\":\"https:\/\/naturelo.meco.lu\/fr\/que-faire-lorsque-vous-decouvrez-un-lerot-ou-un-loir-gris-sous-votre-toit\/#primaryimage\"},\"thumbnailUrl\":\"http:\/\/naturelo.meco.lu\/wp-content\/uploads\/sites\/7\/2021\/06\/Siweschleifer-Haus-300x200.jpeg\",\"datePublished\":\"2021-06-14T14:01:40+00:00\",\"dateModified\":\"2021-06-16T13:26:27+00:00\",\"description\":\"Si vous souhaitez vous d\u00e9barrasser de vos locataires ind\u00e9sirables qui vous privent de sommeil dans votre propre maison, vous pouvez essayer de leur offrir un logement alternatif dans votre jardin, en y pla\u00e7ant des nichoirs pour glirid\u00e9s, en laissant des vieux arbres en place pour que les pics peuvent forer leurs trous dans le bois pouvant servir aux glirid\u00e9s, ou encore en plantant des haies etc.\",\"breadcrumb\":{\"@id\":\"https:\/\/naturelo.meco.lu\/fr\/que-faire-lorsque-vous-decouvrez-un-lerot-ou-un-loir-gris-sous-votre-toit\/#breadcrumb\"},\"inLanguage\":\"fr-FR\",\"potentialAction\":[{\"@type\":\"ReadAction\",\"target\":[\"https:\/\/naturelo.meco.lu\/fr\/que-faire-lorsque-vous-decouvrez-un-lerot-ou-un-loir-gris-sous-votre-toit\/\"]}]},{\"@type\":\"ImageObject\",\"inLanguage\":\"fr-FR\",\"@id\":\"https:\/\/naturelo.meco.lu\/fr\/que-faire-lorsque-vous-decouvrez-un-lerot-ou-un-loir-gris-sous-votre-toit\/#primaryimage\",\"url\":\"http:\/\/naturelo.meco.lu\/wp-content\/uploads\/sites\/7\/2021\/06\/Siweschleifer-Haus-300x200.jpeg\",\"contentUrl\":\"http:\/\/naturelo.meco.lu\/wp-content\/uploads\/sites\/7\/2021\/06\/Siweschleifer-Haus-300x200.jpeg\"},{\"@type\":\"BreadcrumbList\",\"@id\":\"https:\/\/naturelo.meco.lu\/fr\/que-faire-lorsque-vous-decouvrez-un-lerot-ou-un-loir-gris-sous-votre-toit\/#breadcrumb\",\"itemListElement\":[{\"@type\":\"ListItem\",\"position\":1,\"name\":\"Home\",\"item\":\"https:\/\/naturelo.meco.lu\/fr\/\"},{\"@type\":\"ListItem\",\"position\":2,\"name\":\"Que faire lorsque vous d\u00e9couvrez un l\u00e9rot ou un loir gris sous votre toit ?\"}]},{\"@type\":\"WebSite\",\"@id\":\"https:\/\/naturelo.meco.lu\/#website\",\"url\":\"https:\/\/naturelo.meco.lu\/\",\"name\":\"Natur\",\"description\":\"Eine weitere Mouvement \u00e9cologique Global Website\",\"potentialAction\":[{\"@type\":\"SearchAction\",\"target\":{\"@type\":\"EntryPoint\",\"urlTemplate\":\"https:\/\/naturelo.meco.lu\/?s={search_term_string}\"},\"query-input\":{\"@type\":\"PropertyValueSpecification\",\"valueRequired\":true,\"valueName\":\"search_term_string\"}}],\"inLanguage\":\"fr-FR\"}]}<\/script>\n<!-- \/ Yoast SEO plugin. -->","yoast_head_json":{"title":"Que faire lorsque vous d\u00e9couvrez un l\u00e9rot ou un loir gris sous votre toit ? - Natur","description":"Si vous souhaitez vous d\u00e9barrasser de vos locataires ind\u00e9sirables qui vous privent de sommeil dans votre propre maison, vous pouvez essayer de leur offrir un logement alternatif dans votre jardin, en y pla\u00e7ant des nichoirs pour glirid\u00e9s, en laissant des vieux arbres en place pour que les pics peuvent forer leurs trous dans le bois pouvant servir aux glirid\u00e9s, ou encore en plantant des haies etc.","robots":{"index":"noindex","follow":"follow","max-snippet":"max-snippet:-1","max-image-preview":"max-image-preview:large","max-video-preview":"max-video-preview:-1"},"og_locale":"fr_FR","og_type":"article","og_title":"Que faire lorsque vous d\u00e9couvrez un l\u00e9rot ou un loir gris sous votre toit ? - Natur","og_description":"Si vous souhaitez vous d\u00e9barrasser de vos locataires ind\u00e9sirables qui vous privent de sommeil dans votre propre maison, vous pouvez essayer de leur offrir un logement alternatif dans votre jardin, en y pla\u00e7ant des nichoirs pour glirid\u00e9s, en laissant des vieux arbres en place pour que les pics peuvent forer leurs trous dans le bois pouvant servir aux glirid\u00e9s, ou encore en plantant des haies etc.","og_url":"https:\/\/naturelo.meco.lu\/fr\/que-faire-lorsque-vous-decouvrez-un-lerot-ou-un-loir-gris-sous-votre-toit\/","og_site_name":"Natur","article_modified_time":"2021-06-16T13:26:27+00:00","og_image":[{"url":"http:\/\/naturelo.meco.lu\/wp-content\/uploads\/sites\/7\/2021\/06\/Siweschleifer-Haus-300x200.jpeg","type":"","width":"","height":""}],"twitter_card":"summary_large_image","twitter_misc":{"Dur\u00e9e de lecture estim\u00e9e":"3 minutes"},"schema":{"@context":"https:\/\/schema.org","@graph":[{"@type":"WebPage","@id":"https:\/\/naturelo.meco.lu\/fr\/que-faire-lorsque-vous-decouvrez-un-lerot-ou-un-loir-gris-sous-votre-toit\/","url":"https:\/\/naturelo.meco.lu\/fr\/que-faire-lorsque-vous-decouvrez-un-lerot-ou-un-loir-gris-sous-votre-toit\/","name":"Que faire lorsque vous d\u00e9couvrez un l\u00e9rot ou un loir gris sous votre toit ? - Natur","isPartOf":{"@id":"https:\/\/naturelo.meco.lu\/#website"},"primaryImageOfPage":{"@id":"https:\/\/naturelo.meco.lu\/fr\/que-faire-lorsque-vous-decouvrez-un-lerot-ou-un-loir-gris-sous-votre-toit\/#primaryimage"},"image":{"@id":"https:\/\/naturelo.meco.lu\/fr\/que-faire-lorsque-vous-decouvrez-un-lerot-ou-un-loir-gris-sous-votre-toit\/#primaryimage"},"thumbnailUrl":"http:\/\/naturelo.meco.lu\/wp-content\/uploads\/sites\/7\/2021\/06\/Siweschleifer-Haus-300x200.jpeg","datePublished":"2021-06-14T14:01:40+00:00","dateModified":"2021-06-16T13:26:27+00:00","description":"Si vous souhaitez vous d\u00e9barrasser de vos locataires ind\u00e9sirables qui vous privent de sommeil dans votre propre maison, vous pouvez essayer de leur offrir un logement alternatif dans votre jardin, en y pla\u00e7ant des nichoirs pour glirid\u00e9s, en laissant des vieux arbres en place pour que les pics peuvent forer leurs trous dans le bois pouvant servir aux glirid\u00e9s, ou encore en plantant des haies etc.","breadcrumb":{"@id":"https:\/\/naturelo.meco.lu\/fr\/que-faire-lorsque-vous-decouvrez-un-lerot-ou-un-loir-gris-sous-votre-toit\/#breadcrumb"},"inLanguage":"fr-FR","potentialAction":[{"@type":"ReadAction","target":["https:\/\/naturelo.meco.lu\/fr\/que-faire-lorsque-vous-decouvrez-un-lerot-ou-un-loir-gris-sous-votre-toit\/"]}]},{"@type":"ImageObject","inLanguage":"fr-FR","@id":"https:\/\/naturelo.meco.lu\/fr\/que-faire-lorsque-vous-decouvrez-un-lerot-ou-un-loir-gris-sous-votre-toit\/#primaryimage","url":"http:\/\/naturelo.meco.lu\/wp-content\/uploads\/sites\/7\/2021\/06\/Siweschleifer-Haus-300x200.jpeg","contentUrl":"http:\/\/naturelo.meco.lu\/wp-content\/uploads\/sites\/7\/2021\/06\/Siweschleifer-Haus-300x200.jpeg"},{"@type":"BreadcrumbList","@id":"https:\/\/naturelo.meco.lu\/fr\/que-faire-lorsque-vous-decouvrez-un-lerot-ou-un-loir-gris-sous-votre-toit\/#breadcrumb","itemListElement":[{"@type":"ListItem","position":1,"name":"Home","item":"https:\/\/naturelo.meco.lu\/fr\/"},{"@type":"ListItem","position":2,"name":"Que faire lorsque vous d\u00e9couvrez un l\u00e9rot ou un loir gris sous votre toit ?"}]},{"@type":"WebSite","@id":"https:\/\/naturelo.meco.lu\/#website","url":"https:\/\/naturelo.meco.lu\/","name":"Natur","description":"Eine weitere Mouvement \u00e9cologique Global Website","potentialAction":[{"@type":"SearchAction","target":{"@type":"EntryPoint","urlTemplate":"https:\/\/naturelo.meco.lu\/?s={search_term_string}"},"query-input":{"@type":"PropertyValueSpecification","valueRequired":true,"valueName":"search_term_string"}}],"inLanguage":"fr-FR"}]}},"_links":{"self":[{"href":"https:\/\/naturelo.meco.lu\/fr\/wp-json\/wp\/v2\/pages\/5437","targetHints":{"allow":["GET"]}}],"collection":[{"href":"https:\/\/naturelo.meco.lu\/fr\/wp-json\/wp\/v2\/pages"}],"about":[{"href":"https:\/\/naturelo.meco.lu\/fr\/wp-json\/wp\/v2\/types\/page"}],"author":[{"embeddable":true,"href":"https:\/\/naturelo.meco.lu\/fr\/wp-json\/wp\/v2\/users\/10"}],"replies":[{"embeddable":true,"href":"https:\/\/naturelo.meco.lu\/fr\/wp-json\/wp\/v2\/comments?post=5437"}],"version-history":[{"count":6,"href":"https:\/\/naturelo.meco.lu\/fr\/wp-json\/wp\/v2\/pages\/5437\/revisions"}],"predecessor-version":[{"id":5700,"href":"https:\/\/naturelo.meco.lu\/fr\/wp-json\/wp\/v2\/pages\/5437\/revisions\/5700"}],"wp:attachment":[{"href":"https:\/\/naturelo.meco.lu\/fr\/wp-json\/wp\/v2\/media?parent=5437"}],"curies":[{"name":"wp","href":"https:\/\/api.w.org\/{rel}","templated":true}]}}