{"id":5140,"date":"2021-06-14T08:41:08","date_gmt":"2021-06-14T06:41:08","guid":{"rendered":"https:\/\/naturelo.meco.lu\/projekt\/aktioun-schleifer\/"},"modified":"2025-10-08T16:40:02","modified_gmt":"2025-10-08T14:40:02","slug":"aktioun-schleifer","status":"publish","type":"page","link":"https:\/\/naturelo.meco.lu\/fr\/projets\/aktioun-schleifer\/","title":{"rendered":"L\u00e9rot, loir gris et muscardin (\u00ab\u00a0Schl\u00e9ifer\u00a0\u00bb) Avis de recherche &#8211; mesures de protection"},"content":{"rendered":"<section class=\"wpb-content-wrapper\"><div class=\"pf-content\"><p>[vc_row][vc_column][vc_single_image image=\u00a0\u00bb5293&Prime; img_size=\u00a0\u00bbfull\u00a0\u00bb][vc_column_text]<\/p>\n<h1>L\u00e9rot, loir gris et muscardin (\u00ab\u00a0Schl\u00e9ifer\u00a0\u00bb)<\/h1>\n<h2>Avis de recherche et mesures de protection<\/h2>\n<p>Apr\u00e8s le franc succ\u00e8s rencontr\u00e9 par notre <a href=\"https:\/\/naturelo.meco.lu\/fr\/notre-keisecker\/\" target=\"_blank\" rel=\"noopener\">action <em>K\u00e9isecker <\/em><\/a>(h\u00e9risson), le Mouvement \u00c9cologique et l\u2019Oekozenter Pafendall lancent en cette ann\u00e9e 2021 une nouvelle action qui est d\u00e9nomm\u00e9e <em>Schl\u00e9ifer<\/em>. Il s\u2019agit plus pr\u00e9cis\u00e9ment du l\u00e9rot, du loir gris et du muscardin, qui sont les membres europ\u00e9ens de la famille des glirid\u00e9s (en allemand <em>Schl\u00e4fer<\/em> ou <em>Bilche<\/em>; nom latin: <em>Gliridae<\/em>) et qui sont \u00e9galement pr\u00e9sents au Luxembourg.<\/p>\n<p>Le Mouvement \u00c9cologique et l&rsquo;Oekozenter Pafendall, en collaboration avec l\u2019ABIOL, la SNL et le MNHN ont besoin de votre aide afin de d\u00e9couvrir les aires de r\u00e9partition des l\u00e9rots, loirs gris et muscardins au Luxembourg. Les donn\u00e9es r\u00e9colt\u00e9es permettront de mieux prot\u00e9ger les populations existantes et de mieux identifier les besoins que ces esp\u00e8ces ont par rapport \u00e0 leur habitat. Finalement, l\u2019objectif de cette action est \u00e9galement de rendre attentif et de sensibiliser \u00e0 la n\u00e9cessit\u00e9 incontournable de prot\u00e9ger leurs habitats.[\/vc_column_text][\/vc_column][\/vc_row][vc_row][vc_column][vc_column_text]<\/p>\n<h3><strong>Qui sont ces <em>Schl\u00e9ifer<\/em> et pourquoi m\u00e9ritent-ils notre protection? <\/strong><\/h3>\n<p>Ces <strong>petits animaux nocturnes se distinguent avant tout par leur longue queue touffue, munie d\u2019innombrables poils. Ils sont class\u00e9s proche de l\u2019ordre des rongeurs (comme les souris et les \u00e9cureuils), ainsi que des lagomorphes.<\/strong> Au Luxembourg, ils figurent depuis plus de 40 ans parmi les <strong>esp\u00e8ces prot\u00e9g\u00e9es.<\/strong> Et pourtant, leur nombre est en constant d\u00e9clin \u00e0 travers toute l\u2019Europe. Ce qui r\u00e9sulte d\u2019un c\u00f4t\u00e9 d\u2019une perte d\u2019<strong>habitats<\/strong> et de sources alimentaires au fil des derni\u00e8res d\u00e9cennies. De l\u2019autre c\u00f4t\u00e9, leur d\u00e9clin s\u2019explique probablement aussi par le fait que ces dr\u00f4les d\u2019animaux ne se font gu\u00e8re d\u2019amis (\u00e0 deux jambes) lorsqu\u2019ils pillent les nids d\u2019oiseaux ou squattent les greniers de maisons ou les cabanons en lisi\u00e8re de for\u00eat. Il n\u2019emp\u00eache que leur disparition constituerait une \u00e9norme perte! Et cela non seulement parce qu\u2019ils <strong>peuplent notre terre depuis 50 millions d\u2019ann\u00e9es<\/strong> d\u00e9j\u00e0. A titre de comparaison: le genre Homo \u2013 dont l\u2019homme, <em>Homo sapiens<\/em> \u2013 existe tout au plus depuis 2,5 millions d\u2019ann\u00e9es &#8230;.[\/vc_column_text][\/vc_column][\/vc_row][vc_row][vc_column][vc_column_text]<\/p>\n<h2>3 esp\u00e8ces de glirid\u00e9s au Luxembourg<\/h2>\n<p>[\/vc_column_text][\/vc_column][\/vc_row][vc_row][vc_column width=\u00a0\u00bb1\/3&Prime;][vc_single_image image=\u00a0\u00bb5176&Prime; img_size=\u00a0\u00bbfull\u00a0\u00bb onclick=\u00a0\u00bbcustom_link\u00a0\u00bb title=\u00a0\u00bbLe l\u00e9rot\u00a0\u00bb link=\u00a0\u00bbhttps:\/\/naturelo.meco.lu\/fr\/le-lerot-eliomys-quercinus\/\u00a0\u00bb][\/vc_column][vc_column width=\u00a0\u00bb1\/3&Prime;][vc_single_image image=\u00a0\u00bb5201&Prime; img_size=\u00a0\u00bbfull\u00a0\u00bb onclick=\u00a0\u00bbcustom_link\u00a0\u00bb img_link_target=\u00a0\u00bb_blank\u00a0\u00bb title=\u00a0\u00bbLe loir gris\u00a0\u00bb link=\u00a0\u00bbhttps:\/\/naturelo.meco.lu\/fr\/le-loir-gris\/\u00a0\u00bb][\/vc_column][vc_column width=\u00a0\u00bb1\/3&Prime;][vc_single_image image=\u00a0\u00bb5198&Prime; img_size=\u00a0\u00bbfull\u00a0\u00bb onclick=\u00a0\u00bbcustom_link\u00a0\u00bb img_link_target=\u00a0\u00bb_blank\u00a0\u00bb link=\u00a0\u00bbhttps:\/\/naturelo.meco.lu\/fr\/le-muscardin\/\u00a0\u00bb title=\u00a0\u00bbLe muscardin\u00a0\u00bb][\/vc_column][\/vc_row][vc_row][vc_column][vc_row_inner][vc_column_inner][vc_column_text]Comme les glirid\u00e9s sont des animaux nocturnes, les observations sont plut\u00f4t rares. Le fait qu\u2019ils sont plus commun\u00e9ment d\u00e9sign\u00e9s comme \u00ab\u00a0rats de ma\u00efs\u00a0\u00bb (Maisrat) ou \u00ab\u00a0rats de verger\u00a0\u00bb (Uebstrat) d\u00e9montre bien que ces petits animaux ne sont pas fr\u00e9quemment aper\u00e7us et encore moins \u00e9tudi\u00e9s, laissant les gens indiff\u00e9rents par rapport \u00e0 cette famille de rongeurs.<\/p>\n<p>De 2009 \u00e0 2012, le <em>natur mus\u00e9e<\/em> a r\u00e9alis\u00e9 une \u00e9tude sur les glirid\u00e9s en r\u00e9gion mosellane, o\u00f9 il existe des endroits accueillant les 3 esp\u00e8ces, qui se partagent harmonieusement le m\u00eame habitat. Il s\u2019agit souvent de vignobles sauvages aux murs secs le long de collines de dolomite (pr\u00e8s de Grevenmacher notamment). Au-del\u00e0, depuis 2010, le Minist\u00e8re de l\u2019Environnement collabore avec le LIST \u00a0(Luxembourg Institute of Science and Technology) dans le but d\u2019analyser syst\u00e9matiquement l\u2019\u00e9tat de l\u2019esp\u00e8ce du muscardin figurant \u00e0 l\u2018Annexe IV de la Directive europ\u00e9enne (portant protection des) \u00ab\u00a0Habitats\u00a0\u00bb, et qui fait que le Luxembourg est contraint de produire (tous les 7 ans) son rapport sur l\u2019\u00e9tat de cette esp\u00e8ce prot\u00e9g\u00e9e \u00e0 Bruxelles. Cette analyse syst\u00e9matique a r\u00e9v\u00e9l\u00e9 que le muscardin est\u00a0 finalement une esp\u00e8ce plus fr\u00e9quente qu\u2019on ne le pensait. Seul b\u00e9mol qui inqui\u00e8te n\u00e9anmoins: les habitats des 3 esp\u00e8ces (haies, vergers, lisi\u00e8res naturelles de for\u00eats &#8230;) diminuent constamment du fait d\u2019une importante urbanisation, ainsi que d\u2019une plus forte intensification de l\u2019agriculture et de la sylviculture.[\/vc_column_text][\/vc_column_inner][\/vc_row_inner][vc_column_text]<\/p>\n<h2>Participez \u00e0 notre action ! Signalez-nous vos observations via iNaturalist &amp; am\u00e9nagez un jardin proche de la nature<\/h2>\n<p>Signalez-nous vos observations de glirid\u00e9s et\/ou am\u00e9nagez votre jardin en habitat pour les glirid\u00e9s.[\/vc_column_text][\/vc_column][\/vc_row][vc_row][vc_column width=\u00a0\u00bb1\/3&Prime;][vc_single_image image=\u00a0\u00bb5392&Prime; img_size=\u00a0\u00bbfull\u00a0\u00bb onclick=\u00a0\u00bbcustom_link\u00a0\u00bb title=\u00a0\u00bbParticipez \u00e0 notre action !\u00a0\u00bb link=\u00a0\u00bbhttps:\/\/naturelo.meco.lu\/fr\/schleifer-maacht-mat\/\u00a0\u00bb][\/vc_column][vc_column width=\u00a0\u00bb1\/3&Prime;][vc_single_image image=\u00a0\u00bb5259&Prime; img_size=\u00a0\u00bbfull\u00a0\u00bb onclick=\u00a0\u00bbcustom_link\u00a0\u00bb title=\u00a0\u00bbMesures de protection pour le l\u00e9rot, loir gris et muscardin\u00a0\u00bb link=\u00a0\u00bbhttps:\/\/naturelo.meco.lu\/fr\/que-faut-il-faire-pour-aider-ces-especes\/\u00a0\u00bb][\/vc_column][vc_column width=\u00a0\u00bb1\/3&Prime;][vc_single_image image=\u00a0\u00bb6578&Prime; img_size=\u00a0\u00bbfull\u00a0\u00bb onclick=\u00a0\u00bbcustom_link\u00a0\u00bb title=\u00a0\u00bbBilan interm\u00e9diaire de l\u2019\u00ab Aktioun Schl\u00e9ifer \u00bb\u00a0\u00bb link=\u00a0\u00bbhttps:\/\/naturelo.meco.lu\/fr\/teschebilanz-aktioun-schleifer-2021\/\u00a0\u00bb][\/vc_column][\/vc_row][vc_row][vc_column][vc_row_inner][vc_column_inner][vc_column_text]<\/p>\n<h3>Portrait &amp; Que faire lorsque vous d\u00e9couvrez un l\u00e9rot ou un loir gris sous votre toit &amp; d\u00e9pliant \u00ab\u00a0Aktioun Schl\u00e9ifer\u00a0\u00bb<\/h3>\n<p>O\u00f9 et comment vivent les 3 esp\u00e8ces de glirid\u00e9s au Luxembourg et quel est l&rsquo;origine de l&rsquo;appellation \u201eSchl\u00e9ifer\u201c (dormeurs) ? Que faire lorsqu&rsquo;on d\u00e9couvre un l\u00e9rot ou un loir gris sous le toit ?[\/vc_column_text][\/vc_column_inner][\/vc_row_inner][vc_row_inner][vc_column_inner width=\u00a0\u00bb1\/3&Prime;][vc_single_image image=\u00a0\u00bb5236&Prime; img_size=\u00a0\u00bbfull\u00a0\u00bb onclick=\u00a0\u00bbcustom_link\u00a0\u00bb title=\u00a0\u00bbPortrait\u00a0\u00bb link=\u00a0\u00bbhttps:\/\/naturelo.meco.lu\/fr\/portrait-des-glirides\/\u00a0\u00bb][vc_single_image image=\u00a0\u00bb6772&Prime; img_size=\u00a0\u00bbfull\u00a0\u00bb onclick=\u00a0\u00bbcustom_link\u00a0\u00bb img_link_target=\u00a0\u00bb_blank\u00a0\u00bb title=\u00a0\u00bbConf\u00e9rence en ligne\u00a0\u00bb link=\u00a0\u00bbhttps:\/\/naturelo.meco.lu\/fr\/documentcenter\/replay-bericht-der-online-konferenz-vom-04-05-22-siebenschlaefer-gartenschlaefer-und-haselmaus-das-erwachen-der-schlafmaeuse\/\u00a0\u00bb][\/vc_column_inner][vc_column_inner width=\u00a0\u00bb1\/3&Prime;][vc_single_image image=\u00a0\u00bb5239&Prime; img_size=\u00a0\u00bbfull\u00a0\u00bb onclick=\u00a0\u00bbcustom_link\u00a0\u00bb title=\u00a0\u00bbL\u00e9rot ou loir gris sous le toit &#8211; Que faire?\u00a0\u00bb link=\u00a0\u00bbhttps:\/\/naturelo.meco.lu\/fr\/que-faire-lorsque-vous-decouvrez-un-lerot-ou-un-loir-gris-sous-votre-toit\/\u00a0\u00bb][\/vc_column_inner][vc_column_inner width=\u00a0\u00bb1\/3&Prime;][vc_single_image image=\u00a0\u00bb5623&Prime; img_size=\u00a0\u00bbfull\u00a0\u00bb onclick=\u00a0\u00bbcustom_link\u00a0\u00bb title=\u00a0\u00bbT\u00e9l\u00e9charger le d\u00e9pliant\u00a0\u00bb link=\u00a0\u00bbhttp:\/\/naturelo.meco.lu\/wp-content\/uploads\/sites\/7\/2021\/06\/Depliant-Schleifer_FR_HP-2.pdf\u00a0\u00bb][\/vc_column_inner][\/vc_row_inner][vc_column_text]Ecoutez ici <strong>les \u00ab\u00a0cris\u00a0\u00bb du l\u00e9rot:<\/strong> <a href=\"https:\/\/www.gartenschlaefer.de\/gartenschlaefer-infos\/geraeusche\/\">https:\/\/www.gartenschlaefer.de\/gartenschlaefer-infos\/geraeusche\/<\/a><\/p>\n<p>Voici une<strong> vid\u00e9o mettant en sc\u00e8ne le l\u00e9rot dans son milieu naturel<\/strong> (BUND):[\/vc_column_text][vc_video link=\u00a0\u00bbhttps:\/\/www.youtube.com\/watch?v=OBs6ZqgzZtA\u00a0\u00bb el_width=\u00a0\u00bb50&Prime;][vc_column_text]Action men\u00e9e par le Mouvement Ecologique et Oekozenter Pafendall, en collaboration avec:[\/vc_column_text][\/vc_column][\/vc_row][vc_row][vc_column width=\u00a0\u00bb1\/5&Prime;][\/vc_column][vc_column width=\u00a0\u00bb1\/5&Prime;][\/vc_column][vc_column width=\u00a0\u00bb1\/5&Prime;][vc_single_image image=\u00a0\u00bb5352&Prime; img_size=\u00a0\u00bbfull\u00a0\u00bb alignment=\u00a0\u00bbcenter\u00a0\u00bb][\/vc_column][vc_column width=\u00a0\u00bb1\/5&Prime;][vc_single_image image=\u00a0\u00bb5361&Prime; img_size=\u00a0\u00bbfull\u00a0\u00bb alignment=\u00a0\u00bbcenter\u00a0\u00bb][\/vc_column][vc_column width=\u00a0\u00bb1\/5&Prime;][vc_single_image image=\u00a0\u00bb5364&Prime; img_size=\u00a0\u00bbfull\u00a0\u00bb][\/vc_column][\/vc_row]<\/p>\n<\/div><\/section>","protected":false},"excerpt":{"rendered":"<p>[vc_row][vc_column][vc_single_image image=\u00a0\u00bb5293&Prime; img_size=\u00a0\u00bbfull\u00a0\u00bb][vc_column_text] L\u00e9rot, loir gris et muscardin (\u00ab\u00a0Schl\u00e9ifer\u00a0\u00bb) Avis de recherche et mesures de protection Apr\u00e8s le franc succ\u00e8s rencontr\u00e9 par notre action K\u00e9isecker (h\u00e9risson), le Mouvement \u00c9cologique et l\u2019Oekozenter Pafendall lancent en cette ann\u00e9e 2021 une nouvelle action qui est d\u00e9nomm\u00e9e Schl\u00e9ifer. Il s\u2019agit plus pr\u00e9cis\u00e9ment du l\u00e9rot, du loir gris et du [&hellip;]<\/p>\n","protected":false},"author":10,"featured_media":0,"parent":854,"menu_order":0,"comment_status":"closed","ping_status":"closed","template":"","meta":{"_acf_changed":false,"footnotes":""},"class_list":["post-5140","page","type-page","status-publish","hentry"],"acf":[],"yoast_head":"<!-- This site is optimized with the Yoast SEO plugin v27.2 - https:\/\/yoast.com\/product\/yoast-seo-wordpress\/ -->\n<title>L\u00e9rot, loir gris et muscardin (&quot;Schl\u00e9ifer&quot;) Avis de recherche - mesures de protection - Natur<\/title>\n<meta name=\"description\" content=\"Apr\u00e8s le franc succ\u00e8s rencontr\u00e9 par notre action K\u00e9isecker (h\u00e9risson), le Mouvement \u00c9cologique et l\u2019Oekozenter Pafendall lancent en cette ann\u00e9e 2021 une nouvelle action qui est d\u00e9nomm\u00e9e Schl\u00e9ifer. Il s\u2019agit plus pr\u00e9cis\u00e9ment du l\u00e9rot, du loir gris et du muscardin, qui sont les membres europ\u00e9ens de la famille des glirid\u00e9s (en allemand Schl\u00e4fer ou Bilche; nom latin: Gliridae) et qui sont \u00e9galement pr\u00e9sents au Luxembourg.\" \/>\n<meta name=\"robots\" content=\"noindex, follow, max-snippet:-1, max-image-preview:large, max-video-preview:-1\" \/>\n<meta property=\"og:locale\" content=\"fr_FR\" \/>\n<meta property=\"og:type\" content=\"article\" \/>\n<meta property=\"og:title\" content=\"L\u00e9rot, loir gris et muscardin (&quot;Schl\u00e9ifer&quot;) Avis de recherche - mesures de protection - Natur\" \/>\n<meta property=\"og:description\" content=\"Apr\u00e8s le franc succ\u00e8s rencontr\u00e9 par notre action K\u00e9isecker (h\u00e9risson), le Mouvement \u00c9cologique et l\u2019Oekozenter Pafendall lancent en cette ann\u00e9e 2021 une nouvelle action qui est d\u00e9nomm\u00e9e Schl\u00e9ifer. Il s\u2019agit plus pr\u00e9cis\u00e9ment du l\u00e9rot, du loir gris et du muscardin, qui sont les membres europ\u00e9ens de la famille des glirid\u00e9s (en allemand Schl\u00e4fer ou Bilche; nom latin: Gliridae) et qui sont \u00e9galement pr\u00e9sents au Luxembourg.\" \/>\n<meta property=\"og:url\" content=\"https:\/\/naturelo.meco.lu\/projekt\/aktioun-schleifer\/\" \/>\n<meta property=\"og:site_name\" content=\"Natur\" \/>\n<meta property=\"article:modified_time\" content=\"2025-10-08T14:40:02+00:00\" \/>\n<meta name=\"twitter:card\" content=\"summary_large_image\" \/>\n<meta name=\"twitter:label1\" content=\"Dur\u00e9e de lecture estim\u00e9e\" \/>\n\t<meta name=\"twitter:data1\" content=\"1 minute\" \/>\n<script type=\"application\/ld+json\" class=\"yoast-schema-graph\">{\"@context\":\"https:\/\/schema.org\",\"@graph\":[{\"@type\":\"WebPage\",\"@id\":\"https:\/\/naturelo.meco.lu\/projekt\/aktioun-schleifer\/\",\"url\":\"https:\/\/naturelo.meco.lu\/projekt\/aktioun-schleifer\/\",\"name\":\"L\u00e9rot, loir gris et muscardin (\\\"Schl\u00e9ifer\\\") Avis de recherche - mesures de protection - Natur\",\"isPartOf\":{\"@id\":\"https:\/\/naturelo.meco.lu\/#website\"},\"datePublished\":\"2021-06-14T06:41:08+00:00\",\"dateModified\":\"2025-10-08T14:40:02+00:00\",\"description\":\"Apr\u00e8s le franc succ\u00e8s rencontr\u00e9 par notre action K\u00e9isecker (h\u00e9risson), le Mouvement \u00c9cologique et l\u2019Oekozenter Pafendall lancent en cette ann\u00e9e 2021 une nouvelle action qui est d\u00e9nomm\u00e9e Schl\u00e9ifer. Il s\u2019agit plus pr\u00e9cis\u00e9ment du l\u00e9rot, du loir gris et du muscardin, qui sont les membres europ\u00e9ens de la famille des glirid\u00e9s (en allemand Schl\u00e4fer ou Bilche; nom latin: Gliridae) et qui sont \u00e9galement pr\u00e9sents au Luxembourg.\",\"breadcrumb\":{\"@id\":\"https:\/\/naturelo.meco.lu\/projekt\/aktioun-schleifer\/#breadcrumb\"},\"inLanguage\":\"fr-FR\",\"potentialAction\":[{\"@type\":\"ReadAction\",\"target\":[\"https:\/\/naturelo.meco.lu\/projekt\/aktioun-schleifer\/\"]}]},{\"@type\":\"BreadcrumbList\",\"@id\":\"https:\/\/naturelo.meco.lu\/projekt\/aktioun-schleifer\/#breadcrumb\",\"itemListElement\":[{\"@type\":\"ListItem\",\"position\":1,\"name\":\"Home\",\"item\":\"https:\/\/naturelo.meco.lu\/fr\/\"},{\"@type\":\"ListItem\",\"position\":2,\"name\":\"Projets\",\"item\":\"https:\/\/naturelo.meco.lu\/fr\/projets\/\"},{\"@type\":\"ListItem\",\"position\":3,\"name\":\"L\u00e9rot, loir gris et muscardin (&#8222;Schl\u00e9ifer&#8220;) Avis de recherche &#8211; mesures de protection\"}]},{\"@type\":\"WebSite\",\"@id\":\"https:\/\/naturelo.meco.lu\/#website\",\"url\":\"https:\/\/naturelo.meco.lu\/\",\"name\":\"Natur\",\"description\":\"Eine weitere Mouvement \u00e9cologique Global Website\",\"potentialAction\":[{\"@type\":\"SearchAction\",\"target\":{\"@type\":\"EntryPoint\",\"urlTemplate\":\"https:\/\/naturelo.meco.lu\/?s={search_term_string}\"},\"query-input\":{\"@type\":\"PropertyValueSpecification\",\"valueRequired\":true,\"valueName\":\"search_term_string\"}}],\"inLanguage\":\"fr-FR\"}]}<\/script>\n<!-- \/ Yoast SEO plugin. -->","yoast_head_json":{"title":"L\u00e9rot, loir gris et muscardin (\"Schl\u00e9ifer\") Avis de recherche - mesures de protection - Natur","description":"Apr\u00e8s le franc succ\u00e8s rencontr\u00e9 par notre action K\u00e9isecker (h\u00e9risson), le Mouvement \u00c9cologique et l\u2019Oekozenter Pafendall lancent en cette ann\u00e9e 2021 une nouvelle action qui est d\u00e9nomm\u00e9e Schl\u00e9ifer. Il s\u2019agit plus pr\u00e9cis\u00e9ment du l\u00e9rot, du loir gris et du muscardin, qui sont les membres europ\u00e9ens de la famille des glirid\u00e9s (en allemand Schl\u00e4fer ou Bilche; nom latin: Gliridae) et qui sont \u00e9galement pr\u00e9sents au Luxembourg.","robots":{"index":"noindex","follow":"follow","max-snippet":"max-snippet:-1","max-image-preview":"max-image-preview:large","max-video-preview":"max-video-preview:-1"},"og_locale":"fr_FR","og_type":"article","og_title":"L\u00e9rot, loir gris et muscardin (\"Schl\u00e9ifer\") Avis de recherche - mesures de protection - Natur","og_description":"Apr\u00e8s le franc succ\u00e8s rencontr\u00e9 par notre action K\u00e9isecker (h\u00e9risson), le Mouvement \u00c9cologique et l\u2019Oekozenter Pafendall lancent en cette ann\u00e9e 2021 une nouvelle action qui est d\u00e9nomm\u00e9e Schl\u00e9ifer. Il s\u2019agit plus pr\u00e9cis\u00e9ment du l\u00e9rot, du loir gris et du muscardin, qui sont les membres europ\u00e9ens de la famille des glirid\u00e9s (en allemand Schl\u00e4fer ou Bilche; nom latin: Gliridae) et qui sont \u00e9galement pr\u00e9sents au Luxembourg.","og_url":"https:\/\/naturelo.meco.lu\/projekt\/aktioun-schleifer\/","og_site_name":"Natur","article_modified_time":"2025-10-08T14:40:02+00:00","twitter_card":"summary_large_image","twitter_misc":{"Dur\u00e9e de lecture estim\u00e9e":"1 minute"},"schema":{"@context":"https:\/\/schema.org","@graph":[{"@type":"WebPage","@id":"https:\/\/naturelo.meco.lu\/projekt\/aktioun-schleifer\/","url":"https:\/\/naturelo.meco.lu\/projekt\/aktioun-schleifer\/","name":"L\u00e9rot, loir gris et muscardin (\"Schl\u00e9ifer\") Avis de recherche - mesures de protection - Natur","isPartOf":{"@id":"https:\/\/naturelo.meco.lu\/#website"},"datePublished":"2021-06-14T06:41:08+00:00","dateModified":"2025-10-08T14:40:02+00:00","description":"Apr\u00e8s le franc succ\u00e8s rencontr\u00e9 par notre action K\u00e9isecker (h\u00e9risson), le Mouvement \u00c9cologique et l\u2019Oekozenter Pafendall lancent en cette ann\u00e9e 2021 une nouvelle action qui est d\u00e9nomm\u00e9e Schl\u00e9ifer. Il s\u2019agit plus pr\u00e9cis\u00e9ment du l\u00e9rot, du loir gris et du muscardin, qui sont les membres europ\u00e9ens de la famille des glirid\u00e9s (en allemand Schl\u00e4fer ou Bilche; nom latin: Gliridae) et qui sont \u00e9galement pr\u00e9sents au Luxembourg.","breadcrumb":{"@id":"https:\/\/naturelo.meco.lu\/projekt\/aktioun-schleifer\/#breadcrumb"},"inLanguage":"fr-FR","potentialAction":[{"@type":"ReadAction","target":["https:\/\/naturelo.meco.lu\/projekt\/aktioun-schleifer\/"]}]},{"@type":"BreadcrumbList","@id":"https:\/\/naturelo.meco.lu\/projekt\/aktioun-schleifer\/#breadcrumb","itemListElement":[{"@type":"ListItem","position":1,"name":"Home","item":"https:\/\/naturelo.meco.lu\/fr\/"},{"@type":"ListItem","position":2,"name":"Projets","item":"https:\/\/naturelo.meco.lu\/fr\/projets\/"},{"@type":"ListItem","position":3,"name":"L\u00e9rot, loir gris et muscardin (&#8222;Schl\u00e9ifer&#8220;) Avis de recherche &#8211; mesures de protection"}]},{"@type":"WebSite","@id":"https:\/\/naturelo.meco.lu\/#website","url":"https:\/\/naturelo.meco.lu\/","name":"Natur","description":"Eine weitere Mouvement \u00e9cologique Global Website","potentialAction":[{"@type":"SearchAction","target":{"@type":"EntryPoint","urlTemplate":"https:\/\/naturelo.meco.lu\/?s={search_term_string}"},"query-input":{"@type":"PropertyValueSpecification","valueRequired":true,"valueName":"search_term_string"}}],"inLanguage":"fr-FR"}]}},"_links":{"self":[{"href":"https:\/\/naturelo.meco.lu\/fr\/wp-json\/wp\/v2\/pages\/5140","targetHints":{"allow":["GET"]}}],"collection":[{"href":"https:\/\/naturelo.meco.lu\/fr\/wp-json\/wp\/v2\/pages"}],"about":[{"href":"https:\/\/naturelo.meco.lu\/fr\/wp-json\/wp\/v2\/types\/page"}],"author":[{"embeddable":true,"href":"https:\/\/naturelo.meco.lu\/fr\/wp-json\/wp\/v2\/users\/10"}],"replies":[{"embeddable":true,"href":"https:\/\/naturelo.meco.lu\/fr\/wp-json\/wp\/v2\/comments?post=5140"}],"version-history":[{"count":6,"href":"https:\/\/naturelo.meco.lu\/fr\/wp-json\/wp\/v2\/pages\/5140\/revisions"}],"predecessor-version":[{"id":8307,"href":"https:\/\/naturelo.meco.lu\/fr\/wp-json\/wp\/v2\/pages\/5140\/revisions\/8307"}],"up":[{"embeddable":true,"href":"https:\/\/naturelo.meco.lu\/fr\/wp-json\/wp\/v2\/pages\/854"}],"wp:attachment":[{"href":"https:\/\/naturelo.meco.lu\/fr\/wp-json\/wp\/v2\/media?parent=5140"}],"curies":[{"name":"wp","href":"https:\/\/api.w.org\/{rel}","templated":true}]}}