{"id":4537,"date":"2020-12-16T15:52:43","date_gmt":"2020-12-16T14:52:43","guid":{"rendered":"https:\/\/naturelo.meco.lu\/naturschutzpolitik\/"},"modified":"2022-09-09T14:29:50","modified_gmt":"2022-09-09T12:29:50","slug":"naturschutzpolitik","status":"publish","type":"page","link":"https:\/\/naturelo.meco.lu\/fr\/naturschutzpolitik\/","title":{"rendered":"Naturschutzpolitik"},"content":{"rendered":"<div class=\"pf-content\"><p>La campagne \u00ab\u00a0Nature elo!\u00a0\u00bb, ce sont en premi\u00e8re ligne des projets concrets et des conseils sur le sujet de la nature au sein et autour des villes et villages. Toutefois, pour promouvoir la pr\u00e9servation et le d\u00e9veloppement de la nature au sein des zone d&rsquo;habitation et du paysage agricole, des d\u00e9cisions politiques sont primordiales. C&rsquo;est pourquoi vous trouverez sous cette rubrique des informations (actualit\u00e9s) sur la politique de conservation de la nature.<\/p>\n<\/div>","protected":false},"excerpt":{"rendered":"<p>La campagne \u00ab\u00a0Nature elo!\u00a0\u00bb, ce sont en premi\u00e8re ligne des projets concrets et des conseils sur le sujet de la nature au sein et autour des villes et villages. Toutefois, pour promouvoir la pr\u00e9servation et le d\u00e9veloppement de la nature au sein des zone d&rsquo;habitation et du paysage agricole, des d\u00e9cisions politiques sont primordiales. C&rsquo;est [&hellip;]<\/p>\n","protected":false},"author":10,"featured_media":4519,"parent":0,"menu_order":45,"comment_status":"closed","ping_status":"closed","template":"","meta":{"_acf_changed":false,"footnotes":""},"class_list":["post-4537","page","type-page","status-publish","has-post-thumbnail","hentry"],"acf":[],"yoast_head":"<!-- This site is optimized with the Yoast SEO plugin v27.2 - https:\/\/yoast.com\/product\/yoast-seo-wordpress\/ -->\n<title>Naturschutzpolitik - Natur<\/title>\n<meta name=\"robots\" content=\"noindex, follow, max-snippet:-1, max-image-preview:large, max-video-preview:-1\" \/>\n<meta property=\"og:locale\" content=\"fr_FR\" \/>\n<meta property=\"og:type\" content=\"article\" \/>\n<meta property=\"og:title\" content=\"Naturschutzpolitik - Natur\" \/>\n<meta property=\"og:description\" content=\"La campagne \u00ab\u00a0Nature elo!\u00a0\u00bb, ce sont en premi\u00e8re ligne des projets concrets et des conseils sur le sujet de la nature au sein et autour des villes et villages. Toutefois, pour promouvoir la pr\u00e9servation et le d\u00e9veloppement de la nature au sein des zone d&rsquo;habitation et du paysage agricole, des d\u00e9cisions politiques sont primordiales. C&rsquo;est [&hellip;]\" \/>\n<meta property=\"og:url\" content=\"https:\/\/naturelo.meco.lu\/fr\/naturschutzpolitik\/\" \/>\n<meta property=\"og:site_name\" content=\"Natur\" \/>\n<meta property=\"article:modified_time\" content=\"2022-09-09T12:29:50+00:00\" \/>\n<meta property=\"og:image\" content=\"https:\/\/naturelo.meco.lu\/wp-content\/uploads\/sites\/7\/2020\/12\/Dippech_Bongert_Mee2020_Michelle-1024x238.jpg\" \/>\n\t<meta property=\"og:image:width\" content=\"1024\" \/>\n\t<meta property=\"og:image:height\" content=\"238\" \/>\n\t<meta property=\"og:image:type\" content=\"image\/jpeg\" \/>\n<meta name=\"twitter:card\" content=\"summary_large_image\" \/>\n<script type=\"application\/ld+json\" class=\"yoast-schema-graph\">{\"@context\":\"https:\/\/schema.org\",\"@graph\":[{\"@type\":\"WebPage\",\"@id\":\"https:\/\/naturelo.meco.lu\/fr\/naturschutzpolitik\/\",\"url\":\"https:\/\/naturelo.meco.lu\/fr\/naturschutzpolitik\/\",\"name\":\"Naturschutzpolitik - Natur\",\"isPartOf\":{\"@id\":\"https:\/\/naturelo.meco.lu\/#website\"},\"primaryImageOfPage\":{\"@id\":\"https:\/\/naturelo.meco.lu\/fr\/naturschutzpolitik\/#primaryimage\"},\"image\":{\"@id\":\"https:\/\/naturelo.meco.lu\/fr\/naturschutzpolitik\/#primaryimage\"},\"thumbnailUrl\":\"https:\/\/naturelo.meco.lu\/wp-content\/uploads\/sites\/7\/2020\/12\/Dippech_Bongert_Mee2020_Michelle.jpg\",\"datePublished\":\"2020-12-16T14:52:43+00:00\",\"dateModified\":\"2022-09-09T12:29:50+00:00\",\"breadcrumb\":{\"@id\":\"https:\/\/naturelo.meco.lu\/fr\/naturschutzpolitik\/#breadcrumb\"},\"inLanguage\":\"fr-FR\",\"potentialAction\":[{\"@type\":\"ReadAction\",\"target\":[\"https:\/\/naturelo.meco.lu\/fr\/naturschutzpolitik\/\"]}]},{\"@type\":\"ImageObject\",\"inLanguage\":\"fr-FR\",\"@id\":\"https:\/\/naturelo.meco.lu\/fr\/naturschutzpolitik\/#primaryimage\",\"url\":\"https:\/\/naturelo.meco.lu\/wp-content\/uploads\/sites\/7\/2020\/12\/Dippech_Bongert_Mee2020_Michelle.jpg\",\"contentUrl\":\"https:\/\/naturelo.meco.lu\/wp-content\/uploads\/sites\/7\/2020\/12\/Dippech_Bongert_Mee2020_Michelle.jpg\",\"width\":2560,\"height\":595},{\"@type\":\"BreadcrumbList\",\"@id\":\"https:\/\/naturelo.meco.lu\/fr\/naturschutzpolitik\/#breadcrumb\",\"itemListElement\":[{\"@type\":\"ListItem\",\"position\":1,\"name\":\"Home\",\"item\":\"https:\/\/naturelo.meco.lu\/fr\/\"},{\"@type\":\"ListItem\",\"position\":2,\"name\":\"Naturschutzpolitik\"}]},{\"@type\":\"WebSite\",\"@id\":\"https:\/\/naturelo.meco.lu\/#website\",\"url\":\"https:\/\/naturelo.meco.lu\/\",\"name\":\"Natur\",\"description\":\"Eine weitere Mouvement \u00e9cologique Global Website\",\"potentialAction\":[{\"@type\":\"SearchAction\",\"target\":{\"@type\":\"EntryPoint\",\"urlTemplate\":\"https:\/\/naturelo.meco.lu\/?s={search_term_string}\"},\"query-input\":{\"@type\":\"PropertyValueSpecification\",\"valueRequired\":true,\"valueName\":\"search_term_string\"}}],\"inLanguage\":\"fr-FR\"}]}<\/script>\n<!-- \/ Yoast SEO plugin. -->","yoast_head_json":{"title":"Naturschutzpolitik - Natur","robots":{"index":"noindex","follow":"follow","max-snippet":"max-snippet:-1","max-image-preview":"max-image-preview:large","max-video-preview":"max-video-preview:-1"},"og_locale":"fr_FR","og_type":"article","og_title":"Naturschutzpolitik - Natur","og_description":"La campagne \u00ab\u00a0Nature elo!\u00a0\u00bb, ce sont en premi\u00e8re ligne des projets concrets et des conseils sur le sujet de la nature au sein et autour des villes et villages. Toutefois, pour promouvoir la pr\u00e9servation et le d\u00e9veloppement de la nature au sein des zone d&rsquo;habitation et du paysage agricole, des d\u00e9cisions politiques sont primordiales. C&rsquo;est [&hellip;]","og_url":"https:\/\/naturelo.meco.lu\/fr\/naturschutzpolitik\/","og_site_name":"Natur","article_modified_time":"2022-09-09T12:29:50+00:00","og_image":[{"width":1024,"height":238,"url":"https:\/\/naturelo.meco.lu\/wp-content\/uploads\/sites\/7\/2020\/12\/Dippech_Bongert_Mee2020_Michelle-1024x238.jpg","type":"image\/jpeg"}],"twitter_card":"summary_large_image","schema":{"@context":"https:\/\/schema.org","@graph":[{"@type":"WebPage","@id":"https:\/\/naturelo.meco.lu\/fr\/naturschutzpolitik\/","url":"https:\/\/naturelo.meco.lu\/fr\/naturschutzpolitik\/","name":"Naturschutzpolitik - Natur","isPartOf":{"@id":"https:\/\/naturelo.meco.lu\/#website"},"primaryImageOfPage":{"@id":"https:\/\/naturelo.meco.lu\/fr\/naturschutzpolitik\/#primaryimage"},"image":{"@id":"https:\/\/naturelo.meco.lu\/fr\/naturschutzpolitik\/#primaryimage"},"thumbnailUrl":"https:\/\/naturelo.meco.lu\/wp-content\/uploads\/sites\/7\/2020\/12\/Dippech_Bongert_Mee2020_Michelle.jpg","datePublished":"2020-12-16T14:52:43+00:00","dateModified":"2022-09-09T12:29:50+00:00","breadcrumb":{"@id":"https:\/\/naturelo.meco.lu\/fr\/naturschutzpolitik\/#breadcrumb"},"inLanguage":"fr-FR","potentialAction":[{"@type":"ReadAction","target":["https:\/\/naturelo.meco.lu\/fr\/naturschutzpolitik\/"]}]},{"@type":"ImageObject","inLanguage":"fr-FR","@id":"https:\/\/naturelo.meco.lu\/fr\/naturschutzpolitik\/#primaryimage","url":"https:\/\/naturelo.meco.lu\/wp-content\/uploads\/sites\/7\/2020\/12\/Dippech_Bongert_Mee2020_Michelle.jpg","contentUrl":"https:\/\/naturelo.meco.lu\/wp-content\/uploads\/sites\/7\/2020\/12\/Dippech_Bongert_Mee2020_Michelle.jpg","width":2560,"height":595},{"@type":"BreadcrumbList","@id":"https:\/\/naturelo.meco.lu\/fr\/naturschutzpolitik\/#breadcrumb","itemListElement":[{"@type":"ListItem","position":1,"name":"Home","item":"https:\/\/naturelo.meco.lu\/fr\/"},{"@type":"ListItem","position":2,"name":"Naturschutzpolitik"}]},{"@type":"WebSite","@id":"https:\/\/naturelo.meco.lu\/#website","url":"https:\/\/naturelo.meco.lu\/","name":"Natur","description":"Eine weitere Mouvement \u00e9cologique Global Website","potentialAction":[{"@type":"SearchAction","target":{"@type":"EntryPoint","urlTemplate":"https:\/\/naturelo.meco.lu\/?s={search_term_string}"},"query-input":{"@type":"PropertyValueSpecification","valueRequired":true,"valueName":"search_term_string"}}],"inLanguage":"fr-FR"}]}},"_links":{"self":[{"href":"https:\/\/naturelo.meco.lu\/fr\/wp-json\/wp\/v2\/pages\/4537","targetHints":{"allow":["GET"]}}],"collection":[{"href":"https:\/\/naturelo.meco.lu\/fr\/wp-json\/wp\/v2\/pages"}],"about":[{"href":"https:\/\/naturelo.meco.lu\/fr\/wp-json\/wp\/v2\/types\/page"}],"author":[{"embeddable":true,"href":"https:\/\/naturelo.meco.lu\/fr\/wp-json\/wp\/v2\/users\/10"}],"replies":[{"embeddable":true,"href":"https:\/\/naturelo.meco.lu\/fr\/wp-json\/wp\/v2\/comments?post=4537"}],"version-history":[{"count":4,"href":"https:\/\/naturelo.meco.lu\/fr\/wp-json\/wp\/v2\/pages\/4537\/revisions"}],"predecessor-version":[{"id":4631,"href":"https:\/\/naturelo.meco.lu\/fr\/wp-json\/wp\/v2\/pages\/4537\/revisions\/4631"}],"wp:featuredmedia":[{"embeddable":true,"href":"https:\/\/naturelo.meco.lu\/fr\/wp-json\/wp\/v2\/media\/4519"}],"wp:attachment":[{"href":"https:\/\/naturelo.meco.lu\/fr\/wp-json\/wp\/v2\/media?parent=4537"}],"curies":[{"name":"wp","href":"https:\/\/api.w.org\/{rel}","templated":true}]}}