{"id":2239,"date":"2020-04-24T14:54:14","date_gmt":"2020-04-24T12:54:14","guid":{"rendered":"http:\/\/naturelo.meco.lu\/projekt\/schottergaeert\/mitmach-aktionen\/"},"modified":"2020-09-28T14:38:57","modified_gmt":"2020-09-28T12:38:57","slug":"mitmach-aktionen","status":"publish","type":"page","link":"https:\/\/naturelo.meco.lu\/fr\/projets\/schottergaeert\/mitmach-aktionen\/","title":{"rendered":"Campagnes \u00e0 participer"},"content":{"rendered":"<section class=\"wpb-content-wrapper\"><div class=\"pf-content\"><p>[vc_row][vc_column][vc_column_text]<\/p>\n<h1>Campagnes \u00e0 participer<\/h1>\n<p>[\/vc_column_text][\/vc_column][\/vc_row][vc_row][vc_column][vc_column_text]L\u2019objectif d\u00e9clar\u00e9 du Mouvement \u00c9cologique et de l\u2019Oekozenter Pafendall est de poser un frein \u00e0 cette tendance n\u00e9faste et d\u2019enrayer l\u2019extension de ces d\u00e9serts de pierres \u2013 avec votre appui! C\u2019est pourquoi nous avons con\u00e7u plusieurs propositions d\u2019action pour vous guider:[\/vc_column_text][\/vc_column][\/vc_row][vc_row][vc_column width=\u00a0\u00bb1\/3&Prime;][vc_column_text]<\/p>\n<h3>Partagez vos photos avec nous !<\/h3>\n<p>[\/vc_column_text][\/vc_column][vc_column width=\u00a0\u00bb1\/3&Prime;][vc_single_image image=\u00a0\u00bb1493&Prime; img_size=\u00a0\u00bbfull\u00a0\u00bb][\/vc_column][vc_column width=\u00a0\u00bb1\/3&Prime;][\/vc_column][\/vc_row][vc_row][vc_column][vc_column_text]Connaissez-vous un jardin de gravier horrible ou bien un jardin attractif ? Avez-vous dans votre commune des endroits publics recouverts de galets et de gravier ou au contraire laiss\u00e9s proches de la nature (le long de routes p.ex. ou sur des places publiques) ?<\/p>\n<p>Que ces exemples soient de nature n\u00e9gative ou positive, envoyez-nous vos photos en indiquant le nom de la localit\u00e9 \u00e0 meco@oeko.lu. Elles seront publi\u00e9es anonymement, sans adresse, sur \u00a0www.meco.lu, resp. www.naturelo.meco.lu, ainsi que sur Facebook.<\/p>\n<p><strong>Quelles sont nos attentes face \u00e0 cette action? <\/strong><\/p>\n<p>Vos photos sont cens\u00e9es <strong>documenter<\/strong> l\u2019envergure que le jardin de gravier a d\u00e9j\u00e0 prise dans nos villes et villages. Comme les jardins et plates-bandes de gravier occupent le plus souvent des surfaces restreintes, l\u2019envergure de la probl\u00e9matique n\u2019est per\u00e7ue qu\u2019\u00e0 partir du moment o\u00f9 l\u2019on additionne toutes ces nombreuses petites surfaces. Voil\u00e0 pr\u00e9cis\u00e9ment le but de l\u2019action: permettre d\u2019additionner les surfaces pour pouvoir d\u00e9montrer l\u2019importance gagn\u00e9e par les d\u00e9serts de pierres.<\/p>\n<p>Parall\u00e8lement, il nous importe de mettre en vigueur les bonnes pratiques positives, qui d\u00e9montrent clairement l\u2019existence d\u2018alternatives et qui illustrent la r\u00e9alisation de ces-derni\u00e8res. Souvent, des responsables communaux rapportent que des habitant\/es se sont plaints de la conception \u00e9cologique de certains espaces publics. Nous sommes pourtant intimement convaincus que le nombre des habitants qui s\u2019en r\u00e9jouissent \u2013 sans malheureusement communiquer leur joie aux responsables communaux \u2013 est beaucoup plus important!\u00a0 La pr\u00e9sente action est une invitation, \u00e0 votre adresse, \u00e0 partager votre opinion avec ces-derniers pour qu\u2019ils sachent \u00e0 quel point un am\u00e9nagement proche de la nature des espaces publics vous tient \u00e0 c\u0153ur.<\/p>\n<p><a href=\"http:\/\/naturelo.meco.lu\/fr\/projekt\/schottergaeert\/fotogalerie-ihre-fotos\/\" target=\"_blank\" rel=\"noopener noreferrer\"><strong>Cliquez ici pour la galerie de photos<\/strong><\/a>[\/vc_column_text][vc_row_inner][vc_column_inner][vc_gallery type=\u00a0\u00bbimage_grid\u00a0\u00bb images=\u00a0\u00bb1521,2114&Prime; onclick=\u00a0\u00bbcustom_link\u00a0\u00bb custom_links_target=\u00a0\u00bb_blank\u00a0\u00bb custom_links=\u00a0\u00bb#E-8_aHR0cCUzQSUyRiUyRm5hdHVyZWxvLm1lY28ubHUlMkZmciUyRnByb2pla3QlMkZzY2hvdHRlcmdhZWVydCUyRmZvdG9nYWxlcmllLWlocmUtZm90b3MlMkYlMkNodHRwJTNBJTJGJTJGbmF0dXJlbG8ubWVjby5sdSUyRmZyJTJGcHJvamVrdCUyRnNjaG90dGVyZ2FlZXJ0JTJGZm90b2dhbGVyaWUtaWhyZS1mb3RvcyUyRg==\u00a0\u00bb][\/vc_column_inner][\/vc_row_inner][\/vc_column][\/vc_row][vc_row][vc_column][vc_column_text]<\/p>\n<h3>Demandez \u00e0 votre commune d\u2019interdire l\u2019am\u00e9nagement de jardins de gravier !<\/h3>\n<p>[\/vc_column_text][\/vc_column][\/vc_row][vc_row][vc_column width=\u00a0\u00bb1\/3&Prime;][vc_single_image image=\u00a0\u00bb2274&Prime; img_size=\u00a0\u00bbfull\u00a0\u00bb onclick=\u00a0\u00bblink_image\u00a0\u00bb][\/vc_column][vc_column width=\u00a0\u00bb2\/3&Prime;][vc_column_text]Le Mouvement Ecologique et l\u2019Oekozenter Pafendall lancent un appel \u00e0 toutes les communes pour qu\u2019elles s\u2019opposent activement \u00e0 l\u2018expansion des jardins de gravier.<br \/>\nEnvoyez un signal tr\u00e8s clair et faites comprendre que nos villes et villages doivent miser sur la \u201ecarte \u00e9cologique\u201c pour garantir un avenir sain et vivable! Les mots-cl\u00e9s sont: protection du climat, biodiversit\u00e9, villes et villages o\u00f9 il fait bon vivre &#8230; autant d\u2019arguments suffisants pour interdire l\u2019am\u00e9nagement de jardins de gravier.<br \/>\nA noter que <strong>les communes disposent de plusieurs moyens juridiques, qui leur permettent d\u2019interdire l\u2019am\u00e9nagement de jardins de gravier<\/strong>. Vous pouvez les consulter <strong><a href=\"http:\/\/naturelo.meco.lu\/fr\/projekt\/schottergaeert\/aufruf-an-gemeinden\/\">ici<\/a><\/strong><strong>.<\/strong><\/p>\n<p>Osez &#8211; en tant que citoyen\/ne &#8211; de soumettre l\u2019id\u00e9e de cette initiative \u00e0 votre commune! Parlez-en aux responsables communaux, aux membres de la commission de l\u2019environnement ou de la commission des b\u00e2tisses, ou encore \u00e0 ceux de l\u2019\u00e9quipe climat,\u00a0 afin de les sensibiliser \u00e0 la n\u00e9cessit\u00e9 de s\u2019engager en faveur de l\u2019am\u00e9nagement de jardins \u00e9cologiques dans la commune![\/vc_column_text][\/vc_column][\/vc_row][vc_row][vc_column width=\u00a0\u00bb1\/4&Prime;][\/vc_column][vc_column width=\u00a0\u00bb2\/4&Prime;][vc_single_image image=\u00a0\u00bb2277&Prime; img_size=\u00a0\u00bbfull\u00a0\u00bb onclick=\u00a0\u00bblink_image\u00a0\u00bb][\/vc_column][vc_column width=\u00a0\u00bb1\/4&Prime;][\/vc_column][\/vc_row][vc_row][vc_column][vc_column_text]<\/p>\n<h3>Souhaitez-vous recevoir les visuels de l&rsquo;action afin de motiver vos concitoyen\/nes?<\/h3>\n<p>N&rsquo;h\u00e9sitez pas \u00e0 nous contacter sous meco@oeko.lu, nous vous les transmettrons \u00e0 titre gratuit![\/vc_column_text][\/vc_column][\/vc_row][vc_row][vc_column width=\u00a0\u00bb1\/4&Prime;][vc_single_image image=\u00a0\u00bb4187&Prime; img_size=\u00a0\u00bbmedium\u00a0\u00bb onclick=\u00a0\u00bbcustom_link\u00a0\u00bb link=\u00a0\u00bbhttps:\/\/naturelo.meco.lu\/wp-content\/uploads\/sites\/7\/2020\/05\/flyer-schottergaert_FR-28_04-JS-Web-Version.pdf\u00a0\u00bb][\/vc_column][vc_column width=\u00a0\u00bb1\/4&Prime;][vc_single_image image=\u00a0\u00bb4181&Prime; img_size=\u00a0\u00bbmedium\u00a0\u00bb onclick=\u00a0\u00bbcustom_link\u00a0\u00bb link=\u00a0\u00bbhttps:\/\/naturelo.meco.lu\/wp-content\/uploads\/sites\/7\/2020\/09\/Flugblatt-Schottergaart.pdf\u00a0\u00bb][\/vc_column][vc_column width=\u00a0\u00bb1\/4&Prime;][\/vc_column][vc_column width=\u00a0\u00bb1\/4&Prime;][\/vc_column][\/vc_row]<\/p>\n<\/div><\/section>","protected":false},"excerpt":{"rendered":"<p>[vc_row][vc_column][vc_column_text] Campagnes \u00e0 participer [\/vc_column_text][\/vc_column][\/vc_row][vc_row][vc_column][vc_column_text]L\u2019objectif d\u00e9clar\u00e9 du Mouvement \u00c9cologique et de l\u2019Oekozenter Pafendall est de poser un frein \u00e0 cette tendance n\u00e9faste et d\u2019enrayer l\u2019extension de ces d\u00e9serts de pierres \u2013 avec votre appui! C\u2019est pourquoi nous avons con\u00e7u plusieurs propositions d\u2019action pour vous guider:[\/vc_column_text][\/vc_column][\/vc_row][vc_row][vc_column width=\u00a0\u00bb1\/3&Prime;][vc_column_text] Partagez vos photos avec nous ! [\/vc_column_text][\/vc_column][vc_column width=\u00a0\u00bb1\/3&Prime;][vc_single_image image=\u00a0\u00bb1493&Prime; [&hellip;]<\/p>\n","protected":false},"author":10,"featured_media":0,"parent":2225,"menu_order":4,"comment_status":"closed","ping_status":"closed","template":"","meta":{"_acf_changed":false,"footnotes":""},"class_list":["post-2239","page","type-page","status-publish","hentry"],"acf":[],"yoast_head":"<!-- This site is optimized with the Yoast SEO plugin v27.2 - https:\/\/yoast.com\/product\/yoast-seo-wordpress\/ -->\n<title>Campagnes \u00e0 participer - Natur<\/title>\n<meta name=\"robots\" content=\"noindex, follow, max-snippet:-1, max-image-preview:large, max-video-preview:-1\" \/>\n<meta property=\"og:locale\" content=\"fr_FR\" \/>\n<meta property=\"og:type\" content=\"article\" \/>\n<meta property=\"og:title\" content=\"Campagnes \u00e0 participer - Natur\" \/>\n<meta property=\"og:description\" content=\"[vc_row][vc_column][vc_column_text] Campagnes \u00e0 participer [\/vc_column_text][\/vc_column][\/vc_row][vc_row][vc_column][vc_column_text]L\u2019objectif d\u00e9clar\u00e9 du Mouvement \u00c9cologique et de l\u2019Oekozenter Pafendall est de poser un frein \u00e0 cette tendance n\u00e9faste et d\u2019enrayer l\u2019extension de ces d\u00e9serts de pierres \u2013 avec votre appui! C\u2019est pourquoi nous avons con\u00e7u plusieurs propositions d\u2019action pour vous guider:[\/vc_column_text][\/vc_column][\/vc_row][vc_row][vc_column width=\u00a0\u00bb1\/3&Prime;][vc_column_text] Partagez vos photos avec nous ! [\/vc_column_text][\/vc_column][vc_column width=\u00a0\u00bb1\/3&Prime;][vc_single_image image=\u00a0\u00bb1493&Prime; [&hellip;]\" \/>\n<meta property=\"og:url\" content=\"https:\/\/naturelo.meco.lu\/fr\/projets\/schottergaeert\/mitmach-aktionen\/\" \/>\n<meta property=\"og:site_name\" content=\"Natur\" \/>\n<meta property=\"article:modified_time\" content=\"2020-09-28T12:38:57+00:00\" \/>\n<meta name=\"twitter:card\" content=\"summary_large_image\" \/>\n<meta name=\"twitter:label1\" content=\"Dur\u00e9e de lecture estim\u00e9e\" \/>\n\t<meta name=\"twitter:data1\" content=\"4 minutes\" \/>\n<script type=\"application\/ld+json\" class=\"yoast-schema-graph\">{\"@context\":\"https:\/\/schema.org\",\"@graph\":[{\"@type\":\"WebPage\",\"@id\":\"https:\/\/naturelo.meco.lu\/fr\/projets\/schottergaeert\/mitmach-aktionen\/\",\"url\":\"https:\/\/naturelo.meco.lu\/fr\/projets\/schottergaeert\/mitmach-aktionen\/\",\"name\":\"Campagnes \u00e0 participer - Natur\",\"isPartOf\":{\"@id\":\"https:\/\/naturelo.meco.lu\/#website\"},\"datePublished\":\"2020-04-24T12:54:14+00:00\",\"dateModified\":\"2020-09-28T12:38:57+00:00\",\"breadcrumb\":{\"@id\":\"https:\/\/naturelo.meco.lu\/fr\/projets\/schottergaeert\/mitmach-aktionen\/#breadcrumb\"},\"inLanguage\":\"fr-FR\",\"potentialAction\":[{\"@type\":\"ReadAction\",\"target\":[\"https:\/\/naturelo.meco.lu\/fr\/projets\/schottergaeert\/mitmach-aktionen\/\"]}]},{\"@type\":\"BreadcrumbList\",\"@id\":\"https:\/\/naturelo.meco.lu\/fr\/projets\/schottergaeert\/mitmach-aktionen\/#breadcrumb\",\"itemListElement\":[{\"@type\":\"ListItem\",\"position\":1,\"name\":\"Home\",\"item\":\"https:\/\/naturelo.meco.lu\/fr\/\"},{\"@type\":\"ListItem\",\"position\":2,\"name\":\"Projets\",\"item\":\"https:\/\/naturelo.meco.lu\/fr\/projets\/\"},{\"@type\":\"ListItem\",\"position\":3,\"name\":\"Jardins de gravier\",\"item\":\"https:\/\/naturelo.meco.lu\/fr\/projets\/schottergaeert\/\"},{\"@type\":\"ListItem\",\"position\":4,\"name\":\"Campagnes \u00e0 participer\"}]},{\"@type\":\"WebSite\",\"@id\":\"https:\/\/naturelo.meco.lu\/#website\",\"url\":\"https:\/\/naturelo.meco.lu\/\",\"name\":\"Natur\",\"description\":\"Eine weitere Mouvement \u00e9cologique Global Website\",\"potentialAction\":[{\"@type\":\"SearchAction\",\"target\":{\"@type\":\"EntryPoint\",\"urlTemplate\":\"https:\/\/naturelo.meco.lu\/?s={search_term_string}\"},\"query-input\":{\"@type\":\"PropertyValueSpecification\",\"valueRequired\":true,\"valueName\":\"search_term_string\"}}],\"inLanguage\":\"fr-FR\"}]}<\/script>\n<!-- \/ Yoast SEO plugin. -->","yoast_head_json":{"title":"Campagnes \u00e0 participer - Natur","robots":{"index":"noindex","follow":"follow","max-snippet":"max-snippet:-1","max-image-preview":"max-image-preview:large","max-video-preview":"max-video-preview:-1"},"og_locale":"fr_FR","og_type":"article","og_title":"Campagnes \u00e0 participer - Natur","og_description":"[vc_row][vc_column][vc_column_text] Campagnes \u00e0 participer [\/vc_column_text][\/vc_column][\/vc_row][vc_row][vc_column][vc_column_text]L\u2019objectif d\u00e9clar\u00e9 du Mouvement \u00c9cologique et de l\u2019Oekozenter Pafendall est de poser un frein \u00e0 cette tendance n\u00e9faste et d\u2019enrayer l\u2019extension de ces d\u00e9serts de pierres \u2013 avec votre appui! C\u2019est pourquoi nous avons con\u00e7u plusieurs propositions d\u2019action pour vous guider:[\/vc_column_text][\/vc_column][\/vc_row][vc_row][vc_column width=\u00a0\u00bb1\/3&Prime;][vc_column_text] Partagez vos photos avec nous ! [\/vc_column_text][\/vc_column][vc_column width=\u00a0\u00bb1\/3&Prime;][vc_single_image image=\u00a0\u00bb1493&Prime; [&hellip;]","og_url":"https:\/\/naturelo.meco.lu\/fr\/projets\/schottergaeert\/mitmach-aktionen\/","og_site_name":"Natur","article_modified_time":"2020-09-28T12:38:57+00:00","twitter_card":"summary_large_image","twitter_misc":{"Dur\u00e9e de lecture estim\u00e9e":"4 minutes"},"schema":{"@context":"https:\/\/schema.org","@graph":[{"@type":"WebPage","@id":"https:\/\/naturelo.meco.lu\/fr\/projets\/schottergaeert\/mitmach-aktionen\/","url":"https:\/\/naturelo.meco.lu\/fr\/projets\/schottergaeert\/mitmach-aktionen\/","name":"Campagnes \u00e0 participer - Natur","isPartOf":{"@id":"https:\/\/naturelo.meco.lu\/#website"},"datePublished":"2020-04-24T12:54:14+00:00","dateModified":"2020-09-28T12:38:57+00:00","breadcrumb":{"@id":"https:\/\/naturelo.meco.lu\/fr\/projets\/schottergaeert\/mitmach-aktionen\/#breadcrumb"},"inLanguage":"fr-FR","potentialAction":[{"@type":"ReadAction","target":["https:\/\/naturelo.meco.lu\/fr\/projets\/schottergaeert\/mitmach-aktionen\/"]}]},{"@type":"BreadcrumbList","@id":"https:\/\/naturelo.meco.lu\/fr\/projets\/schottergaeert\/mitmach-aktionen\/#breadcrumb","itemListElement":[{"@type":"ListItem","position":1,"name":"Home","item":"https:\/\/naturelo.meco.lu\/fr\/"},{"@type":"ListItem","position":2,"name":"Projets","item":"https:\/\/naturelo.meco.lu\/fr\/projets\/"},{"@type":"ListItem","position":3,"name":"Jardins de gravier","item":"https:\/\/naturelo.meco.lu\/fr\/projets\/schottergaeert\/"},{"@type":"ListItem","position":4,"name":"Campagnes \u00e0 participer"}]},{"@type":"WebSite","@id":"https:\/\/naturelo.meco.lu\/#website","url":"https:\/\/naturelo.meco.lu\/","name":"Natur","description":"Eine weitere Mouvement \u00e9cologique Global Website","potentialAction":[{"@type":"SearchAction","target":{"@type":"EntryPoint","urlTemplate":"https:\/\/naturelo.meco.lu\/?s={search_term_string}"},"query-input":{"@type":"PropertyValueSpecification","valueRequired":true,"valueName":"search_term_string"}}],"inLanguage":"fr-FR"}]}},"_links":{"self":[{"href":"https:\/\/naturelo.meco.lu\/fr\/wp-json\/wp\/v2\/pages\/2239","targetHints":{"allow":["GET"]}}],"collection":[{"href":"https:\/\/naturelo.meco.lu\/fr\/wp-json\/wp\/v2\/pages"}],"about":[{"href":"https:\/\/naturelo.meco.lu\/fr\/wp-json\/wp\/v2\/types\/page"}],"author":[{"embeddable":true,"href":"https:\/\/naturelo.meco.lu\/fr\/wp-json\/wp\/v2\/users\/10"}],"replies":[{"embeddable":true,"href":"https:\/\/naturelo.meco.lu\/fr\/wp-json\/wp\/v2\/comments?post=2239"}],"version-history":[{"count":5,"href":"https:\/\/naturelo.meco.lu\/fr\/wp-json\/wp\/v2\/pages\/2239\/revisions"}],"predecessor-version":[{"id":4192,"href":"https:\/\/naturelo.meco.lu\/fr\/wp-json\/wp\/v2\/pages\/2239\/revisions\/4192"}],"up":[{"embeddable":true,"href":"https:\/\/naturelo.meco.lu\/fr\/wp-json\/wp\/v2\/pages\/2225"}],"wp:attachment":[{"href":"https:\/\/naturelo.meco.lu\/fr\/wp-json\/wp\/v2\/media?parent=2239"}],"curies":[{"name":"wp","href":"https:\/\/api.w.org\/{rel}","templated":true}]}}