{"id":2233,"date":"2020-04-27T10:47:34","date_gmt":"2020-04-27T08:47:34","guid":{"rendered":"http:\/\/natur.meco.lu\/projekt\/schottergaeert\/fotogalerie-ihre-fotos\/"},"modified":"2020-09-23T11:57:07","modified_gmt":"2020-09-23T09:57:07","slug":"fotogalerie-ihre-fotos","status":"publish","type":"page","link":"https:\/\/naturelo.meco.lu\/fr\/projets\/schottergaeert\/fotogalerie-ihre-fotos\/","title":{"rendered":"Galerie des vos photos"},"content":{"rendered":"<section class=\"wpb-content-wrapper\"><div class=\"pf-content\"><p>[vc_row][vc_column][vc_column_text]<\/p>\n<h2>Galerie des vos photos<\/h2>\n<p>[\/vc_column_text][\/vc_column][\/vc_row][vc_row][vc_column][vc_column_text]<\/p>\n<h3><strong>Campagne de participation: <\/strong><strong>Partagez vos photos avec nous !<\/strong><\/h3>\n<p>Soyez nombreux et nombreuses \u00e0 participer \u00e0 l\u2019action et envoyez-nous vos photos de \u00ab\u00a0d\u00e9serts\u00a0\u00bb de pierres particuli\u00e8rement moches, d\u2019un c\u00f4t\u00e9, ou\/ainsi que vos photos de jardins et plates-bandes proches de la nature prises dans l\u2019espace public et\/ou priv\u00e9, de l\u2019autre c\u00f4t\u00e9, tout en indiquant le nom de la localit\u00e9 (meco@oeko.lu).<\/p>\n<p><strong>Vos photos de jardins de gravier<\/strong>[\/vc_column_text][\/vc_column][\/vc_row][vc_row][vc_column][vc_images_carousel images=\u00a0\u00bb2943,4091,4094,4097,4103,4100,4112,4085,1536,1533,1530,1527,1524,1521,2177,2213,2207,2210,2204,2201,2198,2195,2180,2183,2186,2189,2192,2979,2976,2973,2970,2967,2964,2946,2949,2952,2955,2958,2961,2940,3198,3195,4109,4106,4088,4079,4082,4076,3887,3884,3878,3881,3875,3869,3872,3863,3866,3860,3854,3857,3851,3848,3845,3830,3827,3824,3812,3818,3821&Prime; img_size=\u00a0\u00bblarge\u00a0\u00bb speed=\u00a0\u00bb2500&Prime; slides_per_view=\u00a0\u00bb5&Prime;][\/vc_column][\/vc_row][vc_row][vc_column][vc_column_text]<strong>\u00a0Vos photos de plates-bandes de gravier dans l\u2019espace public<\/strong>[\/vc_column_text][\/vc_column][\/vc_row][vc_row][vc_column][vc_images_carousel images=\u00a0\u00bb1550,1553,2868,2865,2862,3165,3168,3162,3159&Prime; img_size=\u00a0\u00bblarge\u00a0\u00bb speed=\u00a0\u00bb2500&Prime; slides_per_view=\u00a0\u00bb5&Prime;][\/vc_column][\/vc_row][vc_row][vc_column][vc_column_text]<strong>Vos photos de jardins et plates-bandes proches de la nature<\/strong>[\/vc_column_text][\/vc_column][\/vc_row][vc_row][vc_column][vc_images_carousel images=\u00a0\u00bb2152,2155,2161,2164,2167,2170,2173,2158,2684,2807,2804,2798,2801,2795,2792,2789,2783,2786,2780,2753,2756,2759,2762,2765,2771,2750,2744,2747,2741,2738,2735,2732,2729,2726,2723,2720,2717,2714,2711,2708,2705,2702,2699,2696,2693,2690,2687,2154,2142,2139,3011,3045,3105,3102,3099,3173,3182,3179,4166,4160,4163,4157,4151,4154,4148,4142,4145,4136,4139,4133,4130,4124,4127,4121,4118,3833,3836,3594,3588,3585,3582,3576,3579,3573,3570,3564,3567,3561,3558,3552,3555,3546,3543,3534,3528,3531,3525,3516,3510,3507,3501,3504,3498,3492,3495,3486,3489,3483,3480,3474,3468,3471,3462,3465,3459,3453,3456,3450,3447,3435&Prime; img_size=\u00a0\u00bblarge\u00a0\u00bb speed=\u00a0\u00bb2500&Prime; slides_per_view=\u00a0\u00bb5&Prime;][\/vc_column][\/vc_row][vc_row][vc_column][vc_column_text]<strong>Vos photos d\u2019espaces publics am\u00e9nag\u00e9s de mani\u00e8re \u00e9cologique<\/strong>[\/vc_column_text][\/vc_column][\/vc_row][vc_row][vc_column][vc_images_carousel images=\u00a0\u00bb1557,1560,1563,1566,2892,2889,2898,2904,2886,2883,2880,3015,3042,3039,3036,3033,3030,3024,3027,3021,3018,3154,3148,3151,3145,3142,3139,3136,3130,3133,3127,3187&Prime; img_size=\u00a0\u00bblarge\u00a0\u00bb speed=\u00a0\u00bb2500&Prime; slides_per_view=\u00a0\u00bb5&Prime;][\/vc_column][\/vc_row][vc_row][vc_column][vc_column_text]<strong>Quelles sont nos attentes face \u00e0 cette action?\u00a0<\/strong><\/p>\n<p>Vos photos sont cens\u00e9es <strong>documenter<\/strong> l\u2019envergure que le jardin de gravier a d\u00e9j\u00e0 prise dans nos villes et villages. Comme les jardins et plates-bandes de gravier occupent le plus souvent des surfaces restreintes, l\u2019envergure de la probl\u00e9matique n\u2019est per\u00e7ue qu\u2019\u00e0 partir du moment o\u00f9 l\u2019on additionne toutes ces nombreuses petites surfaces. Voil\u00e0 pr\u00e9cis\u00e9ment le but de l\u2019action: permettre d\u2019additionner les surfaces pour pouvoir d\u00e9montrer l\u2019importance gagn\u00e9e par les d\u00e9serts de pierres.<\/p>\n<p>Parall\u00e8lement, il nous importe de mettre en vigueur les bonnes pratiques positives, qui d\u00e9montrent clairement l\u2019existence d\u2018alternatives et qui illustrent la r\u00e9alisation de ces-derni\u00e8res. Souvent, des responsables communaux rapportent que des habitant\/es se sont plaints de la conception \u00e9cologique de certains espaces publics. Nous sommes pourtant intimement convaincus que le nombre des habitants qui s\u2019en r\u00e9jouissent \u2013 sans malheureusement communiquer leur joie aux responsables communaux \u2013 est beaucoup plus important![\/vc_column_text][\/vc_column][\/vc_row]<\/p>\n<\/div><\/section>","protected":false},"excerpt":{"rendered":"<p>[vc_row][vc_column][vc_column_text] Galerie des vos photos [\/vc_column_text][\/vc_column][\/vc_row][vc_row][vc_column][vc_column_text] Campagne de participation: Partagez vos photos avec nous ! Soyez nombreux et nombreuses \u00e0 participer \u00e0 l\u2019action et envoyez-nous vos photos de \u00ab\u00a0d\u00e9serts\u00a0\u00bb de pierres particuli\u00e8rement moches, d\u2019un c\u00f4t\u00e9, ou\/ainsi que vos photos de jardins et plates-bandes proches de la nature prises dans l\u2019espace public et\/ou priv\u00e9, de l\u2019autre [&hellip;]<\/p>\n","protected":false},"author":10,"featured_media":0,"parent":2225,"menu_order":3,"comment_status":"closed","ping_status":"closed","template":"","meta":{"_acf_changed":false,"footnotes":""},"class_list":["post-2233","page","type-page","status-publish","hentry"],"acf":[],"yoast_head":"<!-- This site is optimized with the Yoast SEO plugin v27.2 - https:\/\/yoast.com\/product\/yoast-seo-wordpress\/ -->\n<title>Galerie des vos photos - Natur<\/title>\n<meta name=\"robots\" content=\"noindex, follow, max-snippet:-1, max-image-preview:large, max-video-preview:-1\" \/>\n<meta property=\"og:locale\" content=\"fr_FR\" \/>\n<meta property=\"og:type\" content=\"article\" \/>\n<meta property=\"og:title\" content=\"Galerie des vos photos - Natur\" \/>\n<meta property=\"og:description\" content=\"[vc_row][vc_column][vc_column_text] Galerie des vos photos [\/vc_column_text][\/vc_column][\/vc_row][vc_row][vc_column][vc_column_text] Campagne de participation: Partagez vos photos avec nous ! Soyez nombreux et nombreuses \u00e0 participer \u00e0 l\u2019action et envoyez-nous vos photos de \u00ab\u00a0d\u00e9serts\u00a0\u00bb de pierres particuli\u00e8rement moches, d\u2019un c\u00f4t\u00e9, ou\/ainsi que vos photos de jardins et plates-bandes proches de la nature prises dans l\u2019espace public et\/ou priv\u00e9, de l\u2019autre [&hellip;]\" \/>\n<meta property=\"og:url\" content=\"https:\/\/naturelo.meco.lu\/fr\/projets\/schottergaeert\/fotogalerie-ihre-fotos\/\" \/>\n<meta property=\"og:site_name\" content=\"Natur\" \/>\n<meta property=\"article:modified_time\" content=\"2020-09-23T09:57:07+00:00\" \/>\n<meta name=\"twitter:card\" content=\"summary_large_image\" \/>\n<meta name=\"twitter:label1\" content=\"Dur\u00e9e de lecture estim\u00e9e\" \/>\n\t<meta name=\"twitter:data1\" content=\"2 minutes\" \/>\n<script type=\"application\/ld+json\" class=\"yoast-schema-graph\">{\"@context\":\"https:\/\/schema.org\",\"@graph\":[{\"@type\":\"WebPage\",\"@id\":\"https:\/\/naturelo.meco.lu\/fr\/projets\/schottergaeert\/fotogalerie-ihre-fotos\/\",\"url\":\"https:\/\/naturelo.meco.lu\/fr\/projets\/schottergaeert\/fotogalerie-ihre-fotos\/\",\"name\":\"Galerie des vos photos - Natur\",\"isPartOf\":{\"@id\":\"https:\/\/naturelo.meco.lu\/#website\"},\"datePublished\":\"2020-04-27T08:47:34+00:00\",\"dateModified\":\"2020-09-23T09:57:07+00:00\",\"breadcrumb\":{\"@id\":\"https:\/\/naturelo.meco.lu\/fr\/projets\/schottergaeert\/fotogalerie-ihre-fotos\/#breadcrumb\"},\"inLanguage\":\"fr-FR\",\"potentialAction\":[{\"@type\":\"ReadAction\",\"target\":[\"https:\/\/naturelo.meco.lu\/fr\/projets\/schottergaeert\/fotogalerie-ihre-fotos\/\"]}]},{\"@type\":\"BreadcrumbList\",\"@id\":\"https:\/\/naturelo.meco.lu\/fr\/projets\/schottergaeert\/fotogalerie-ihre-fotos\/#breadcrumb\",\"itemListElement\":[{\"@type\":\"ListItem\",\"position\":1,\"name\":\"Home\",\"item\":\"https:\/\/naturelo.meco.lu\/fr\/\"},{\"@type\":\"ListItem\",\"position\":2,\"name\":\"Projets\",\"item\":\"https:\/\/naturelo.meco.lu\/fr\/projets\/\"},{\"@type\":\"ListItem\",\"position\":3,\"name\":\"Jardins de gravier\",\"item\":\"https:\/\/naturelo.meco.lu\/fr\/projets\/schottergaeert\/\"},{\"@type\":\"ListItem\",\"position\":4,\"name\":\"Galerie des vos photos\"}]},{\"@type\":\"WebSite\",\"@id\":\"https:\/\/naturelo.meco.lu\/#website\",\"url\":\"https:\/\/naturelo.meco.lu\/\",\"name\":\"Natur\",\"description\":\"Eine weitere Mouvement \u00e9cologique Global Website\",\"potentialAction\":[{\"@type\":\"SearchAction\",\"target\":{\"@type\":\"EntryPoint\",\"urlTemplate\":\"https:\/\/naturelo.meco.lu\/?s={search_term_string}\"},\"query-input\":{\"@type\":\"PropertyValueSpecification\",\"valueRequired\":true,\"valueName\":\"search_term_string\"}}],\"inLanguage\":\"fr-FR\"}]}<\/script>\n<!-- \/ Yoast SEO plugin. -->","yoast_head_json":{"title":"Galerie des vos photos - Natur","robots":{"index":"noindex","follow":"follow","max-snippet":"max-snippet:-1","max-image-preview":"max-image-preview:large","max-video-preview":"max-video-preview:-1"},"og_locale":"fr_FR","og_type":"article","og_title":"Galerie des vos photos - Natur","og_description":"[vc_row][vc_column][vc_column_text] Galerie des vos photos [\/vc_column_text][\/vc_column][\/vc_row][vc_row][vc_column][vc_column_text] Campagne de participation: Partagez vos photos avec nous ! Soyez nombreux et nombreuses \u00e0 participer \u00e0 l\u2019action et envoyez-nous vos photos de \u00ab\u00a0d\u00e9serts\u00a0\u00bb de pierres particuli\u00e8rement moches, d\u2019un c\u00f4t\u00e9, ou\/ainsi que vos photos de jardins et plates-bandes proches de la nature prises dans l\u2019espace public et\/ou priv\u00e9, de l\u2019autre [&hellip;]","og_url":"https:\/\/naturelo.meco.lu\/fr\/projets\/schottergaeert\/fotogalerie-ihre-fotos\/","og_site_name":"Natur","article_modified_time":"2020-09-23T09:57:07+00:00","twitter_card":"summary_large_image","twitter_misc":{"Dur\u00e9e de lecture estim\u00e9e":"2 minutes"},"schema":{"@context":"https:\/\/schema.org","@graph":[{"@type":"WebPage","@id":"https:\/\/naturelo.meco.lu\/fr\/projets\/schottergaeert\/fotogalerie-ihre-fotos\/","url":"https:\/\/naturelo.meco.lu\/fr\/projets\/schottergaeert\/fotogalerie-ihre-fotos\/","name":"Galerie des vos photos - Natur","isPartOf":{"@id":"https:\/\/naturelo.meco.lu\/#website"},"datePublished":"2020-04-27T08:47:34+00:00","dateModified":"2020-09-23T09:57:07+00:00","breadcrumb":{"@id":"https:\/\/naturelo.meco.lu\/fr\/projets\/schottergaeert\/fotogalerie-ihre-fotos\/#breadcrumb"},"inLanguage":"fr-FR","potentialAction":[{"@type":"ReadAction","target":["https:\/\/naturelo.meco.lu\/fr\/projets\/schottergaeert\/fotogalerie-ihre-fotos\/"]}]},{"@type":"BreadcrumbList","@id":"https:\/\/naturelo.meco.lu\/fr\/projets\/schottergaeert\/fotogalerie-ihre-fotos\/#breadcrumb","itemListElement":[{"@type":"ListItem","position":1,"name":"Home","item":"https:\/\/naturelo.meco.lu\/fr\/"},{"@type":"ListItem","position":2,"name":"Projets","item":"https:\/\/naturelo.meco.lu\/fr\/projets\/"},{"@type":"ListItem","position":3,"name":"Jardins de gravier","item":"https:\/\/naturelo.meco.lu\/fr\/projets\/schottergaeert\/"},{"@type":"ListItem","position":4,"name":"Galerie des vos photos"}]},{"@type":"WebSite","@id":"https:\/\/naturelo.meco.lu\/#website","url":"https:\/\/naturelo.meco.lu\/","name":"Natur","description":"Eine weitere Mouvement \u00e9cologique Global Website","potentialAction":[{"@type":"SearchAction","target":{"@type":"EntryPoint","urlTemplate":"https:\/\/naturelo.meco.lu\/?s={search_term_string}"},"query-input":{"@type":"PropertyValueSpecification","valueRequired":true,"valueName":"search_term_string"}}],"inLanguage":"fr-FR"}]}},"_links":{"self":[{"href":"https:\/\/naturelo.meco.lu\/fr\/wp-json\/wp\/v2\/pages\/2233","targetHints":{"allow":["GET"]}}],"collection":[{"href":"https:\/\/naturelo.meco.lu\/fr\/wp-json\/wp\/v2\/pages"}],"about":[{"href":"https:\/\/naturelo.meco.lu\/fr\/wp-json\/wp\/v2\/types\/page"}],"author":[{"embeddable":true,"href":"https:\/\/naturelo.meco.lu\/fr\/wp-json\/wp\/v2\/users\/10"}],"replies":[{"embeddable":true,"href":"https:\/\/naturelo.meco.lu\/fr\/wp-json\/wp\/v2\/comments?post=2233"}],"version-history":[{"count":5,"href":"https:\/\/naturelo.meco.lu\/fr\/wp-json\/wp\/v2\/pages\/2233\/revisions"}],"predecessor-version":[{"id":4168,"href":"https:\/\/naturelo.meco.lu\/fr\/wp-json\/wp\/v2\/pages\/2233\/revisions\/4168"}],"up":[{"embeddable":true,"href":"https:\/\/naturelo.meco.lu\/fr\/wp-json\/wp\/v2\/pages\/2225"}],"wp:attachment":[{"href":"https:\/\/naturelo.meco.lu\/fr\/wp-json\/wp\/v2\/media?parent=2233"}],"curies":[{"name":"wp","href":"https:\/\/api.w.org\/{rel}","templated":true}]}}