{"id":1867,"date":"2020-04-29T09:48:20","date_gmt":"2020-04-29T07:48:20","guid":{"rendered":"http:\/\/natur.meco.lu\/den-zoustand-vun-der-natur-zu-letzebuerg\/"},"modified":"2022-09-09T14:29:49","modified_gmt":"2022-09-09T12:29:49","slug":"den-zoustand-vun-der-natur-zu-letzebuerg","status":"publish","type":"page","link":"https:\/\/naturelo.meco.lu\/fr\/den-zoustand-vun-der-natur-zu-letzebuerg\/","title":{"rendered":"L\u2019\u00e9tat de la nature au Grand-Duch\u00e9 de Luxembourg"},"content":{"rendered":"<section class=\"wpb-content-wrapper\"><div class=\"pf-content\"><p>[vc_row][vc_column][vc_column_text]<\/p>\n<h2><strong>L\u2019\u00e9tat de la nature au Grand-Duch\u00e9 de Luxembourg <\/strong><\/h2>\n<p>[\/vc_column_text][\/vc_column][\/vc_row][vc_row][vc_column][vc_column_text]La diversit\u00e9 biologique ou biodiversit\u00e9 comprend les diff\u00e9rents \u00e9cosyst\u00e8mes ainsi que les diff\u00e9rentes esp\u00e8ces et variations g\u00e9n\u00e9tiques au sein d\u2019une esp\u00e8ce qui se sont form\u00e9s au cours des si\u00e8cles \u2013 ceci soit de mani\u00e8re naturelle, soit sous l\u2019influence humaine.\u00a0 <em>\u00a0<\/em><\/p>\n<p>La croissance continue de la population mondiale, la forte consommation en ressources par habitant, la poursuite de la croissance \u00e9conomique et le commerce mondial effr\u00e9n\u00e9 exercent une pression consid\u00e9rable sur notre environnement naturel et donc \u00e9galement sur la biodiversit\u00e9. \u00a0L\u2019impact global, dramatique trouve sa confirmation notamment dans une alerte centrale et particuli\u00e8rement inqui\u00e9tante du rapport IPBES (<em>Intergovernmental science-policy Platform on Biodiversity and Ecosystem Services<\/em>) \u2013 publi\u00e9 en mai 2019 et <a href=\"http:\/\/www.meco.lu\/wp-content\/uploads\/2019\/05\/brochure-Biodiversiteit-finito_HP.pdf\">comment\u00e9 en d\u00e9tail par le Mouvement \u00c9cologique et ses partenaires<\/a>: \u00ab <em>La nature d\u00e9cline globalement \u00e0 un rythme sans pr\u00e9c\u00e9dent dans l&rsquo;histoire humaine &#8211; et le taux d\u2019extinction des esp\u00e8ces s\u2019acc\u00e9l\u00e8re, provoquant d\u00e8s \u00e0 pr\u00e9sent des effets graves sur les populations humaines du monde entier<\/em> \u00bb. L\u2019humanit\u00e9 toute enti\u00e8re se trouve face \u00e0 une perte \u00e9norme de la biodiversit\u00e9 \u2013 1 million d\u2019esp\u00e8ces de la faune et de la flore \u00e9tant menac\u00e9es \u2013 et poursuit n\u00e9anmoins sa destruction des \u00e9cosyst\u00e8mes dont elle-m\u00eame\u00a0est d\u00e9pendante!<\/p>\n<h3><strong>2\/3 des habitats au Luxembourg sont dans un \u00e9tat de conservation d\u00e9favorable ou mauvais<\/strong><\/h3>\n<p>Tous les 6 ans, sur demande de l\u2019UE, le minist\u00e8re de l\u2019Environnement pr\u00e9pare son rapport sur l\u2019\u00e9tat des habitats et de la biodiversit\u00e9.<\/p>\n<p>Le rapport datant de l\u2019ann\u00e9e 2019 montre que les 2\/3 des habitats au Luxembourg sont dans un \u00e9tat de conservation qui est qualifi\u00e9 soit de d\u00e9favorable (18%), soit de mauvais (50%).<\/p>\n<p>Les <strong>habitats des milieux ouverts<\/strong> (prairies, p\u00e2turages, champs et zones humides) ainsi que les <strong>habitats aquatiques<\/strong> (eaux stagnantes \u2013 notamment les \u00e9tangs et autres bassins aquatiques &#8211; les sources, les ruisseaux et les rivi\u00e8res) restent particuli\u00e8rement touch\u00e9s, leur \u00e9tat s\u2019\u00e9tant m\u00eame consid\u00e9rablement d\u00e9t\u00e9rior\u00e9 au cours des 6 derni\u00e8res ann\u00e9es.[\/vc_column_text][\/vc_column][\/vc_row][vc_row][vc_column width=\u00a0\u00bb2\/6&Prime;][vc_single_image image=\u00a0\u00bb1709&Prime; img_size=\u00a0\u00bbfull\u00a0\u00bb onclick=\u00a0\u00bblink_image\u00a0\u00bb][\/vc_column][vc_column width=\u00a0\u00bb1\/6&Prime;][\/vc_column][vc_column width=\u00a0\u00bb3\/6&Prime;][vc_single_image image=\u00a0\u00bb1712&Prime; img_size=\u00a0\u00bbfull\u00a0\u00bb onclick=\u00a0\u00bblink_image\u00a0\u00bb][\/vc_column][\/vc_row][vc_row][vc_column][vc_column_text]A premi\u00e8re vue, l\u2019\u00e9tat actuel des <strong>habitats forestiers<\/strong> ne semble pas trop pr\u00e9occupant. Toujours-est-il que ce rapport \u2013 qui porte sur les ann\u00e9es 2013 \u00e0 2018 \u2013 ne prend pas en compte la d\u00e9t\u00e9rioration dramatique de la sant\u00e9 des arbres, qui est le r\u00e9sultat des \u00e9t\u00e9s extr\u00eamement chauds et secs des ann\u00e9es 2018 et 2019. La gestion actuelle et future de l\u2019habitat forestier est confront\u00e9e \u00e0 des d\u00e9fis majeurs dans la pr\u00e9paration aux menaces pos\u00e9es par la crise climatique. Le Mouvement \u00c9cologique a publi\u00e9 une prise de position d\u00e9taill\u00e9e dans ce contexte; \u00ab\u00a0<a href=\"http:\/\/www.meco.lu\/wp-content\/uploads\/2020\/03\/Stellungnahm-wegebau-im-wald-finito.pdf\">Ein sofortiges Moratorium f\u00fcr den \u201eWaldstrassenbau\u201c in der aktuellen Form!\u00a0\u00bb<\/a>.<\/p>\n<h3><strong>80% des esp\u00e8ces prot\u00e9g\u00e9es sont menac\u00e9es de disparition !<\/strong><\/h3>\n<p>Du c\u00f4t\u00e9 des esp\u00e8ces qui rev\u00eatent une importance au niveau europ\u00e9en, la situation s\u2019av\u00e8re encore plus alarmante: 80% de ces esp\u00e8ces prot\u00e9g\u00e9es sont dans un \u00e9tat de conservation qualifi\u00e9 de d\u00e9favorable \u00e0 mauvais.<br \/>\nAu vu de l\u2019\u00e9tat des habitats, il n\u2019est pas surprenant que les esp\u00e8ces des habitats des milieux ouverts et des habitats li\u00e9s \u00e0 l\u2019eau soient particuli\u00e8rement menac\u00e9es. L\u2019\u00e9tat des oiseaux nicheurs est \u00e9valu\u00e9 \u00e0 part et n\u2019est donc pas refl\u00e9t\u00e9 dans les pr\u00e9sent sch\u00e9mas[\/vc_column_text][\/vc_column][\/vc_row][vc_row][vc_column width=\u00a0\u00bb2\/6&Prime;][vc_single_image image=\u00a0\u00bb1720&Prime; img_size=\u00a0\u00bbfull\u00a0\u00bb onclick=\u00a0\u00bblink_image\u00a0\u00bb][vc_column_text]<sup><em>* ohne Brutv\u00f6gel<\/em><\/sup>[\/vc_column_text][\/vc_column][vc_column width=\u00a0\u00bb1\/6&Prime;][\/vc_column][vc_column width=\u00a0\u00bb3\/6&Prime;][vc_single_image image=\u00a0\u00bb1712&Prime; img_size=\u00a0\u00bbfull\u00a0\u00bb onclick=\u00a0\u00bblink_image\u00a0\u00bb][\/vc_column][\/vc_row][vc_row][vc_column][vc_column_text]<\/p>\n<h3><strong>1\/4 des oiseaux nicheurs sont \u00e9teints ou menac\u00e9s d\u2018extinction!<\/strong><\/h3>\n<p>Parmi les esp\u00e8ces qui d\u00e9pendent principalement des habitats des milieux ouverts respectivement des zones humides, nous retrouvons notamment les oiseaux nicheurs. Sur les 143 esp\u00e8ces d\u2019oiseaux nicheurs pr\u00e9sentes au Luxembourg, 13 esp\u00e8ces sont d\u00e9j\u00e0 \u00e9teintes et 24 esp\u00e8ces sont en voie de disparition ou menac\u00e9es, suivant le rapport de 2019. Cela repr\u00e9sente environ \u00bc des esp\u00e8ces d\u2019oiseaux nicheurs au Luxembourg.<\/p>\n<p>A l\u2019occasion de la publication de la Liste Rouge des oiseaux nicheurs du Luxembourg (compil\u00e9e tous les 5 ans par natur&amp;\u00ebmwelt), l\u2019ABIOL, le Mouvement \u00c9cologique, `natur mus\u00e9e`, natur&amp;\u00ebmwelt et la SLN ont uni leurs forces autour d\u2018une action qui s\u2019est d\u00e9roul\u00e9e sous le th\u00e8me \u00a0<em>\u201eDramatesche R\u00e9ckgang vu Vullen zu L\u00ebtzebuerg: Elo handelen!\u201c \u2013 \u201eLuxemburgs Arten k\u00e4mpfen ums \u00dcberleben\u201c. Vous trouverez tous les d\u00e9tails de cette campagne ici <\/em>\u00a0<a href=\"http:\/\/www.meco.lu\/de\/blog\/documentcenter\/dramatesche-reckgang-vu-vullen-zu-letzebuerg-elo-handelen-luxemburgs-arten-kaempfen-ums-ueberleben\/\">Hier<\/a>. \u00a0(D\u00e9clin dramatique des oiseaux au Luxembourg \u2013 Appel \u00e0 l\u2019action imm\u00e9diate! Les esp\u00e8ces indig\u00e8nes luttent pour leur survie)[\/vc_column_text][\/vc_column][\/vc_row][vc_row][vc_column width=\u00a0\u00bb1\/2&Prime;][vc_single_image image=\u00a0\u00bb1724&Prime; img_size=\u00a0\u00bbfull\u00a0\u00bb onclick=\u00a0\u00bblink_image\u00a0\u00bb][\/vc_column][vc_column width=\u00a0\u00bb1\/2&Prime;][\/vc_column][\/vc_row][vc_row][vc_column][vc_column_text]Comme les oiseaux sont g\u00e9n\u00e9ralement de fid\u00e8les indicateurs de l\u2019\u00e9tat des \u00e9cosyst\u00e8mes, nous pouvons partir du principe que d\u2019autres organismes des cha\u00eenes alimentaires \u2013 tels les insectes\u2013 sont tout autant, voire m\u00eame plus menac\u00e9s dans ces pr\u00e9dits habitats.<\/p>\n<p>Ce d\u00e9veloppement est corrobor\u00e9 par des donn\u00e9es chiffr\u00e9es relatives aux esp\u00e8ces d\u2019insectes pr\u00e9sentes dans ces m\u00eames habitats, notamment les populations d\u2019orthopt\u00e8res: sur les 49 esp\u00e8ces existantes au Luxembourg, 4 esp\u00e8ces sont d\u00e9j\u00e0 \u00e9teintes et 14 autres en voie de disparition, menac\u00e9es ou tr\u00e8s rares (= 46,9 %). Finalement, 3 esp\u00e8ces sont r\u00e9pertori\u00e9es esp\u00e8ces quasi-menac\u00e9es, tandis que 5 autres ne permettent pas de classification du fait d\u2019un manque de preuves d\u2019attribution.<\/p>\n<p><strong>L\u2019agriculture intensive, l\u2019urbanisation ainsi que l\u2019intervention de l\u2018homme dans le milieu naturel exercent une pression importante sur les habitats et les esp\u00e8ces y pr\u00e9sentes<\/strong>[\/vc_column_text][\/vc_column][\/vc_row][vc_row][vc_column width=\u00a0\u00bb1\/3&Prime;][vc_column_text][\/vc_column_text][vc_single_image image=\u00a0\u00bb1729&Prime; img_size=\u00a0\u00bbfull\u00a0\u00bb onclick=\u00a0\u00bblink_image\u00a0\u00bb][\/vc_column][vc_column width=\u00a0\u00bb2\/3&Prime;][vc_column_text]Les paysages des milieux ouverts sont largement soumis \u00e0 la pression de l\u2019agriculture. L\u2019intensification de cette-derni\u00e8re \u00a0(utilisation \u00e9lev\u00e9e d\u2018engrais, emploi de pesticides, monocultures etc\u2026), qui s\u2019est poursuivie au cours des derni\u00e8res d\u00e9cennies, a eu un impact majeur sur le d\u00e9veloppement des habitats, non seulement des milieux ouverts, mais \u00e9galement des milieux li\u00e9s \u00e0 l\u2019eau. De nombreuses zones humides ont \u00e9t\u00e9 ass\u00e9ch\u00e9es par drainage ou sont expos\u00e9es \u00e0 l\u2019apport d\u2019engrais dans les zones voisines, entra\u00eenant une large destruction surtout des zones humides pauvres en nutriments, comme p.ex. les prairies de molinie. Au-del\u00e0, les sources, les ruisseaux et les rivi\u00e8res sont tout autant expos\u00e9s aux apports diffus d\u2019engrais et de pesticides, ce qui a un impact n\u00e9faste sur la bioc\u00e9nose.<\/p>\n<p>Qui plus est, dans les ann\u00e9es \u00e0 venir, nous devons nous attendre \u00e0 ce que la crise climatique renforce son influence n\u00e9gative sur les habitats et sur les esp\u00e8ces.<\/p>\n<p>Parall\u00e8lement, la nature doit &#8211; de plus en plus &#8211; c\u00e9der sa place aux nouvelles agglom\u00e9rations et constructions routi\u00e8res. Selon une \u00e9tude r\u00e9alis\u00e9e en 2011 par l\u2019Agence europ\u00e9enne pour l\u2019environnement parmi 29 pays europ\u00e9ens, le Luxembourg s\u2019av\u00e9rait \u00eatre le pays le plus fragment\u00e9.[\/vc_column_text][\/vc_column][\/vc_row][vc_row][vc_column][vc_column_text]Il est vrai qu\u2019au cours des derni\u00e8res ann\u00e9es, la superficie des zones prot\u00e9g\u00e9es fut consid\u00e9rablement \u00e9largie ( l\u2019ensemble de ces zones prot\u00e9g\u00e9es totalise environ 35% de la superficie territoriale, dont 27% &#8211; soit quelque 70.171 ha &#8211; sont des sites NATURA-2000 \u2013 au nombre de 60) et la mise en r\u00e9seau de ces zones a b\u00e9n\u00e9fici\u00e9 d\u2019une plus grande attention. N\u00e9anmoins, ces mesures ne peuvent que partiellement att\u00e9nuer la pression qui s\u2019exerce sur la nature. <strong>Des changements fondamentaux en politique s\u2019imposent afin de pouvoir poser un frein \u00e0 la perte de la biodiversit\u00e9.<\/strong><\/p>\n<h3><strong>Le Luxembourg dans le monde globalis\u00e9 <\/strong><\/h3>\n<p>En raison de la situation g\u00e9ographique et de la dimension du pays, le Luxembourg ne compte pas de faune ni de flore end\u00e9mique (c.\u00e0d. des esp\u00e8ces qui ne seraient pr\u00e9sentes qu\u2019au Luxembourg). Le Luxembourg a n\u00e9anmoins une responsabilit\u00e9 internationale, du fait que certaines esp\u00e8ces se reproduisent principalement sur le territoire national ainsi qu\u2018en Grande R\u00e9gion et que les esp\u00e8ces menac\u00e9es du Luxembourg le sont \u00e9galement dans les pays limitrophes.<\/p>\n<p>A noter que le Luxembourg a tendance \u00e0 pointer du doigt la d\u00e9forestation des for\u00eats tropicales ou encore la disparition imminente d\u2019esp\u00e8ces animales bien connues en Afrique et en Asie! Or, il ne faut pas oublier que \u2013 par les importations \u00e9lev\u00e9es de soja pour notre production de viande (12.00 ha de plantations de soja pour couvrir les besoins d\u2019importation en vue de la production luxembourgeoise de lait et de viande), par nos importations d\u2019huile de palme, par la destruction de ressources dans les pays du tiers monde pour maintenir notre consommation effr\u00e9n\u00e9e \u2013 nous avons une part de responsabilit\u00e9 consid\u00e9rable dans la perte de la diversit\u00e9 dans ces pays!<\/p>\n<p>D\u2019o\u00f9 la revendication des auteurs de l\u2019\u00e9tude IPBES de <strong>r\u00e9former fondamentalement notre mod\u00e8le socio-\u00e9conomique, si nous voulons pr\u00e9server la biodiversit\u00e9 et donc nos bases vitales<\/strong>.[\/vc_column_text][\/vc_column][\/vc_row][vc_row][vc_column][vc_column_text]D\u2019autres propositions sur la fa\u00e7on de r\u00e9duire la perte de la biodiversit\u00e9 peuvent \u00eatre trouv\u00e9es ici:<\/p>\n<ul>\n<li><strong>Avis commun sur les conclusions du rapport IPBES relatif \u00e0 la perte de la biodiversit\u00e9.<\/strong> En avril 2019, l\u2019IPBES (Plateforme intergouvernementale scientifique et politique sur la biodiversit\u00e9 et les services \u00e9cosyst\u00e9miques) a publi\u00e9 une analyse alarmante qui illustre le fait que l\u2019homme est en train de d\u00e9truire ses bases vitales. Au moyen de la brochure publi\u00e9e dans ce contexte, le Mouvement \u00c9cologique et ses partenaires exposent l\u2019\u00e9tat tel qu\u2019il se pr\u00e9sente au Luxembourg, et font des propositions concr\u00e8tes sur les mesures \u00e0 prendre afin de rem\u00e9dier \u00e0 la situation..<\/li>\n<\/ul>\n<ul>\n<li style=\"list-style-type: none\">\n<ul>\n<li><a href=\"http:\/\/www.meco.lu\/wp-content\/uploads\/2019\/05\/brochure-Biodiversiteit-finito_HP.pdf\" target=\"_blank\" rel=\"noopener noreferrer\">PDF de la prise de position (DE)<\/a><\/li>\n<li><a href=\"http:\/\/naturelo.meco.lu\/wp-content\/uploads\/sites\/7\/2020\/04\/Dossier-IPBES-Schlussfolgerungen.pdf\" target=\"_blank\" rel=\"noopener noreferrer\">PDF des mesures propos\u00e9es dans cet avis pour lutter contre la perte de biodiversit\u00e9 (DE).<\/a><strong>\u00a0<\/strong><\/li>\n<\/ul>\n<\/li>\n<\/ul>\n<p>&nbsp;<\/p>\n<ul>\n<li><strong>Campagne<\/strong> <strong>\u201eDramatesche R\u00e9ckgang vu Vullen zu L\u00ebtzebuerg: Elo handelen!\u201c \u2013 \u201eLuxembourgs Arten k\u00e4mpfen ums \u00dcberleben\u201c. <\/strong>(D\u00e9clin dramatique des oiseaux au Luxembourg \u2013 Appel \u00e0 l\u2019action imm\u00e9diate! Les esp\u00e8ces indig\u00e8nes luttent pour leur survie)\n<ul>\n<li><a href=\"https:\/\/youtu.be\/TIYhlVyo9JU\" target=\"_blank\" rel=\"noopener noreferrer\">Spot vid\u00e9o sur la campagne<\/a><\/li>\n<li>Prise de position commune d\u00e9taill\u00e9e avec chiffres et explications \u00e0 l\u2019appui <a href=\"http:\/\/www.meco.lu\/wp-content\/uploads\/2019\/10\/Flyer_FR.pdf\" target=\"_blank\" rel=\"noopener noreferrer\">PDF<\/a><\/li>\n<li>Les quatre esp\u00e8ces d\u2019oiseaux du spot: quel est leur degr\u00e9 de menace? Quelles en sont les raisons?<a href=\"http:\/\/naturelo.meco.lu\/wp-content\/uploads\/sites\/7\/2020\/05\/conclusion-flyer-declin-oiseaux.pdf\" target=\"_blank\" rel=\"noopener noreferrer\"> PDF<\/a><\/li>\n<li>Conclusions et propositions relatives \u00e0 la pr\u00e9servation de la biodiversit\u00e9 <a href=\"http:\/\/naturelo.meco.lu\/wp-content\/uploads\/sites\/7\/2020\/05\/conclusion-flyer-declin-oiseaux.pdf\" target=\"_blank\" rel=\"noopener noreferrer\">\u00a0PDF<\/a><\/li>\n<li>La Liste Rouge de 2019 (DE) <a href=\"http:\/\/www.meco.lu\/wp-content\/uploads\/2019\/10\/rote-liste-biodiversit%C3%A4t.pdf\">PDF<\/a><\/li>\n<\/ul>\n<\/li>\n<\/ul>\n<p>&nbsp;<\/p>\n<ul>\n<li><a href=\"https:\/\/cdr.eionet.europa.eu\/lu\/eu\/art17\/envxtxbhw\/\" target=\"_blank\" rel=\"noopener noreferrer\">17-Reporting (Flora-Fauna-Habitats)<\/a><\/li>\n<\/ul>\n<ul>\n<li><a href=\"https:\/\/cdr.eionet.europa.eu\/Converters\/run_conversion?file=lu\/eu\/art17\/envxtxbhw\/LU_habitats_reports-20190724-202213.xml&amp;conv=589&amp;source=remote\" target=\"_blank\" rel=\"noopener noreferrer\">D\u00e9tails sur les habitats<\/a><\/li>\n<\/ul>\n<ul>\n<li><a href=\"https:\/\/cdr.eionet.europa.eu\/Converters\/run_conversion?file=lu\/eu\/art17\/envxtxbhw\/LU_species_reports-20190726-171241.xml&amp;conv=593&amp;source=remote\" target=\"_blank\" rel=\"noopener noreferrer\">Details sur les esp\u00e8ces (\u00e0 l&rsquo;exeption des oiseaux)<\/a><\/li>\n<\/ul>\n<p>[\/vc_column_text][\/vc_column][\/vc_row][vc_row][vc_column][\/vc_column][\/vc_row]<\/p>\n<\/div><\/section>","protected":false},"excerpt":{"rendered":"<p>[vc_row][vc_column][vc_column_text] L\u2019\u00e9tat de la nature au Grand-Duch\u00e9 de Luxembourg [\/vc_column_text][\/vc_column][\/vc_row][vc_row][vc_column][vc_column_text]La diversit\u00e9 biologique ou biodiversit\u00e9 comprend les diff\u00e9rents \u00e9cosyst\u00e8mes ainsi que les diff\u00e9rentes esp\u00e8ces et variations g\u00e9n\u00e9tiques au sein d\u2019une esp\u00e8ce qui se sont form\u00e9s au cours des si\u00e8cles \u2013 ceci soit de mani\u00e8re naturelle, soit sous l\u2019influence humaine.\u00a0 \u00a0 La croissance continue de la population [&hellip;]<\/p>\n","protected":false},"author":10,"featured_media":0,"parent":0,"menu_order":24,"comment_status":"closed","ping_status":"closed","template":"","meta":{"_acf_changed":false,"footnotes":""},"class_list":["post-1867","page","type-page","status-publish","hentry"],"acf":[],"yoast_head":"<!-- This site is optimized with the Yoast SEO plugin v27.2 - https:\/\/yoast.com\/product\/yoast-seo-wordpress\/ -->\n<title>L\u2019\u00e9tat de la nature au Grand-Duch\u00e9 de Luxembourg - Natur<\/title>\n<meta name=\"robots\" content=\"noindex, follow, max-snippet:-1, max-image-preview:large, max-video-preview:-1\" \/>\n<meta property=\"og:locale\" content=\"fr_FR\" \/>\n<meta property=\"og:type\" content=\"article\" \/>\n<meta property=\"og:title\" content=\"L\u2019\u00e9tat de la nature au Grand-Duch\u00e9 de Luxembourg - Natur\" \/>\n<meta property=\"og:description\" content=\"[vc_row][vc_column][vc_column_text] L\u2019\u00e9tat de la nature au Grand-Duch\u00e9 de Luxembourg [\/vc_column_text][\/vc_column][\/vc_row][vc_row][vc_column][vc_column_text]La diversit\u00e9 biologique ou biodiversit\u00e9 comprend les diff\u00e9rents \u00e9cosyst\u00e8mes ainsi que les diff\u00e9rentes esp\u00e8ces et variations g\u00e9n\u00e9tiques au sein d\u2019une esp\u00e8ce qui se sont form\u00e9s au cours des si\u00e8cles \u2013 ceci soit de mani\u00e8re naturelle, soit sous l\u2019influence humaine.\u00a0 \u00a0 La croissance continue de la population [&hellip;]\" \/>\n<meta property=\"og:url\" content=\"https:\/\/naturelo.meco.lu\/fr\/den-zoustand-vun-der-natur-zu-letzebuerg\/\" \/>\n<meta property=\"og:site_name\" content=\"Natur\" \/>\n<meta property=\"article:modified_time\" content=\"2022-09-09T12:29:49+00:00\" \/>\n<meta name=\"twitter:card\" content=\"summary_large_image\" \/>\n<meta name=\"twitter:label1\" content=\"Dur\u00e9e de lecture estim\u00e9e\" \/>\n\t<meta name=\"twitter:data1\" content=\"10 minutes\" \/>\n<script type=\"application\/ld+json\" class=\"yoast-schema-graph\">{\"@context\":\"https:\/\/schema.org\",\"@graph\":[{\"@type\":\"WebPage\",\"@id\":\"https:\/\/naturelo.meco.lu\/fr\/den-zoustand-vun-der-natur-zu-letzebuerg\/\",\"url\":\"https:\/\/naturelo.meco.lu\/fr\/den-zoustand-vun-der-natur-zu-letzebuerg\/\",\"name\":\"L\u2019\u00e9tat de la nature au Grand-Duch\u00e9 de Luxembourg - Natur\",\"isPartOf\":{\"@id\":\"https:\/\/naturelo.meco.lu\/#website\"},\"datePublished\":\"2020-04-29T07:48:20+00:00\",\"dateModified\":\"2022-09-09T12:29:49+00:00\",\"breadcrumb\":{\"@id\":\"https:\/\/naturelo.meco.lu\/fr\/den-zoustand-vun-der-natur-zu-letzebuerg\/#breadcrumb\"},\"inLanguage\":\"fr-FR\",\"potentialAction\":[{\"@type\":\"ReadAction\",\"target\":[\"https:\/\/naturelo.meco.lu\/fr\/den-zoustand-vun-der-natur-zu-letzebuerg\/\"]}]},{\"@type\":\"BreadcrumbList\",\"@id\":\"https:\/\/naturelo.meco.lu\/fr\/den-zoustand-vun-der-natur-zu-letzebuerg\/#breadcrumb\",\"itemListElement\":[{\"@type\":\"ListItem\",\"position\":1,\"name\":\"Home\",\"item\":\"https:\/\/naturelo.meco.lu\/fr\/\"},{\"@type\":\"ListItem\",\"position\":2,\"name\":\"L\u2019\u00e9tat de la nature au Grand-Duch\u00e9 de Luxembourg\"}]},{\"@type\":\"WebSite\",\"@id\":\"https:\/\/naturelo.meco.lu\/#website\",\"url\":\"https:\/\/naturelo.meco.lu\/\",\"name\":\"Natur\",\"description\":\"Eine weitere Mouvement \u00e9cologique Global Website\",\"potentialAction\":[{\"@type\":\"SearchAction\",\"target\":{\"@type\":\"EntryPoint\",\"urlTemplate\":\"https:\/\/naturelo.meco.lu\/?s={search_term_string}\"},\"query-input\":{\"@type\":\"PropertyValueSpecification\",\"valueRequired\":true,\"valueName\":\"search_term_string\"}}],\"inLanguage\":\"fr-FR\"}]}<\/script>\n<!-- \/ Yoast SEO plugin. -->","yoast_head_json":{"title":"L\u2019\u00e9tat de la nature au Grand-Duch\u00e9 de Luxembourg - Natur","robots":{"index":"noindex","follow":"follow","max-snippet":"max-snippet:-1","max-image-preview":"max-image-preview:large","max-video-preview":"max-video-preview:-1"},"og_locale":"fr_FR","og_type":"article","og_title":"L\u2019\u00e9tat de la nature au Grand-Duch\u00e9 de Luxembourg - Natur","og_description":"[vc_row][vc_column][vc_column_text] L\u2019\u00e9tat de la nature au Grand-Duch\u00e9 de Luxembourg [\/vc_column_text][\/vc_column][\/vc_row][vc_row][vc_column][vc_column_text]La diversit\u00e9 biologique ou biodiversit\u00e9 comprend les diff\u00e9rents \u00e9cosyst\u00e8mes ainsi que les diff\u00e9rentes esp\u00e8ces et variations g\u00e9n\u00e9tiques au sein d\u2019une esp\u00e8ce qui se sont form\u00e9s au cours des si\u00e8cles \u2013 ceci soit de mani\u00e8re naturelle, soit sous l\u2019influence humaine.\u00a0 \u00a0 La croissance continue de la population [&hellip;]","og_url":"https:\/\/naturelo.meco.lu\/fr\/den-zoustand-vun-der-natur-zu-letzebuerg\/","og_site_name":"Natur","article_modified_time":"2022-09-09T12:29:49+00:00","twitter_card":"summary_large_image","twitter_misc":{"Dur\u00e9e de lecture estim\u00e9e":"10 minutes"},"schema":{"@context":"https:\/\/schema.org","@graph":[{"@type":"WebPage","@id":"https:\/\/naturelo.meco.lu\/fr\/den-zoustand-vun-der-natur-zu-letzebuerg\/","url":"https:\/\/naturelo.meco.lu\/fr\/den-zoustand-vun-der-natur-zu-letzebuerg\/","name":"L\u2019\u00e9tat de la nature au Grand-Duch\u00e9 de Luxembourg - Natur","isPartOf":{"@id":"https:\/\/naturelo.meco.lu\/#website"},"datePublished":"2020-04-29T07:48:20+00:00","dateModified":"2022-09-09T12:29:49+00:00","breadcrumb":{"@id":"https:\/\/naturelo.meco.lu\/fr\/den-zoustand-vun-der-natur-zu-letzebuerg\/#breadcrumb"},"inLanguage":"fr-FR","potentialAction":[{"@type":"ReadAction","target":["https:\/\/naturelo.meco.lu\/fr\/den-zoustand-vun-der-natur-zu-letzebuerg\/"]}]},{"@type":"BreadcrumbList","@id":"https:\/\/naturelo.meco.lu\/fr\/den-zoustand-vun-der-natur-zu-letzebuerg\/#breadcrumb","itemListElement":[{"@type":"ListItem","position":1,"name":"Home","item":"https:\/\/naturelo.meco.lu\/fr\/"},{"@type":"ListItem","position":2,"name":"L\u2019\u00e9tat de la nature au Grand-Duch\u00e9 de Luxembourg"}]},{"@type":"WebSite","@id":"https:\/\/naturelo.meco.lu\/#website","url":"https:\/\/naturelo.meco.lu\/","name":"Natur","description":"Eine weitere Mouvement \u00e9cologique Global Website","potentialAction":[{"@type":"SearchAction","target":{"@type":"EntryPoint","urlTemplate":"https:\/\/naturelo.meco.lu\/?s={search_term_string}"},"query-input":{"@type":"PropertyValueSpecification","valueRequired":true,"valueName":"search_term_string"}}],"inLanguage":"fr-FR"}]}},"_links":{"self":[{"href":"https:\/\/naturelo.meco.lu\/fr\/wp-json\/wp\/v2\/pages\/1867","targetHints":{"allow":["GET"]}}],"collection":[{"href":"https:\/\/naturelo.meco.lu\/fr\/wp-json\/wp\/v2\/pages"}],"about":[{"href":"https:\/\/naturelo.meco.lu\/fr\/wp-json\/wp\/v2\/types\/page"}],"author":[{"embeddable":true,"href":"https:\/\/naturelo.meco.lu\/fr\/wp-json\/wp\/v2\/users\/10"}],"replies":[{"embeddable":true,"href":"https:\/\/naturelo.meco.lu\/fr\/wp-json\/wp\/v2\/comments?post=1867"}],"version-history":[{"count":2,"href":"https:\/\/naturelo.meco.lu\/fr\/wp-json\/wp\/v2\/pages\/1867\/revisions"}],"predecessor-version":[{"id":1876,"href":"https:\/\/naturelo.meco.lu\/fr\/wp-json\/wp\/v2\/pages\/1867\/revisions\/1876"}],"wp:attachment":[{"href":"https:\/\/naturelo.meco.lu\/fr\/wp-json\/wp\/v2\/media?parent=1867"}],"curies":[{"name":"wp","href":"https:\/\/api.w.org\/{rel}","templated":true}]}}