{"id":1291,"date":"2020-03-16T15:15:31","date_gmt":"2020-03-16T14:15:31","guid":{"rendered":"http:\/\/natur.meco.lu\/ueber-uns\/"},"modified":"2020-05-04T13:28:53","modified_gmt":"2020-05-04T11:28:53","slug":"ueber-uns","status":"publish","type":"page","link":"https:\/\/naturelo.meco.lu\/fr\/ueber-uns\/","title":{"rendered":"Objectifs du projet \u00a0\u00bb Natur elo ! \u00ab\u00a0"},"content":{"rendered":"<section class=\"wpb-content-wrapper\"><div class=\"pf-content\"><p>[vc_row][vc_column][vc_single_image image=\u00a0\u00bb1703&Prime; img_size=\u00a0\u00bbfull\u00a0\u00bb alignment=\u00a0\u00bbcenter\u00a0\u00bb][\/vc_column][\/vc_row][vc_row][vc_column][vc_column_text]<\/p>\n<h2>Objectifs du projet \u00a0\u00bb Natur elo ! \u00ab\u00a0<\/h2>\n<p>[\/vc_column_text][\/vc_column][\/vc_row][vc_row][vc_column][vc_column_text]Nul ne nierait de nos jours le besoin pressant d\u2019un profond changement et la n\u00e9cessit\u00e9 de prendre des mesures \u00a0actionnisme cibl\u00e9es afin d\u2019\u00e9viter une catastrophe climatique qui est imminente. Le glas de cette \u00e8re a finalement sonn\u00e9\u00a0! Ce th\u00e8me si vital est enfin pris au s\u00e9rieux et de nombreux citoyens, tout comme le monde politique et le monde entrepreneurial, sont sensibilis\u00e9s aux enjeux vitaux qu\u2019il v\u00e9hicule.<\/p>\n<p>Le chemin de l\u2019appr\u00e9hension vers l\u2019action demeure n\u00e9anmoins encore un long parcours. Mais du moins, nous pouvons nous r\u00e9jouir du fait que le grand d\u00e9fi ait \u00e9t\u00e9 reconnu comme tel\u00a0!<\/p>\n<p>Parall\u00e8lement au changement climatique, nous constatons un autre ph\u00e9nom\u00e8ne dramatique qui se d\u00e9roule sous nos yeux: les humains &#8211; c\u00e0d nous tous, nous d\u00e9truisons syst\u00e9matiquement notre propre espace de vie. La perte en biodiversit\u00e9 et habitats a pris des dimensions inqui\u00e9tantes. 1 million d\u2019esp\u00e8ces sont menac\u00e9es d\u2019extinction dans le monde selon une \u00e9tude de l\u2019IPBES (Intergovernmental science-policy Platform on Biodiversity and Ecosystem Services), publi\u00e9e en 2019 par ce groupe international de scientifiques de renomm\u00e9e. Cette perte dramatique d\u2019esp\u00e8ces touche entre autres 80% des insectes pollinisateurs et compromet ainsi s\u00e9rieusement le bon fonctionnement de la cha\u00eene alimentaire de l\u2019homme.<\/p>\n<p>Notamment en raison de la p\u00e9riode de crise sanitaire Covid-19 in\u00e9dite que nous traversons actuellement,\u00a0 nous avons pris conscience du fait que la destruction syst\u00e9matique de la nature favorise l\u2019apparition d\u2019\u00e9pid\u00e9mies et de pand\u00e9mies.<\/p>\n<p><strong>Un motif pour c\u00e9der \u00e0 la panique? Oui et non! La peur, en tant que catalyseur de la soci\u00e9t\u00e9 et facteur de motivation poussant l\u2019humain \u00e0 agir, s\u2019av\u00e8re enti\u00e8rement positive! Par contre un sentiment de panique, qui n\u2019aurait qu\u2019un effet paralysant, s\u2019av\u00e8re n\u00e9faste!<\/strong><\/p>\n<p><strong>Il existe heureusement toute une s\u00e9rie d\u2019initiatives positives qui permettent de prot\u00e9ger et de pr\u00e9server nos habitats! Et si nous adoptons la voie de l\u2019action, nous allons non seulement conserver la beaut\u00e9 et la richesse de la nature en termes de papillons, d\u2019oiseaux, de fleurs &#8230; mais \u00e9galement enrichir le bien-\u00eatre humain.\u00a0 <\/strong><\/p>\n<p><strong>Dans cette optique: \u00a0nous avons tout \u00e0 gagner en nous engageant \u2013 en sollicitant les responsables politiques, en revendiquant les changements qui s\u2019imposent d\u2019urgence. Au profit de la faune et de la flore, de nous tous &#8230; des g\u00e9n\u00e9rations futures! <\/strong><\/p>\n<p><strong>La pr\u00e9sente page web du Mouvement \u00c9cologique et de l\u2019Oekozenter Pafendall met en \u00e9vidence les faits concrets qui contribuent \u00e0 la perte sournoise de nos espaces vitaux et illustre \u00e9galement les id\u00e9es et propositions d\u2019action commune permettant \u00e0 chacun de faire un geste au quotidien.<\/strong><\/p>\n<p>Ce faisant, il est important de savoir que la pr\u00e9servation de l\u2019environnement naturel dans le \u00ab\u00a0paysage ouvert\u00a0\u00bb (c.\u00e0.d. dans les pr\u00e9s et dans les champs) est essentielle. C\u2019est pourquoi nous aimerions vous sensibiliser aux changements qu\u2019il faudra y induire, et vous expliquer de quelle mani\u00e8re vous pouvez y contribuer.<\/p>\n<p>Mais aussi au c\u0153ur des villes et villages, la diversit\u00e9 &#8211; indispensable &#8211; est le ma\u00eetre-mot! Car les villes et villages sont des endroits qui se pr\u00eatent id\u00e9alement \u00e0 la cr\u00e9ation de havres de la biodiversit\u00e9. Toute une s\u00e9rie d\u2019\u00e9tudes scientifiques d\u00e9montrent clairement que les agglom\u00e9rations se muent en v\u00e9ritables zones de refuge pour les esp\u00e8ces menac\u00e9es ayant disparu des terres agricoles industrielles, d\u00e8s lors que ces terres sont cultiv\u00e9es sans engrais et sans pesticides. L\u00e0 o\u00f9 nous vivons, o\u00f9 nous nous d\u00e9pla\u00e7ons quotidiennement, nous ressentons la nature qui nous entoure de mani\u00e8re particuli\u00e8re. Cela nous a amen\u00e9 \u00e0 vous proposer \u00e9galement, dans ces pages, de nombreuses id\u00e9es autour de la cr\u00e9ation d\u2019espaces verts en zone urbaine, et de l\u2019am\u00e9nagement de jardins proches de la nature etc.<\/p>\n<p>Et comme un r\u00f4le particulier incombe aux communes, ces-derni\u00e8res y trouvent toute une s\u00e9rie de propositions concr\u00e8tes adapt\u00e9es \u00e0 leurs besoins sp\u00e9cifiques pour mener une politique communale \u00e9cologique.<\/p>\n<p>N\u2019oublions pas: c\u2019est \u00e0 nous de d\u00e9cider aujourd\u2019hui comment nous voulons vivre dans le monde de demain!<\/p>\n<p><strong>\u00a0<\/strong>[\/vc_column_text][\/vc_column][\/vc_row][vc_row][vc_column width=\u00a0\u00bb1\/4&Prime;][\/vc_column][vc_column width=\u00a0\u00bb3\/4&Prime;][vc_column_text]Vous trouvez<a href=\"http:\/\/naturelo.meco.lu\/fr\/den-zoustand-vun-der-natur-zu-letzebuerg\/\" target=\"_blank\" rel=\"noopener noreferrer\"> ici<\/a> une description de l&rsquo;\u00e9tat de la nature au Luxembourg.[\/vc_column_text][\/vc_column][\/vc_row]<\/p>\n<\/div><\/section>","protected":false},"excerpt":{"rendered":"<p>[vc_row][vc_column][vc_single_image image=\u00a0\u00bb1703&Prime; img_size=\u00a0\u00bbfull\u00a0\u00bb alignment=\u00a0\u00bbcenter\u00a0\u00bb][\/vc_column][\/vc_row][vc_row][vc_column][vc_column_text] Objectifs du projet \u00a0\u00bb Natur elo ! \u00ab\u00a0 [\/vc_column_text][\/vc_column][\/vc_row][vc_row][vc_column][vc_column_text]Nul ne nierait de nos jours le besoin pressant d\u2019un profond changement et la n\u00e9cessit\u00e9 de prendre des mesures \u00a0actionnisme cibl\u00e9es afin d\u2019\u00e9viter une catastrophe climatique qui est imminente. Le glas de cette \u00e8re a finalement sonn\u00e9\u00a0! Ce th\u00e8me si vital est enfin [&hellip;]<\/p>\n","protected":false},"author":1,"featured_media":0,"parent":0,"menu_order":0,"comment_status":"closed","ping_status":"closed","template":"","meta":{"_acf_changed":false,"footnotes":""},"class_list":["post-1291","page","type-page","status-publish","hentry"],"acf":[],"yoast_head":"<!-- This site is optimized with the Yoast SEO plugin v27.2 - https:\/\/yoast.com\/product\/yoast-seo-wordpress\/ -->\n<title>Objectifs du projet &quot; Natur elo ! &quot; - Natur<\/title>\n<meta name=\"robots\" content=\"noindex, follow, max-snippet:-1, max-image-preview:large, max-video-preview:-1\" \/>\n<meta property=\"og:locale\" content=\"fr_FR\" \/>\n<meta property=\"og:type\" content=\"article\" \/>\n<meta property=\"og:title\" content=\"Objectifs du projet &quot; Natur elo ! &quot; - Natur\" \/>\n<meta property=\"og:description\" content=\"[vc_row][vc_column][vc_single_image image=\u00a0\u00bb1703&Prime; img_size=\u00a0\u00bbfull\u00a0\u00bb alignment=\u00a0\u00bbcenter\u00a0\u00bb][\/vc_column][\/vc_row][vc_row][vc_column][vc_column_text] Objectifs du projet \u00a0\u00bb Natur elo ! \u00ab\u00a0 [\/vc_column_text][\/vc_column][\/vc_row][vc_row][vc_column][vc_column_text]Nul ne nierait de nos jours le besoin pressant d\u2019un profond changement et la n\u00e9cessit\u00e9 de prendre des mesures \u00a0actionnisme cibl\u00e9es afin d\u2019\u00e9viter une catastrophe climatique qui est imminente. Le glas de cette \u00e8re a finalement sonn\u00e9\u00a0! Ce th\u00e8me si vital est enfin [&hellip;]\" \/>\n<meta property=\"og:url\" content=\"https:\/\/naturelo.meco.lu\/fr\/ueber-uns\/\" \/>\n<meta property=\"og:site_name\" content=\"Natur\" \/>\n<meta property=\"article:modified_time\" content=\"2020-05-04T11:28:53+00:00\" \/>\n<meta name=\"twitter:card\" content=\"summary_large_image\" \/>\n<meta name=\"twitter:label1\" content=\"Dur\u00e9e de lecture estim\u00e9e\" \/>\n\t<meta name=\"twitter:data1\" content=\"4 minutes\" \/>\n<script type=\"application\/ld+json\" class=\"yoast-schema-graph\">{\"@context\":\"https:\/\/schema.org\",\"@graph\":[{\"@type\":\"WebPage\",\"@id\":\"https:\/\/naturelo.meco.lu\/fr\/ueber-uns\/\",\"url\":\"https:\/\/naturelo.meco.lu\/fr\/ueber-uns\/\",\"name\":\"Objectifs du projet \\\" Natur elo ! \\\" - Natur\",\"isPartOf\":{\"@id\":\"https:\/\/naturelo.meco.lu\/#website\"},\"datePublished\":\"2020-03-16T14:15:31+00:00\",\"dateModified\":\"2020-05-04T11:28:53+00:00\",\"breadcrumb\":{\"@id\":\"https:\/\/naturelo.meco.lu\/fr\/ueber-uns\/#breadcrumb\"},\"inLanguage\":\"fr-FR\",\"potentialAction\":[{\"@type\":\"ReadAction\",\"target\":[\"https:\/\/naturelo.meco.lu\/fr\/ueber-uns\/\"]}]},{\"@type\":\"BreadcrumbList\",\"@id\":\"https:\/\/naturelo.meco.lu\/fr\/ueber-uns\/#breadcrumb\",\"itemListElement\":[{\"@type\":\"ListItem\",\"position\":1,\"name\":\"Home\",\"item\":\"https:\/\/naturelo.meco.lu\/fr\/\"},{\"@type\":\"ListItem\",\"position\":2,\"name\":\"Objectifs du projet \u00a0\u00bb Natur elo ! \u00ab\u00a0\"}]},{\"@type\":\"WebSite\",\"@id\":\"https:\/\/naturelo.meco.lu\/#website\",\"url\":\"https:\/\/naturelo.meco.lu\/\",\"name\":\"Natur\",\"description\":\"Eine weitere Mouvement \u00e9cologique Global Website\",\"potentialAction\":[{\"@type\":\"SearchAction\",\"target\":{\"@type\":\"EntryPoint\",\"urlTemplate\":\"https:\/\/naturelo.meco.lu\/?s={search_term_string}\"},\"query-input\":{\"@type\":\"PropertyValueSpecification\",\"valueRequired\":true,\"valueName\":\"search_term_string\"}}],\"inLanguage\":\"fr-FR\"}]}<\/script>\n<!-- \/ Yoast SEO plugin. -->","yoast_head_json":{"title":"Objectifs du projet \" Natur elo ! \" - Natur","robots":{"index":"noindex","follow":"follow","max-snippet":"max-snippet:-1","max-image-preview":"max-image-preview:large","max-video-preview":"max-video-preview:-1"},"og_locale":"fr_FR","og_type":"article","og_title":"Objectifs du projet \" Natur elo ! \" - Natur","og_description":"[vc_row][vc_column][vc_single_image image=\u00a0\u00bb1703&Prime; img_size=\u00a0\u00bbfull\u00a0\u00bb alignment=\u00a0\u00bbcenter\u00a0\u00bb][\/vc_column][\/vc_row][vc_row][vc_column][vc_column_text] Objectifs du projet \u00a0\u00bb Natur elo ! \u00ab\u00a0 [\/vc_column_text][\/vc_column][\/vc_row][vc_row][vc_column][vc_column_text]Nul ne nierait de nos jours le besoin pressant d\u2019un profond changement et la n\u00e9cessit\u00e9 de prendre des mesures \u00a0actionnisme cibl\u00e9es afin d\u2019\u00e9viter une catastrophe climatique qui est imminente. Le glas de cette \u00e8re a finalement sonn\u00e9\u00a0! Ce th\u00e8me si vital est enfin [&hellip;]","og_url":"https:\/\/naturelo.meco.lu\/fr\/ueber-uns\/","og_site_name":"Natur","article_modified_time":"2020-05-04T11:28:53+00:00","twitter_card":"summary_large_image","twitter_misc":{"Dur\u00e9e de lecture estim\u00e9e":"4 minutes"},"schema":{"@context":"https:\/\/schema.org","@graph":[{"@type":"WebPage","@id":"https:\/\/naturelo.meco.lu\/fr\/ueber-uns\/","url":"https:\/\/naturelo.meco.lu\/fr\/ueber-uns\/","name":"Objectifs du projet \" Natur elo ! \" - Natur","isPartOf":{"@id":"https:\/\/naturelo.meco.lu\/#website"},"datePublished":"2020-03-16T14:15:31+00:00","dateModified":"2020-05-04T11:28:53+00:00","breadcrumb":{"@id":"https:\/\/naturelo.meco.lu\/fr\/ueber-uns\/#breadcrumb"},"inLanguage":"fr-FR","potentialAction":[{"@type":"ReadAction","target":["https:\/\/naturelo.meco.lu\/fr\/ueber-uns\/"]}]},{"@type":"BreadcrumbList","@id":"https:\/\/naturelo.meco.lu\/fr\/ueber-uns\/#breadcrumb","itemListElement":[{"@type":"ListItem","position":1,"name":"Home","item":"https:\/\/naturelo.meco.lu\/fr\/"},{"@type":"ListItem","position":2,"name":"Objectifs du projet \u00a0\u00bb Natur elo ! \u00ab\u00a0"}]},{"@type":"WebSite","@id":"https:\/\/naturelo.meco.lu\/#website","url":"https:\/\/naturelo.meco.lu\/","name":"Natur","description":"Eine weitere Mouvement \u00e9cologique Global Website","potentialAction":[{"@type":"SearchAction","target":{"@type":"EntryPoint","urlTemplate":"https:\/\/naturelo.meco.lu\/?s={search_term_string}"},"query-input":{"@type":"PropertyValueSpecification","valueRequired":true,"valueName":"search_term_string"}}],"inLanguage":"fr-FR"}]}},"_links":{"self":[{"href":"https:\/\/naturelo.meco.lu\/fr\/wp-json\/wp\/v2\/pages\/1291","targetHints":{"allow":["GET"]}}],"collection":[{"href":"https:\/\/naturelo.meco.lu\/fr\/wp-json\/wp\/v2\/pages"}],"about":[{"href":"https:\/\/naturelo.meco.lu\/fr\/wp-json\/wp\/v2\/types\/page"}],"author":[{"embeddable":true,"href":"https:\/\/naturelo.meco.lu\/fr\/wp-json\/wp\/v2\/users\/1"}],"replies":[{"embeddable":true,"href":"https:\/\/naturelo.meco.lu\/fr\/wp-json\/wp\/v2\/comments?post=1291"}],"version-history":[{"count":5,"href":"https:\/\/naturelo.meco.lu\/fr\/wp-json\/wp\/v2\/pages\/1291\/revisions"}],"predecessor-version":[{"id":1878,"href":"https:\/\/naturelo.meco.lu\/fr\/wp-json\/wp\/v2\/pages\/1291\/revisions\/1878"}],"wp:attachment":[{"href":"https:\/\/naturelo.meco.lu\/fr\/wp-json\/wp\/v2\/media?parent=1291"}],"curies":[{"name":"wp","href":"https:\/\/api.w.org\/{rel}","templated":true}]}}