{"id":1288,"date":"2020-03-16T15:15:09","date_gmt":"2020-03-16T14:15:09","guid":{"rendered":"http:\/\/natur.meco.lu\/tipps\/gruenflaechen\/"},"modified":"2024-10-10T13:39:23","modified_gmt":"2024-10-10T11:39:23","slug":"gruenflaechen","status":"publish","type":"page","link":"https:\/\/naturelo.meco.lu\/fr\/tipps\/gruenflaechen\/","title":{"rendered":"Gr\u00fcnfl\u00e4chen"},"content":{"rendered":"<section class=\"wpb-content-wrapper\"><div class=\"pf-content\"><p>[vc_row][vc_column][vc_single_image image=\u00a0\u00bb6173&Prime; img_size=\u00a0\u00bbfull\u00a0\u00bb][vc_column_text]<\/p>\n<h2><b>Espaces verts dans les zones urbaines<\/b><\/h2>\n<p><b><\/b>Traduit avec www.DeepL.com\/Translator (version gratuite)<\/p>\n<p>Les espaces verts dans les zones urbaines remplissent de nombreuses fonctions importantes :<\/p>\n<ul>\n<li>Ils<strong> retiennent l&rsquo;eau de pluie et lui permet de s&rsquo;infiltrer<\/strong> et d&rsquo;alimenter nos r\u00e9serves d&rsquo;eau souterraine. En faisant ainsi , ils <strong>pr\u00e9viennent les inondations<\/strong>.<\/li>\n<li>Une partie importante de l&rsquo;eau de pluie retenue s&rsquo;\u00e9vapore par l&rsquo;interm\u00e9diaire des plantes (\u00e9vapotranspiration) et <strong>rafra\u00eechit l&rsquo;air ambiant, ce qui a un effet positif sur le climat urbain<\/strong>.<\/li>\n<li>Les sols ouverts et la diversit\u00e9 v\u00e9g\u00e9tale offrent un <strong>habitat et de la nourriture \u00e0 de nombreux insectes utiles<\/strong> (abeilles et col\u00e9opt\u00e8res, par exemple) et permettent l\u2019existence d\u2019une biodiversit\u00e9 urbaine.<\/li>\n<li>Dans les zones urbaines, les arbres ne se contentent pas d&rsquo;\u00e9vaporer l&rsquo;eau gr\u00e2ce \u00e0 leurs <strong>inombrables feuilles, ils fournissent \u00e9galement une ombre agr\u00e9able<\/strong>, qui permet de se prot\u00e9ger du soleil br\u00fblant en \u00e9t\u00e9.<\/li>\n<li>En outre, <strong>les plantes absorbent le bruit de la ville<\/strong> et ont un effet positif \u00e9vident sur le bien-\u00eatre physique et psychologique des habitants.<\/li>\n<\/ul>\n<p>Les espaces verts dans les zones urbaines devraient donc non seulement \u00eatre prioritaires dans toute strat\u00e9gie d&rsquo;adaptation au climat, mais ils sont \u00e9galement indispensables au maintien de la qualit\u00e9 de vie dans nos villages et nos villes.[\/vc_column_text][vc_row_inner][vc_column_inner][vc_video link=\u00a0\u00bbhttps:\/\/www.youtube.com\/watch?v=NJwwVw7yN-4&Prime; el_width=\u00a0\u00bb50&Prime;][\/vc_column_inner][\/vc_row_inner][\/vc_column][\/vc_row][vc_row][vc_column][vc_column_text]<\/p>\n<h2><strong>Une diversit\u00e9 d&rsquo;espaces verts est n\u00e9cessaire <\/strong><\/h2>\n<p>Pour remplir ces diverses fonctions, il ne suffit pas de disposer de grands espaces verts coh\u00e9rents (par exemple\u00a0: parcs, rivi\u00e8res et ruisseaux quasi naturels, jardins, vergers, etc&#8230;) qui servent de zones de production et de corridors d&rsquo;air froid. Les places, les aires de jeux, les cours d&rsquo;\u00e9cole, les cimeti\u00e8res, les parkings et les espaces de rue (pour la plupart asphalt\u00e9s) peuvent et doivent \u00e9galement \u00eatre v\u00e9g\u00e9talis\u00e9s. Les arbres de rue et les haies, les arbustes, les plantes vivaces et les bandes fleuries apaisent non seulement la circulation. Ils font d\u2019un espace de circulation un espace de rencontre.<\/p>\n<p>Outre la plantation et l&rsquo;entretien actifs des structures vertes et le choix correct du substrat et du rev\u00eatement, l&rsquo;\u00e9clairage public joue \u00e9galement un r\u00f4le important dans la v\u00e9g\u00e9talisation de l&rsquo;espace urbain. Elle a une influence directe sur le d\u00e9veloppement et le comportement des plantes et des animaux et doit donc \u00eatre prise en compte dans le cadre de la v\u00e9g\u00e9talisation des rues.[\/vc_column_text][\/vc_column][\/vc_row][vc_row][vc_column][vc_images_carousel images=\u00a0\u00bb5943,5955,5949,5961,5952,5858,5958,5946,5940,5937,5875&Prime; img_size=\u00a0\u00bbfull\u00a0\u00bb slides_per_view=\u00a0\u00bb5&Prime; autoplay=\u00a0\u00bbyes\u00a0\u00bb][\/vc_column][\/vc_row][vc_row][vc_column][vc_column_text]<\/p>\n<h2><strong>Cr\u00e9er et entretenir des espaces verts<\/strong><\/h2>\n<p>Le Mouvement \u00e9cologique et l&rsquo;Oekoeznter Pafendall travaillent actuellement \u00e0 l&rsquo;\u00e9laboration d&rsquo;un aper\u00e7u des instruments actuellement \u00e0 la disposition des municipalit\u00e9s pour cr\u00e9er ou maintenir des espaces verts dans les zones urbaines. Il s&rsquo;agit par exemple des plans d&rsquo;am\u00e9nagement g\u00e9n\u00e9rales (PAG) et des plans d&rsquo;am\u00e9nagement partiels (PAP), dans le cadre desquels, par exemple, un \u00ab\u00a0Plan vert\u00a0\u00bb doit \u00eatre \u00e9labor\u00e9 ou des \u00ab\u00a0Zones de servitude\u00a0\u00bb peuvent \u00eatre d\u00e9sign\u00e9es. Le R\u00e8glement sur les b\u00e2tisses est \u00e9galement un outil r\u00e9glementaire important, notamment pour les quartiers existants.<\/p>\n<p>L&rsquo;analyse, comprenant des indications et des propositions pour optimiser la situation actuelle, sera publi\u00e9e ici.<\/p>\n<p>Voici une liste de documents int\u00e9ressants dans ce contexte :<\/p>\n<ul>\n<li><a href=\"https:\/\/environnement.public.lu\/fr\/publications\/conserv_nature\/Landschaftsgerechte_und_Oekologische_Wohnbaugebiete.html\">Landschaftsgerechte und oekologische Wohnbaugebiete<\/a> &#8211; Minist\u00e8re de l&rsquo;environnement, du climat et du d\u00e9veloppement durable, Administration de la nature et des fr\u00eats.<\/li>\n<li><a href=\"https:\/\/eau.gouvernement.lu\/dam-assets\/publications\/regenwasserleitfaden\/Regenwasserleitfaden-Gesamtdokument.pdf\">Leitfaden\u00a0zum\u00a0Umgang mit\u00a0Regenwasser\u00a0in Siedlungsgebieten\u00a0Luxemburgs<\/a> \u2013 Administration de la gestion de l\u2019eau<\/li>\n<li><a href=\"https:\/\/www.ioer.de\/fileadmin\/internet\/IOER_Projekte\/PDF\/FB_L\/urban-nbs\/UrbanNBS_Arbeitshilfe_Kommunale_Biodiversitaetsstrategien.pdf\">Mehr biologische Vielfalt in St\u00e4dten und Gemeinden: Eine Arbeitshilfe zur Erstellung kommunaler Biodiversit\u00e4tsstrategien<\/a> &#8211; UrbanNBS<\/li>\n<\/ul>\n<p>[\/vc_column_text][\/vc_column][\/vc_row][vc_row][vc_column][vc_column_text]<\/p>\n<h2><strong>Cr\u00e9er et entretenir des espaces verts proches de la nature<\/strong><\/h2>\n<p>Les insectes, les oiseaux et les petits mammif\u00e8res profitent des espaces verts urbains, surtout s&rsquo;ils peuvent leur fournir de la nourriture. Il est donc n\u00e9cessaire de disposer d&rsquo;une vari\u00e9t\u00e9 de plantes favorables aux insectes (si possible indig\u00e8nes), capables de faire face aux conditions parfois extr\u00eames des zones urbaines (s\u00e9cheresse, chaleur, espace racinaire limit\u00e9, polluants, perturbations, etc&#8230;).<\/p>\n<p>Un espace vert proche de la nature, pluriannuelle et facile \u00e0 entretenir (coup\u00e9e une \u00e0 deux fois par an, sans transplantation ni fertilisation) r\u00e9duit \u00e9galement le travail et les co\u00fbts pour la municipalit\u00e9.<\/p>\n<p>Dans la liste suivante, vous trouverez des documents qui peuvent vous aider \u00e0 cr\u00e9er et \u00e0 entretenir des espaces verts proches de la nature :<\/p>\n<ul>\n<li><a href=\"http:\/\/naturelo.meco.lu\/wp-content\/uploads\/sites\/7\/2020\/04\/Anlage-von-naturnahen-Gr%C3%BCnfl%C3%A4chen.-Praxisratgeber-f%C3%BCr-Gemeinden.-Biologesch-Statiounen.pdf\"><strong>Anlage von naturnahen Gr\u00fcnfl\u00e4chen im Siedlungsbereich \u2013 Ein Praxisratgeber f\u00fcr Gemeinden\u00a0<\/strong><\/a>; Publi\u00e9 par le Syndicat de protection de la nature SICONA, le parc naturel \u00d6ewersauer, M\u00ebllerdall Nature a Geopark, Our Nature Park, Ouni Pesticides Campaign, la station biologique SIAS, le Mus\u00e9e national d&rsquo;histoire naturelle, le minist\u00e8re de l&rsquo;Environnement, du Climat et du D\u00e9veloppement durable.<\/li>\n<li>Dans le cadre d&rsquo;une \u00e9tude \u00e0 long dur\u00e9e \u00ab\u00a0<strong>\u201eNatur im Garten\u201c et BOKU <\/strong>(Universit\u00e9 des ressources naturelles et des sciences de la vie appliqu\u00e9es, Vienne) ont \u00e9tabli des plans de plantation avec une s\u00e9lection de plantes r\u00e9sistantes \u00e0 la chaleur et \u00e0 la s\u00e9cheresse. Les plans de plantation peuvent \u00eatre t\u00e9l\u00e9charg\u00e9s gratuitement <a href=\"https:\/\/www.naturimgarten.at\/gartenwissen\/bepflanzung.html\">ici<\/a>.<\/li>\n<li>L\u2018Association des jardiniers allemands de plantes vivaces (Bund deutscher Staudeng\u00e4rtner) a mis au point et test\u00e9 30 m\u00e9langes diff\u00e9rents de plantes vivaces pour diff\u00e9rents endroits et en diff\u00e9rentes quantit\u00e9s. Le faible besoin d&rsquo;entretien de ces m\u00e9langes est obtenu gr\u00e2ce \u00e0 une composition optimis\u00e9e des esp\u00e8ces, \u00e0 l&rsquo;adaptation du site et \u00e0 la pr\u00e9paration du sol, ainsi qu&rsquo;\u00e0 des instructions d&rsquo;entretien claires.<\/li>\n<li>Sur son site web, <a href=\"https:\/\/www.lwg.bayern.de\/landespflege\/urbanes_gruen\/index.php\">Bayerische<\/a> Landesanstalt f\u00fcr Wein- und Gartenbau a compil\u00e9 une multitude d&rsquo;informations et de listes de plantes pour les espaces verts urbaines .<\/li>\n<\/ul>\n<p>[\/vc_column_text][\/vc_column][\/vc_row][vc_row][vc_column][vc_column_text]<\/p>\n<h2><strong>Inspirations<\/strong><\/h2>\n<p>Dans la s\u00e9rie de webinaires \u00ab\u00a0V\u00e9g\u00e9talisation des villes et villages\u00a0\u00bb, organis\u00e9e par le Mouvement \u00e9cologique et l&rsquo;Oekozenter Pafendall au printemps 2021, diverses possibilit\u00e9s de v\u00e9g\u00e9taliser l&rsquo;espace urbain ont \u00e9t\u00e9 pr\u00e9sent\u00e9es.<\/p>\n<p>Les enregistrements vid\u00e9o des webinaires et les diapositives des intervenants sont disponibles <a href=\"https:\/\/naturelo.meco.lu\/fr\/vegetalisation-des-villes-et-villages\/\">ICI.<\/a>[\/vc_column_text][\/vc_column][\/vc_row][vc_row][vc_column][vc_single_image image=\u00a0\u00bb4633&Prime; img_size=\u00a0\u00bbmedium\u00a0\u00bb onclick=\u00a0\u00bbcustom_link\u00a0\u00bb link=\u00a0\u00bbhttps:\/\/naturelo.meco.lu\/mei-grengs-an-eise-stied-an-dierfer\/\u00a0\u00bb][\/vc_column][\/vc_row][vc_row][vc_column][vc_column_text]<span lang=\"FR-LU\">Dans la liste suivante, vous trouverez \u00e9galement une s\u00e9lection de projets qui peuvent servir d&rsquo;inspiration :<\/span>[\/vc_column_text][\/vc_column][\/vc_row][vc_row][vc_column width=\u00a0\u00bb1\/4&Prime;][vc_single_image image=\u00a0\u00bb5968&Prime; img_size=\u00a0\u00bbfull\u00a0\u00bb onclick=\u00a0\u00bbcustom_link\u00a0\u00bb link=\u00a0\u00bbhttps:\/\/www.kommunalnet.at\/partner\/natur-im-garten\/\u00a0\u00bb][\/vc_column][vc_column width=\u00a0\u00bb3\/4&Prime;][vc_column_text]<a href=\"https:\/\/www.kommunalnet.at\/partner\/natur-im-garten\/\">Webinaires et conf\u00e9rences d&rsquo;experts sur le th\u00e8me de la v\u00e9g\u00e9talisation des communes<\/a> \u2013 Natur im Garten[\/vc_column_text][\/vc_column][\/vc_row][vc_row][vc_column width=\u00a0\u00bb1\/4&Prime;][vc_single_image image=\u00a0\u00bb5971&Prime; img_size=\u00a0\u00bbfull\u00a0\u00bb onclick=\u00a0\u00bbcustom_link\u00a0\u00bb link=\u00a0\u00bbhttps:\/\/www.pusch.ch\/naturoasen\/\u00a0\u00bb][\/vc_column][vc_column width=\u00a0\u00bb3\/4&Prime;][vc_column_text]La fondation suisse de protection de la nature <a href=\"https:\/\/www.pusch.ch\/fr\/\">Pusch<\/a> s&rsquo;est fix\u00e9 pour objectif de r\u00e9aliser 20 000 m\u00b2 d&rsquo;oasis naturelles (<a href=\"https:\/\/www.pusch.ch\/naturoasen\/\"><strong>Naturoasen<\/strong><\/a><strong>) <\/strong>avec des communaut\u00e9s et des \u00e9coles. Vous pouvez trouver plus d&rsquo;informations sur ce projet <a href=\"https:\/\/www.pusch.ch\/naturoasen\/\">ICI<\/a>.[\/vc_column_text][\/vc_column][\/vc_row][vc_row][vc_column width=\u00a0\u00bb1\/4&Prime;][vc_single_image image=\u00a0\u00bb5977&Prime; img_size=\u00a0\u00bbfull\u00a0\u00bb onclick=\u00a0\u00bbcustom_link\u00a0\u00bb link=\u00a0\u00bbhttps:\/\/www.garten-landschaft.de\/faltplan-klimakonkret\/#!\/foto-post-27280-1&Prime;][\/vc_column][vc_column width=\u00a0\u00bb3\/4&Prime;][vc_column_text]<span lang=\"FR-LU\">L&rsquo;initiative autrichienne \u00e0 but non lucratif \u201eKlimaKonkret\u00a0\u00bb a \u00e9labor\u00e9 un guide sur la mani\u00e8re dont les municipalit\u00e9s peuvent devenir intelligentes sur le plan climatique. Le d\u00e9pliant montre les probl\u00e8mes et les solutions concr\u00e8tes est le lien vers le site web est <\/span><span lang=\"FR-LU\"><a href=\"https:\/\/www.garten-landschaft.de\/faltplan-klimakonkret\/#!\/foto-post-27280-1\">ICI<\/a>. <\/span>[\/vc_column_text][\/vc_column][\/vc_row][vc_row][vc_column width=\u00a0\u00bb1\/4&Prime;][vc_single_image image=\u00a0\u00bb5974&Prime; img_size=\u00a0\u00bbfull\u00a0\u00bb onclick=\u00a0\u00bbcustom_link\u00a0\u00bb link=\u00a0\u00bbhttps:\/\/www.staedte-wagen-wildnis.de\/\u00a0\u00bb][\/vc_column][vc_column width=\u00a0\u00bb3\/4&Prime;][vc_column_text]<span lang=\"FR-LU\">De 2016 \u00e0 2021 &#8211; les villes de Francfort-sur-le-Main, Hanovre et Dessau-Ro\u00dflau, ainsi que des partenaires scientifiques et le r\u00e9seau de biodiversit\u00e9 BioFrankfurt e.V., se sont consacr\u00e9s au th\u00e8me de la \u00ab\u00a0nature sauvage urbaine\u00a0\u00bb dans le cadre du projet \u00ab\u00a0<\/span><span lang=\"FR-LU\"><a href=\"https:\/\/www.staedte-wagen-wildnis.de\/\">St\u00e4dte wagen Wildnis<\/a>\u00ab\u00a0. <\/span>[\/vc_column_text][\/vc_column][\/vc_row][vc_row][vc_column width=\u00a0\u00bb1\/4&Prime;][vc_single_image image=\u00a0\u00bb7503&Prime; img_size=\u00a0\u00bbfull\u00a0\u00bb onclick=\u00a0\u00bbcustom_link\u00a0\u00bb img_link_target=\u00a0\u00bb_blank\u00a0\u00bb link=\u00a0\u00bbhttps:\/\/plusfraichemaville.fr\/?utm_campaign=Newsletter_ADEME_ACTUS_353&amp;utm_source=Connect&amp;utm_medium=email\u00a0\u00bb][\/vc_column][vc_column width=\u00a0\u00bb3\/4&Prime;][vc_column_text]<\/p>\n<div class=\"framer-62wwbc\" data-framer-component-type=\"RichTextContainer\">\n<p class=\"framer-text\"><a href=\"https:\/\/plusfraichemaville.fr\/?utm_campaign=Newsletter_ADEME_ACTUS_353&amp;utm_source=Connect&amp;utm_medium=email\" target=\"_blank\" rel=\"noopener\"><strong>Rafra\u00eechissez efficacement votre collectivit\u00e9<\/strong><\/a><br \/>\nL\u2019ADEME propose un outil d\u2019aide \u00e0 la d\u00e9cision que vous co-construisez avec eux, et qui vous accompagne dans le choix de solutions de rafra\u00eechissement urbain p\u00e9rennes et durables.<\/p>\n<\/div>\n<p>[\/vc_column_text][\/vc_column][\/vc_row]<\/p>\n<\/div><\/section>","protected":false},"excerpt":{"rendered":"<p>[vc_row][vc_column][vc_single_image image=\u00a0\u00bb6173&Prime; img_size=\u00a0\u00bbfull\u00a0\u00bb][vc_column_text] Espaces verts dans les zones urbaines Traduit avec www.DeepL.com\/Translator (version gratuite) Les espaces verts dans les zones urbaines remplissent de nombreuses fonctions importantes : Ils retiennent l&rsquo;eau de pluie et lui permet de s&rsquo;infiltrer et d&rsquo;alimenter nos r\u00e9serves d&rsquo;eau souterraine. En faisant ainsi , ils pr\u00e9viennent les inondations. Une partie importante de [&hellip;]<\/p>\n","protected":false},"author":1,"featured_media":0,"parent":1282,"menu_order":0,"comment_status":"closed","ping_status":"closed","template":"","meta":{"_acf_changed":false,"footnotes":""},"class_list":["post-1288","page","type-page","status-publish","hentry"],"acf":[],"yoast_head":"<!-- This site is optimized with the Yoast SEO plugin v27.2 - https:\/\/yoast.com\/product\/yoast-seo-wordpress\/ -->\n<title>Gr\u00fcnfl\u00e4chen - Natur<\/title>\n<meta name=\"robots\" content=\"noindex, follow, max-snippet:-1, max-image-preview:large, max-video-preview:-1\" \/>\n<meta property=\"og:locale\" content=\"fr_FR\" \/>\n<meta property=\"og:type\" content=\"article\" \/>\n<meta property=\"og:title\" content=\"Gr\u00fcnfl\u00e4chen - Natur\" \/>\n<meta property=\"og:description\" content=\"[vc_row][vc_column][vc_single_image image=\u00a0\u00bb6173&Prime; img_size=\u00a0\u00bbfull\u00a0\u00bb][vc_column_text] Espaces verts dans les zones urbaines Traduit avec www.DeepL.com\/Translator (version gratuite) Les espaces verts dans les zones urbaines remplissent de nombreuses fonctions importantes : Ils retiennent l&rsquo;eau de pluie et lui permet de s&rsquo;infiltrer et d&rsquo;alimenter nos r\u00e9serves d&rsquo;eau souterraine. En faisant ainsi , ils pr\u00e9viennent les inondations. Une partie importante de [&hellip;]\" \/>\n<meta property=\"og:url\" content=\"https:\/\/naturelo.meco.lu\/fr\/tipps\/gruenflaechen\/\" \/>\n<meta property=\"og:site_name\" content=\"Natur\" \/>\n<meta property=\"article:modified_time\" content=\"2024-10-10T11:39:23+00:00\" \/>\n<meta name=\"twitter:card\" content=\"summary_large_image\" \/>\n<meta name=\"twitter:label1\" content=\"Dur\u00e9e de lecture estim\u00e9e\" \/>\n\t<meta name=\"twitter:data1\" content=\"7 minutes\" \/>\n<script type=\"application\/ld+json\" class=\"yoast-schema-graph\">{\"@context\":\"https:\/\/schema.org\",\"@graph\":[{\"@type\":\"WebPage\",\"@id\":\"https:\/\/naturelo.meco.lu\/fr\/tipps\/gruenflaechen\/\",\"url\":\"https:\/\/naturelo.meco.lu\/fr\/tipps\/gruenflaechen\/\",\"name\":\"Gr\u00fcnfl\u00e4chen - Natur\",\"isPartOf\":{\"@id\":\"https:\/\/naturelo.meco.lu\/#website\"},\"datePublished\":\"2020-03-16T14:15:09+00:00\",\"dateModified\":\"2024-10-10T11:39:23+00:00\",\"breadcrumb\":{\"@id\":\"https:\/\/naturelo.meco.lu\/fr\/tipps\/gruenflaechen\/#breadcrumb\"},\"inLanguage\":\"fr-FR\",\"potentialAction\":[{\"@type\":\"ReadAction\",\"target\":[\"https:\/\/naturelo.meco.lu\/fr\/tipps\/gruenflaechen\/\"]}]},{\"@type\":\"BreadcrumbList\",\"@id\":\"https:\/\/naturelo.meco.lu\/fr\/tipps\/gruenflaechen\/#breadcrumb\",\"itemListElement\":[{\"@type\":\"ListItem\",\"position\":1,\"name\":\"Home\",\"item\":\"https:\/\/naturelo.meco.lu\/fr\/\"},{\"@type\":\"ListItem\",\"position\":2,\"name\":\"Conseils\",\"item\":\"https:\/\/naturelo.meco.lu\/fr\/tipps\/\"},{\"@type\":\"ListItem\",\"position\":3,\"name\":\"Gr\u00fcnfl\u00e4chen\"}]},{\"@type\":\"WebSite\",\"@id\":\"https:\/\/naturelo.meco.lu\/#website\",\"url\":\"https:\/\/naturelo.meco.lu\/\",\"name\":\"Natur\",\"description\":\"Eine weitere Mouvement \u00e9cologique Global Website\",\"potentialAction\":[{\"@type\":\"SearchAction\",\"target\":{\"@type\":\"EntryPoint\",\"urlTemplate\":\"https:\/\/naturelo.meco.lu\/?s={search_term_string}\"},\"query-input\":{\"@type\":\"PropertyValueSpecification\",\"valueRequired\":true,\"valueName\":\"search_term_string\"}}],\"inLanguage\":\"fr-FR\"}]}<\/script>\n<!-- \/ Yoast SEO plugin. -->","yoast_head_json":{"title":"Gr\u00fcnfl\u00e4chen - Natur","robots":{"index":"noindex","follow":"follow","max-snippet":"max-snippet:-1","max-image-preview":"max-image-preview:large","max-video-preview":"max-video-preview:-1"},"og_locale":"fr_FR","og_type":"article","og_title":"Gr\u00fcnfl\u00e4chen - Natur","og_description":"[vc_row][vc_column][vc_single_image image=\u00a0\u00bb6173&Prime; img_size=\u00a0\u00bbfull\u00a0\u00bb][vc_column_text] Espaces verts dans les zones urbaines Traduit avec www.DeepL.com\/Translator (version gratuite) Les espaces verts dans les zones urbaines remplissent de nombreuses fonctions importantes : Ils retiennent l&rsquo;eau de pluie et lui permet de s&rsquo;infiltrer et d&rsquo;alimenter nos r\u00e9serves d&rsquo;eau souterraine. En faisant ainsi , ils pr\u00e9viennent les inondations. Une partie importante de [&hellip;]","og_url":"https:\/\/naturelo.meco.lu\/fr\/tipps\/gruenflaechen\/","og_site_name":"Natur","article_modified_time":"2024-10-10T11:39:23+00:00","twitter_card":"summary_large_image","twitter_misc":{"Dur\u00e9e de lecture estim\u00e9e":"7 minutes"},"schema":{"@context":"https:\/\/schema.org","@graph":[{"@type":"WebPage","@id":"https:\/\/naturelo.meco.lu\/fr\/tipps\/gruenflaechen\/","url":"https:\/\/naturelo.meco.lu\/fr\/tipps\/gruenflaechen\/","name":"Gr\u00fcnfl\u00e4chen - Natur","isPartOf":{"@id":"https:\/\/naturelo.meco.lu\/#website"},"datePublished":"2020-03-16T14:15:09+00:00","dateModified":"2024-10-10T11:39:23+00:00","breadcrumb":{"@id":"https:\/\/naturelo.meco.lu\/fr\/tipps\/gruenflaechen\/#breadcrumb"},"inLanguage":"fr-FR","potentialAction":[{"@type":"ReadAction","target":["https:\/\/naturelo.meco.lu\/fr\/tipps\/gruenflaechen\/"]}]},{"@type":"BreadcrumbList","@id":"https:\/\/naturelo.meco.lu\/fr\/tipps\/gruenflaechen\/#breadcrumb","itemListElement":[{"@type":"ListItem","position":1,"name":"Home","item":"https:\/\/naturelo.meco.lu\/fr\/"},{"@type":"ListItem","position":2,"name":"Conseils","item":"https:\/\/naturelo.meco.lu\/fr\/tipps\/"},{"@type":"ListItem","position":3,"name":"Gr\u00fcnfl\u00e4chen"}]},{"@type":"WebSite","@id":"https:\/\/naturelo.meco.lu\/#website","url":"https:\/\/naturelo.meco.lu\/","name":"Natur","description":"Eine weitere Mouvement \u00e9cologique Global Website","potentialAction":[{"@type":"SearchAction","target":{"@type":"EntryPoint","urlTemplate":"https:\/\/naturelo.meco.lu\/?s={search_term_string}"},"query-input":{"@type":"PropertyValueSpecification","valueRequired":true,"valueName":"search_term_string"}}],"inLanguage":"fr-FR"}]}},"_links":{"self":[{"href":"https:\/\/naturelo.meco.lu\/fr\/wp-json\/wp\/v2\/pages\/1288","targetHints":{"allow":["GET"]}}],"collection":[{"href":"https:\/\/naturelo.meco.lu\/fr\/wp-json\/wp\/v2\/pages"}],"about":[{"href":"https:\/\/naturelo.meco.lu\/fr\/wp-json\/wp\/v2\/types\/page"}],"author":[{"embeddable":true,"href":"https:\/\/naturelo.meco.lu\/fr\/wp-json\/wp\/v2\/users\/1"}],"replies":[{"embeddable":true,"href":"https:\/\/naturelo.meco.lu\/fr\/wp-json\/wp\/v2\/comments?post=1288"}],"version-history":[{"count":6,"href":"https:\/\/naturelo.meco.lu\/fr\/wp-json\/wp\/v2\/pages\/1288\/revisions"}],"predecessor-version":[{"id":1289,"href":"https:\/\/naturelo.meco.lu\/fr\/wp-json\/wp\/v2\/pages\/1288\/revisions\/1289"}],"up":[{"embeddable":true,"href":"https:\/\/naturelo.meco.lu\/fr\/wp-json\/wp\/v2\/pages\/1282"}],"wp:attachment":[{"href":"https:\/\/naturelo.meco.lu\/fr\/wp-json\/wp\/v2\/media?parent=1288"}],"curies":[{"name":"wp","href":"https:\/\/api.w.org\/{rel}","templated":true}]}}