{"id":1284,"date":"2020-03-16T15:14:27","date_gmt":"2020-03-16T14:14:27","guid":{"rendered":"http:\/\/natur.meco.lu\/tipps\/fassaden\/"},"modified":"2022-09-21T12:10:35","modified_gmt":"2022-09-21T10:10:35","slug":"vegetalisation-des-batiments","status":"publish","type":"page","link":"https:\/\/naturelo.meco.lu\/fr\/tipps\/vegetalisation-des-batiments\/","title":{"rendered":"V\u00e9g\u00e9talisation des b\u00e2timents"},"content":{"rendered":"<section class=\"wpb-content-wrapper\"><div class=\"pf-content\"><p>[vc_row][vc_column][vc_single_image image=\u00a0\u00bb5872&Prime; img_size=\u00a0\u00bbfull\u00a0\u00bb alignment=\u00a0\u00bbcenter\u00a0\u00bb][\/vc_column][\/vc_row][vc_row][vc_column][vc_column_text]<em>Traduit avec www.DeepL.com\/Translator (version gratuite)<\/em><\/p>\n<p>La v\u00e9g\u00e9talisation des b\u00e2timents peut compenser en partie l&rsquo;imperm\u00e9abilisation des sols dans les zones urbaines et joue donc un r\u00f4le important dans la <strong>gestion des eaux de pluie et la protection contre les inondations dans nos villes et villages.<\/strong><\/p>\n<p>Les fa\u00e7ades et les toits verts contribuent \u00e9galement aux <strong>\u00e9conomies d&rsquo;\u00e9nergie dans le domaine du refroidissement, de la r\u00e9tention de la chaleur et de la protection solaire du b\u00e2timent<\/strong>, <strong>rafra\u00eechissent le climat urbain gr\u00e2ce \u00e0 l&rsquo;\u00e9vaporation de l&rsquo;eau, filtrent les polluants de l&rsquo;air, ont un effet positif sur le bien-\u00eatre des r\u00e9sidents et offrent un abri \u00e0 diverses animaux.<\/strong><\/p>\n<p>Ainsi, la v\u00e9g\u00e9talisation des b\u00e2timents devrait faire partie de tout nouveau PAP (plan d\u2019am\u00e9nagement particulier) \u00a0et \u00eatre \u00e9galement r\u00e9alis\u00e9 dans les quartiers existants.[\/vc_column_text][vc_column_text]<\/p>\n<h3><strong>V\u00e9g\u00e9talisation des fa\u00e7ades<\/strong><\/h3>\n<p>[\/vc_column_text][\/vc_column][\/vc_row][vc_row][vc_column width=\u00a0\u00bb1\/4&Prime;][vc_single_image image=\u00a0\u00bb4666&Prime; img_size=\u00a0\u00bbmedium\u00a0\u00bb onclick=\u00a0\u00bbcustom_link\u00a0\u00bb link=\u00a0\u00bbhttps:\/\/naturelo.meco.lu\/documentcenter\/gruene-fassaden-auf-dem-weg-zu-einer-oekologischeren-architektur\/\u00a0\u00bb][\/vc_column][vc_column width=\u00a0\u00bb3\/4&Prime;][vc_column_text]Le jeudi 11 mars 2021, l&rsquo;Oekozenter Pafendall et le Mouvement Ecologique, dans le cadre de la <a href=\"https:\/\/naturelo.meco.lu\/fr\/webinaires-vegetalisation-des-villes-et-villages\/\" target=\"_blank\" rel=\"noopener\"><strong>s\u00e9rie de webinaires \u00ab\u00a0V\u00e9g\u00e9talisons nos villes et villages\u00a0\u00bb<\/strong><\/a>, ont invit\u00e9 au s\u00e9minaire en ligne \u00ab\u00a0<a href=\"https:\/\/naturelo.meco.lu\/fr\/documentcenter\/gruene-fassaden-auf-dem-weg-zu-einer-oekologischeren-architektur\/\" target=\"_blank\" rel=\"noopener\">Fa\u00e7ades vertes \u2013 vers une architecture \u00e9cologique<\/a>\u00ab\u00a0. L&rsquo;orateur \u00e9tait la Dr. Ing. Nicole Pfoser, architecte dipl\u00f4m\u00e9e, architecte paysagiste et directrice g\u00e9n\u00e9rale du <em>Kompetenzzentrum Geb\u00e4udebegr\u00fcnung und Stadtklima<\/em>.<\/p>\n<p><a href=\"https:\/\/naturelo.meco.lu\/fr\/documentcenter\/gruene-fassaden-auf-dem-weg-zu-einer-oekologischeren-architektur\/\" target=\"_blank\" rel=\"noopener\">ICI, vous pouvez regarder l&rsquo;enregistrement vid\u00e9o de la conf\u00e9rence et les diapositives de l&rsquo;orateur<\/a> (disponibles seulement en DE).[\/vc_column_text][\/vc_column][\/vc_row][vc_row][vc_column][vc_column_text]L&rsquo;association allemande (BuGG)<strong> \u201eBundesverband Geb\u00e4udegr\u00fcn\u201c<\/strong> a publi\u00e9 une brochure intitul\u00e9e <strong>\u201e<\/strong><em>Positive Wirkungen von Geb\u00e4udebegr\u00fcnungen (Dach-, Fassaden- und Innenraumbegr\u00fcnung)\u00a0\u00bb<\/em> (<a href=\"https:\/\/www.gebaeudegruen.info\/fileadmin\/website\/downloads\/bugg-fachinfos\/Dachbegruenung\/BuGG_Fachinfo_Positive_Wirkungen_Positionspapier_20-04-2022.pdf\" target=\"_blank\" rel=\"noopener\">cliquez ici pour le PDF en DE<\/a>) qui r\u00e9sume les r\u00e9sultats de plusieurs \u00e9tude.<\/p>\n<p>Voici quelques r\u00e9sultats int\u00e9ressants :<\/p>\n<ul>\n<li>La v\u00e9g\u00e9talisation des fa\u00e7ades peut r\u00e9duire les temp\u00e9ratures de surface de 8 \u00e0 19 \u00b0C.<\/li>\n<li>Des fa\u00e7ades v\u00e9g\u00e9talis\u00e9es filtrent 20 \u00e0 30 % de la quantit\u00e9 de dioxyde d&rsquo;azote (NO2) pr\u00e9sent dans l\u2019air.<\/li>\n<li>Elles permettent d\u2019\u00e9conomiser 26 % de l&rsquo;\u00e9nergie primaire (chauffage et refroidissement) par rapport \u00e0 une protection solaire classique sur les fa\u00e7ades orient\u00e9es au sud.<\/li>\n<li>Elles permettent m\u00eame d\u2019\u00e9conomiser 49 % de l&rsquo;\u00e9nergie primaire (chauffage et refroidissement) par rapport \u00e0 une fa\u00e7ade orient\u00e9 sud, d\u00e9pourvue de protection solaire.<\/li>\n<\/ul>\n<p>Avec un choix de 65 plantes grimpantes appropri\u00e9es pour la v\u00e9g\u00e9talisation des fa\u00e7ades li\u00e9es au sol, la vari\u00e9t\u00e9 va bien au-del\u00e0 des suspects habituels tels que le lierre, la vigne sauvage et la vigne bleue.[\/vc_column_text][\/vc_column][\/vc_row][vc_row][vc_column][vc_gallery type=\u00a0\u00bbimage_grid\u00a0\u00bb images=\u00a0\u00bb5867,5858,5861,5855&Prime;][\/vc_column][\/vc_row][vc_row][vc_column][vc_column_text]<u>Autres liens sur le th\u00e8me de la v\u00e9g\u00e9talisation des fa\u00e7ades : <\/u><\/p>\n<ul>\n<li><a href=\"https:\/\/www.nabu.de\/umwelt-und-ressourcen\/oekologisch-leben\/balkon-und-garten\/grundlagen\/dach-wand\/00570.html\">NABU: Gr\u00fcne W\u00e4nde &#8211; Gut gesch\u00fctzt im Pflanzenpelz<\/a><\/li>\n<li><a href=\"https:\/\/www.lwg.bayern.de\/mam\/cms06\/landespflege\/dateien\/klimafassaden_utopie_in.pdf\">Gr\u00fcne Klimafassaden \u2013 Utopie und Wirklichkeit<\/a>, Bayerische Landesanstalt f\u00fcr Weinbau und Gartenbau<\/li>\n<\/ul>\n<p><u>Informations\/manuels sp\u00e9cialis\u00e9s (\u00e9galement disponibles sur notre site oekobib.lu) :<\/u><\/p>\n<ul>\n<li><a href=\"https:\/\/www.irbnet.de\/daten\/rswb\/13109006683.pdf\">Geb\u00e4ude Begr\u00fcnung Energie \u2013 Potenziale und Wechselwirkungen \u2013\u00a0<\/a>Nicole Pfoser, Nathalie Jenner, Johanna Henrich, Jannik Heusinger, Stephan Weber<\/li>\n<\/ul>\n<ul>\n<li><a href=\"https:\/\/www.ulmer.de\/usd-5764102\/vertikale-begruenung-.html\">Vertikale Begr\u00fcnung<\/a>, Nicole Pfoser\n<ul>\n<li>Anwendungshilfe zur Fassadenbegr\u00fcnung mit Kletterpflanzen (S. 214. -226)<\/li>\n<li>Pflanzenlisten zur wandgebundenen Fassadenbegr\u00fc- nung in horizontalen und vertikalen Vegetationsfl\u00e4chen (S. 227 \u2013 255)<\/li>\n<\/ul>\n<\/li>\n<li><a href=\"https:\/\/tuprints.ulb.tu-darmstadt.de\/5587\/1\/Dissertation_Pfoser.pdf\">Fassade und Pflanze \u2013 Potenziale einer neuen Fassadengestaltung<\/a>, Nicole Pfoser<\/li>\n<li><a href=\"https:\/\/shop.fll.de\/de\/fassadenbegruenungsrichtlinien-richtlinien-fuer-die-planung-bau-und-instandhaltung-von-fassadenbegruenungen-2018-broschuere.html\">FLL Fassadenbegr\u00fcnungsrichtlinien<\/a><\/li>\n<li><a href=\"https:\/\/www.gebaeudegruen.info\/fileadmin\/website\/downloads\/bugg-fachinfos\/Fassadenbegruenung\/FBB-Fassadenbegruenung.pdf\">Brosch\u00fcre: Gr\u00fcne Innovation Fassadenbegr\u00fcnung<\/a>, Bundesverband Geb\u00e4udeGr\u00fcn e.V.<\/li>\n<\/ul>\n<p><u>Liens pratiques :<\/u><\/p>\n<ul>\n<li><a href=\"https:\/\/www.fassadengruen.de\/fassadenbegruenung-rankhilfen.html\">FassadenGr\u00fcn<\/a><\/li>\n<li><a href=\"https:\/\/www.fassadenbegr\u00fcnung-polygr\u00fcn.de\/rankhilfen\">Polygr\u00fcn Kletterger\u00fcste und Rankhilfen<\/a><\/li>\n<li><a href=\"https:\/\/www.gebaeudegruen.info\/gruen\/fassadenbegruenung\/basis-wissen-planungsgrundlagen\">Basiswissen und Planungsgrundlagen<\/a>, BuGG<\/li>\n<\/ul>\n<p><u>Projets\/actions sur le sujet : <\/u><\/p>\n<ul>\n<li><a href=\"https:\/\/50gh.at\/50-gruene-haeuser-das-projekt\/\">50 gr\u00fcne H\u00e4user<\/a><\/li>\n<li><a href=\"https:\/\/www.oekoloewe.de\/kletterfix.html\">Kletterfix &#8211; Gr\u00fcne W\u00e4nde f\u00fcr Leipzig<\/a>, \u00d6kol\u00f6we Umweltbund leipzig e.v.<\/li>\n<\/ul>\n<p>[\/vc_column_text][\/vc_column][\/vc_row][vc_row][vc_column][vc_column_text]<\/p>\n<h2><strong>Les toitures vertes<\/strong><\/h2>\n<p>[\/vc_column_text][\/vc_column][\/vc_row][vc_row][vc_column width=\u00a0\u00bb1\/4&Prime;][vc_single_image image=\u00a0\u00bb4670&Prime; img_size=\u00a0\u00bbmedium\u00a0\u00bb][\/vc_column][vc_column width=\u00a0\u00bb3\/4&Prime;][vc_column_text]Le jeudi 18 mars 2021, l&rsquo;Oekozenter Pafendall et le Mouvement \u00e9cologique, dans le cadre de la <a href=\"https:\/\/naturelo.meco.lu\/fr\/webinaires-vegetalisation-des-villes-et-villages\/\" target=\"_blank\" rel=\"noopener\"><strong>s\u00e9rie de webinaires \u00ab\u00a0V\u00e9g\u00e9talisons nos villes et villages\u00a0\u00bb<\/strong><\/a> ont invit\u00e9 au s\u00e9minaire <a href=\"https:\/\/naturelo.meco.lu\/fr\/documentcenter\/video-et-rapport-du-3e-seminaire-les-toitures-vertes-performances-ecologiques-et-climatiques-en-theorie-et-en-pratique-2\/\" target=\"_blank\" rel=\"noopener\">\u201eLES TOITURES VERTES : performances \u00e9cologiques et climatiques en th\u00e9orie et en pratique\u00a0\u00bb<\/a>. L&rsquo;orateur \u00e9tait le <strong>Dr G\u00fcnter Mann<\/strong>, pr\u00e9sident de l&rsquo;association f\u00e9d\u00e9rale allemande <em>Geb\u00e4udeGr\u00fcn<\/em> et actif dans le domaine des toits verts depuis une bonne trentaine d&rsquo;ann\u00e9es.<\/p>\n<p><a href=\"https:\/\/naturelo.meco.lu\/fr\/documentcenter\/video-et-rapport-du-3e-seminaire-les-toitures-vertes-performances-ecologiques-et-climatiques-en-theorie-et-en-pratique-2\/\" target=\"_blank\" rel=\"noopener\">ICI, vous pouvez regarder l&rsquo;enregistrement vid\u00e9o de la conf\u00e9rence et les diapositives de l&rsquo;orateur (disponibles seulement en DE).<\/a>[\/vc_column_text][\/vc_column][\/vc_row][vc_row][vc_column][vc_column_text]<strong>L&rsquo;association allemande des b\u00e2timents<\/strong> <strong>v<\/strong><strong>\u00e9g\u00e9talis\u00e9s<\/strong> (BuGG)<strong> \u201eBundesverband Geb\u00e4udegr\u00fcn\u201c<\/strong> a \u00e9galement compil\u00e9 des r\u00e9sultats int\u00e9ressants issus de la recherche et de la pratique sur les toits verts. En voici une petite s\u00e9lection. Vous pouvez trouver la brochure compl\u00e8te <a href=\"https:\/\/www.gebaeudegruen.info\/fileadmin\/website\/downloads\/bugg-fachinfos\/Dachbegruenung\/BuGG_Fachinfo_Positive_Wirkungen_Positionspapier_20-04-2022.pdf\" target=\"_blank\" rel=\"noopener\">ICI (PDF en DE)<\/a>:<\/p>\n<ul>\n<li>par rapport aux toits en bitume et en gravier, jusqu&rsquo;\u00e0 25 \u00b0C de temp\u00e9ratures de surface inf\u00e9rieures pour les toits verts. Dans certaines \u00e9tudes, m\u00eame jusqu&rsquo;\u00e0 33\u00b0C.<\/li>\n<li>\u00c9vaporation de 60 \u00e0 75 % des pr\u00e9cipitations annuelles possible avec des toits verts extensifs.<\/li>\n<li>Les toits verts extensifs permettent de retenir environ 65 \u00e0 90 % des pr\u00e9cipitations moyennes annuelle. Avec un toit en gravier, elle n&rsquo;est que de 18-28 %.<\/li>\n<\/ul>\n<p>[\/vc_column_text][\/vc_column][\/vc_row][vc_row][vc_column][vc_gallery type=\u00a0\u00bbimage_grid\u00a0\u00bb images=\u00a0\u00bb5875,5878&Prime;][\/vc_column][\/vc_row][vc_row][vc_column][vc_column_text]<u>Autres liens sur le th\u00e8me des toits verts<\/u><\/p>\n<ul>\n<li><a href=\"https:\/\/www.nabu.de\/umwelt-und-ressourcen\/oekologisch-leben\/balkon-und-garten\/grundlagen\/dach-wand\/00571.html\">NABU: Gr\u00fcne D\u00e4cher &#8211; Dachbegr\u00fcnung schafft Lebensraum und senkt die Heizkosten<\/a><\/li>\n<li><a href=\"https:\/\/auboeck-karasz.at\/dachlandschaften-gemeinschaftlich-nutzbar\">Dachlandschaften \u2013 Gemeinschaftlich nutzbar<\/a>, Maria Aub\u00f6ck und J\u00e1nos K\u00e1r\u00e1sz, Landeshauptstadt M\u00fcnchen Referat f\u00fcr Stadtplanung und Bauordnung (Hg.), 2012<\/li>\n<li><a href=\"https:\/\/www.heidelberg-bahnstadt.de\/site\/HD_Satelliten\/get\/documents_E591203377\/heidelberg\/Objektdatenbank\/31\/PDF\/31_pdf_handlungsleitfaden_zur_extensiven_dachbegr%C3%BCnung_2011_12_15.pdf\">\u201eHeidelberger Dach(g)arten\u201c<\/a>&#8211; Handlungsleitfaden zur extensiven Dachbegr\u00fcnung in Heidelberg<\/li>\n<li><a href=\"https:\/\/document.environnement.brussels\/opac_css\/elecfile\/PRES_150327_SEM07_ToituresPlates_FR.pdf\">Comment valoriser sa toiture plate en milieu urbain ?<\/a> &#8211; S\u00e9minaire B\u00e2timent Durable (2015)<\/li>\n<\/ul>\n<p><u>Informations\/manuels sp\u00e9cialis\u00e9s (\u00e9galement disponibles dans notre oekobib.lu) :<\/u><\/p>\n<ul>\n<li><a href=\"https:\/\/www.irbnet.de\/daten\/rswb\/13109006683.pdf\">Geb\u00e4ude Begr\u00fcnung Energie \u2013 Potenziale und Wechselwirkungen<\/a>, Nicole Pfoser, Nathalie Jenner, Johanna Henrich, Jannik Heusinger, Stephan Weber<\/li>\n<li><a href=\"https:\/\/shop.fll.de\/de\/dachbegruenungsrichtlinien-richtlinien-fuer-die-planung-bau-und-instandhaltungen-von-dachbegruenungen-2018-broschuere.html\">FLL Dachbegr\u00fcnungsrichtlinien<\/a><\/li>\n<li><a href=\"https:\/\/www.gebaeudegruen.info\/fileadmin\/website\/downloads\/bugg-fachinfos\/Dachbegruenung\/Dachbegruenung_Gruene_Innovation_09-2020.pdf\">Brosch\u00fcre: Gr\u00fcne Innovation Dachbegr\u00fcnung<\/a>, Bundesverband Geb\u00e4udeGr\u00fcn e.V.<\/li>\n<li><a href=\"https:\/\/www.gebaeudegruen.info\/fileadmin\/website\/downloads\/bugg-fachinfos\/Fokus-Solar\/BuGG_Fokus_Solar_Gruendach_2020_10_01.pdf\">Brosch\u00fcre: Solar-Gr\u00fcndach<\/a>, Bundesverband Geb\u00e4udeGr\u00fcn e.V.<\/li>\n<li><a href=\"https:\/\/www.gebaeudegruen.info\/fileadmin\/website\/downloads\/bugg-fachinfos\/Dachbegruenung\/FBB-Hauptsortiment_Pflanzen_extensiv.pdf\">Brosch\u00fcre: Pflanzen zur extensiven Dachbegr\u00fcnung<\/a>\u2013 Hauptsortiment, Bundesverband Geb\u00e4udeGr\u00fcn e.V.<\/li>\n<li><a href=\"https:\/\/www.gebaeudegruen.info\/fileadmin\/website\/downloads\/bugg-fachinfos\/Dachbegruenung\/FBB-Hinweise_Pflege_und_Wartung.pdf\">Brosch\u00fcre: Grunds\u00e4tze zur\u00a0Pflege und Wartungvon Dachbegr\u00fcnungen<\/a>,\u00a0Bundesverband Geb\u00e4udeGr\u00fcn e.V.<\/li>\n<li><a href=\"https:\/\/www.gebaeudegruen.info\/fileadmin\/website\/Service\/buchempfehlungen\/Sumpfpflanzendaecher_web_min.pdf\">Sumpfpflanzend\u00e4cher<\/a>, Helmholtz Zentrum f\u00fcr Umweltforschung<\/li>\n<\/ul>\n<p>Vid\u00e9o sur youtube <a href=\"https:\/\/www.youtube.com\/watch?app=desktop&amp;v=FlJoBhLnqko&amp;feature=youtu.be\">https:\/\/www.youtube.com\/watch?app=desktop&amp;v=FlJoBhLnqko&amp;feature=youtu.be<\/a><\/p>\n<p>https:\/\/youtu.be\/FlJoBhLnqko[\/vc_column_text][\/vc_column][\/vc_row][vc_row][vc_column][vc_column_text]<\/p>\n<h3>Vous avez d&rsquo;autres questions sur le th\u00e8me des fa\u00e7ades ou des toitures vertes ?<\/h3>\n<p>Contactez la conseiller en \u00e9nergie et b\u00e2timents de l\u2019Oekozenter Pafendall:<\/p>\n<p>E-Mail: thecla.kirsch@oeko.lu<br \/>\nTel.: +352 43 90 30 45[\/vc_column_text][\/vc_column][\/vc_row]<\/p>\n<\/div><\/section>","protected":false},"excerpt":{"rendered":"<p>[vc_row][vc_column][vc_single_image image=\u00a0\u00bb5872&Prime; img_size=\u00a0\u00bbfull\u00a0\u00bb alignment=\u00a0\u00bbcenter\u00a0\u00bb][\/vc_column][\/vc_row][vc_row][vc_column][vc_column_text]Traduit avec www.DeepL.com\/Translator (version gratuite) La v\u00e9g\u00e9talisation des b\u00e2timents peut compenser en partie l&rsquo;imperm\u00e9abilisation des sols dans les zones urbaines et joue donc un r\u00f4le important dans la gestion des eaux de pluie et la protection contre les inondations dans nos villes et villages. Les fa\u00e7ades et les toits verts contribuent \u00e9galement [&hellip;]<\/p>\n","protected":false},"author":1,"featured_media":0,"parent":1282,"menu_order":0,"comment_status":"closed","ping_status":"closed","template":"","meta":{"_acf_changed":false,"footnotes":""},"class_list":["post-1284","page","type-page","status-publish","hentry"],"acf":[],"yoast_head":"<!-- This site is optimized with the Yoast SEO plugin v27.2 - https:\/\/yoast.com\/product\/yoast-seo-wordpress\/ -->\n<title>V\u00e9g\u00e9talisation des b\u00e2timents - Natur<\/title>\n<meta name=\"description\" content=\"La v\u00e9g\u00e9talisation des b\u00e2timents peut compenser en partie l&#039;imperm\u00e9abilisation des sols dans les zones urbaines et joue donc un r\u00f4le important dans la gestion des eaux de pluie et la protection contre les inondations dans nos villes et villages.Les fa\u00e7ades et les toits verts contribuent \u00e9galement aux \u00e9conomies d&#039;\u00e9nergie dans le domaine du refroidissement, de la r\u00e9tention de la chaleur et de la protection solaire du b\u00e2timent, rafra\u00eechissent le climat urbain gr\u00e2ce \u00e0 l&#039;\u00e9vaporation de l&#039;eau, filtrent les polluants de l&#039;air, ont un effet positif sur le bien-\u00eatre des r\u00e9sidents et offrent un abri \u00e0 diverses animaux.Ainsi, la v\u00e9g\u00e9talisation des b\u00e2timents devrait faire partie de tout nouveau PAP (plan d\u2019am\u00e9nagement particulier) \u00a0et \u00eatre \u00e9galement r\u00e9alis\u00e9 dans les quartiers existants.\" \/>\n<meta name=\"robots\" content=\"noindex, follow, max-snippet:-1, max-image-preview:large, max-video-preview:-1\" \/>\n<meta property=\"og:locale\" content=\"fr_FR\" \/>\n<meta property=\"og:type\" content=\"article\" \/>\n<meta property=\"og:title\" content=\"V\u00e9g\u00e9talisation des b\u00e2timents - Natur\" \/>\n<meta property=\"og:description\" content=\"La v\u00e9g\u00e9talisation des b\u00e2timents peut compenser en partie l&#039;imperm\u00e9abilisation des sols dans les zones urbaines et joue donc un r\u00f4le important dans la gestion des eaux de pluie et la protection contre les inondations dans nos villes et villages.Les fa\u00e7ades et les toits verts contribuent \u00e9galement aux \u00e9conomies d&#039;\u00e9nergie dans le domaine du refroidissement, de la r\u00e9tention de la chaleur et de la protection solaire du b\u00e2timent, rafra\u00eechissent le climat urbain gr\u00e2ce \u00e0 l&#039;\u00e9vaporation de l&#039;eau, filtrent les polluants de l&#039;air, ont un effet positif sur le bien-\u00eatre des r\u00e9sidents et offrent un abri \u00e0 diverses animaux.Ainsi, la v\u00e9g\u00e9talisation des b\u00e2timents devrait faire partie de tout nouveau PAP (plan d\u2019am\u00e9nagement particulier) \u00a0et \u00eatre \u00e9galement r\u00e9alis\u00e9 dans les quartiers existants.\" \/>\n<meta property=\"og:url\" content=\"https:\/\/naturelo.meco.lu\/fr\/tipps\/vegetalisation-des-batiments\/\" \/>\n<meta property=\"og:site_name\" content=\"Natur\" \/>\n<meta property=\"article:modified_time\" content=\"2022-09-21T10:10:35+00:00\" \/>\n<meta name=\"twitter:card\" content=\"summary_large_image\" \/>\n<meta name=\"twitter:label1\" content=\"Dur\u00e9e de lecture estim\u00e9e\" \/>\n\t<meta name=\"twitter:data1\" content=\"5 minutes\" \/>\n<script type=\"application\/ld+json\" class=\"yoast-schema-graph\">{\"@context\":\"https:\/\/schema.org\",\"@graph\":[{\"@type\":\"WebPage\",\"@id\":\"https:\/\/naturelo.meco.lu\/fr\/tipps\/vegetalisation-des-batiments\/\",\"url\":\"https:\/\/naturelo.meco.lu\/fr\/tipps\/vegetalisation-des-batiments\/\",\"name\":\"V\u00e9g\u00e9talisation des b\u00e2timents - Natur\",\"isPartOf\":{\"@id\":\"https:\/\/naturelo.meco.lu\/#website\"},\"datePublished\":\"2020-03-16T14:14:27+00:00\",\"dateModified\":\"2022-09-21T10:10:35+00:00\",\"description\":\"La v\u00e9g\u00e9talisation des b\u00e2timents peut compenser en partie l'imperm\u00e9abilisation des sols dans les zones urbaines et joue donc un r\u00f4le important dans la gestion des eaux de pluie et la protection contre les inondations dans nos villes et villages.Les fa\u00e7ades et les toits verts contribuent \u00e9galement aux \u00e9conomies d'\u00e9nergie dans le domaine du refroidissement, de la r\u00e9tention de la chaleur et de la protection solaire du b\u00e2timent, rafra\u00eechissent le climat urbain gr\u00e2ce \u00e0 l'\u00e9vaporation de l'eau, filtrent les polluants de l'air, ont un effet positif sur le bien-\u00eatre des r\u00e9sidents et offrent un abri \u00e0 diverses animaux.Ainsi, la v\u00e9g\u00e9talisation des b\u00e2timents devrait faire partie de tout nouveau PAP (plan d\u2019am\u00e9nagement particulier) \u00a0et \u00eatre \u00e9galement r\u00e9alis\u00e9 dans les quartiers existants.\",\"breadcrumb\":{\"@id\":\"https:\/\/naturelo.meco.lu\/fr\/tipps\/vegetalisation-des-batiments\/#breadcrumb\"},\"inLanguage\":\"fr-FR\",\"potentialAction\":[{\"@type\":\"ReadAction\",\"target\":[\"https:\/\/naturelo.meco.lu\/fr\/tipps\/vegetalisation-des-batiments\/\"]}]},{\"@type\":\"BreadcrumbList\",\"@id\":\"https:\/\/naturelo.meco.lu\/fr\/tipps\/vegetalisation-des-batiments\/#breadcrumb\",\"itemListElement\":[{\"@type\":\"ListItem\",\"position\":1,\"name\":\"Home\",\"item\":\"https:\/\/naturelo.meco.lu\/fr\/\"},{\"@type\":\"ListItem\",\"position\":2,\"name\":\"Conseils\",\"item\":\"https:\/\/naturelo.meco.lu\/fr\/tipps\/\"},{\"@type\":\"ListItem\",\"position\":3,\"name\":\"V\u00e9g\u00e9talisation des b\u00e2timents\"}]},{\"@type\":\"WebSite\",\"@id\":\"https:\/\/naturelo.meco.lu\/#website\",\"url\":\"https:\/\/naturelo.meco.lu\/\",\"name\":\"Natur\",\"description\":\"Eine weitere Mouvement \u00e9cologique Global Website\",\"potentialAction\":[{\"@type\":\"SearchAction\",\"target\":{\"@type\":\"EntryPoint\",\"urlTemplate\":\"https:\/\/naturelo.meco.lu\/?s={search_term_string}\"},\"query-input\":{\"@type\":\"PropertyValueSpecification\",\"valueRequired\":true,\"valueName\":\"search_term_string\"}}],\"inLanguage\":\"fr-FR\"}]}<\/script>\n<!-- \/ Yoast SEO plugin. -->","yoast_head_json":{"title":"V\u00e9g\u00e9talisation des b\u00e2timents - Natur","description":"La v\u00e9g\u00e9talisation des b\u00e2timents peut compenser en partie l'imperm\u00e9abilisation des sols dans les zones urbaines et joue donc un r\u00f4le important dans la gestion des eaux de pluie et la protection contre les inondations dans nos villes et villages.Les fa\u00e7ades et les toits verts contribuent \u00e9galement aux \u00e9conomies d'\u00e9nergie dans le domaine du refroidissement, de la r\u00e9tention de la chaleur et de la protection solaire du b\u00e2timent, rafra\u00eechissent le climat urbain gr\u00e2ce \u00e0 l'\u00e9vaporation de l'eau, filtrent les polluants de l'air, ont un effet positif sur le bien-\u00eatre des r\u00e9sidents et offrent un abri \u00e0 diverses animaux.Ainsi, la v\u00e9g\u00e9talisation des b\u00e2timents devrait faire partie de tout nouveau PAP (plan d\u2019am\u00e9nagement particulier) \u00a0et \u00eatre \u00e9galement r\u00e9alis\u00e9 dans les quartiers existants.","robots":{"index":"noindex","follow":"follow","max-snippet":"max-snippet:-1","max-image-preview":"max-image-preview:large","max-video-preview":"max-video-preview:-1"},"og_locale":"fr_FR","og_type":"article","og_title":"V\u00e9g\u00e9talisation des b\u00e2timents - Natur","og_description":"La v\u00e9g\u00e9talisation des b\u00e2timents peut compenser en partie l'imperm\u00e9abilisation des sols dans les zones urbaines et joue donc un r\u00f4le important dans la gestion des eaux de pluie et la protection contre les inondations dans nos villes et villages.Les fa\u00e7ades et les toits verts contribuent \u00e9galement aux \u00e9conomies d'\u00e9nergie dans le domaine du refroidissement, de la r\u00e9tention de la chaleur et de la protection solaire du b\u00e2timent, rafra\u00eechissent le climat urbain gr\u00e2ce \u00e0 l'\u00e9vaporation de l'eau, filtrent les polluants de l'air, ont un effet positif sur le bien-\u00eatre des r\u00e9sidents et offrent un abri \u00e0 diverses animaux.Ainsi, la v\u00e9g\u00e9talisation des b\u00e2timents devrait faire partie de tout nouveau PAP (plan d\u2019am\u00e9nagement particulier) \u00a0et \u00eatre \u00e9galement r\u00e9alis\u00e9 dans les quartiers existants.","og_url":"https:\/\/naturelo.meco.lu\/fr\/tipps\/vegetalisation-des-batiments\/","og_site_name":"Natur","article_modified_time":"2022-09-21T10:10:35+00:00","twitter_card":"summary_large_image","twitter_misc":{"Dur\u00e9e de lecture estim\u00e9e":"5 minutes"},"schema":{"@context":"https:\/\/schema.org","@graph":[{"@type":"WebPage","@id":"https:\/\/naturelo.meco.lu\/fr\/tipps\/vegetalisation-des-batiments\/","url":"https:\/\/naturelo.meco.lu\/fr\/tipps\/vegetalisation-des-batiments\/","name":"V\u00e9g\u00e9talisation des b\u00e2timents - Natur","isPartOf":{"@id":"https:\/\/naturelo.meco.lu\/#website"},"datePublished":"2020-03-16T14:14:27+00:00","dateModified":"2022-09-21T10:10:35+00:00","description":"La v\u00e9g\u00e9talisation des b\u00e2timents peut compenser en partie l'imperm\u00e9abilisation des sols dans les zones urbaines et joue donc un r\u00f4le important dans la gestion des eaux de pluie et la protection contre les inondations dans nos villes et villages.Les fa\u00e7ades et les toits verts contribuent \u00e9galement aux \u00e9conomies d'\u00e9nergie dans le domaine du refroidissement, de la r\u00e9tention de la chaleur et de la protection solaire du b\u00e2timent, rafra\u00eechissent le climat urbain gr\u00e2ce \u00e0 l'\u00e9vaporation de l'eau, filtrent les polluants de l'air, ont un effet positif sur le bien-\u00eatre des r\u00e9sidents et offrent un abri \u00e0 diverses animaux.Ainsi, la v\u00e9g\u00e9talisation des b\u00e2timents devrait faire partie de tout nouveau PAP (plan d\u2019am\u00e9nagement particulier) \u00a0et \u00eatre \u00e9galement r\u00e9alis\u00e9 dans les quartiers existants.","breadcrumb":{"@id":"https:\/\/naturelo.meco.lu\/fr\/tipps\/vegetalisation-des-batiments\/#breadcrumb"},"inLanguage":"fr-FR","potentialAction":[{"@type":"ReadAction","target":["https:\/\/naturelo.meco.lu\/fr\/tipps\/vegetalisation-des-batiments\/"]}]},{"@type":"BreadcrumbList","@id":"https:\/\/naturelo.meco.lu\/fr\/tipps\/vegetalisation-des-batiments\/#breadcrumb","itemListElement":[{"@type":"ListItem","position":1,"name":"Home","item":"https:\/\/naturelo.meco.lu\/fr\/"},{"@type":"ListItem","position":2,"name":"Conseils","item":"https:\/\/naturelo.meco.lu\/fr\/tipps\/"},{"@type":"ListItem","position":3,"name":"V\u00e9g\u00e9talisation des b\u00e2timents"}]},{"@type":"WebSite","@id":"https:\/\/naturelo.meco.lu\/#website","url":"https:\/\/naturelo.meco.lu\/","name":"Natur","description":"Eine weitere Mouvement \u00e9cologique Global Website","potentialAction":[{"@type":"SearchAction","target":{"@type":"EntryPoint","urlTemplate":"https:\/\/naturelo.meco.lu\/?s={search_term_string}"},"query-input":{"@type":"PropertyValueSpecification","valueRequired":true,"valueName":"search_term_string"}}],"inLanguage":"fr-FR"}]}},"_links":{"self":[{"href":"https:\/\/naturelo.meco.lu\/fr\/wp-json\/wp\/v2\/pages\/1284","targetHints":{"allow":["GET"]}}],"collection":[{"href":"https:\/\/naturelo.meco.lu\/fr\/wp-json\/wp\/v2\/pages"}],"about":[{"href":"https:\/\/naturelo.meco.lu\/fr\/wp-json\/wp\/v2\/types\/page"}],"author":[{"embeddable":true,"href":"https:\/\/naturelo.meco.lu\/fr\/wp-json\/wp\/v2\/users\/1"}],"replies":[{"embeddable":true,"href":"https:\/\/naturelo.meco.lu\/fr\/wp-json\/wp\/v2\/comments?post=1284"}],"version-history":[{"count":5,"href":"https:\/\/naturelo.meco.lu\/fr\/wp-json\/wp\/v2\/pages\/1284\/revisions"}],"predecessor-version":[{"id":7389,"href":"https:\/\/naturelo.meco.lu\/fr\/wp-json\/wp\/v2\/pages\/1284\/revisions\/7389"}],"up":[{"embeddable":true,"href":"https:\/\/naturelo.meco.lu\/fr\/wp-json\/wp\/v2\/pages\/1282"}],"wp:attachment":[{"href":"https:\/\/naturelo.meco.lu\/fr\/wp-json\/wp\/v2\/media?parent=1284"}],"curies":[{"name":"wp","href":"https:\/\/api.w.org\/{rel}","templated":true}]}}