{"id":122,"date":"2020-03-16T15:05:57","date_gmt":"2020-03-16T14:05:57","guid":{"rendered":"http:\/\/natur.meco.lu\/home\/"},"modified":"2024-03-28T13:57:36","modified_gmt":"2024-03-28T12:57:36","slug":"home","status":"publish","type":"page","link":"https:\/\/naturelo.meco.lu\/fr\/","title":{"rendered":"Home"},"content":{"rendered":"<section class=\"wpb-content-wrapper\"><div class=\"pf-content\"><p>[vc_row][vc_column][vc_custom_heading text=\u00a0\u00bbPOURQUOI \u00ab\u00a0NATUR ELO!\u00ab\u00a0\u00a0\u00bb use_theme_fonts=\u00a0\u00bbyes\u00a0\u00bb][vc_column_text]Sur ce site du Mouvement Ecologique et de l&rsquo;Oekozenter Pafendall, vous trouvez des faits sur la perte progressive de nos habitats, des d\u00e9clarations politiques, ainsi que des initiatives et des id\u00e9es d&rsquo;action pour participer et \u00e0 faire soi-m\u00eame !\u00a0<a href=\"https:\/\/naturelo.meco.lu\/fr\/ueber-uns\/\" target=\"_blank\" rel=\"noopener noreferrer\"><span style=\"color: #99cc00\">Lire plus&#8230;<\/span><\/a>[\/vc_column_text][\/vc_column][\/vc_row][vc_row][vc_column][vc_custom_heading text=\u00a0\u00bbL&rsquo;ETAT DE LA NATURE AU LUXEMBOURG\u00a0\u00bb use_theme_fonts=\u00a0\u00bbyes\u00a0\u00bb][vc_column_text]2\/3 des habitats au Luxembourg sont dans un \u00e9tat d\u00e9favorable. Les habitats concern\u00e9s sont principalement les prairies, les p\u00e2turages, les champs et les zones humides, ainsi que les masses d&rsquo;eau stagnante telles que les \u00e9tangs et les lacs, les sources, les ruisseaux et les rivi\u00e8res, dont l&rsquo;\u00e9tat s&rsquo;est encore consid\u00e9rablement d\u00e9t\u00e9rior\u00e9 au cours des six derni\u00e8res ann\u00e9es. <a href=\"https:\/\/naturelo.meco.lu\/fr\/den-zoustand-vun-der-natur-zu-letzebuerg\/\" target=\"_blank\" rel=\"noopener noreferrer\"><span style=\"color: #99cc00\">Lire plus&#8230;<\/span><\/a>[\/vc_column_text][\/vc_column][\/vc_row]<\/p>\n<\/div><\/section>","protected":false},"excerpt":{"rendered":"<p>[vc_row][vc_column][vc_custom_heading text=\u00a0\u00bbPOURQUOI \u00ab\u00a0NATUR ELO!\u00ab\u00a0\u00a0\u00bb use_theme_fonts=\u00a0\u00bbyes\u00a0\u00bb][vc_column_text]Sur ce site du Mouvement Ecologique et de l&rsquo;Oekozenter Pafendall, vous trouvez des faits sur la perte progressive de nos habitats, des d\u00e9clarations politiques, ainsi que des initiatives et des id\u00e9es d&rsquo;action pour participer et \u00e0 faire soi-m\u00eame !\u00a0Lire plus&#8230;[\/vc_column_text][\/vc_column][\/vc_row][vc_row][vc_column][vc_custom_heading text=\u00a0\u00bbL&rsquo;ETAT DE LA NATURE AU LUXEMBOURG\u00a0\u00bb use_theme_fonts=\u00a0\u00bbyes\u00a0\u00bb][vc_column_text]2\/3 des habitats au Luxembourg [&hellip;]<\/p>\n","protected":false},"author":1,"featured_media":0,"parent":0,"menu_order":30,"comment_status":"closed","ping_status":"closed","template":"template-home.php","meta":{"_acf_changed":false,"footnotes":""},"class_list":["post-122","page","type-page","status-publish","hentry"],"acf":[],"yoast_head":"<!-- This site is optimized with the Yoast SEO plugin v27.2 - https:\/\/yoast.com\/product\/yoast-seo-wordpress\/ -->\n<title>Home - Natur<\/title>\n<meta name=\"robots\" content=\"noindex, follow, max-snippet:-1, max-image-preview:large, max-video-preview:-1\" \/>\n<meta property=\"og:locale\" content=\"fr_FR\" \/>\n<meta property=\"og:type\" content=\"article\" \/>\n<meta property=\"og:title\" content=\"Home - Natur\" \/>\n<meta property=\"og:description\" content=\"[vc_row][vc_column][vc_custom_heading text=\u00a0\u00bbPOURQUOI \u00ab\u00a0NATUR ELO!\u00ab\u00a0\u00a0\u00bb use_theme_fonts=\u00a0\u00bbyes\u00a0\u00bb][vc_column_text]Sur ce site du Mouvement Ecologique et de l&rsquo;Oekozenter Pafendall, vous trouvez des faits sur la perte progressive de nos habitats, des d\u00e9clarations politiques, ainsi que des initiatives et des id\u00e9es d&rsquo;action pour participer et \u00e0 faire soi-m\u00eame !\u00a0Lire plus&#8230;[\/vc_column_text][\/vc_column][\/vc_row][vc_row][vc_column][vc_custom_heading text=\u00a0\u00bbL&rsquo;ETAT DE LA NATURE AU LUXEMBOURG\u00a0\u00bb use_theme_fonts=\u00a0\u00bbyes\u00a0\u00bb][vc_column_text]2\/3 des habitats au Luxembourg [&hellip;]\" \/>\n<meta property=\"og:url\" content=\"https:\/\/naturelo.meco.lu\/fr\/\" \/>\n<meta property=\"og:site_name\" content=\"Natur\" \/>\n<meta property=\"article:modified_time\" content=\"2024-03-28T12:57:36+00:00\" \/>\n<meta name=\"twitter:card\" content=\"summary_large_image\" \/>\n<meta name=\"twitter:label1\" content=\"Dur\u00e9e de lecture estim\u00e9e\" \/>\n\t<meta name=\"twitter:data1\" content=\"1 minute\" \/>\n<script type=\"application\/ld+json\" class=\"yoast-schema-graph\">{\"@context\":\"https:\/\/schema.org\",\"@graph\":[{\"@type\":\"WebPage\",\"@id\":\"https:\/\/naturelo.meco.lu\/fr\/\",\"url\":\"https:\/\/naturelo.meco.lu\/fr\/\",\"name\":\"Home - Natur\",\"isPartOf\":{\"@id\":\"https:\/\/naturelo.meco.lu\/#website\"},\"datePublished\":\"2020-03-16T14:05:57+00:00\",\"dateModified\":\"2024-03-28T12:57:36+00:00\",\"breadcrumb\":{\"@id\":\"https:\/\/naturelo.meco.lu\/fr\/#breadcrumb\"},\"inLanguage\":\"fr-FR\",\"potentialAction\":[{\"@type\":\"ReadAction\",\"target\":[\"https:\/\/naturelo.meco.lu\/fr\/\"]}]},{\"@type\":\"BreadcrumbList\",\"@id\":\"https:\/\/naturelo.meco.lu\/fr\/#breadcrumb\",\"itemListElement\":[{\"@type\":\"ListItem\",\"position\":1,\"name\":\"Home\",\"item\":\"https:\/\/naturelo.meco.lu\/fr\/\"},{\"@type\":\"ListItem\",\"position\":2,\"name\":\"Home\"}]},{\"@type\":\"WebSite\",\"@id\":\"https:\/\/naturelo.meco.lu\/#website\",\"url\":\"https:\/\/naturelo.meco.lu\/\",\"name\":\"Natur\",\"description\":\"Eine weitere Mouvement \u00e9cologique Global Website\",\"potentialAction\":[{\"@type\":\"SearchAction\",\"target\":{\"@type\":\"EntryPoint\",\"urlTemplate\":\"https:\/\/naturelo.meco.lu\/?s={search_term_string}\"},\"query-input\":{\"@type\":\"PropertyValueSpecification\",\"valueRequired\":true,\"valueName\":\"search_term_string\"}}],\"inLanguage\":\"fr-FR\"}]}<\/script>\n<!-- \/ Yoast SEO plugin. -->","yoast_head_json":{"title":"Home - Natur","robots":{"index":"noindex","follow":"follow","max-snippet":"max-snippet:-1","max-image-preview":"max-image-preview:large","max-video-preview":"max-video-preview:-1"},"og_locale":"fr_FR","og_type":"article","og_title":"Home - Natur","og_description":"[vc_row][vc_column][vc_custom_heading text=\u00a0\u00bbPOURQUOI \u00ab\u00a0NATUR ELO!\u00ab\u00a0\u00a0\u00bb use_theme_fonts=\u00a0\u00bbyes\u00a0\u00bb][vc_column_text]Sur ce site du Mouvement Ecologique et de l&rsquo;Oekozenter Pafendall, vous trouvez des faits sur la perte progressive de nos habitats, des d\u00e9clarations politiques, ainsi que des initiatives et des id\u00e9es d&rsquo;action pour participer et \u00e0 faire soi-m\u00eame !\u00a0Lire plus&#8230;[\/vc_column_text][\/vc_column][\/vc_row][vc_row][vc_column][vc_custom_heading text=\u00a0\u00bbL&rsquo;ETAT DE LA NATURE AU LUXEMBOURG\u00a0\u00bb use_theme_fonts=\u00a0\u00bbyes\u00a0\u00bb][vc_column_text]2\/3 des habitats au Luxembourg [&hellip;]","og_url":"https:\/\/naturelo.meco.lu\/fr\/","og_site_name":"Natur","article_modified_time":"2024-03-28T12:57:36+00:00","twitter_card":"summary_large_image","twitter_misc":{"Dur\u00e9e de lecture estim\u00e9e":"1 minute"},"schema":{"@context":"https:\/\/schema.org","@graph":[{"@type":"WebPage","@id":"https:\/\/naturelo.meco.lu\/fr\/","url":"https:\/\/naturelo.meco.lu\/fr\/","name":"Home - Natur","isPartOf":{"@id":"https:\/\/naturelo.meco.lu\/#website"},"datePublished":"2020-03-16T14:05:57+00:00","dateModified":"2024-03-28T12:57:36+00:00","breadcrumb":{"@id":"https:\/\/naturelo.meco.lu\/fr\/#breadcrumb"},"inLanguage":"fr-FR","potentialAction":[{"@type":"ReadAction","target":["https:\/\/naturelo.meco.lu\/fr\/"]}]},{"@type":"BreadcrumbList","@id":"https:\/\/naturelo.meco.lu\/fr\/#breadcrumb","itemListElement":[{"@type":"ListItem","position":1,"name":"Home","item":"https:\/\/naturelo.meco.lu\/fr\/"},{"@type":"ListItem","position":2,"name":"Home"}]},{"@type":"WebSite","@id":"https:\/\/naturelo.meco.lu\/#website","url":"https:\/\/naturelo.meco.lu\/","name":"Natur","description":"Eine weitere Mouvement \u00e9cologique Global Website","potentialAction":[{"@type":"SearchAction","target":{"@type":"EntryPoint","urlTemplate":"https:\/\/naturelo.meco.lu\/?s={search_term_string}"},"query-input":{"@type":"PropertyValueSpecification","valueRequired":true,"valueName":"search_term_string"}}],"inLanguage":"fr-FR"}]}},"_links":{"self":[{"href":"https:\/\/naturelo.meco.lu\/fr\/wp-json\/wp\/v2\/pages\/122","targetHints":{"allow":["GET"]}}],"collection":[{"href":"https:\/\/naturelo.meco.lu\/fr\/wp-json\/wp\/v2\/pages"}],"about":[{"href":"https:\/\/naturelo.meco.lu\/fr\/wp-json\/wp\/v2\/types\/page"}],"author":[{"embeddable":true,"href":"https:\/\/naturelo.meco.lu\/fr\/wp-json\/wp\/v2\/users\/1"}],"replies":[{"embeddable":true,"href":"https:\/\/naturelo.meco.lu\/fr\/wp-json\/wp\/v2\/comments?post=122"}],"version-history":[{"count":5,"href":"https:\/\/naturelo.meco.lu\/fr\/wp-json\/wp\/v2\/pages\/122\/revisions"}],"predecessor-version":[{"id":7817,"href":"https:\/\/naturelo.meco.lu\/fr\/wp-json\/wp\/v2\/pages\/122\/revisions\/7817"}],"wp:attachment":[{"href":"https:\/\/naturelo.meco.lu\/fr\/wp-json\/wp\/v2\/media?parent=122"}],"curies":[{"name":"wp","href":"https:\/\/api.w.org\/{rel}","templated":true}]}}