{"id":1170,"date":"2019-03-19T17:08:50","date_gmt":"2019-03-19T15:08:50","guid":{"rendered":"http:\/\/natur.meco.lu\/keisecker-jardin-accueillant\/"},"modified":"2020-04-20T08:56:48","modified_gmt":"2020-04-20T06:56:48","slug":"keisecker-jardin-accueillant","status":"publish","type":"page","link":"https:\/\/naturelo.meco.lu\/fr\/notre-keisecker\/keisecker-jardin-accueillant\/","title":{"rendered":"K\u00e9is\u00e9cker &#8211; jardin acueillant"},"content":{"rendered":"<section class=\"wpb-content-wrapper\"><div class=\"pf-content\"><p>[vc_row][vc_column][vc_column_text]<\/p>\n<h2><strong>Nous am\u00e9nageons un jardin accueillant pour les h\u00e9rissons \u2013 Informez-nous des gestes que vous adoptez pour cr\u00e9er un environnement propice ! <\/strong><\/h2>\n<p>&nbsp;<\/p>\n<h3><strong>Des gestes simples pour venir en aide aux h\u00e9rissons \u2013 dans les jardins priv\u00e9s mais \u00e9galement dans les lieux publics communaux :<\/strong><\/h3>\n<p>&nbsp;<\/p>\n<h3><\/h3>\n<p>[\/vc_column_text][\/vc_column][\/vc_row][vc_row][vc_column][vc_column_text]<\/p>\n<h3><strong>Am\u00e9nager un jardin sans pesticides <\/strong><\/h3>\n<p><img loading=\"lazy\" decoding=\"async\" class=\"alignleft wp-image-27279\" src=\"http:\/\/www.meco.lu\/wp-content\/uploads\/2019\/03\/meadow-1620311_1280-150x150.jpg\" alt=\"\" width=\"200\" height=\"133\" \/>N\u2019utilisez pas de produits chimiques dans votre jardin ! Les produits anti-limaces et autres insecticides d\u00e9truisent la nourriture de base du h\u00e9risson et le rendent malade. Ceci vaut \u00e9galement pour l\u2019engrais chimique. Un jardin biologique offre un environnement id\u00e9al au h\u00e9risson !<\/p>\n<p>&nbsp;<\/p>\n<p>&nbsp;<\/p>\n<p>[\/vc_column_text][\/vc_column][\/vc_row][vc_row][vc_column][vc_column_text]<\/p>\n<h3><strong>Am\u00e9nager un jardin proche de l\u2019\u00e9tat naturel et vari\u00e9<\/strong><\/h3>\n<p><img loading=\"lazy\" decoding=\"async\" class=\"alignleft wp-image-27577\" src=\"http:\/\/www.meco.lu\/wp-content\/uploads\/2019\/04\/kompost-nei.jpg\" alt=\"\" width=\"200\" height=\"136\" \/>Ne tondez pas votre pelouse trop rase, et laissez toujours par endroits un morceau non tondu, car notre petit ami insectivore appr\u00e9cie ces cachettes o\u00f9 il peut se reposer.<\/p>\n<p>Plut\u00f4t que de semer un gazon tout vert, optez pour une prairie fleurie aux couleurs multiples qui attirent de nombreux insectes. Vous faites d\u2019une pierre deux coups : d\u2019un c\u00f4t\u00e9, une prairie fleurie n\u2019a pas besoin d\u2019\u00eatre tondue r\u00e9guli\u00e8rement et de l\u2019autre c\u00f4t\u00e9, elle offre au h\u00e9risson un lieu de repos calme et une cachette s\u00e9curis\u00e9e o\u00f9 la nourriture est abondante.<\/p>\n<p>&nbsp;<\/p>\n<p>[\/vc_column_text][\/vc_column][\/vc_row][vc_row][vc_column][vc_column_text]<\/p>\n<h3><strong>\u00c9liminer les barri\u00e8res et garantir au h\u00e9risson la possibilit\u00e9 de circuler librement entre les diff\u00e9rents habitats<\/strong><\/h3>\n<p><img loading=\"lazy\" decoding=\"async\" class=\"alignleft wp-image-27606\" src=\"http:\/\/www.meco.lu\/wp-content\/uploads\/2019\/04\/Laecher-an-dreit-a-maueren_1.jpg\" alt=\"\" width=\"200\" height=\"200\" \/>Les cl\u00f4tures de tout genre sont pour le h\u00e9risson des barri\u00e8res infranchissables o\u00f9 il peut facilement \u00eatre pris au pi\u00e8ge. Il est d\u00e8s lors indiqu\u00e9 de laisser des ouvertures propices \u00e0 son passage de 13x13cm (<u><a href=\"https:\/\/www.hedgehogstreet.org\/\">https:\/\/www.hedgehogstreet.org\/<\/a>)<br \/>\n<\/u>dans les cl\u00f4tures, grillages et murs pour ses promenades (nocturnes). Au lieu d\u2019\u00e9riger une cl\u00f4ture, plantez plut\u00f4t une haie.<\/p>\n<table>\n<tbody>\n<tr>\n<td>\u00a0 \u00a0 \u00a0 \u00a0 \u00a0 \u00a0 \u00a0 \u00a0 \u00a0\u00a0<img loading=\"lazy\" decoding=\"async\" class=\"alignleft wp-image-27499\" src=\"http:\/\/www.meco.lu\/wp-content\/uploads\/2019\/04\/durchschlupf_dudziak.jpg\" alt=\"\" width=\"202\" height=\"127\" \/><\/td>\n<td>\u00a0 \u00a0 \u00a0 \u00a0 \u00a0 \u00a0 \u00a0 \u00a0 \u00a0 \u00a0<img loading=\"lazy\" decoding=\"async\" class=\"alignleft wp-image-27573\" src=\"http:\/\/www.meco.lu\/wp-content\/uploads\/2019\/04\/Laecher-an-dreit-a-maueren_3.jpg\" alt=\"\" width=\"203\" height=\"130\" \/><\/td>\n<td><\/td>\n<\/tr>\n<\/tbody>\n<\/table>\n<p>[\/vc_column_text][\/vc_column][\/vc_row][vc_row][vc_column][vc_column_text]<\/p>\n<h3><strong>\u00c9viter les pi\u00e8ges <\/strong><\/h3>\n<p><img loading=\"lazy\" decoding=\"async\" class=\"alignleft wp-image-27500\" src=\"http:\/\/www.meco.lu\/wp-content\/uploads\/2019\/04\/Ramp_2.jpg\" alt=\"\" width=\"200\" height=\"150\" \/>Les \u00e9tangs et piscines \u00e0 bords abrupts sont des pi\u00e8ges mortels pour le h\u00e9risson qui n\u2019arrive plus \u00e0 en sortir et se noie.<br \/>\nIl est donc indiqu\u00e9 de poser une planche en biais autour des points d\u2019eau cr\u00e9ant ainsi une rampe qui permet au h\u00e9risson tomb\u00e9 \u00e0 l\u2019eau d\u2019en sortir de ses propres forces.<\/p>\n<p>&nbsp;<\/p>\n<p>&nbsp;<\/p>\n<p>&nbsp;<\/p>\n<p>[\/vc_column_text][\/vc_column][\/vc_row][vc_row][vc_column][vc_column_text]<\/p>\n<h3><strong>Cr\u00e9er des g\u00eetes et offrir des possibilit\u00e9s de refuge <\/strong><\/h3>\n<p><img loading=\"lazy\" decoding=\"async\" class=\"alignleft wp-image-27574\" src=\"http:\/\/www.meco.lu\/wp-content\/uploads\/2019\/04\/keiseckerfrendleche-gaart_2.jpg\" alt=\"\" width=\"200\" height=\"116\" \/><\/p>\n<p>Le h\u00e9risson a besoin d\u2019endroits qui peuvent servir de cachettes pour \u00e9chapper \u00e0 ses pr\u00e9dateurs. Dans un lieu bien sec, composez-lui un \u00ab\u00a0nid\u00a0\u00bb avec un tas de bois ou de branches et des feuilles o\u00f9 il peut s\u2019installer. La mise en place d\u2019un abri pour h\u00e9rissons constitue une solution optimale.<\/p>\n<p>&nbsp;<\/p>\n<p>&nbsp;<\/p>\n<p>[\/vc_column_text][\/vc_column][\/vc_row][vc_row][vc_column][vc_column_text]<\/p>\n<h3><strong>Gare \u00e0 l\u2019utilisation de machines ! <\/strong><\/h3>\n<p><img loading=\"lazy\" decoding=\"async\" class=\"alignleft wp-image-1171\" src=\"http:\/\/naturelo.meco.lu\/wp-content\/uploads\/sites\/7\/2020\/04\/rasenmaeher_duerchgestrach-fr.jpg\" alt=\"\" width=\"200\" height=\"120\" srcset=\"https:\/\/naturelo.meco.lu\/wp-content\/uploads\/sites\/7\/2020\/04\/rasenmaeher_duerchgestrach-fr.jpg 500w, https:\/\/naturelo.meco.lu\/wp-content\/uploads\/sites\/7\/2020\/04\/rasenmaeher_duerchgestrach-fr-300x179.jpg 300w, https:\/\/naturelo.meco.lu\/wp-content\/uploads\/sites\/7\/2020\/04\/rasenmaeher_duerchgestrach-fr-213x127.jpg 213w\" sizes=\"auto, (max-width: 200px) 100vw, 200px\" \/>Une des principales causes de mortalit\u00e9 chez le h\u00e9risson est l\u2019utilisation de machines : trop souvent, notre petit ami est victime des lames d\u2018une d\u00e9broussailleuse ou d\u2018une tondeuse. Surtout n\u2019utilisez pas de tondeuse-robot dans votre jardin !<br \/>\nCes machines autonomes sont souvent aussi programm\u00e9es pour tondre la nuit, alors que le h\u00e9risson, qui est un animal nocturne, fait ses rondes. Des tests ont clairement prouv\u00e9 que ces tondeuses-robots repr\u00e9sentent une menace fatale pour le h\u00e9risson.<\/p>\n<p>&nbsp;<\/p>\n<p>[\/vc_column_text][\/vc_column][\/vc_row][vc_row][vc_column][vc_column_text]<\/p>\n<h3><strong>Escaliers, grillages, cl\u00f4tures et filets de culture dans les jardins &#8211; les ennemis du h\u00e9risson ! <\/strong><\/h3>\n<p><img loading=\"lazy\" decoding=\"async\" class=\"alignleft wp-image-1174\" src=\"http:\/\/naturelo.meco.lu\/wp-content\/uploads\/sites\/7\/2020\/04\/Laecher-an-dreit-a-maueren_fr.jpg\" alt=\"\" width=\"200\" height=\"127\" srcset=\"https:\/\/naturelo.meco.lu\/wp-content\/uploads\/sites\/7\/2020\/04\/Laecher-an-dreit-a-maueren_fr.jpg 788w, https:\/\/naturelo.meco.lu\/wp-content\/uploads\/sites\/7\/2020\/04\/Laecher-an-dreit-a-maueren_fr-300x190.jpg 300w, https:\/\/naturelo.meco.lu\/wp-content\/uploads\/sites\/7\/2020\/04\/Laecher-an-dreit-a-maueren_fr-768x487.jpg 768w, https:\/\/naturelo.meco.lu\/wp-content\/uploads\/sites\/7\/2020\/04\/Laecher-an-dreit-a-maueren_fr-213x135.jpg 213w\" sizes=\"auto, (max-width: 200px) 100vw, 200px\" \/>Il est vital de laisser des trous de passage dans les grillages, cl\u00f4tures et murs qui s\u00e9parent votre jardin de celui de vos voisins. Le h\u00e9risson doit pouvoir se d\u00e9placer \u00e0 travers plusieurs jardins, qui constituent ainsi son terrain de chasse et lui permettent de<br \/>\nsurvivre ! \u00a0Aussi, un jardin qui se veut accueillant pour les h\u00e9rissons est exempt de tout filet de protection pour fraises et autres, qui peuvent facilement devenir des pi\u00e8ges mortels.<\/p>\n<p>&nbsp;<\/p>\n<table>\n<tbody>\n<tr>\n<td>\u00a0<img loading=\"lazy\" decoding=\"async\" class=\"alignleft wp-image-27584\" src=\"http:\/\/www.meco.lu\/wp-content\/uploads\/2019\/04\/kellertrap.jpg\" alt=\"\" width=\"182\" height=\"163\" \/><\/td>\n<td>\u00a0 \u00a0 \u00a0 \u00a0 \u00a0\u00a0<img loading=\"lazy\" decoding=\"async\" class=\"alignleft wp-image-27505\" src=\"http:\/\/www.meco.lu\/wp-content\/uploads\/2019\/04\/keisecker-deen-sech-erhaangen-huet.jpg\" alt=\"\" width=\"207\" height=\"162\" \/><\/td>\n<\/tr>\n<\/tbody>\n<\/table>\n<p>[\/vc_column_text][\/vc_column][\/vc_row][vc_row][vc_column][vc_column_text]<\/p>\n<h3><strong>R\u00e9duire la vitesse et laisser la voiture plus souvent au garage\u00a0 <\/strong><\/h3>\n<p><img loading=\"lazy\" decoding=\"async\" class=\"alignleft wp-image-27569\" src=\"http:\/\/www.meco.lu\/wp-content\/uploads\/2019\/04\/keisecker-iwwerrrannt_2.jpg\" alt=\"\" width=\"200\" height=\"125\" \/><\/p>\n<p>La voiture est LE grand ennemi du h\u00e9risson. Lors de ses promenades nocturnes, le h\u00e9risson a coutume d\u2018emprunter toujours d\u2019autres voies, ce qui fait que nous ne savons jamais exactement o\u00f9 son chemin croisera la voie publique. Les passages (souterrains) am\u00e9nag\u00e9s sp\u00e9cifiquement pour les h\u00e9rissons ratent d\u00e8s lors souvent leur objectif. \u00a0Laisser sa voiture carr\u00e9ment au garage profite donc le plus \u00e0 notre ami au dos de piquants. Et si vous \u00eates en route la nuit, vous faites bien de r\u00e9duire votre vitesse de croisi\u00e8re (aussi pour ne pas mettre en danger d\u2019autres animaux). La prudence est de mise surtout aux endroits et bords de route plant\u00e9s de haies !<\/p>\n<p>[\/vc_column_text][\/vc_column][\/vc_row][vc_row][vc_column][vc_column_text css=\u00a0\u00bb.vc_custom_1558420661344{background-color: #c6eaa4 !important;}\u00a0\u00bb]<\/p>\n<p>&nbsp;<\/p>\n<p>Nous lan\u00e7ons un appel \u00e0 tous les amis du h\u00e9risson pour qu\u2019ils mettent en place des projets concrets en vue de la protection de cette esp\u00e8ce en voie de disparition. Ceci ind\u00e9pendamment du fait que vous soyez une personne priv\u00e9e, une association ou encore une commune.<\/p>\n<p>Les exemples de bonnes pratiques seront montr\u00e9s sur la pr\u00e9sente page internet, dans le bulletin destin\u00e9 aux membres du Mouvement \u00c9cologique et sur Facebook.<\/p>\n<p>Envoyez-nous quelques photos de votre projet par email !<\/p>\n<p>&nbsp;<\/p>\n<p>[\/vc_column_text][\/vc_column][\/vc_row]<\/p>\n<\/div><\/section>","protected":false},"excerpt":{"rendered":"<p>[vc_row][vc_column][vc_column_text] Nous am\u00e9nageons un jardin accueillant pour les h\u00e9rissons \u2013 Informez-nous des gestes que vous adoptez pour cr\u00e9er un environnement propice ! &nbsp; Des gestes simples pour venir en aide aux h\u00e9rissons \u2013 dans les jardins priv\u00e9s mais \u00e9galement dans les lieux publics communaux : &nbsp; [\/vc_column_text][\/vc_column][\/vc_row][vc_row][vc_column][vc_column_text] Am\u00e9nager un jardin sans pesticides N\u2019utilisez pas de [&hellip;]<\/p>\n","protected":false},"author":5,"featured_media":1108,"parent":1144,"menu_order":0,"comment_status":"closed","ping_status":"closed","template":"","meta":{"_acf_changed":false,"footnotes":""},"class_list":["post-1170","page","type-page","status-publish","has-post-thumbnail","hentry"],"acf":[],"yoast_head":"<!-- This site is optimized with the Yoast SEO plugin v27.2 - https:\/\/yoast.com\/product\/yoast-seo-wordpress\/ -->\n<title>K\u00e9is\u00e9cker - jardin acueillant - Natur<\/title>\n<meta name=\"robots\" content=\"noindex, follow, max-snippet:-1, max-image-preview:large, max-video-preview:-1\" \/>\n<meta property=\"og:locale\" content=\"fr_FR\" \/>\n<meta property=\"og:type\" content=\"article\" \/>\n<meta property=\"og:title\" content=\"K\u00e9is\u00e9cker - jardin acueillant - Natur\" \/>\n<meta property=\"og:description\" content=\"[vc_row][vc_column][vc_column_text] Nous am\u00e9nageons un jardin accueillant pour les h\u00e9rissons \u2013 Informez-nous des gestes que vous adoptez pour cr\u00e9er un environnement propice ! &nbsp; Des gestes simples pour venir en aide aux h\u00e9rissons \u2013 dans les jardins priv\u00e9s mais \u00e9galement dans les lieux publics communaux : &nbsp; [\/vc_column_text][\/vc_column][\/vc_row][vc_row][vc_column][vc_column_text] Am\u00e9nager un jardin sans pesticides N\u2019utilisez pas de [&hellip;]\" \/>\n<meta property=\"og:url\" content=\"https:\/\/naturelo.meco.lu\/fr\/notre-keisecker\/keisecker-jardin-accueillant\/\" \/>\n<meta property=\"og:site_name\" content=\"Natur\" \/>\n<meta property=\"article:modified_time\" content=\"2020-04-20T06:56:48+00:00\" \/>\n<meta property=\"og:image\" content=\"https:\/\/naturelo.meco.lu\/wp-content\/uploads\/sites\/7\/2020\/04\/DSC_0054-1024x685.jpg\" \/>\n\t<meta property=\"og:image:width\" content=\"1024\" \/>\n\t<meta property=\"og:image:height\" content=\"685\" \/>\n\t<meta property=\"og:image:type\" content=\"image\/jpeg\" \/>\n<meta name=\"twitter:card\" content=\"summary_large_image\" \/>\n<meta name=\"twitter:label1\" content=\"Dur\u00e9e de lecture estim\u00e9e\" \/>\n\t<meta name=\"twitter:data1\" content=\"5 minutes\" \/>\n<script type=\"application\/ld+json\" class=\"yoast-schema-graph\">{\"@context\":\"https:\/\/schema.org\",\"@graph\":[{\"@type\":\"WebPage\",\"@id\":\"https:\/\/naturelo.meco.lu\/fr\/notre-keisecker\/keisecker-jardin-accueillant\/\",\"url\":\"https:\/\/naturelo.meco.lu\/fr\/notre-keisecker\/keisecker-jardin-accueillant\/\",\"name\":\"K\u00e9is\u00e9cker - jardin acueillant - Natur\",\"isPartOf\":{\"@id\":\"https:\/\/naturelo.meco.lu\/#website\"},\"primaryImageOfPage\":{\"@id\":\"https:\/\/naturelo.meco.lu\/fr\/notre-keisecker\/keisecker-jardin-accueillant\/#primaryimage\"},\"image\":{\"@id\":\"https:\/\/naturelo.meco.lu\/fr\/notre-keisecker\/keisecker-jardin-accueillant\/#primaryimage\"},\"thumbnailUrl\":\"https:\/\/naturelo.meco.lu\/wp-content\/uploads\/sites\/7\/2020\/04\/DSC_0054.jpg\",\"datePublished\":\"2019-03-19T15:08:50+00:00\",\"dateModified\":\"2020-04-20T06:56:48+00:00\",\"breadcrumb\":{\"@id\":\"https:\/\/naturelo.meco.lu\/fr\/notre-keisecker\/keisecker-jardin-accueillant\/#breadcrumb\"},\"inLanguage\":\"fr-FR\",\"potentialAction\":[{\"@type\":\"ReadAction\",\"target\":[\"https:\/\/naturelo.meco.lu\/fr\/notre-keisecker\/keisecker-jardin-accueillant\/\"]}]},{\"@type\":\"ImageObject\",\"inLanguage\":\"fr-FR\",\"@id\":\"https:\/\/naturelo.meco.lu\/fr\/notre-keisecker\/keisecker-jardin-accueillant\/#primaryimage\",\"url\":\"https:\/\/naturelo.meco.lu\/wp-content\/uploads\/sites\/7\/2020\/04\/DSC_0054.jpg\",\"contentUrl\":\"https:\/\/naturelo.meco.lu\/wp-content\/uploads\/sites\/7\/2020\/04\/DSC_0054.jpg\",\"width\":2560,\"height\":1714},{\"@type\":\"BreadcrumbList\",\"@id\":\"https:\/\/naturelo.meco.lu\/fr\/notre-keisecker\/keisecker-jardin-accueillant\/#breadcrumb\",\"itemListElement\":[{\"@type\":\"ListItem\",\"position\":1,\"name\":\"Home\",\"item\":\"https:\/\/naturelo.meco.lu\/fr\/\"},{\"@type\":\"ListItem\",\"position\":2,\"name\":\"Notre \u00ab\u00a0K\u00e9is\u00e9cker\u00a0\u00bb\",\"item\":\"https:\/\/naturelo.meco.lu\/fr\/notre-keisecker\/\"},{\"@type\":\"ListItem\",\"position\":3,\"name\":\"K\u00e9is\u00e9cker &#8211; jardin acueillant\"}]},{\"@type\":\"WebSite\",\"@id\":\"https:\/\/naturelo.meco.lu\/#website\",\"url\":\"https:\/\/naturelo.meco.lu\/\",\"name\":\"Natur\",\"description\":\"Eine weitere Mouvement \u00e9cologique Global Website\",\"potentialAction\":[{\"@type\":\"SearchAction\",\"target\":{\"@type\":\"EntryPoint\",\"urlTemplate\":\"https:\/\/naturelo.meco.lu\/?s={search_term_string}\"},\"query-input\":{\"@type\":\"PropertyValueSpecification\",\"valueRequired\":true,\"valueName\":\"search_term_string\"}}],\"inLanguage\":\"fr-FR\"}]}<\/script>\n<!-- \/ Yoast SEO plugin. -->","yoast_head_json":{"title":"K\u00e9is\u00e9cker - jardin acueillant - Natur","robots":{"index":"noindex","follow":"follow","max-snippet":"max-snippet:-1","max-image-preview":"max-image-preview:large","max-video-preview":"max-video-preview:-1"},"og_locale":"fr_FR","og_type":"article","og_title":"K\u00e9is\u00e9cker - jardin acueillant - Natur","og_description":"[vc_row][vc_column][vc_column_text] Nous am\u00e9nageons un jardin accueillant pour les h\u00e9rissons \u2013 Informez-nous des gestes que vous adoptez pour cr\u00e9er un environnement propice ! &nbsp; Des gestes simples pour venir en aide aux h\u00e9rissons \u2013 dans les jardins priv\u00e9s mais \u00e9galement dans les lieux publics communaux : &nbsp; [\/vc_column_text][\/vc_column][\/vc_row][vc_row][vc_column][vc_column_text] Am\u00e9nager un jardin sans pesticides N\u2019utilisez pas de [&hellip;]","og_url":"https:\/\/naturelo.meco.lu\/fr\/notre-keisecker\/keisecker-jardin-accueillant\/","og_site_name":"Natur","article_modified_time":"2020-04-20T06:56:48+00:00","og_image":[{"width":1024,"height":685,"url":"https:\/\/naturelo.meco.lu\/wp-content\/uploads\/sites\/7\/2020\/04\/DSC_0054-1024x685.jpg","type":"image\/jpeg"}],"twitter_card":"summary_large_image","twitter_misc":{"Dur\u00e9e de lecture estim\u00e9e":"5 minutes"},"schema":{"@context":"https:\/\/schema.org","@graph":[{"@type":"WebPage","@id":"https:\/\/naturelo.meco.lu\/fr\/notre-keisecker\/keisecker-jardin-accueillant\/","url":"https:\/\/naturelo.meco.lu\/fr\/notre-keisecker\/keisecker-jardin-accueillant\/","name":"K\u00e9is\u00e9cker - jardin acueillant - Natur","isPartOf":{"@id":"https:\/\/naturelo.meco.lu\/#website"},"primaryImageOfPage":{"@id":"https:\/\/naturelo.meco.lu\/fr\/notre-keisecker\/keisecker-jardin-accueillant\/#primaryimage"},"image":{"@id":"https:\/\/naturelo.meco.lu\/fr\/notre-keisecker\/keisecker-jardin-accueillant\/#primaryimage"},"thumbnailUrl":"https:\/\/naturelo.meco.lu\/wp-content\/uploads\/sites\/7\/2020\/04\/DSC_0054.jpg","datePublished":"2019-03-19T15:08:50+00:00","dateModified":"2020-04-20T06:56:48+00:00","breadcrumb":{"@id":"https:\/\/naturelo.meco.lu\/fr\/notre-keisecker\/keisecker-jardin-accueillant\/#breadcrumb"},"inLanguage":"fr-FR","potentialAction":[{"@type":"ReadAction","target":["https:\/\/naturelo.meco.lu\/fr\/notre-keisecker\/keisecker-jardin-accueillant\/"]}]},{"@type":"ImageObject","inLanguage":"fr-FR","@id":"https:\/\/naturelo.meco.lu\/fr\/notre-keisecker\/keisecker-jardin-accueillant\/#primaryimage","url":"https:\/\/naturelo.meco.lu\/wp-content\/uploads\/sites\/7\/2020\/04\/DSC_0054.jpg","contentUrl":"https:\/\/naturelo.meco.lu\/wp-content\/uploads\/sites\/7\/2020\/04\/DSC_0054.jpg","width":2560,"height":1714},{"@type":"BreadcrumbList","@id":"https:\/\/naturelo.meco.lu\/fr\/notre-keisecker\/keisecker-jardin-accueillant\/#breadcrumb","itemListElement":[{"@type":"ListItem","position":1,"name":"Home","item":"https:\/\/naturelo.meco.lu\/fr\/"},{"@type":"ListItem","position":2,"name":"Notre \u00ab\u00a0K\u00e9is\u00e9cker\u00a0\u00bb","item":"https:\/\/naturelo.meco.lu\/fr\/notre-keisecker\/"},{"@type":"ListItem","position":3,"name":"K\u00e9is\u00e9cker &#8211; jardin acueillant"}]},{"@type":"WebSite","@id":"https:\/\/naturelo.meco.lu\/#website","url":"https:\/\/naturelo.meco.lu\/","name":"Natur","description":"Eine weitere Mouvement \u00e9cologique Global Website","potentialAction":[{"@type":"SearchAction","target":{"@type":"EntryPoint","urlTemplate":"https:\/\/naturelo.meco.lu\/?s={search_term_string}"},"query-input":{"@type":"PropertyValueSpecification","valueRequired":true,"valueName":"search_term_string"}}],"inLanguage":"fr-FR"}]}},"_links":{"self":[{"href":"https:\/\/naturelo.meco.lu\/fr\/wp-json\/wp\/v2\/pages\/1170","targetHints":{"allow":["GET"]}}],"collection":[{"href":"https:\/\/naturelo.meco.lu\/fr\/wp-json\/wp\/v2\/pages"}],"about":[{"href":"https:\/\/naturelo.meco.lu\/fr\/wp-json\/wp\/v2\/types\/page"}],"author":[{"embeddable":true,"href":"https:\/\/naturelo.meco.lu\/fr\/wp-json\/wp\/v2\/users\/5"}],"replies":[{"embeddable":true,"href":"https:\/\/naturelo.meco.lu\/fr\/wp-json\/wp\/v2\/comments?post=1170"}],"version-history":[{"count":3,"href":"https:\/\/naturelo.meco.lu\/fr\/wp-json\/wp\/v2\/pages\/1170\/revisions"}],"predecessor-version":[{"id":1221,"href":"https:\/\/naturelo.meco.lu\/fr\/wp-json\/wp\/v2\/pages\/1170\/revisions\/1221"}],"up":[{"embeddable":true,"href":"https:\/\/naturelo.meco.lu\/fr\/wp-json\/wp\/v2\/pages\/1144"}],"wp:featuredmedia":[{"embeddable":true,"href":"https:\/\/naturelo.meco.lu\/fr\/wp-json\/wp\/v2\/media\/1108"}],"wp:attachment":[{"href":"https:\/\/naturelo.meco.lu\/fr\/wp-json\/wp\/v2\/media?parent=1170"}],"curies":[{"name":"wp","href":"https:\/\/api.w.org\/{rel}","templated":true}]}}