{"id":1166,"date":"2019-04-29T11:51:44","date_gmt":"2019-04-29T09:51:44","guid":{"rendered":"http:\/\/natur.meco.lu\/27564-2\/"},"modified":"2020-04-20T08:45:10","modified_gmt":"2020-04-20T06:45:10","slug":"27564-2","status":"publish","type":"page","link":"https:\/\/naturelo.meco.lu\/fr\/notre-keisecker\/27564-2\/","title":{"rendered":"K\u00e9is\u00e9cker commune accueillante"},"content":{"rendered":"<section class=\"wpb-content-wrapper\"><div class=\"pf-content\"><p>[vc_row][vc_column][vc_column_text]<\/p>\n<h1><strong>Devenez une commune accueillante pour les h\u00e9rissons !<\/strong><\/h1>\n<p>Les communes aussi peuvent et doivent faire des gestes en faveur des h\u00e9rissons ! A l\u2019instar des personnes priv\u00e9es, elles doivent veiller \u00e0 supprimer les cl\u00f4tures qui repr\u00e9sentent des barri\u00e8res infranchissables, \u00e0 am\u00e9nager des espaces verts proches de l\u2019\u00e9tat naturel ainsi que des endroits abrit\u00e9s et prot\u00e9g\u00e9s pouvant servir de cachette aux h\u00e9rissons, etc. (pour plus de d\u00e9tails : cfr \u201cParticipez \u00e0 l\u2019action ! \u2013 <em>Nous am\u00e9nageons un jardin accueillant pour les h\u00e9rissons<\/em>\u201d).<\/p>\n<p>Si vous participez en tant que commune, nous vous invitons \u00e0 nous en informer ! C\u2019est avec plaisir que nous publierons vos photos (aussi dans le bulletin des membres du Mouvement \u00c9cologique) :\u00a0<a href=\"mailto:meco@oeko.lu\">meco@oeko.lu<\/a>.<\/p>\n<p>&nbsp;<\/p>\n<p>[\/vc_column_text][\/vc_column][\/vc_row]<\/p>\n<\/div><\/section>","protected":false},"excerpt":{"rendered":"<p>[vc_row][vc_column][vc_column_text] Devenez une commune accueillante pour les h\u00e9rissons ! Les communes aussi peuvent et doivent faire des gestes en faveur des h\u00e9rissons ! A l\u2019instar des personnes priv\u00e9es, elles doivent veiller \u00e0 supprimer les cl\u00f4tures qui repr\u00e9sentent des barri\u00e8res infranchissables, \u00e0 am\u00e9nager des espaces verts proches de l\u2019\u00e9tat naturel ainsi que des endroits abrit\u00e9s et [&hellip;]<\/p>\n","protected":false},"author":5,"featured_media":971,"parent":1144,"menu_order":0,"comment_status":"closed","ping_status":"closed","template":"","meta":{"_acf_changed":false,"footnotes":""},"class_list":["post-1166","page","type-page","status-publish","has-post-thumbnail","hentry"],"acf":[],"yoast_head":"<!-- This site is optimized with the Yoast SEO plugin v27.2 - https:\/\/yoast.com\/product\/yoast-seo-wordpress\/ -->\n<title>K\u00e9is\u00e9cker commune accueillante - Natur<\/title>\n<meta name=\"robots\" content=\"noindex, follow, max-snippet:-1, max-image-preview:large, max-video-preview:-1\" \/>\n<meta property=\"og:locale\" content=\"fr_FR\" \/>\n<meta property=\"og:type\" content=\"article\" \/>\n<meta property=\"og:title\" content=\"K\u00e9is\u00e9cker commune accueillante - Natur\" \/>\n<meta property=\"og:description\" content=\"[vc_row][vc_column][vc_column_text] Devenez une commune accueillante pour les h\u00e9rissons ! Les communes aussi peuvent et doivent faire des gestes en faveur des h\u00e9rissons ! A l\u2019instar des personnes priv\u00e9es, elles doivent veiller \u00e0 supprimer les cl\u00f4tures qui repr\u00e9sentent des barri\u00e8res infranchissables, \u00e0 am\u00e9nager des espaces verts proches de l\u2019\u00e9tat naturel ainsi que des endroits abrit\u00e9s et [&hellip;]\" \/>\n<meta property=\"og:url\" content=\"https:\/\/naturelo.meco.lu\/fr\/notre-keisecker\/27564-2\/\" \/>\n<meta property=\"og:site_name\" content=\"Natur\" \/>\n<meta property=\"article:modified_time\" content=\"2020-04-20T06:45:10+00:00\" \/>\n<meta property=\"og:image\" content=\"https:\/\/naturelo.meco.lu\/wp-content\/uploads\/sites\/7\/2020\/04\/hedgehog-248834_1920.jpg\" \/>\n\t<meta property=\"og:image:width\" content=\"700\" \/>\n\t<meta property=\"og:image:height\" content=\"467\" \/>\n\t<meta property=\"og:image:type\" content=\"image\/jpeg\" \/>\n<meta name=\"twitter:card\" content=\"summary_large_image\" \/>\n<meta name=\"twitter:label1\" content=\"Dur\u00e9e de lecture estim\u00e9e\" \/>\n\t<meta name=\"twitter:data1\" content=\"1 minute\" \/>\n<script type=\"application\/ld+json\" class=\"yoast-schema-graph\">{\"@context\":\"https:\/\/schema.org\",\"@graph\":[{\"@type\":\"WebPage\",\"@id\":\"https:\/\/naturelo.meco.lu\/fr\/notre-keisecker\/27564-2\/\",\"url\":\"https:\/\/naturelo.meco.lu\/fr\/notre-keisecker\/27564-2\/\",\"name\":\"K\u00e9is\u00e9cker commune accueillante - Natur\",\"isPartOf\":{\"@id\":\"https:\/\/naturelo.meco.lu\/#website\"},\"primaryImageOfPage\":{\"@id\":\"https:\/\/naturelo.meco.lu\/fr\/notre-keisecker\/27564-2\/#primaryimage\"},\"image\":{\"@id\":\"https:\/\/naturelo.meco.lu\/fr\/notre-keisecker\/27564-2\/#primaryimage\"},\"thumbnailUrl\":\"https:\/\/naturelo.meco.lu\/wp-content\/uploads\/sites\/7\/2020\/04\/hedgehog-248834_1920.jpg\",\"datePublished\":\"2019-04-29T09:51:44+00:00\",\"dateModified\":\"2020-04-20T06:45:10+00:00\",\"breadcrumb\":{\"@id\":\"https:\/\/naturelo.meco.lu\/fr\/notre-keisecker\/27564-2\/#breadcrumb\"},\"inLanguage\":\"fr-FR\",\"potentialAction\":[{\"@type\":\"ReadAction\",\"target\":[\"https:\/\/naturelo.meco.lu\/fr\/notre-keisecker\/27564-2\/\"]}]},{\"@type\":\"ImageObject\",\"inLanguage\":\"fr-FR\",\"@id\":\"https:\/\/naturelo.meco.lu\/fr\/notre-keisecker\/27564-2\/#primaryimage\",\"url\":\"https:\/\/naturelo.meco.lu\/wp-content\/uploads\/sites\/7\/2020\/04\/hedgehog-248834_1920.jpg\",\"contentUrl\":\"https:\/\/naturelo.meco.lu\/wp-content\/uploads\/sites\/7\/2020\/04\/hedgehog-248834_1920.jpg\",\"width\":700,\"height\":467},{\"@type\":\"BreadcrumbList\",\"@id\":\"https:\/\/naturelo.meco.lu\/fr\/notre-keisecker\/27564-2\/#breadcrumb\",\"itemListElement\":[{\"@type\":\"ListItem\",\"position\":1,\"name\":\"Home\",\"item\":\"https:\/\/naturelo.meco.lu\/fr\/\"},{\"@type\":\"ListItem\",\"position\":2,\"name\":\"Notre \u00ab\u00a0K\u00e9is\u00e9cker\u00a0\u00bb\",\"item\":\"https:\/\/naturelo.meco.lu\/fr\/notre-keisecker\/\"},{\"@type\":\"ListItem\",\"position\":3,\"name\":\"K\u00e9is\u00e9cker commune accueillante\"}]},{\"@type\":\"WebSite\",\"@id\":\"https:\/\/naturelo.meco.lu\/#website\",\"url\":\"https:\/\/naturelo.meco.lu\/\",\"name\":\"Natur\",\"description\":\"Eine weitere Mouvement \u00e9cologique Global Website\",\"potentialAction\":[{\"@type\":\"SearchAction\",\"target\":{\"@type\":\"EntryPoint\",\"urlTemplate\":\"https:\/\/naturelo.meco.lu\/?s={search_term_string}\"},\"query-input\":{\"@type\":\"PropertyValueSpecification\",\"valueRequired\":true,\"valueName\":\"search_term_string\"}}],\"inLanguage\":\"fr-FR\"}]}<\/script>\n<!-- \/ Yoast SEO plugin. -->","yoast_head_json":{"title":"K\u00e9is\u00e9cker commune accueillante - Natur","robots":{"index":"noindex","follow":"follow","max-snippet":"max-snippet:-1","max-image-preview":"max-image-preview:large","max-video-preview":"max-video-preview:-1"},"og_locale":"fr_FR","og_type":"article","og_title":"K\u00e9is\u00e9cker commune accueillante - Natur","og_description":"[vc_row][vc_column][vc_column_text] Devenez une commune accueillante pour les h\u00e9rissons ! Les communes aussi peuvent et doivent faire des gestes en faveur des h\u00e9rissons ! A l\u2019instar des personnes priv\u00e9es, elles doivent veiller \u00e0 supprimer les cl\u00f4tures qui repr\u00e9sentent des barri\u00e8res infranchissables, \u00e0 am\u00e9nager des espaces verts proches de l\u2019\u00e9tat naturel ainsi que des endroits abrit\u00e9s et [&hellip;]","og_url":"https:\/\/naturelo.meco.lu\/fr\/notre-keisecker\/27564-2\/","og_site_name":"Natur","article_modified_time":"2020-04-20T06:45:10+00:00","og_image":[{"width":700,"height":467,"url":"https:\/\/naturelo.meco.lu\/wp-content\/uploads\/sites\/7\/2020\/04\/hedgehog-248834_1920.jpg","type":"image\/jpeg"}],"twitter_card":"summary_large_image","twitter_misc":{"Dur\u00e9e de lecture estim\u00e9e":"1 minute"},"schema":{"@context":"https:\/\/schema.org","@graph":[{"@type":"WebPage","@id":"https:\/\/naturelo.meco.lu\/fr\/notre-keisecker\/27564-2\/","url":"https:\/\/naturelo.meco.lu\/fr\/notre-keisecker\/27564-2\/","name":"K\u00e9is\u00e9cker commune accueillante - Natur","isPartOf":{"@id":"https:\/\/naturelo.meco.lu\/#website"},"primaryImageOfPage":{"@id":"https:\/\/naturelo.meco.lu\/fr\/notre-keisecker\/27564-2\/#primaryimage"},"image":{"@id":"https:\/\/naturelo.meco.lu\/fr\/notre-keisecker\/27564-2\/#primaryimage"},"thumbnailUrl":"https:\/\/naturelo.meco.lu\/wp-content\/uploads\/sites\/7\/2020\/04\/hedgehog-248834_1920.jpg","datePublished":"2019-04-29T09:51:44+00:00","dateModified":"2020-04-20T06:45:10+00:00","breadcrumb":{"@id":"https:\/\/naturelo.meco.lu\/fr\/notre-keisecker\/27564-2\/#breadcrumb"},"inLanguage":"fr-FR","potentialAction":[{"@type":"ReadAction","target":["https:\/\/naturelo.meco.lu\/fr\/notre-keisecker\/27564-2\/"]}]},{"@type":"ImageObject","inLanguage":"fr-FR","@id":"https:\/\/naturelo.meco.lu\/fr\/notre-keisecker\/27564-2\/#primaryimage","url":"https:\/\/naturelo.meco.lu\/wp-content\/uploads\/sites\/7\/2020\/04\/hedgehog-248834_1920.jpg","contentUrl":"https:\/\/naturelo.meco.lu\/wp-content\/uploads\/sites\/7\/2020\/04\/hedgehog-248834_1920.jpg","width":700,"height":467},{"@type":"BreadcrumbList","@id":"https:\/\/naturelo.meco.lu\/fr\/notre-keisecker\/27564-2\/#breadcrumb","itemListElement":[{"@type":"ListItem","position":1,"name":"Home","item":"https:\/\/naturelo.meco.lu\/fr\/"},{"@type":"ListItem","position":2,"name":"Notre \u00ab\u00a0K\u00e9is\u00e9cker\u00a0\u00bb","item":"https:\/\/naturelo.meco.lu\/fr\/notre-keisecker\/"},{"@type":"ListItem","position":3,"name":"K\u00e9is\u00e9cker commune accueillante"}]},{"@type":"WebSite","@id":"https:\/\/naturelo.meco.lu\/#website","url":"https:\/\/naturelo.meco.lu\/","name":"Natur","description":"Eine weitere Mouvement \u00e9cologique Global Website","potentialAction":[{"@type":"SearchAction","target":{"@type":"EntryPoint","urlTemplate":"https:\/\/naturelo.meco.lu\/?s={search_term_string}"},"query-input":{"@type":"PropertyValueSpecification","valueRequired":true,"valueName":"search_term_string"}}],"inLanguage":"fr-FR"}]}},"_links":{"self":[{"href":"https:\/\/naturelo.meco.lu\/fr\/wp-json\/wp\/v2\/pages\/1166","targetHints":{"allow":["GET"]}}],"collection":[{"href":"https:\/\/naturelo.meco.lu\/fr\/wp-json\/wp\/v2\/pages"}],"about":[{"href":"https:\/\/naturelo.meco.lu\/fr\/wp-json\/wp\/v2\/types\/page"}],"author":[{"embeddable":true,"href":"https:\/\/naturelo.meco.lu\/fr\/wp-json\/wp\/v2\/users\/5"}],"replies":[{"embeddable":true,"href":"https:\/\/naturelo.meco.lu\/fr\/wp-json\/wp\/v2\/comments?post=1166"}],"version-history":[{"count":1,"href":"https:\/\/naturelo.meco.lu\/fr\/wp-json\/wp\/v2\/pages\/1166\/revisions"}],"predecessor-version":[{"id":1210,"href":"https:\/\/naturelo.meco.lu\/fr\/wp-json\/wp\/v2\/pages\/1166\/revisions\/1210"}],"up":[{"embeddable":true,"href":"https:\/\/naturelo.meco.lu\/fr\/wp-json\/wp\/v2\/pages\/1144"}],"wp:featuredmedia":[{"embeddable":true,"href":"https:\/\/naturelo.meco.lu\/fr\/wp-json\/wp\/v2\/media\/971"}],"wp:attachment":[{"href":"https:\/\/naturelo.meco.lu\/fr\/wp-json\/wp\/v2\/media?parent=1166"}],"curies":[{"name":"wp","href":"https:\/\/api.w.org\/{rel}","templated":true}]}}