{"id":1155,"date":"2019-03-19T13:48:49","date_gmt":"2019-03-19T11:48:49","guid":{"rendered":"http:\/\/natur.meco.lu\/dou-les-probemes\/"},"modified":"2020-04-20T08:50:54","modified_gmt":"2020-04-20T06:50:54","slug":"dou-les-probemes","status":"publish","type":"page","link":"https:\/\/naturelo.meco.lu\/fr\/notre-keisecker\/dou-les-probemes\/","title":{"rendered":"K\u00e9is\u00e9cker &#8211; d&rsquo;o\u00f9 les probl\u00e8mes ?"},"content":{"rendered":"<section class=\"wpb-content-wrapper\"><div class=\"pf-content\"><p>[vc_row][vc_column][vc_column_text]<\/p>\n<h1><strong>Les menaces auxquelles le h\u00e9risson doit faire face et les causes de sa disparition progressive <\/strong><\/h1>\n<p>Pendant des milliers d\u2019ann\u00e9es d\u2019\u00e9volution, le h\u00e9risson a su faire face \u00e0 ses pr\u00e9dateurs naturels ainsi qu\u2019au taux de mortalit\u00e9 juv\u00e9nile \u00e9lev\u00e9 durant sa premi\u00e8re ann\u00e9e. Or, les nouvelles menaces d\u00e9clench\u00e9es par l\u2019homme le laissent sans protection et le rendent vuln\u00e9rable, h\u00e9las\u00a0!<\/p>\n<h2><strong>Comment survivre dans le pays le plus fragment\u00e9 de l\u2019Europe ? <\/strong><\/h2>\n<p><img loading=\"lazy\" decoding=\"async\" class=\"alignleft wp-image-27569 size-medium\" src=\"http:\/\/www.meco.lu\/wp-content\/uploads\/2019\/04\/keisecker-iwwerrrannt_2-300x187.jpg\" alt=\"\" width=\"300\" height=\"187\" \/><\/p>\n<p>Menace num\u00e9ro 1\u00a0: la voiture\u00a0! D\u2019un c\u00f4t\u00e9 en qu\u00eate de nourriture et de l\u2019autre \u00e0 la recherche d\u2019un partenaire, le h\u00e9risson part chaque nuit en randonn\u00e9e. Ce faisant, les m\u00e2les ont coutume de courir g\u00e9n\u00e9ralement bien plus loin que les femelles, totalisant \u00e0 la fin de la nuit souvent plus de 3 kilom\u00e8tres.<\/p>\n<p>Nolens volens, ce parcours les am\u00e8ne \u00e0 traverser les routes, car les diff\u00e9rents habitats o\u00f9 ils vivent sont devenus si restreints qu\u2019ils ne leur offrent plus assez d\u2019espace pour survivre et pour se reproduire. Nos paysages sont entrecoup\u00e9s par des chemins asphalt\u00e9s de mani\u00e8re \u00e0 obliger le h\u00e9risson \u00e0 traverser la rue non moins de 3 \u00e0 4 fois chaque nuit (\u00e0 noter que le Luxembourg est le pays le plus fragment\u00e9 de l\u2019Europe enti\u00e8re).\u00a0 Il faut savoir que le h\u00e9risson court aussi vite qu\u2019il le peut pour traverser la route et il serait faux de croire qu\u2019il se roule en boule devant une voiture puisque ceci constitue un r\u00e9flexe normal devant tout danger. D\u2019o\u00f9\u00a0: freinez et adoptez une vitesse de croisi\u00e8re ajust\u00e9e et prudente en milieu campagnard et dans la nature \u2026 le \u00ab\u00a0<em>K\u00e9isecker\u00a0\u00bb<\/em> vous le remerciera\u00a0!<\/p>\n<p>Chaque jour, les h\u00e9rissons courent ainsi le danger d\u2019\u00eatre tu\u00e9s par une voiture. Qui ne conna\u00eet pas cette image triste et cette vue d\u00e9sol\u00e9e d\u2019un <em>h\u00e9risson<\/em> victime du trafic routier\u00a0; nombreux sont ceux et celles qui d\u2019ailleurs ne connaissent et n\u2019ont vu un h\u00e9risson que sous cette forme \u00e9cras\u00e9e, et n\u2019ont jamais eu la chance de d\u00e9couvrir notre \u00ab\u00a0<em>K\u00e9isecker\u00a0\u00bb<\/em> en pleine nature \u2026 et sant\u00e9\u00a0!<\/p>\n<p>Le comble est que m\u00eame cette vue tragique devient de plus en plus rare, cela non parce que les automobilistes \u2013 ou voire m\u00eame les h\u00e9rissons &#8211; afficheraient un comportement plus vigilant \u2026 Non, la raret\u00e9 du h\u00e9risson suit la m\u00eame logique que celle que nous pouvons observer dans le cas des vitres de voitures \u00ab\u00a0collantes\u00a0\u00bb d\u2019insectes.<\/p>\n<h2><strong>Le h\u00e9risson en tant qu\u2019insectivore ne peut plus manger \u00e0 sati\u00e9t\u00e9 <\/strong><\/h2>\n<p><img loading=\"lazy\" decoding=\"async\" class=\"alignleft wp-image-27258 size-medium\" src=\"http:\/\/www.meco.lu\/wp-content\/uploads\/2019\/03\/hedgehog-915171_1280-300x200.jpg\" alt=\"\" width=\"300\" height=\"200\" \/><\/p>\n<p>Face \u00e0 une perte de 70 \u00e0 80 % de la masse d\u2019insectes au cours des 20 derni\u00e8res ann\u00e9es, le h\u00e9risson en tant qu\u2019insectivore se retrouve \u00e9videmment face \u00e0 une perte de nourriture cons\u00e9quente\u00a0! Donc, pour se nourrir, il est amen\u00e9 \u00e0 parcourir des distances de plus en plus importantes, \u00e0 traverser davantage de routes \u2026 avec le r\u00e9sultat que nous connaissons\u00a0!<\/p>\n<p>La disparition des insectes est une cons\u00e9quence directe entre autres\u00a0de l\u2019emploi massif de pesticides : cet emploi entra\u00eene une diminution directe de la source d\u2019alimentation du h\u00e9risson et provoque au-del\u00e0 une accumulation indirecte d\u2019agents nocifs dans son organisme, qui peuvent nuire \u00e0 sa sant\u00e9 et entraver le potentiel de reproduction du h\u00e9risson. En tous les cas, les dommages caus\u00e9s par ces poisons ont pu \u00eatre \u00e9tablis, \u00e0 l\u2019instar des effets nocifs bien connus des n\u00e9onicotino\u00efdes sur les oiseaux. On suspecte de m\u00eame que ces substances syst\u00e9miques sont \u00e0 la base de d\u00e9g\u00e2ts au syst\u00e8me nerveux, provoqu\u00e9s lors de la phase embryonnaire chez la femelle en gestation.<\/p>\n<h2><strong>Nos paysages agricoles sont de plus en plus hostiles aux h\u00e9rissons ! <\/strong><\/h2>\n<p><img loading=\"lazy\" decoding=\"async\" class=\"alignleft wp-image-27261 size-medium\" src=\"http:\/\/www.meco.lu\/wp-content\/uploads\/2019\/03\/monokultur-Cornelysmillen-2008-012-300x201.jpg\" alt=\"\" width=\"300\" height=\"201\" \/><\/p>\n<p>Notre ami au manteau de piquants est un habitant des sites agricoles et vit donc primairement au milieu du paysage ouvert, c.\u00e0.d. dans les pr\u00e8s, les champs, les vergers, \u2026 Voil\u00e0 pour ce qui est de la th\u00e9orie, en pratique, nos paysages agricoles sont devenus largement inhabitables pour le h\u00e9risson. C\u2019est non seulement l\u2019utilisation de poisons et l\u2019emploi excessif d\u2019engrais qui causent probl\u00e8me, mais \u00e9galement la disparition de parcelles de taille r\u00e9duite et compos\u00e9es de haies ou de petites jach\u00e8res. S\u2019y ajoute le fait que, de plus en plus la nuit, les agriculteurs moissonnent les produits destin\u00e9s \u00e0 l\u2019ensilage, lorsque le h\u00e9risson \u2013 animal noctambule \u2013 sort de sa cachette pour traverser les parcelles agricoles, une aventure \u00e0 issue souvent mortelle pour notre ami sympathique.<\/p>\n<h2><strong>Nos jardins \u2013 les derniers refuges pour nos amis aux poils h\u00e9riss\u00e9s ? <\/strong><\/h2>\n<p><img loading=\"lazy\" decoding=\"async\" class=\"alignleft wp-image-27256 size-medium\" src=\"http:\/\/www.meco.lu\/wp-content\/uploads\/2019\/03\/gaart-1-300x201.jpg\" alt=\"\" width=\"300\" height=\"201\" \/><\/p>\n<p>Le jardin a toujours repr\u00e9sent\u00e9 un habitat important pour le h\u00e9risson. Les tas de compost am\u00e9nag\u00e9s par les amateurs de jardin offraient tout ce dont il avait besoin\u00a0: nourriture abondante (insectes, vers de terre, \u2026) mais aussi cachettes et sites d\u2019hivernage\u00a0!<\/p>\n<p>Mais la vie entre nos maisons et immeubles d\u2019habitation s\u2019av\u00e8re de plus en plus p\u00e9nible et difficile pour notre ami qui est actif la nuit.<\/p>\n<p>Les pesticides, les jardins \u00e0 l\u2019apparence st\u00e9rile, couverts de b\u00e9ton et de graviers, les pelouses de gazon ras\u00e9es, les friches combl\u00e9es de constructions, les potagers et vergers en nombre d\u00e9croissant (et avec eux les insectes, sources de nourriture), sans oublier les cl\u00f4tures et murs infranchissables \u2026 restreignent de plus en plus l\u2019habitat de ce petit animal aux longs piquants. Qui plus est, les trappes et escaliers de caves non s\u00e9curis\u00e9s, les \u00e9tangs de jardin, les piscines et r\u00e9servoirs d\u2019eau non couverts constituent un danger important pour le h\u00e9risson, qui le plus souvent est incapable de se lib\u00e9rer de ses propres forces de ces pi\u00e8ges.<\/p>\n<p>La lente disparition du \u00ab\u00a0<em>K\u00e9isecker\u00a0\u00bb<\/em> s\u2019explique donc par des villes et villages de plus en plus artificiels et hostiles, le manque de nourriture et la perte progressive d\u2019habitats, d\u2019abris et de cachettes au fil du temps. Les \u00e9normes zones industrielles et commerciales aux gazons pr\u00e9fabriqu\u00e9s en rouleaux et aux aires de stationnement b\u00e9tonn\u00e9es, sont repr\u00e9sentatives d\u2019un paysage qui est de plus en plus domin\u00e9 exclusivement par l\u2019homme, laissant peu d\u2019espace de cohabitation et de chance de survie m\u00eame \u00e0 notre petit ami sympathique et pourtant peu exigeant.[\/vc_column_text][\/vc_column][\/vc_row]<\/p>\n<\/div><\/section>","protected":false},"excerpt":{"rendered":"<p>[vc_row][vc_column][vc_column_text] Les menaces auxquelles le h\u00e9risson doit faire face et les causes de sa disparition progressive Pendant des milliers d\u2019ann\u00e9es d\u2019\u00e9volution, le h\u00e9risson a su faire face \u00e0 ses pr\u00e9dateurs naturels ainsi qu\u2019au taux de mortalit\u00e9 juv\u00e9nile \u00e9lev\u00e9 durant sa premi\u00e8re ann\u00e9e. Or, les nouvelles menaces d\u00e9clench\u00e9es par l\u2019homme le laissent sans protection et le [&hellip;]<\/p>\n","protected":false},"author":5,"featured_media":1009,"parent":1144,"menu_order":0,"comment_status":"closed","ping_status":"closed","template":"","meta":{"_acf_changed":false,"footnotes":""},"class_list":["post-1155","page","type-page","status-publish","has-post-thumbnail","hentry"],"acf":[],"yoast_head":"<!-- This site is optimized with the Yoast SEO plugin v27.2 - https:\/\/yoast.com\/product\/yoast-seo-wordpress\/ -->\n<title>K\u00e9is\u00e9cker - d&#039;o\u00f9 les probl\u00e8mes ? - Natur<\/title>\n<meta name=\"robots\" content=\"noindex, follow, max-snippet:-1, max-image-preview:large, max-video-preview:-1\" \/>\n<meta property=\"og:locale\" content=\"fr_FR\" \/>\n<meta property=\"og:type\" content=\"article\" \/>\n<meta property=\"og:title\" content=\"K\u00e9is\u00e9cker - d&#039;o\u00f9 les probl\u00e8mes ? - Natur\" \/>\n<meta property=\"og:description\" content=\"[vc_row][vc_column][vc_column_text] Les menaces auxquelles le h\u00e9risson doit faire face et les causes de sa disparition progressive Pendant des milliers d\u2019ann\u00e9es d\u2019\u00e9volution, le h\u00e9risson a su faire face \u00e0 ses pr\u00e9dateurs naturels ainsi qu\u2019au taux de mortalit\u00e9 juv\u00e9nile \u00e9lev\u00e9 durant sa premi\u00e8re ann\u00e9e. Or, les nouvelles menaces d\u00e9clench\u00e9es par l\u2019homme le laissent sans protection et le [&hellip;]\" \/>\n<meta property=\"og:url\" content=\"https:\/\/naturelo.meco.lu\/fr\/notre-keisecker\/dou-les-probemes\/\" \/>\n<meta property=\"og:site_name\" content=\"Natur\" \/>\n<meta property=\"article:modified_time\" content=\"2020-04-20T06:50:54+00:00\" \/>\n<meta property=\"og:image\" content=\"https:\/\/naturelo.meco.lu\/wp-content\/uploads\/sites\/7\/2020\/04\/steinbeet.jpg\" \/>\n\t<meta property=\"og:image:width\" content=\"701\" \/>\n\t<meta property=\"og:image:height\" content=\"365\" \/>\n\t<meta property=\"og:image:type\" content=\"image\/jpeg\" \/>\n<meta name=\"twitter:card\" content=\"summary_large_image\" \/>\n<meta name=\"twitter:label1\" content=\"Dur\u00e9e de lecture estim\u00e9e\" \/>\n\t<meta name=\"twitter:data1\" content=\"5 minutes\" \/>\n<script type=\"application\/ld+json\" class=\"yoast-schema-graph\">{\"@context\":\"https:\/\/schema.org\",\"@graph\":[{\"@type\":\"WebPage\",\"@id\":\"https:\/\/naturelo.meco.lu\/fr\/notre-keisecker\/dou-les-probemes\/\",\"url\":\"https:\/\/naturelo.meco.lu\/fr\/notre-keisecker\/dou-les-probemes\/\",\"name\":\"K\u00e9is\u00e9cker - d'o\u00f9 les probl\u00e8mes ? - Natur\",\"isPartOf\":{\"@id\":\"https:\/\/naturelo.meco.lu\/#website\"},\"primaryImageOfPage\":{\"@id\":\"https:\/\/naturelo.meco.lu\/fr\/notre-keisecker\/dou-les-probemes\/#primaryimage\"},\"image\":{\"@id\":\"https:\/\/naturelo.meco.lu\/fr\/notre-keisecker\/dou-les-probemes\/#primaryimage\"},\"thumbnailUrl\":\"https:\/\/naturelo.meco.lu\/wp-content\/uploads\/sites\/7\/2020\/04\/steinbeet.jpg\",\"datePublished\":\"2019-03-19T11:48:49+00:00\",\"dateModified\":\"2020-04-20T06:50:54+00:00\",\"breadcrumb\":{\"@id\":\"https:\/\/naturelo.meco.lu\/fr\/notre-keisecker\/dou-les-probemes\/#breadcrumb\"},\"inLanguage\":\"fr-FR\",\"potentialAction\":[{\"@type\":\"ReadAction\",\"target\":[\"https:\/\/naturelo.meco.lu\/fr\/notre-keisecker\/dou-les-probemes\/\"]}]},{\"@type\":\"ImageObject\",\"inLanguage\":\"fr-FR\",\"@id\":\"https:\/\/naturelo.meco.lu\/fr\/notre-keisecker\/dou-les-probemes\/#primaryimage\",\"url\":\"https:\/\/naturelo.meco.lu\/wp-content\/uploads\/sites\/7\/2020\/04\/steinbeet.jpg\",\"contentUrl\":\"https:\/\/naturelo.meco.lu\/wp-content\/uploads\/sites\/7\/2020\/04\/steinbeet.jpg\",\"width\":701,\"height\":365},{\"@type\":\"BreadcrumbList\",\"@id\":\"https:\/\/naturelo.meco.lu\/fr\/notre-keisecker\/dou-les-probemes\/#breadcrumb\",\"itemListElement\":[{\"@type\":\"ListItem\",\"position\":1,\"name\":\"Home\",\"item\":\"https:\/\/naturelo.meco.lu\/fr\/\"},{\"@type\":\"ListItem\",\"position\":2,\"name\":\"Notre \u00ab\u00a0K\u00e9is\u00e9cker\u00a0\u00bb\",\"item\":\"https:\/\/naturelo.meco.lu\/fr\/notre-keisecker\/\"},{\"@type\":\"ListItem\",\"position\":3,\"name\":\"K\u00e9is\u00e9cker &#8211; d&rsquo;o\u00f9 les probl\u00e8mes ?\"}]},{\"@type\":\"WebSite\",\"@id\":\"https:\/\/naturelo.meco.lu\/#website\",\"url\":\"https:\/\/naturelo.meco.lu\/\",\"name\":\"Natur\",\"description\":\"Eine weitere Mouvement \u00e9cologique Global Website\",\"potentialAction\":[{\"@type\":\"SearchAction\",\"target\":{\"@type\":\"EntryPoint\",\"urlTemplate\":\"https:\/\/naturelo.meco.lu\/?s={search_term_string}\"},\"query-input\":{\"@type\":\"PropertyValueSpecification\",\"valueRequired\":true,\"valueName\":\"search_term_string\"}}],\"inLanguage\":\"fr-FR\"}]}<\/script>\n<!-- \/ Yoast SEO plugin. -->","yoast_head_json":{"title":"K\u00e9is\u00e9cker - d'o\u00f9 les probl\u00e8mes ? - Natur","robots":{"index":"noindex","follow":"follow","max-snippet":"max-snippet:-1","max-image-preview":"max-image-preview:large","max-video-preview":"max-video-preview:-1"},"og_locale":"fr_FR","og_type":"article","og_title":"K\u00e9is\u00e9cker - d'o\u00f9 les probl\u00e8mes ? - Natur","og_description":"[vc_row][vc_column][vc_column_text] Les menaces auxquelles le h\u00e9risson doit faire face et les causes de sa disparition progressive Pendant des milliers d\u2019ann\u00e9es d\u2019\u00e9volution, le h\u00e9risson a su faire face \u00e0 ses pr\u00e9dateurs naturels ainsi qu\u2019au taux de mortalit\u00e9 juv\u00e9nile \u00e9lev\u00e9 durant sa premi\u00e8re ann\u00e9e. Or, les nouvelles menaces d\u00e9clench\u00e9es par l\u2019homme le laissent sans protection et le [&hellip;]","og_url":"https:\/\/naturelo.meco.lu\/fr\/notre-keisecker\/dou-les-probemes\/","og_site_name":"Natur","article_modified_time":"2020-04-20T06:50:54+00:00","og_image":[{"width":701,"height":365,"url":"https:\/\/naturelo.meco.lu\/wp-content\/uploads\/sites\/7\/2020\/04\/steinbeet.jpg","type":"image\/jpeg"}],"twitter_card":"summary_large_image","twitter_misc":{"Dur\u00e9e de lecture estim\u00e9e":"5 minutes"},"schema":{"@context":"https:\/\/schema.org","@graph":[{"@type":"WebPage","@id":"https:\/\/naturelo.meco.lu\/fr\/notre-keisecker\/dou-les-probemes\/","url":"https:\/\/naturelo.meco.lu\/fr\/notre-keisecker\/dou-les-probemes\/","name":"K\u00e9is\u00e9cker - d'o\u00f9 les probl\u00e8mes ? - Natur","isPartOf":{"@id":"https:\/\/naturelo.meco.lu\/#website"},"primaryImageOfPage":{"@id":"https:\/\/naturelo.meco.lu\/fr\/notre-keisecker\/dou-les-probemes\/#primaryimage"},"image":{"@id":"https:\/\/naturelo.meco.lu\/fr\/notre-keisecker\/dou-les-probemes\/#primaryimage"},"thumbnailUrl":"https:\/\/naturelo.meco.lu\/wp-content\/uploads\/sites\/7\/2020\/04\/steinbeet.jpg","datePublished":"2019-03-19T11:48:49+00:00","dateModified":"2020-04-20T06:50:54+00:00","breadcrumb":{"@id":"https:\/\/naturelo.meco.lu\/fr\/notre-keisecker\/dou-les-probemes\/#breadcrumb"},"inLanguage":"fr-FR","potentialAction":[{"@type":"ReadAction","target":["https:\/\/naturelo.meco.lu\/fr\/notre-keisecker\/dou-les-probemes\/"]}]},{"@type":"ImageObject","inLanguage":"fr-FR","@id":"https:\/\/naturelo.meco.lu\/fr\/notre-keisecker\/dou-les-probemes\/#primaryimage","url":"https:\/\/naturelo.meco.lu\/wp-content\/uploads\/sites\/7\/2020\/04\/steinbeet.jpg","contentUrl":"https:\/\/naturelo.meco.lu\/wp-content\/uploads\/sites\/7\/2020\/04\/steinbeet.jpg","width":701,"height":365},{"@type":"BreadcrumbList","@id":"https:\/\/naturelo.meco.lu\/fr\/notre-keisecker\/dou-les-probemes\/#breadcrumb","itemListElement":[{"@type":"ListItem","position":1,"name":"Home","item":"https:\/\/naturelo.meco.lu\/fr\/"},{"@type":"ListItem","position":2,"name":"Notre \u00ab\u00a0K\u00e9is\u00e9cker\u00a0\u00bb","item":"https:\/\/naturelo.meco.lu\/fr\/notre-keisecker\/"},{"@type":"ListItem","position":3,"name":"K\u00e9is\u00e9cker &#8211; d&rsquo;o\u00f9 les probl\u00e8mes ?"}]},{"@type":"WebSite","@id":"https:\/\/naturelo.meco.lu\/#website","url":"https:\/\/naturelo.meco.lu\/","name":"Natur","description":"Eine weitere Mouvement \u00e9cologique Global Website","potentialAction":[{"@type":"SearchAction","target":{"@type":"EntryPoint","urlTemplate":"https:\/\/naturelo.meco.lu\/?s={search_term_string}"},"query-input":{"@type":"PropertyValueSpecification","valueRequired":true,"valueName":"search_term_string"}}],"inLanguage":"fr-FR"}]}},"_links":{"self":[{"href":"https:\/\/naturelo.meco.lu\/fr\/wp-json\/wp\/v2\/pages\/1155","targetHints":{"allow":["GET"]}}],"collection":[{"href":"https:\/\/naturelo.meco.lu\/fr\/wp-json\/wp\/v2\/pages"}],"about":[{"href":"https:\/\/naturelo.meco.lu\/fr\/wp-json\/wp\/v2\/types\/page"}],"author":[{"embeddable":true,"href":"https:\/\/naturelo.meco.lu\/fr\/wp-json\/wp\/v2\/users\/5"}],"replies":[{"embeddable":true,"href":"https:\/\/naturelo.meco.lu\/fr\/wp-json\/wp\/v2\/comments?post=1155"}],"version-history":[{"count":2,"href":"https:\/\/naturelo.meco.lu\/fr\/wp-json\/wp\/v2\/pages\/1155\/revisions"}],"predecessor-version":[{"id":1214,"href":"https:\/\/naturelo.meco.lu\/fr\/wp-json\/wp\/v2\/pages\/1155\/revisions\/1214"}],"up":[{"embeddable":true,"href":"https:\/\/naturelo.meco.lu\/fr\/wp-json\/wp\/v2\/pages\/1144"}],"wp:featuredmedia":[{"embeddable":true,"href":"https:\/\/naturelo.meco.lu\/fr\/wp-json\/wp\/v2\/media\/1009"}],"wp:attachment":[{"href":"https:\/\/naturelo.meco.lu\/fr\/wp-json\/wp\/v2\/media?parent=1155"}],"curies":[{"name":"wp","href":"https:\/\/api.w.org\/{rel}","templated":true}]}}