{"id":1151,"date":"2019-03-19T13:28:20","date_gmt":"2019-03-19T11:28:20","guid":{"rendered":"http:\/\/natur.meco.lu\/keisecker-portrait\/"},"modified":"2020-04-20T08:49:34","modified_gmt":"2020-04-20T06:49:34","slug":"keisecker-portrait","status":"publish","type":"page","link":"https:\/\/naturelo.meco.lu\/fr\/notre-keisecker\/keisecker-portrait\/","title":{"rendered":"K\u00e9is\u00e9cker &#8211; portait"},"content":{"rendered":"<section class=\"wpb-content-wrapper\"><div class=\"pf-content\"><p>[vc_row][vc_column][vc_column_text]<\/p>\n<h1><strong>Le h\u00e9risson \u00e0 titre priv\u00e9 \u2013 un portrait <\/strong><\/h1>\n<p>&nbsp;<\/p>\n<h2><strong>O\u00f9 vit le \u00ab\u00a0K\u00e9is\u00e9cker\u00a0\u00bb ?<\/strong><\/h2>\n<p><img loading=\"lazy\" decoding=\"async\" class=\"alignleft wp-image-27472\" src=\"http:\/\/www.meco.lu\/wp-content\/uploads\/2019\/04\/hedgehog-1630030_1280.jpg\" alt=\"\" width=\"230\" height=\"149\" \/><\/p>\n<p>Il existe 2 esp\u00e8ces de h\u00e9rissons en Europe. Au Luxembourg, nous ne retrouvons que l\u2018esp\u00e8ce du H\u00e9risson commun (ou ordinaire), aussi appel\u00e9 H\u00e9risson d\u2019Europe occidentale (Erinaceus europaeus L.). Le H\u00e9risson des Balkans ou H\u00e9risson de Roumanie (Erinaceus roumanicus) n\u2019existe qu\u2019en Europe centrale.<\/p>\n<p>L\u2019esp\u00e8ce indig\u00e8ne au manteau de piquants est un animal solitaire qui a une pr\u00e9dilection pour les jardins \u00e9cologiques, les vergers, les parcs ou encore les haies et les lisi\u00e8res de for\u00eats.<\/p>\n<h2><strong>Comment vit le \u00ab\u00a0K\u00e9isecker\u00a0\u00bb et de quoi se nourrit-il\u00a0?<\/strong><\/h2>\n<p><img loading=\"lazy\" decoding=\"async\" class=\"alignleft wp-image-27444\" src=\"http:\/\/www.meco.lu\/wp-content\/uploads\/2019\/04\/keisecker-friessen.jpg\" alt=\"\" width=\"230\" height=\"153\" \/><\/p>\n<p>Un h\u00e9risson pouvant s\u2019\u00e9panouir en pleine libert\u00e9 peut vivre jusqu\u2019\u00e0 l\u2019\u00e2ge de 7 ans (la moyenne d\u2019\u00e2ge \u00e9tant de 2 \u00e0 4 ans). Difficile \u00e0 surprendre, le h\u00e9risson ne sort qu\u2019\u00e0 la tomb\u00e9e du jour et vit la nuit. Sa vue est faible, mais son odorat est particuli\u00e8rement bien d\u00e9velopp\u00e9.<br \/>\nTr\u00e8s friand, son menu est compos\u00e9 principalement de lima\u00e7ons, de vers de terre et de col\u00e9opt\u00e8res, de perce-oreilles ou de cloportes.<br \/>\nLe h\u00e9risson chasse sa proie en reniflant sans cesse, et engloutit son repas tout en mastiquant bruyamment.<\/p>\n<p><sup><em>Un h\u00e9risson mastiquant :<\/em><\/sup><\/p>\n<audio class=\"wp-audio-shortcode\" id=\"audio-1151-1\" preload=\"none\" style=\"width: 100%;\" controls=\"controls\"><source type=\"audio\/mpeg\" src=\"http:\/\/www.tierstimmenarchiv.de\/recordings\/1842_Igel_Schnaufen_short.mp3?_=1\" \/><a href=\"http:\/\/www.tierstimmenarchiv.de\/recordings\/1842_Igel_Schnaufen_short.mp3\">http:\/\/www.tierstimmenarchiv.de\/recordings\/1842_Igel_Schnaufen_short.mp3<\/a><\/audio>\n<p>&nbsp;<\/p>\n<h2><strong>Qu\u2019en est-il de la reproduction chez le h\u00e9risson\u00a0?<\/strong><\/h2>\n<p><a href=\"https:\/\/www.youtube.com\/watch?v=BYOwD-Tu-Jk\">https:\/\/www.youtube.com\/watch?v=BYOwD-Tu-Jk<\/a><\/p>\n<p>Le h\u00e9risson est sexuellement actif (gare aux piquants \u2026\u00a0!) de mai \u00e0 ao\u00fbt\u00a0; au bout d\u2019un mois apr\u00e8s l\u2019accouplement, la femelle accouche d\u2019une port\u00e9e qui est g\u00e9n\u00e9ralement compos\u00e9e de 3 \u00e0 5 petits, qui naissent aveugles. Les jeunes restent avec la m\u00e8re pendant un mois et demi. En automne, le h\u00e9risson se gave pour constituer des r\u00e9serves \u2026 dont il aura besoin puisque la p\u00e9riode d\u2019hibernation durera de novembre \u00e0 fin mars.<\/p>\n<h2><strong>D\u2019o\u00f9 vient ce syst\u00e8me de d\u00e9fense remarquable du h\u00e9risson\u00a0? <\/strong><\/h2>\n<p><img loading=\"lazy\" decoding=\"async\" class=\"alignleft wp-image-27445\" src=\"http:\/\/www.meco.lu\/wp-content\/uploads\/2019\/04\/Keisecker-stachelen-1.jpg\" alt=\"\" width=\"230\" height=\"153\" \/><\/p>\n<p>Le h\u00e9risson se caract\u00e9rise par un ensemble de 6.000 \u00e0 8.000 piquants, qui \u2013 du point de vue biologique \u2013 sont des \u00ab\u00a0cheveux\u00a0\u00bb fortifi\u00e9s de k\u00e9ratine, qui lui permettent de se d\u00e9fendre contre des pr\u00e9dateurs naturels tels que fouines et renards.<\/p>\n<p>Malheureusement, son manteau de piquants ne poss\u00e8de pas les vertus suffisantes pour chasser le blaireau, dot\u00e9, lui, de pattes fortes qui l\u2019habilitent \u00e0 d\u00e9rouler carr\u00e9ment un h\u00e9risson en position de d\u00e9fense, soit en \u00ab\u00a0pelote d\u2019\u00e9chardes\u00a0\u00bb. De m\u00eame, l\u2019armure du h\u00e9risson ne prot\u00e8ge pas suffisamment contre les longues griffes d\u2019un hibou. Cet ennemi de taille peut litt\u00e9ralement d\u00e9pouiller le h\u00e9risson, ne laissant plus que les piquants.[\/vc_column_text][\/vc_column][\/vc_row]<\/p>\n<\/div><\/section>","protected":false},"excerpt":{"rendered":"<p>[vc_row][vc_column][vc_column_text] Le h\u00e9risson \u00e0 titre priv\u00e9 \u2013 un portrait &nbsp; O\u00f9 vit le \u00ab\u00a0K\u00e9is\u00e9cker\u00a0\u00bb ? Il existe 2 esp\u00e8ces de h\u00e9rissons en Europe. Au Luxembourg, nous ne retrouvons que l\u2018esp\u00e8ce du H\u00e9risson commun (ou ordinaire), aussi appel\u00e9 H\u00e9risson d\u2019Europe occidentale (Erinaceus europaeus L.). Le H\u00e9risson des Balkans ou H\u00e9risson de Roumanie (Erinaceus roumanicus) n\u2019existe qu\u2019en [&hellip;]<\/p>\n","protected":false},"author":5,"featured_media":891,"parent":1144,"menu_order":0,"comment_status":"closed","ping_status":"closed","template":"","meta":{"_acf_changed":false,"footnotes":""},"class_list":["post-1151","page","type-page","status-publish","has-post-thumbnail","hentry"],"acf":[],"yoast_head":"<!-- This site is optimized with the Yoast SEO plugin v27.2 - https:\/\/yoast.com\/product\/yoast-seo-wordpress\/ -->\n<title>K\u00e9is\u00e9cker - portait - Natur<\/title>\n<meta name=\"robots\" content=\"noindex, follow, max-snippet:-1, max-image-preview:large, max-video-preview:-1\" \/>\n<meta property=\"og:locale\" content=\"fr_FR\" \/>\n<meta property=\"og:type\" content=\"article\" \/>\n<meta property=\"og:title\" content=\"K\u00e9is\u00e9cker - portait - Natur\" \/>\n<meta property=\"og:description\" content=\"[vc_row][vc_column][vc_column_text] Le h\u00e9risson \u00e0 titre priv\u00e9 \u2013 un portrait &nbsp; O\u00f9 vit le \u00ab\u00a0K\u00e9is\u00e9cker\u00a0\u00bb ? Il existe 2 esp\u00e8ces de h\u00e9rissons en Europe. Au Luxembourg, nous ne retrouvons que l\u2018esp\u00e8ce du H\u00e9risson commun (ou ordinaire), aussi appel\u00e9 H\u00e9risson d\u2019Europe occidentale (Erinaceus europaeus L.). Le H\u00e9risson des Balkans ou H\u00e9risson de Roumanie (Erinaceus roumanicus) n\u2019existe qu\u2019en [&hellip;]\" \/>\n<meta property=\"og:url\" content=\"https:\/\/naturelo.meco.lu\/fr\/notre-keisecker\/keisecker-portrait\/\" \/>\n<meta property=\"og:site_name\" content=\"Natur\" \/>\n<meta property=\"article:modified_time\" content=\"2020-04-20T06:49:34+00:00\" \/>\n<meta property=\"og:image\" content=\"https:\/\/naturelo.meco.lu\/wp-content\/uploads\/sites\/7\/2020\/04\/look-347845_1280.jpg\" \/>\n\t<meta property=\"og:image:width\" content=\"1280\" \/>\n\t<meta property=\"og:image:height\" content=\"853\" \/>\n\t<meta property=\"og:image:type\" content=\"image\/jpeg\" \/>\n<meta name=\"twitter:card\" content=\"summary_large_image\" \/>\n<meta name=\"twitter:label1\" content=\"Dur\u00e9e de lecture estim\u00e9e\" \/>\n\t<meta name=\"twitter:data1\" content=\"2 minutes\" \/>\n<script type=\"application\/ld+json\" class=\"yoast-schema-graph\">{\"@context\":\"https:\/\/schema.org\",\"@graph\":[{\"@type\":\"WebPage\",\"@id\":\"https:\/\/naturelo.meco.lu\/fr\/notre-keisecker\/keisecker-portrait\/\",\"url\":\"https:\/\/naturelo.meco.lu\/fr\/notre-keisecker\/keisecker-portrait\/\",\"name\":\"K\u00e9is\u00e9cker - portait - Natur\",\"isPartOf\":{\"@id\":\"https:\/\/naturelo.meco.lu\/#website\"},\"primaryImageOfPage\":{\"@id\":\"https:\/\/naturelo.meco.lu\/fr\/notre-keisecker\/keisecker-portrait\/#primaryimage\"},\"image\":{\"@id\":\"https:\/\/naturelo.meco.lu\/fr\/notre-keisecker\/keisecker-portrait\/#primaryimage\"},\"thumbnailUrl\":\"https:\/\/naturelo.meco.lu\/wp-content\/uploads\/sites\/7\/2020\/04\/look-347845_1280.jpg\",\"datePublished\":\"2019-03-19T11:28:20+00:00\",\"dateModified\":\"2020-04-20T06:49:34+00:00\",\"breadcrumb\":{\"@id\":\"https:\/\/naturelo.meco.lu\/fr\/notre-keisecker\/keisecker-portrait\/#breadcrumb\"},\"inLanguage\":\"fr-FR\",\"potentialAction\":[{\"@type\":\"ReadAction\",\"target\":[\"https:\/\/naturelo.meco.lu\/fr\/notre-keisecker\/keisecker-portrait\/\"]}]},{\"@type\":\"ImageObject\",\"inLanguage\":\"fr-FR\",\"@id\":\"https:\/\/naturelo.meco.lu\/fr\/notre-keisecker\/keisecker-portrait\/#primaryimage\",\"url\":\"https:\/\/naturelo.meco.lu\/wp-content\/uploads\/sites\/7\/2020\/04\/look-347845_1280.jpg\",\"contentUrl\":\"https:\/\/naturelo.meco.lu\/wp-content\/uploads\/sites\/7\/2020\/04\/look-347845_1280.jpg\",\"width\":1280,\"height\":853},{\"@type\":\"BreadcrumbList\",\"@id\":\"https:\/\/naturelo.meco.lu\/fr\/notre-keisecker\/keisecker-portrait\/#breadcrumb\",\"itemListElement\":[{\"@type\":\"ListItem\",\"position\":1,\"name\":\"Home\",\"item\":\"https:\/\/naturelo.meco.lu\/fr\/\"},{\"@type\":\"ListItem\",\"position\":2,\"name\":\"Notre \u00ab\u00a0K\u00e9is\u00e9cker\u00a0\u00bb\",\"item\":\"https:\/\/naturelo.meco.lu\/fr\/notre-keisecker\/\"},{\"@type\":\"ListItem\",\"position\":3,\"name\":\"K\u00e9is\u00e9cker &#8211; portait\"}]},{\"@type\":\"WebSite\",\"@id\":\"https:\/\/naturelo.meco.lu\/#website\",\"url\":\"https:\/\/naturelo.meco.lu\/\",\"name\":\"Natur\",\"description\":\"Eine weitere Mouvement \u00e9cologique Global Website\",\"potentialAction\":[{\"@type\":\"SearchAction\",\"target\":{\"@type\":\"EntryPoint\",\"urlTemplate\":\"https:\/\/naturelo.meco.lu\/?s={search_term_string}\"},\"query-input\":{\"@type\":\"PropertyValueSpecification\",\"valueRequired\":true,\"valueName\":\"search_term_string\"}}],\"inLanguage\":\"fr-FR\"}]}<\/script>\n<!-- \/ Yoast SEO plugin. -->","yoast_head_json":{"title":"K\u00e9is\u00e9cker - portait - Natur","robots":{"index":"noindex","follow":"follow","max-snippet":"max-snippet:-1","max-image-preview":"max-image-preview:large","max-video-preview":"max-video-preview:-1"},"og_locale":"fr_FR","og_type":"article","og_title":"K\u00e9is\u00e9cker - portait - Natur","og_description":"[vc_row][vc_column][vc_column_text] Le h\u00e9risson \u00e0 titre priv\u00e9 \u2013 un portrait &nbsp; O\u00f9 vit le \u00ab\u00a0K\u00e9is\u00e9cker\u00a0\u00bb ? Il existe 2 esp\u00e8ces de h\u00e9rissons en Europe. Au Luxembourg, nous ne retrouvons que l\u2018esp\u00e8ce du H\u00e9risson commun (ou ordinaire), aussi appel\u00e9 H\u00e9risson d\u2019Europe occidentale (Erinaceus europaeus L.). Le H\u00e9risson des Balkans ou H\u00e9risson de Roumanie (Erinaceus roumanicus) n\u2019existe qu\u2019en [&hellip;]","og_url":"https:\/\/naturelo.meco.lu\/fr\/notre-keisecker\/keisecker-portrait\/","og_site_name":"Natur","article_modified_time":"2020-04-20T06:49:34+00:00","og_image":[{"width":1280,"height":853,"url":"https:\/\/naturelo.meco.lu\/wp-content\/uploads\/sites\/7\/2020\/04\/look-347845_1280.jpg","type":"image\/jpeg"}],"twitter_card":"summary_large_image","twitter_misc":{"Dur\u00e9e de lecture estim\u00e9e":"2 minutes"},"schema":{"@context":"https:\/\/schema.org","@graph":[{"@type":"WebPage","@id":"https:\/\/naturelo.meco.lu\/fr\/notre-keisecker\/keisecker-portrait\/","url":"https:\/\/naturelo.meco.lu\/fr\/notre-keisecker\/keisecker-portrait\/","name":"K\u00e9is\u00e9cker - portait - Natur","isPartOf":{"@id":"https:\/\/naturelo.meco.lu\/#website"},"primaryImageOfPage":{"@id":"https:\/\/naturelo.meco.lu\/fr\/notre-keisecker\/keisecker-portrait\/#primaryimage"},"image":{"@id":"https:\/\/naturelo.meco.lu\/fr\/notre-keisecker\/keisecker-portrait\/#primaryimage"},"thumbnailUrl":"https:\/\/naturelo.meco.lu\/wp-content\/uploads\/sites\/7\/2020\/04\/look-347845_1280.jpg","datePublished":"2019-03-19T11:28:20+00:00","dateModified":"2020-04-20T06:49:34+00:00","breadcrumb":{"@id":"https:\/\/naturelo.meco.lu\/fr\/notre-keisecker\/keisecker-portrait\/#breadcrumb"},"inLanguage":"fr-FR","potentialAction":[{"@type":"ReadAction","target":["https:\/\/naturelo.meco.lu\/fr\/notre-keisecker\/keisecker-portrait\/"]}]},{"@type":"ImageObject","inLanguage":"fr-FR","@id":"https:\/\/naturelo.meco.lu\/fr\/notre-keisecker\/keisecker-portrait\/#primaryimage","url":"https:\/\/naturelo.meco.lu\/wp-content\/uploads\/sites\/7\/2020\/04\/look-347845_1280.jpg","contentUrl":"https:\/\/naturelo.meco.lu\/wp-content\/uploads\/sites\/7\/2020\/04\/look-347845_1280.jpg","width":1280,"height":853},{"@type":"BreadcrumbList","@id":"https:\/\/naturelo.meco.lu\/fr\/notre-keisecker\/keisecker-portrait\/#breadcrumb","itemListElement":[{"@type":"ListItem","position":1,"name":"Home","item":"https:\/\/naturelo.meco.lu\/fr\/"},{"@type":"ListItem","position":2,"name":"Notre \u00ab\u00a0K\u00e9is\u00e9cker\u00a0\u00bb","item":"https:\/\/naturelo.meco.lu\/fr\/notre-keisecker\/"},{"@type":"ListItem","position":3,"name":"K\u00e9is\u00e9cker &#8211; portait"}]},{"@type":"WebSite","@id":"https:\/\/naturelo.meco.lu\/#website","url":"https:\/\/naturelo.meco.lu\/","name":"Natur","description":"Eine weitere Mouvement \u00e9cologique Global Website","potentialAction":[{"@type":"SearchAction","target":{"@type":"EntryPoint","urlTemplate":"https:\/\/naturelo.meco.lu\/?s={search_term_string}"},"query-input":{"@type":"PropertyValueSpecification","valueRequired":true,"valueName":"search_term_string"}}],"inLanguage":"fr-FR"}]}},"_links":{"self":[{"href":"https:\/\/naturelo.meco.lu\/fr\/wp-json\/wp\/v2\/pages\/1151","targetHints":{"allow":["GET"]}}],"collection":[{"href":"https:\/\/naturelo.meco.lu\/fr\/wp-json\/wp\/v2\/pages"}],"about":[{"href":"https:\/\/naturelo.meco.lu\/fr\/wp-json\/wp\/v2\/types\/page"}],"author":[{"embeddable":true,"href":"https:\/\/naturelo.meco.lu\/fr\/wp-json\/wp\/v2\/users\/5"}],"replies":[{"embeddable":true,"href":"https:\/\/naturelo.meco.lu\/fr\/wp-json\/wp\/v2\/comments?post=1151"}],"version-history":[{"count":2,"href":"https:\/\/naturelo.meco.lu\/fr\/wp-json\/wp\/v2\/pages\/1151\/revisions"}],"predecessor-version":[{"id":1212,"href":"https:\/\/naturelo.meco.lu\/fr\/wp-json\/wp\/v2\/pages\/1151\/revisions\/1212"}],"up":[{"embeddable":true,"href":"https:\/\/naturelo.meco.lu\/fr\/wp-json\/wp\/v2\/pages\/1144"}],"wp:featuredmedia":[{"embeddable":true,"href":"https:\/\/naturelo.meco.lu\/fr\/wp-json\/wp\/v2\/media\/891"}],"wp:attachment":[{"href":"https:\/\/naturelo.meco.lu\/fr\/wp-json\/wp\/v2\/media?parent=1151"}],"curies":[{"name":"wp","href":"https:\/\/api.w.org\/{rel}","templated":true}]}}